{"id":4959,"date":"2019-11-28T16:43:12","date_gmt":"2019-11-28T16:43:12","guid":{"rendered":"http:\/\/lesambassadeurs.ambassadeursgroup.com\/cookie-policy\/"},"modified":"2020-03-31T13:39:27","modified_gmt":"2020-03-31T12:39:27","slug":"cookie-policy","status":"publish","type":"page","link":"https:\/\/lesambassadeurs.com\/zh-hans\/cookie-policy\/","title":{"rendered":"COOKIE \u00e6\u201d\u00bf\u00e7\u00ad\u2013"},"content":{"rendered":"<div class=\"feature-panel-gradient\"><\/div>\r\n<div id=\"feature-panel-block_5dd528900d079\" class=\"content-block feature-panel-block\">\r\n<style type=\"text\/css\">\r\n#feature-panel-block_5dd528900d079 {\r\npadding-bottom: 40px;}\r\n@media all and (max-width:768px) {\r\n#feature-panel-block_5dd528900d079 {\r\n  padding-bottom: 40px;}\r\n}\r\n<\/style>\r\n\r\n<div class=\"feature-panel-content feature-panel-content-image rellax\" data-rellax-speed=\"-2.4\">\r\n<img loading=\"lazy\" decoding=\"async\" width=\"1920\" height=\"720\" src=\"https:\/\/lesambassadeurs.com\/wp-content\/uploads\/2019\/11\/Les-A-Generic-header.jpg\" class=\"attachment-full size-full\" alt=\"Les A\" srcset=\"https:\/\/lesambassadeurs.com\/wp-content\/uploads\/2019\/11\/Les-A-Generic-header.jpg 1920w, https:\/\/lesambassadeurs.com\/wp-content\/uploads\/2019\/11\/Les-A-Generic-header-300x113.jpg 300w, https:\/\/lesambassadeurs.com\/wp-content\/uploads\/2019\/11\/Les-A-Generic-header-1024x384.jpg 1024w, https:\/\/lesambassadeurs.com\/wp-content\/uploads\/2019\/11\/Les-A-Generic-header-768x288.jpg 768w, https:\/\/lesambassadeurs.com\/wp-content\/uploads\/2019\/11\/Les-A-Generic-header-1536x576.jpg 1536w, https:\/\/lesambassadeurs.com\/wp-content\/uploads\/2019\/11\/Les-A-Generic-header-24x9.jpg 24w, https:\/\/lesambassadeurs.com\/wp-content\/uploads\/2019\/11\/Les-A-Generic-header-36x14.jpg 36w, https:\/\/lesambassadeurs.com\/wp-content\/uploads\/2019\/11\/Les-A-Generic-header-193x72.jpg 193w\" sizes=\"auto, (max-width: 1920px) 100vw, 1920px\" \/>\r\n<div class=\"gambling-week-container ch-gamb\">\r\n<a href=\"https:\/\/safergamblinguk.org\" target=\"_blank\" rel=\"noreferrer\">\r\n<img loading=\"lazy\" decoding=\"async\" src=\"https:\/\/www.lesambassadeurs.com\/wp-content\/uploads\/2021\/10\/SGW_Logo_Date_Orange_Screen_21Chinese-02.png\" class=\"attachment-full size-full\" alt=\"\" width=\"842\" height=\"595\">\r\n<\/a>\r\n<\/div>\r\n\r\n<\/div>\r\n\r\n\r\n<div class=\"feature-panel-text\">\r\n     <div class=\"feature-panel-cut-out-left\"><\/div><div class=\"feature-panel-cut-out-right\"><\/div>\r\n<div class=\"feature-panel-text-inner block-inner\">\r\n<h1 class=\"entry-title\" itemprop=\"headline\">COOKIE \u00e6\u201d\u00bf\u00e7\u00ad\u2013<\/h1>\r\n\r\n<\/div>\r\n<\/div>\r\n<script src=\"\/rellax.min.js\"><\/script>\r\n\r\n<script>\r\nfunction myFunction(x) {\r\n  if (x.matches) { \/\/ If media query matches\r\n    jQuery(document).ready(function(){\r\n   jQuery('.feature-panel-content').removeAttr('data-rellax-speed');\r\njQuery('.feature-panel-content').removeClass('rellax');\r\n    });\r\n  } else {\r\n    jQuery(document).ready(function(){\r\n    var rellax = new Rellax('.rellax');\r\n   });\r\n  }\r\n}\r\n\r\nvar x = window.matchMedia(\"(max-width: 1024px)\")\r\nmyFunction(x) \/\/ Call listener function at run time\r\nx.addListener(myFunction) \/\/ Attach listener function on state changes\r\n<\/script>\r\n\r\n<\/div><div class=\"list-block\"><div class=\"block-inner\">\n<ul class=\"wp-block-list\"><li><h1>\u00e6\u02c6\u2018\u00e4\u00bb\u00ac\u00e7\u0161\u201e\u00e7\u00bd\u2018\u00e7\u00ab\u2122<\/h1><\/li><\/ul><\/div><\/div><div class=\"paragraph-block\"><div class=\"block-inner\">\n<p>\u00e5\u02c6\u00a9\u00e9\u2122\u017e\u00e4\u00bf\u00b1\u00e4\u00b9\u0090\u00e9\u0192\u00a8\u00e6\u0153\u2030\u00e9\u2122\u0090\u00e5\u2026\u00ac\u00e5\u008f\u00b8\u00e5\u0153\u00a8\u00e5\u2026\u00b6\u00e7\u00bd\u2018\u00e7\u00ab\u2122<a href=\"https:\/\/lesambassadeurs.com\/\">www.lesambassadeurs.com<\/a>\u00ef\u00bc\u02c6\u00e4\u00bb\u00a5\u00e4\u00b8\u2039\u00e7\u00ae\u20ac\u00e7\u00a7\u00b0\u00e2\u20ac\u0153\u00e7\u00bd\u2018\u00e7\u00ab\u2122\u00e2\u20ac\u009d\u00ef\u00bc\u2030\u00e4\u00b8\u0160\u00e4\u00bd\u00bf\u00e7\u201d\u00a8Cookie\u00e3\u20ac\u201a\u00e6\u0153\u00acCookie\u00e6\u201d\u00bf\u00e7\u00ad\u2013\u00e8\u00a7\u00a3\u00e9\u2021\u0160\u00e4\u00ba\u2020Cookie\u00e7\u0161\u201e\u00e5\u00ae\u0161\u00e4\u00b9\u2030\u00e3\u20ac\u0081\u00e6\u02c6\u2018\u00e4\u00bb\u00ac\u00e5\u00a6\u201a\u00e4\u00bd\u2022\u00e4\u00bd\u00bf\u00e7\u201d\u00a8Cookie\u00e3\u20ac\u0081\u00e6\u201a\u00a8\u00e5\u2026\u00b3\u00e4\u00ba\u017dCookie\u00e7\u0161\u201e\u00e9\u20ac\u2030\u00e6\u2039\u00a9\u00e4\u00bb\u00a5\u00e5\u008f\u0160\u00e6\u0153\u2030\u00e5\u2026\u00b3Cookie\u00e7\u0161\u201e\u00e6\u203a\u00b4\u00e5\u00a4\u0161\u00e8\u00af\u00a6\u00e6\u0192\u2026\u00e3\u20ac\u201a<\/p>\n<\/div><\/div><div class=\"list-block\"><div class=\"block-inner\">\n<ul class=\"wp-block-list\"><li><h1>Cookie\u00e6\u02dc\u00af\u00e4\u00bb\u20ac\u00e4\u00b9\u02c6\u00ef\u00bc\u0178<\/h1><\/li><\/ul><\/div><\/div><div class=\"paragraph-block\"><div class=\"block-inner\">\n<p>Cookie\u00e6\u02dc\u00af\u00e5\u00bd\u201c\u00e7\u201d\u00a8\u00e6\u02c6\u00b7\u00e8\u00ae\u00bf\u00e9\u2014\u00ae\u00e6\u0178\u0090\u00e4\u00b8\u00aa\u00e7\u00bd\u2018\u00e7\u00ab\u2122\u00e6\u2014\u00b6\u00ef\u00bc\u0152\u00e5\u201a\u00a8\u00e5\u00ad\u02dc\u00e5\u0153\u00a8\u00e7\u201d\u00a8\u00e6\u02c6\u00b7\u00e2\u20ac\u0153\u00e7\u00bb\u02c6\u00e7\u00ab\u00af\u00e8\u00ae\u00be\u00e5\u00a4\u2021\u00e2\u20ac\u009d\u00ef\u00bc\u02c6\u00e4\u00be\u2039\u00e5\u00a6\u201a\u00e7\u201d\u00b5\u00e8\u201e\u2018\u00e6\u02c6\u2013\u00e6\u2122\u00ba\u00e8\u0192\u00bd\u00e6\u2030\u2039\u00e6\u0153\u00ba\u00ef\u00bc\u2030\u00e4\u00b8\u0160\u00e7\u0161\u201e\u00e4\u00b8\u20ac\u00e7\u00a7\u008d\u00e5\u00b0\u008f\u00e5\u017e\u2039\u00e6\u2013\u2021\u00e6\u0153\u00ac\u00e6\u2013\u2021\u00e4\u00bb\u00b6\u00e3\u20ac\u201a\u00e7\u00bd\u2018\u00e7\u00ab\u2122\u00e6\u2122\u00ae\u00e9\u0081\u008d\u00e4\u00bd\u00bf\u00e7\u201d\u00a8Cookie\u00ef\u00bc\u0152\u00e4\u00bb\u017d\u00e8\u20ac\u0152\u00e4\u00bd\u00bf\u00e7\u00bd\u2018\u00e7\u00ab\u2122\u00e6\u00ad\u00a3\u00e5\u00b8\u00b8\u00e8\u00bf\u0090\u00e8\u00a1\u0152\u00e6\u02c6\u2013\u00e6\u008f\u0090\u00e9\u00ab\u02dc\u00e7\u00bd\u2018\u00e7\u00ab\u2122\u00e8\u00bf\u0090\u00e8\u00a1\u0152\u00e6\u2022\u02c6\u00e7\u017d\u2021\u00ef\u00bc\u0152\u00e5\u0090\u0152\u00e6\u2014\u00b6\u00e4\u00b8\u00ba\u00e7\u00bd\u2018\u00e7\u00ab\u2122\u00e7\u00ae\u00a1\u00e7\u0090\u2020\u00e4\u00ba\u00ba\u00e6\u008f\u0090\u00e4\u00be\u203a\u00e4\u00bf\u00a1\u00e6\u0081\u00af\u00e3\u20ac\u201a <\/p>\n<\/div><\/div><div class=\"list-block\"><div class=\"block-inner\">\n<ul class=\"wp-block-list\"><li><h1>\u00e6\u02c6\u2018\u00e4\u00bb\u00ac\u00e6\u201d\u00b6\u00e9\u203a\u2020\u00e5\u201c\u00aa\u00e4\u00ba\u203a\u00e4\u00bf\u00a1\u00e6\u0081\u00af\u00e3\u20ac\u0081\u00e5\u00a6\u201a\u00e4\u00bd\u2022\u00e4\u00bd\u00bf\u00e7\u201d\u00a8\u00e8\u00af\u00a5\u00e7\u00b1\u00bb\u00e4\u00bf\u00a1\u00e6\u0081\u00af\u00ef\u00bc\u0178<\/h1><\/li><\/ul><\/div><\/div><div class=\"paragraph-block\"><div class=\"block-inner\">\n<p>\u00e6\u02c6\u2018\u00e4\u00bb\u00ac\u00e5\u008f\u00aa\u00e4\u00bd\u00bf\u00e7\u201d\u00a8\u00e5\u00bf\u2026\u00e8\u00a6\u0081\u00e3\u20ac\u0081\u00e5\u0178\u00ba\u00e6\u0153\u00ac\u00e7\u0161\u201eCookie\u00ef\u00bc\u0152\u00e4\u00bb\u00a5\u00e7\u00a1\u00ae\u00e4\u00bf\u009d\u00e6\u02c6\u2018\u00e4\u00bb\u00ac\u00e7\u0161\u201e\u00e7\u00bd\u2018\u00e7\u00ab\u2122\u00e5\u0153\u00a8\u00e6\u201a\u00a8\u00e7\u0161\u201e\u00e8\u00ae\u00be\u00e5\u00a4\u2021\u00e4\u00b8\u0160\u00e5\u00bf\u00ab\u00e9\u20ac\u0178\u00e5\u0160\u00a0\u00e8\u00bd\u00bd\u00e3\u20ac\u0081\u00e6\u00ad\u00a3\u00e5\u00b8\u00b8\u00e8\u00bf\u0090\u00e8\u00a1\u0152\u00e3\u20ac\u201a\u00e6\u02c6\u2018\u00e4\u00bb\u00ac\u00e4\u00b8\u008d\u00e6\u201d\u00b6\u00e9\u203a\u2020\u00e4\u00bb\u00bb\u00e4\u00bd\u2022\u00e5\u2026\u00b3\u00e4\u00ba\u017d\u00e6\u201a\u00a8\u00e6\u02c6\u2013\u00e6\u201a\u00a8\u00e7\u0161\u201e\u00e8\u00ae\u00be\u00e5\u00a4\u2021\u00e5\u2026\u00b6\u00e4\u00bb\u2013\u00e4\u00bf\u00a1\u00e6\u0081\u00af\u00e3\u20ac\u201a<\/p>\n<\/div><\/div><div class=\"list-block\"><div class=\"block-inner\">\n<ul class=\"wp-block-list\"><li><h1>\u00e7\u00ac\u00ac\u00e4\u00b8\u2030\u00e6\u2013\u00b9Cookie<\/h1><\/li><\/ul><\/div><\/div><div class=\"paragraph-block\"><div class=\"block-inner\">\n<p>\u00e6\u02c6\u2018\u00e4\u00bb\u00ac\u00e4\u00bb\u017d\u00e4\u00b8\u008d\u00e5\u2026\u0081\u00e8\u00ae\u00b8\u00e7\u00ac\u00ac\u00e4\u00b8\u2030\u00e6\u2013\u00b9\u00e4\u00bb\u017d\u00e6\u02c6\u2018\u00e4\u00bb\u00ac\u00e7\u0161\u201e\u00e7\u00bd\u2018\u00e7\u00ab\u2122\u00e6\u201d\u00b6\u00e9\u203a\u2020\u00e6\u0153\u2030\u00e5\u2026\u00b3\u00e6\u201a\u00a8\u00e6\u02c6\u2013\u00e6\u201a\u00a8\u00e8\u00ae\u00be\u00e5\u00a4\u2021\u00e7\u0161\u201e\u00e4\u00bf\u00a1\u00e6\u0081\u00af\u00e3\u20ac\u201a<\/p>\n<\/div><\/div><div class=\"list-block\"><div class=\"block-inner\">\n<ul class=\"wp-block-list\"><li><h1>\u00e6\u201a\u00a8\u00e5\u2026\u00b3\u00e4\u00ba\u017dCookie\u00e6\u0153\u2030\u00e4\u00bd\u2022\u00e9\u20ac\u2030\u00e6\u2039\u00a9\u00ef\u00bc\u0178<\/h1><\/li><\/ul><\/div><\/div><div class=\"paragraph-block\"><div class=\"block-inner\">\n<p>\u00e9\u2030\u00b4\u00e4\u00ba\u017d\u00e6\u02c6\u2018\u00e4\u00bb\u00ac\u00e5\u008f\u00aa\u00e4\u00bd\u00bf\u00e7\u201d\u00a8\u00e5\u0178\u00ba\u00e6\u0153\u00ac\u00e7\u0161\u201eCookie\u00e6\u009d\u00a5\u00e7\u00a1\u00ae\u00e4\u00bf\u009d\u00e6\u02c6\u2018\u00e4\u00bb\u00ac\u00e7\u0161\u201e\u00e7\u00bd\u2018\u00e7\u00ab\u2122\u00e6\u00ad\u00a3\u00e5\u00b8\u00b8\u00e8\u00bf\u0090\u00e8\u00a1\u0152\u00ef\u00bc\u0152\u00e6\u2030\u20ac\u00e4\u00bb\u00a5\u00e6\u201a\u00a8\u00e6\u2014\u00a0\u00e9\u0153\u20ac\u00e4\u00bd\u0153\u00e5\u2021\u00ba\u00e9\u0161\u0090\u00e7\u00a7\u0081\u00e9\u20ac\u2030\u00e6\u2039\u00a9\u00e3\u20ac\u201a\u00e6\u02c6\u2018\u00e4\u00bb\u00ac\u00e4\u00bb\u017d\u00e4\u00b8\u008d\u00e4\u00bd\u00bf\u00e7\u201d\u00a8\u00e8\u00b7\u0178\u00e8\u00b8\u00aaCookie\u00e3\u20ac\u0081\u00e7\u00ac\u00ac\u00e4\u00b8\u2030\u00e6\u2013\u00b9Cookie\u00e6\u02c6\u2013\u00e7\u00b1\u00bb\u00e4\u00bc\u00bcCookie\u00ef\u00bc\u0152\u00e5\u203a\u00a0\u00e4\u00b8\u00ba\u00e6\u02c6\u2018\u00e4\u00bb\u00ac\u00e9\u2021\u008d\u00e8\u00a7\u2020\u00e6\u201a\u00a8\u00e7\u0161\u201e\u00e9\u0161\u0090\u00e7\u00a7\u0081\u00e3\u20ac\u201a<\/p>\n<\/div><\/div><div class=\"list-block\"><div class=\"block-inner\">\n<ul class=\"wp-block-list\"><li><h1>\u00e5\u201c\u00aa\u00e9\u2021\u0152\u00e5\u008f\u00af\u00e4\u00bb\u00a5\u00e6\u2030\u00be\u00e5\u02c6\u00b0\u00e6\u203a\u00b4\u00e5\u00a4\u0161\u00e5\u2026\u00b3\u00e4\u00ba\u017dCookie\u00e7\u0161\u201e\u00e4\u00bf\u00a1\u00e6\u0081\u00af\u00ef\u00bc\u0178<\/h1><\/li><\/ul><\/div><\/div><div class=\"paragraph-block\"><div class=\"block-inner\">\n<p>\u00e8\u2039\u00a5\u00e8\u00a6\u0081\u00e4\u00ba\u2020\u00e8\u00a7\u00a3\u00e6\u203a\u00b4\u00e5\u00a4\u0161\u00e5\u2026\u00b3\u00e4\u00ba\u017dCookie\u00e7\u0161\u201e\u00e4\u00bf\u00a1\u00e6\u0081\u00af\u00ef\u00bc\u0152\u00e8\u00af\u00b7\u00e8\u00ae\u00bf\u00e9\u2014\u00aewww.aboutcookies.org\u00e6\u02c6\u2013www.allaboutcookies.org<\/p>\n<\/div><\/div><div class=\"paragraph-block\"><div class=\"block-inner\">\n<p><\/p>\n<\/div><\/div>","protected":false},"excerpt":{"rendered":"<p>\u00e6\u02c6\u2018\u00e4\u00bb\u00ac\u00e7\u0161\u201e\u00e7\u00bd\u2018\u00e7\u00ab\u2122 \u00e5\u02c6\u00a9\u00e9\u2122\u017e\u00e4\u00bf\u00b1\u00e4\u00b9\u0090\u00e9\u0192\u00a8\u00e6\u0153\u2030\u00e9\u2122\u0090\u00e5\u2026\u00ac\u00e5\u008f\u00b8\u00e5\u0153\u00a8\u00e5\u2026\u00b6\u00e7\u00bd\u2018\u00e7\u00ab\u2122www.lesambassadeurs.com\u00ef\u00bc\u02c6\u00e4\u00bb\u00a5\u00e4\u00b8\u2039\u00e7\u00ae\u20ac\u00e7\u00a7\u00b0\u00e2\u20ac\u0153\u00e7\u00bd\u2018\u00e7\u00ab\u2122\u00e2\u20ac\u009d\u00ef\u00bc\u2030\u00e4\u00b8\u0160\u00e4\u00bd\u00bf\u00e7\u201d\u00a8Cookie\u00e3\u20ac\u201a\u00e6\u0153\u00acCookie\u00e6\u201d\u00bf\u00e7\u00ad\u2013\u00e8\u00a7\u00a3\u00e9\u2021\u0160\u00e4\u00ba\u2020Cookie\u00e7\u0161\u201e\u00e5\u00ae\u0161\u00e4\u00b9\u2030\u00e3\u20ac\u0081\u00e6\u02c6\u2018\u00e4\u00bb\u00ac\u00e5\u00a6\u201a\u00e4\u00bd\u2022\u00e4\u00bd\u00bf\u00e7\u201d\u00a8Cookie\u00e3\u20ac\u0081\u00e6\u201a\u00a8\u00e5\u2026\u00b3\u00e4\u00ba\u017dCookie\u00e7\u0161\u201e\u00e9\u20ac\u2030\u00e6\u2039\u00a9\u00e4\u00bb\u00a5\u00e5\u008f\u0160\u00e6\u0153\u2030\u00e5\u2026\u00b3Cookie\u00e7\u0161\u201e\u00e6\u203a\u00b4\u00e5\u00a4\u0161\u00e8\u00af\u00a6\u00e6\u0192\u2026\u00e3\u20ac\u201a Cookie\u00e6\u02dc\u00af\u00e4\u00bb\u20ac\u00e4\u00b9\u02c6\u00ef\u00bc\u0178 Cookie\u00e6\u02dc\u00af\u00e5\u00bd\u201c\u00e7\u201d\u00a8\u00e6\u02c6\u00b7\u00e8\u00ae\u00bf\u00e9\u2014\u00ae\u00e6\u0178\u0090\u00e4\u00b8\u00aa\u00e7\u00bd\u2018\u00e7\u00ab\u2122\u00e6\u2014\u00b6\u00ef\u00bc\u0152\u00e5\u201a\u00a8\u00e5\u00ad\u02dc\u00e5\u0153\u00a8\u00e7\u201d\u00a8\u00e6\u02c6\u00b7\u00e2\u20ac\u0153\u00e7\u00bb\u02c6\u00e7\u00ab\u00af\u00e8\u00ae\u00be\u00e5\u00a4\u2021\u00e2\u20ac\u009d\u00ef\u00bc\u02c6\u00e4\u00be\u2039\u00e5\u00a6\u201a\u00e7\u201d\u00b5\u00e8\u201e\u2018\u00e6\u02c6\u2013\u00e6\u2122\u00ba\u00e8\u0192\u00bd\u00e6\u2030\u2039\u00e6\u0153\u00ba\u00ef\u00bc\u2030\u00e4\u00b8\u0160\u00e7\u0161\u201e\u00e4\u00b8\u20ac\u00e7\u00a7\u008d\u00e5\u00b0\u008f\u00e5\u017e\u2039\u00e6\u2013\u2021\u00e6\u0153\u00ac\u00e6\u2013\u2021\u00e4\u00bb\u00b6\u00e3\u20ac\u201a\u00e7\u00bd\u2018\u00e7\u00ab\u2122\u00e6\u2122\u00ae\u00e9\u0081\u008d\u00e4\u00bd\u00bf\u00e7\u201d\u00a8Cookie\u00ef\u00bc\u0152\u00e4\u00bb\u017d\u00e8\u20ac\u0152\u00e4\u00bd\u00bf\u00e7\u00bd\u2018\u00e7\u00ab\u2122\u00e6\u00ad\u00a3\u00e5\u00b8\u00b8\u00e8\u00bf\u0090\u00e8\u00a1\u0152\u00e6\u02c6\u2013\u00e6\u008f\u0090\u00e9\u00ab\u02dc\u00e7\u00bd\u2018\u00e7\u00ab\u2122\u00e8\u00bf\u0090\u00e8\u00a1\u0152\u00e6\u2022\u02c6\u00e7\u017d\u2021\u00ef\u00bc\u0152\u00e5\u0090\u0152\u00e6\u2014\u00b6\u00e4\u00b8\u00ba\u00e7\u00bd\u2018\u00e7\u00ab\u2122\u00e7\u00ae\u00a1\u00e7\u0090\u2020\u00e4\u00ba\u00ba\u00e6\u008f\u0090\u00e4\u00be\u203a\u00e4\u00bf\u00a1\u00e6\u0081\u00af\u00e3\u20ac\u201a \u00e6\u02c6\u2018\u00e4\u00bb\u00ac\u00e6\u201d\u00b6\u00e9\u203a\u2020\u00e5\u201c\u00aa\u00e4\u00ba\u203a\u00e4\u00bf\u00a1\u00e6\u0081\u00af\u00e3\u20ac\u0081\u00e5\u00a6\u201a\u00e4\u00bd\u2022\u00e4\u00bd\u00bf\u00e7\u201d\u00a8\u00e8\u00af\u00a5\u00e7\u00b1\u00bb\u00e4\u00bf\u00a1\u00e6\u0081\u00af\u00ef\u00bc\u0178 \u00e6\u02c6\u2018\u00e4\u00bb\u00ac\u00e5\u008f\u00aa\u00e4\u00bd\u00bf\u00e7\u201d\u00a8\u00e5\u00bf\u2026\u00e8\u00a6\u0081\u00e3\u20ac\u0081\u00e5\u0178\u00ba\u00e6\u0153\u00ac\u00e7\u0161\u201eCookie\u00ef\u00bc\u0152\u00e4\u00bb\u00a5\u00e7\u00a1\u00ae\u00e4\u00bf\u009d\u00e6\u02c6\u2018\u00e4\u00bb\u00ac\u00e7\u0161\u201e\u00e7\u00bd\u2018\u00e7\u00ab\u2122\u00e5\u0153\u00a8\u00e6\u201a\u00a8\u00e7\u0161\u201e\u00e8\u00ae\u00be\u00e5\u00a4\u2021\u00e4\u00b8\u0160\u00e5\u00bf\u00ab\u00e9\u20ac\u0178\u00e5\u0160\u00a0\u00e8\u00bd\u00bd\u00e3\u20ac\u0081\u00e6\u00ad\u00a3\u00e5\u00b8\u00b8\u00e8\u00bf\u0090\u00e8\u00a1\u0152\u00e3\u20ac\u201a\u00e6\u02c6\u2018\u00e4\u00bb\u00ac\u00e4\u00b8\u008d\u00e6\u201d\u00b6\u00e9\u203a\u2020\u00e4\u00bb\u00bb\u00e4\u00bd\u2022\u00e5\u2026\u00b3\u00e4\u00ba\u017d\u00e6\u201a\u00a8\u00e6\u02c6\u2013\u00e6\u201a\u00a8\u00e7\u0161\u201e\u00e8\u00ae\u00be\u00e5\u00a4\u2021\u00e5\u2026\u00b6\u00e4\u00bb\u2013\u00e4\u00bf\u00a1\u00e6\u0081\u00af\u00e3\u20ac\u201a \u00e7\u00ac\u00ac\u00e4\u00b8\u2030\u00e6\u2013\u00b9Cookie \u00e6\u02c6\u2018\u00e4\u00bb\u00ac\u00e4\u00bb\u017d\u00e4\u00b8\u008d\u00e5\u2026\u0081\u00e8\u00ae\u00b8\u00e7\u00ac\u00ac\u00e4\u00b8\u2030\u00e6\u2013\u00b9\u00e4\u00bb\u017d\u00e6\u02c6\u2018\u00e4\u00bb\u00ac\u00e7\u0161\u201e\u00e7\u00bd\u2018\u00e7\u00ab\u2122\u00e6\u201d\u00b6\u00e9\u203a\u2020\u00e6\u0153\u2030\u00e5\u2026\u00b3\u00e6\u201a\u00a8\u00e6\u02c6\u2013\u00e6\u201a\u00a8\u00e8\u00ae\u00be\u00e5\u00a4\u2021\u00e7\u0161\u201e\u00e4\u00bf\u00a1\u00e6\u0081\u00af\u00e3\u20ac\u201a \u00e6\u201a\u00a8\u00e5\u2026\u00b3\u00e4\u00ba\u017dCookie\u00e6\u0153\u2030\u00e4\u00bd\u2022\u00e9\u20ac\u2030\u00e6\u2039\u00a9\u00ef\u00bc\u0178 \u00e9\u2030\u00b4\u00e4\u00ba\u017d\u00e6\u02c6\u2018\u00e4\u00bb\u00ac\u00e5\u008f\u00aa\u00e4\u00bd\u00bf\u00e7\u201d\u00a8\u00e5\u0178\u00ba\u00e6\u0153\u00ac\u00e7\u0161\u201eCookie\u00e6\u009d\u00a5\u00e7\u00a1\u00ae\u00e4\u00bf\u009d\u00e6\u02c6\u2018\u00e4\u00bb\u00ac\u00e7\u0161\u201e\u00e7\u00bd\u2018\u00e7\u00ab\u2122\u00e6\u00ad\u00a3\u00e5\u00b8\u00b8\u00e8\u00bf\u0090\u00e8\u00a1\u0152\u00ef\u00bc\u0152\u00e6\u2030\u20ac\u00e4\u00bb\u00a5\u00e6\u201a\u00a8\u00e6\u2014\u00a0\u00e9\u0153\u20ac\u00e4\u00bd\u0153\u00e5\u2021\u00ba\u00e9\u0161\u0090\u00e7\u00a7\u0081\u00e9\u20ac\u2030\u00e6\u2039\u00a9\u00e3\u20ac\u201a\u00e6\u02c6\u2018\u00e4\u00bb\u00ac\u00e4\u00bb\u017d\u00e4\u00b8\u008d\u00e4\u00bd\u00bf\u00e7\u201d\u00a8\u00e8\u00b7\u0178\u00e8\u00b8\u00aaCookie\u00e3\u20ac\u0081\u00e7\u00ac\u00ac\u00e4\u00b8\u2030\u00e6\u2013\u00b9Cookie\u00e6\u02c6\u2013\u00e7\u00b1\u00bb\u00e4\u00bc\u00bcCookie\u00ef\u00bc\u0152\u00e5\u203a\u00a0\u00e4\u00b8\u00ba\u00e6\u02c6\u2018\u00e4\u00bb\u00ac\u00e9\u2021\u008d\u00e8\u00a7\u2020\u00e6\u201a\u00a8\u00e7\u0161\u201e\u00e9\u0161\u0090\u00e7\u00a7\u0081\u00e3\u20ac\u201a \u00e5\u201c\u00aa\u00e9\u2021\u0152\u00e5\u008f\u00af\u00e4\u00bb\u00a5\u00e6\u2030\u00be\u00e5\u02c6\u00b0\u00e6\u203a\u00b4\u00e5\u00a4\u0161\u00e5\u2026\u00b3\u00e4\u00ba\u017dCookie\u00e7\u0161\u201e\u00e4\u00bf\u00a1\u00e6\u0081\u00af\u00ef\u00bc\u0178 \u00e8\u2039\u00a5\u00e8\u00a6\u0081\u00e4\u00ba\u2020\u00e8\u00a7\u00a3\u00e6\u203a\u00b4\u00e5\u00a4\u0161\u00e5\u2026\u00b3\u00e4\u00ba\u017dCookie\u00e7\u0161\u201e\u00e4\u00bf\u00a1\u00e6\u0081\u00af\u00ef\u00bc\u0152\u00e8\u00af\u00b7\u00e8\u00ae\u00bf\u00e9\u2014\u00aewww.aboutcookies.org\u00e6\u02c6\u2013www.allaboutcookies.org<\/p>\n","protected":false},"author":3,"featured_media":0,"parent":0,"menu_order":0,"comment_status":"closed","ping_status":"closed","template":"","meta":{"_acf_changed":false,"disable_featured_image":false,"footnotes":""},"class_list":["post-4959","page","type-page","status-publish"],"acf":[],"_links":{"self":[{"href":"https:\/\/lesambassadeurs.com\/zh-hans\/wp-json\/wp\/v2\/pages\/4959","targetHints":{"allow":["GET"]}}],"collection":[{"href":"https:\/\/lesambassadeurs.com\/zh-hans\/wp-json\/wp\/v2\/pages"}],"about":[{"href":"https:\/\/lesambassadeurs.com\/zh-hans\/wp-json\/wp\/v2\/types\/page"}],"author":[{"embeddable":true,"href":"https:\/\/lesambassadeurs.com\/zh-hans\/wp-json\/wp\/v2\/users\/3"}],"replies":[{"embeddable":true,"href":"https:\/\/lesambassadeurs.com\/zh-hans\/wp-json\/wp\/v2\/comments?post=4959"}],"version-history":[{"count":0,"href":"https:\/\/lesambassadeurs.com\/zh-hans\/wp-json\/wp\/v2\/pages\/4959\/revisions"}],"wp:attachment":[{"href":"https:\/\/lesambassadeurs.com\/zh-hans\/wp-json\/wp\/v2\/media?parent=4959"}],"curies":[{"name":"wp","href":"https:\/\/api.w.org\/{rel}","templated":true}]}}