{"id":3582,"date":"2019-10-30T10:27:10","date_gmt":"2019-10-30T10:27:10","guid":{"rendered":"http:\/\/lesambassadeurs.ambassadeursgroup.com\/our-games\/"},"modified":"2020-03-02T09:55:12","modified_gmt":"2020-03-02T09:55:12","slug":"our-games","status":"publish","type":"page","link":"https:\/\/lesambassadeurs.com\/zh-hans\/our-games\/","title":{"rendered":"\u00e6\u02c6\u2018\u00e4\u00bb\u00ac\u00e7\u0161\u201e\u00e5\u008d\u0161\u00e5\u00bd\u00a9\u00e6\u00b8\u00b8\u00e6\u02c6\u008f"},"content":{"rendered":"<div class=\"feature-panel-gradient\"><\/div>\r\n<div id=\"feature-panel-block_5d5d41f47a0b5\" class=\"content-block feature-panel-block\">\r\n<style type=\"text\/css\">\r\n#feature-panel-block_5d5d41f47a0b5 {\r\npadding-bottom: 40px;}\r\n@media all and (max-width:768px) {\r\n#feature-panel-block_5d5d41f47a0b5 {\r\n  padding-bottom: 40px;}\r\n}\r\n<\/style>\r\n\r\n<div class=\"feature-panel-content feature-panel-content-image rellax\" data-rellax-speed=\"-2.4\">\r\n<img loading=\"lazy\" decoding=\"async\" width=\"1920\" height=\"720\" src=\"https:\/\/lesambassadeurs.com\/wp-content\/uploads\/2020\/01\/LesA_Games_OurGames_Header1920x720px-1.jpg\" class=\"attachment-full size-full\" alt=\"Our Games Header - Les Ambassedeurs\" srcset=\"https:\/\/lesambassadeurs.com\/wp-content\/uploads\/2020\/01\/LesA_Games_OurGames_Header1920x720px-1.jpg 1920w, https:\/\/lesambassadeurs.com\/wp-content\/uploads\/2020\/01\/LesA_Games_OurGames_Header1920x720px-1-300x113.jpg 300w, https:\/\/lesambassadeurs.com\/wp-content\/uploads\/2020\/01\/LesA_Games_OurGames_Header1920x720px-1-1024x384.jpg 1024w, https:\/\/lesambassadeurs.com\/wp-content\/uploads\/2020\/01\/LesA_Games_OurGames_Header1920x720px-1-768x288.jpg 768w, https:\/\/lesambassadeurs.com\/wp-content\/uploads\/2020\/01\/LesA_Games_OurGames_Header1920x720px-1-1536x576.jpg 1536w, https:\/\/lesambassadeurs.com\/wp-content\/uploads\/2020\/01\/LesA_Games_OurGames_Header1920x720px-1-24x9.jpg 24w, https:\/\/lesambassadeurs.com\/wp-content\/uploads\/2020\/01\/LesA_Games_OurGames_Header1920x720px-1-36x14.jpg 36w, https:\/\/lesambassadeurs.com\/wp-content\/uploads\/2020\/01\/LesA_Games_OurGames_Header1920x720px-1-193x72.jpg 193w\" sizes=\"auto, (max-width: 1920px) 100vw, 1920px\" \/>\r\n<div class=\"gambling-week-container ch-gamb\">\r\n<a href=\"https:\/\/safergamblinguk.org\" target=\"_blank\" rel=\"noreferrer\">\r\n<img loading=\"lazy\" decoding=\"async\" src=\"https:\/\/www.lesambassadeurs.com\/wp-content\/uploads\/2021\/10\/SGW_Logo_Date_Orange_Screen_21Chinese-02.png\" class=\"attachment-full size-full\" alt=\"\" width=\"842\" height=\"595\">\r\n<\/a>\r\n<\/div>\r\n\r\n<\/div>\r\n\r\n\r\n<div class=\"feature-panel-text\">\r\n     <div class=\"feature-panel-cut-out-left\"><\/div><div class=\"feature-panel-cut-out-right\"><\/div>\r\n<div class=\"feature-panel-text-inner block-inner\">\r\n<h1 class=\"entry-title\" itemprop=\"headline\">\u00e6\u02c6\u2018\u00e4\u00bb\u00ac\u00e7\u0161\u201e\u00e5\u008d\u0161\u00e5\u00bd\u00a9\u00e6\u00b8\u00b8\u00e6\u02c6\u008f<\/h1>\r\n\r\n<p>\u00e6\u02c6\u2018\u00e4\u00bb\u00ac\u00e7\u0161\u201e\u00e8\u008d\u00b7\u00e5\u00ae\u02dc\u00e5\u00b0\u2020\u00e5\u2026\u00a8\u00e5\u00a4\u00a9\u00e5\u20ac\u212224\u00e5\u00b0\u008f\u00e6\u2014\u00b6\u00e6\u0081\u00ad\u00e5\u20ac\u2122\u00e6\u201a\u00a8\u00e7\u0161\u201e\u00e5\u00a4\u00a7\u00e9\u00a9\u00be<\/p>\n<\/div>\r\n<\/div>\r\n<script src=\"\/rellax.min.js\"><\/script>\r\n\r\n<script>\r\nfunction myFunction(x) {\r\n  if (x.matches) { \/\/ If media query matches\r\n    jQuery(document).ready(function(){\r\n   jQuery('.feature-panel-content').removeAttr('data-rellax-speed');\r\njQuery('.feature-panel-content').removeClass('rellax');\r\n    });\r\n  } else {\r\n    jQuery(document).ready(function(){\r\n    var rellax = new Rellax('.rellax');\r\n   });\r\n  }\r\n}\r\n\r\nvar x = window.matchMedia(\"(max-width: 1024px)\")\r\nmyFunction(x) \/\/ Call listener function at run time\r\nx.addListener(myFunction) \/\/ Attach listener function on state changes\r\n<\/script>\r\n\r\n<\/div>\r\n<div id=\"single-image-text-overlay-block_5d5d42767a0b6\" class=\"content-block single-image-text-overlay-block align-full-width image-align-  text-align- \">\r\n\r\n<style type=\"text\/css\">\r\n#single-image-text-overlay-block_5d5d42767a0b6 {\r\npadding-top: 60px;padding-right: 0px;padding-bottom: 76px;padding-left: 0px;}\r\n@media all and (max-width:768px) {\r\n#single-image-text-overlay-block_5d5d42767a0b6 {\r\npadding-top: 40px;\r\npadding-right: 0px;padding-bottom: 76px;padding-left: 0px;}\r\n}\r\n<\/style>\r\n\r\n<div class=\"single-image-text-overlay-image aos-init aos-animate\" data-aos=\"fade-in\">\r\n<img loading=\"lazy\" decoding=\"async\" width=\"966\" height=\"536\" src=\"https:\/\/lesambassadeurs.com\/wp-content\/uploads\/2020\/01\/LesA_Games_OurGames_American_Roulette_966x536px.jpg\" class=\"attachment-full size-full\" alt=\"Les A American Roulette\" srcset=\"https:\/\/lesambassadeurs.com\/wp-content\/uploads\/2020\/01\/LesA_Games_OurGames_American_Roulette_966x536px.jpg 966w, https:\/\/lesambassadeurs.com\/wp-content\/uploads\/2020\/01\/LesA_Games_OurGames_American_Roulette_966x536px-300x166.jpg 300w, https:\/\/lesambassadeurs.com\/wp-content\/uploads\/2020\/01\/LesA_Games_OurGames_American_Roulette_966x536px-768x426.jpg 768w, https:\/\/lesambassadeurs.com\/wp-content\/uploads\/2020\/01\/LesA_Games_OurGames_American_Roulette_966x536px-24x13.jpg 24w, https:\/\/lesambassadeurs.com\/wp-content\/uploads\/2020\/01\/LesA_Games_OurGames_American_Roulette_966x536px-36x20.jpg 36w, https:\/\/lesambassadeurs.com\/wp-content\/uploads\/2020\/01\/LesA_Games_OurGames_American_Roulette_966x536px-193x107.jpg 193w\" sizes=\"auto, (max-width: 966px) 100vw, 966px\" \/><\/div>\r\n\r\n<div class=\"single-image-text-overlay-text-container aos-init aos-animate\" data-aos=\"fade-up\">\r\n\t\r\n<h2>ROULETTE<\/h2><p>\u00e5\u008d\u0161\u00e5\u00bd\u00a9\u00e4\u00ba\u00ba\u00e5\u00a3\u00ab\u00e7\u0161\u201e\u00e6\u0153\u20ac\u00e7\u02c6\u00b1\u00ef\u00bc\u203a\u00e7\u00be\u017d\u00e5\u00bc\u008f\u00e8\u00bd\u00ae\u00e7\u203a\u02dc\u00e8\u00b5\u0152\u00e7\u0161\u201e\u00e8\u00bd\u00ae\u00e7\u203a\u02dc\u00e4\u00b8\u20ac\u00e5\u00bc\u20ac\u00e5\u00a7\u2039\u00e6\u2014\u2039\u00e8\u00bd\u00ac\u00ef\u00bc\u0152\u00e4\u00ba\u00ba\u00e4\u00bb\u00ac\u00e7\u0161\u201e\u00e5\u00bf\u0192\u00e8\u00b7\u00b3\u00e4\u00b9\u0178\u00e4\u00bc\u0161\u00e9\u0161\u008f\u00e4\u00b9\u2039\u00e5\u0160\u00a0\u00e5\u00bf\u00ab\u00e3\u20ac\u201a<\/p>\n<div class=\"gold-link\"><span class=\"gold-line gold-left\"><\/span><a class=\"lsb-text-overlay-link\" href=\"https:\/\/lesambassadeurs.com\/wp-content\/uploads\/2019\/11\/Roulette.pdf\" target=\"_blank\"> \u00e4\u00b8\u2039\u00e8\u00bd\u00bd\u00e2\u20ac\u0153\u00e8\u00a7\u201e\u00e5\u02c6\u2122\u00e2\u20ac\u009d<\/a><span class=\"gold-line gold-right\"><\/span><\/div><div class=\"text-component-triangle\">\r\n<img decoding=\"async\" src=\"\/wp-content\/uploads\/2019\/08\/triangle.png\">\r\n<\/div>\r\n<\/div>\r\n\r\n<\/div>\r\n<div id=\"single-image-text-overlay-block_5d5d42957a0b7\" class=\"content-block single-image-text-overlay-block align-full-width image-align-  text-align- \">\r\n\r\n<style type=\"text\/css\">\r\n#single-image-text-overlay-block_5d5d42957a0b7 {\r\npadding-top: 60px;padding-right: 0px;padding-bottom: 76px;padding-left: 0px;}\r\n@media all and (max-width:768px) {\r\n#single-image-text-overlay-block_5d5d42957a0b7 {\r\npadding-top: 40px;\r\npadding-right: 0px;padding-bottom: 76px;padding-left: 0px;}\r\n}\r\n<\/style>\r\n\r\n<div class=\"single-image-text-overlay-image aos-init aos-animate\" data-aos=\"fade-in\">\r\n<img loading=\"lazy\" decoding=\"async\" width=\"966\" height=\"536\" src=\"https:\/\/lesambassadeurs.com\/wp-content\/uploads\/2020\/01\/LesA_Games_OurGames_Bacarrat_966x536px.jpg\" class=\"attachment-full size-full\" alt=\"Bacarrat\" srcset=\"https:\/\/lesambassadeurs.com\/wp-content\/uploads\/2020\/01\/LesA_Games_OurGames_Bacarrat_966x536px.jpg 966w, https:\/\/lesambassadeurs.com\/wp-content\/uploads\/2020\/01\/LesA_Games_OurGames_Bacarrat_966x536px-300x166.jpg 300w, https:\/\/lesambassadeurs.com\/wp-content\/uploads\/2020\/01\/LesA_Games_OurGames_Bacarrat_966x536px-768x426.jpg 768w, https:\/\/lesambassadeurs.com\/wp-content\/uploads\/2020\/01\/LesA_Games_OurGames_Bacarrat_966x536px-24x13.jpg 24w, https:\/\/lesambassadeurs.com\/wp-content\/uploads\/2020\/01\/LesA_Games_OurGames_Bacarrat_966x536px-36x20.jpg 36w, https:\/\/lesambassadeurs.com\/wp-content\/uploads\/2020\/01\/LesA_Games_OurGames_Bacarrat_966x536px-193x107.jpg 193w\" sizes=\"auto, (max-width: 966px) 100vw, 966px\" \/><\/div>\r\n\r\n<div class=\"single-image-text-overlay-text-container aos-init aos-animate\" data-aos=\"fade-up\">\r\n\t\r\n<h2>\u00e7\u2122\u00be\u00e5\u00ae\u00b6\u00e4\u00b9\u0090<\/h2><p>\u00e8\u00bf\u2122\u00e4\u00b8\u20ac\u00e7\u00ae\u20ac\u00e5\u008d\u2022\u00e6\u0153\u2030\u00e8\u00b6\u00a3\u00e7\u0161\u201e\u00e7\u00ba\u00b8\u00e7\u2030\u0152\u00e6\u00b8\u00b8\u00e6\u02c6\u008f\u00e6\u02dc\u00af\u00e5\u0153\u00a8\u00e6\u0178\u00a5\u00e7\u0090\u2020\u00e5\u2026\u00ab\u00e4\u00b8\u2013\u00e7\u00bb\u0178\u00e6\u00b2\u00bb\u00e6\u2014\u00b6\u00e6\u0153\u0178\u00ef\u00bc\u0152\u00e7\u201d\u00b1\u00e6\u00b3\u2022\u00e5\u203a\u00bd-\u00e6\u201e\u008f\u00e5\u00a4\u00a7\u00e5\u02c6\u00a9\u00e5\u00a3\u00ab\u00e5\u2026\u00b5\u00e5\u00bc\u2022\u00e5\u2026\u00a5\u00ef\u00bc\u0152\u00e8\u2021\u00b3\u00e4\u00bb\u0160\u00e5\u00ae\u0192\u00e4\u00be\u009d\u00e7\u201e\u00b6\u00e6\u02dc\u00af\u00e5\u02c6\u00a9\u00e9\u2122\u017e\u00e4\u00bf\u00b1\u00e4\u00b9\u0090\u00e9\u0192\u00a8\u00e6\u0153\u20ac\u00e5\u008f\u2014\u00e6\u00ac\u00a2\u00e8\u00bf\u017d\u00e7\u0161\u201e\u00e5\u008d\u0161\u00e5\u00bd\u00a9\u00e6\u00b8\u00b8\u00e6\u02c6\u008f\u00e3\u20ac\u201a<\/p>\n<div class=\"gold-link\"><span class=\"gold-line gold-left\"><\/span><a class=\"lsb-text-overlay-link\" href=\"https:\/\/lesambassadeurs.com\/wp-content\/uploads\/2019\/10\/Baccarat.pdf\" target=\"_blank\"> \u00e4\u00b8\u2039\u00e8\u00bd\u00bd\u00e2\u20ac\u0153\u00e8\u00a7\u201e\u00e5\u02c6\u2122\u00e2\u20ac\u009d<\/a><span class=\"gold-line gold-right\"><\/span><\/div><div class=\"text-component-triangle\">\r\n<img decoding=\"async\" src=\"\/wp-content\/uploads\/2019\/08\/triangle.png\">\r\n<\/div>\r\n<\/div>\r\n\r\n<\/div>\r\n<div id=\"single-image-text-overlay-block_5d71087cf0dc3\" class=\"content-block single-image-text-overlay-block align-full-width image-align-  text-align- \">\r\n\r\n<style type=\"text\/css\">\r\n#single-image-text-overlay-block_5d71087cf0dc3 {\r\npadding-top: 60px;padding-right: 0px;padding-bottom: 76px;padding-left: 0px;}\r\n@media all and (max-width:768px) {\r\n#single-image-text-overlay-block_5d71087cf0dc3 {\r\npadding-top: 40px;\r\npadding-right: 0px;padding-bottom: 76px;padding-left: 0px;}\r\n}\r\n<\/style>\r\n\r\n<div class=\"single-image-text-overlay-image aos-init aos-animate\" data-aos=\"fade-in\">\r\n<img loading=\"lazy\" decoding=\"async\" width=\"966\" height=\"536\" src=\"https:\/\/lesambassadeurs.com\/wp-content\/uploads\/2020\/01\/LesA_Games_OurGames_Blackjack_966x536px.jpg\" class=\"attachment-full size-full\" alt=\"- Les Ambassedeurs\" srcset=\"https:\/\/lesambassadeurs.com\/wp-content\/uploads\/2020\/01\/LesA_Games_OurGames_Blackjack_966x536px.jpg 966w, https:\/\/lesambassadeurs.com\/wp-content\/uploads\/2020\/01\/LesA_Games_OurGames_Blackjack_966x536px-300x166.jpg 300w, https:\/\/lesambassadeurs.com\/wp-content\/uploads\/2020\/01\/LesA_Games_OurGames_Blackjack_966x536px-768x426.jpg 768w, https:\/\/lesambassadeurs.com\/wp-content\/uploads\/2020\/01\/LesA_Games_OurGames_Blackjack_966x536px-24x13.jpg 24w, https:\/\/lesambassadeurs.com\/wp-content\/uploads\/2020\/01\/LesA_Games_OurGames_Blackjack_966x536px-36x20.jpg 36w, https:\/\/lesambassadeurs.com\/wp-content\/uploads\/2020\/01\/LesA_Games_OurGames_Blackjack_966x536px-193x107.jpg 193w\" sizes=\"auto, (max-width: 966px) 100vw, 966px\" \/><\/div>\r\n\r\n<div class=\"single-image-text-overlay-text-container aos-init aos-animate\" data-aos=\"fade-up\">\r\n\t\r\n<h2>\u00e9\u00bb\u2018\u00e6\u009d\u00b0\u00e5\u2026\u2039<\/h2><p>\u00e5\u0153\u00a8\u00e8\u00bf\u2122\u00e4\u00b8\u20ac\u00e7\u0192\u00ad\u00e9\u2014\u00a8\u00e6\u00b8\u00b8\u00e6\u02c6\u008f\u00e4\u00b8\u00ad\u00ef\u00bc\u0152\u00e6\u00af\u008f\u00e4\u00b8\u00aa\u00e4\u00ba\u00ba\u00e7\u0161\u201e\u00e5\u00b9\u00b8\u00e8\u00bf\u0090\u00e6\u2022\u00b0\u00e5\u00ad\u2014\u00e9\u0192\u00bd\u00e6\u02dc\u00af21\u00e3\u20ac\u201a\u00e6\u00b8\u00b8\u00e6\u02c6\u008f\u00e5\u00a7\u2039\u00e4\u00ba\u017d\u00e4\u00b8\u00a4\u00e5\u00bc\u00a0\u00e7\u2030\u0152\u00ef\u00bc\u0152\u00e5\u0153\u00a8\u00e7\u017d\u00a9\u00e9\u00bb\u2018\u00e6\u009d\u00b0\u00e5\u2026\u2039\u00e6\u0153\u0178\u00e9\u2014\u00b4\u00ef\u00bc\u0152\u00e6\u201a\u00a8\u00e9\u0153\u20ac\u00e8\u00a6\u0081\u00e5\u00bc\u20ac\u00e5\u0160\u00a8\u00e8\u201e\u2018\u00e7\u00ad\u2039\u00e4\u00b8\u017d\u00e8\u008d\u00b7\u00e5\u00ae\u02dc\u00e8\u00be\u0192\u00e9\u2021\u008f\u00ef\u00bc\u0152\u00e4\u00b8\u008d\u00e5\u2020\u008d\u00e8\u00a6\u0081\u00e7\u2030\u0152\u00e3\u20ac\u0081\u00e5\u2020\u008d\u00e8\u00a6\u0081\u00e4\u00b8\u20ac\u00e5\u00bc\u00a0\u00e7\u2030\u0152\u00e3\u20ac\u0081\u00e5\u02c6\u2020\u00e7\u2030\u0152\u00e8\u00bf\u02dc\u00e6\u02dc\u00af\u00e5\u008f\u0152\u00e5\u20ac\u008d\u00e4\u00b8\u2039\u00e6\u00b3\u00a8\u00ef\u00bc\u0178\u00e9\u20ac\u2030\u00e6\u2039\u00a9\u00e6\u009d\u0192\u00e5\u0153\u00a8\u00e6\u201a\u00a8\u00e3\u20ac\u201a<\/p>\n<div class=\"gold-link\"><span class=\"gold-line gold-left\"><\/span><a class=\"lsb-text-overlay-link\" href=\"https:\/\/lesambassadeurs.com\/wp-content\/uploads\/2019\/10\/Blackjack.pdf\" target=\"_blank\"> \u00e4\u00b8\u2039\u00e8\u00bd\u00bd\u00e2\u20ac\u0153\u00e8\u00a7\u201e\u00e5\u02c6\u2122\u00e2\u20ac\u009d<\/a><span class=\"gold-line gold-right\"><\/span><\/div><div class=\"text-component-triangle\">\r\n<img decoding=\"async\" src=\"\/wp-content\/uploads\/2019\/08\/triangle.png\">\r\n<\/div>\r\n<\/div>\r\n\r\n<\/div>\r\n<div id=\"single-image-text-overlay-block_5d7108b0f0dc4\" class=\"content-block single-image-text-overlay-block align-full-width image-align-  text-align- \">\r\n\r\n<style type=\"text\/css\">\r\n#single-image-text-overlay-block_5d7108b0f0dc4 {\r\npadding-top: 60px;padding-right: 0px;padding-bottom: 76px;padding-left: 0px;}\r\n@media all and (max-width:768px) {\r\n#single-image-text-overlay-block_5d7108b0f0dc4 {\r\npadding-top: 40px;\r\npadding-right: 0px;padding-bottom: 76px;padding-left: 0px;}\r\n}\r\n<\/style>\r\n\r\n<div class=\"single-image-text-overlay-image aos-init aos-animate\" data-aos=\"fade-in\">\r\n<img loading=\"lazy\" decoding=\"async\" width=\"966\" height=\"536\" src=\"https:\/\/lesambassadeurs.com\/wp-content\/uploads\/2020\/01\/LesA_Games_OurGames_ThreeCardPoker_966x536px.jpg\" class=\"attachment-full size-full\" alt=\"THREE CARD POKER\" srcset=\"https:\/\/lesambassadeurs.com\/wp-content\/uploads\/2020\/01\/LesA_Games_OurGames_ThreeCardPoker_966x536px.jpg 966w, https:\/\/lesambassadeurs.com\/wp-content\/uploads\/2020\/01\/LesA_Games_OurGames_ThreeCardPoker_966x536px-300x166.jpg 300w, https:\/\/lesambassadeurs.com\/wp-content\/uploads\/2020\/01\/LesA_Games_OurGames_ThreeCardPoker_966x536px-768x426.jpg 768w, https:\/\/lesambassadeurs.com\/wp-content\/uploads\/2020\/01\/LesA_Games_OurGames_ThreeCardPoker_966x536px-24x13.jpg 24w, https:\/\/lesambassadeurs.com\/wp-content\/uploads\/2020\/01\/LesA_Games_OurGames_ThreeCardPoker_966x536px-36x20.jpg 36w, https:\/\/lesambassadeurs.com\/wp-content\/uploads\/2020\/01\/LesA_Games_OurGames_ThreeCardPoker_966x536px-193x107.jpg 193w\" sizes=\"auto, (max-width: 966px) 100vw, 966px\" \/><\/div>\r\n\r\n<div class=\"single-image-text-overlay-text-container aos-init aos-animate\" data-aos=\"fade-up\">\r\n\t\r\n<h2>\u00e4\u00b8\u2030\u00e5\u00bc\u00a0\u00e6\u2030\u2018\u00e5\u2026\u2039<\/h2><p>\u00e5\u0153\u00a8\u00e4\u00b8\u2030\u00e5\u00bc\u00a0\u00e6\u2030\u2018\u00e5\u2026\u2039\u00e7\u0161\u201e\u00e6\u00b8\u00b8\u00e6\u02c6\u008f\u00e4\u00b8\u00ad\u00ef\u00bc\u0152\u00e7\u017d\u00a9\u00e5\u00ae\u00b6\u00e6\u0153\u20ac\u00e5\u00b8\u0152\u00e6\u0153\u203a\u00e6\u2018\u00b8\u00e5\u02c6\u00b0\u00e7\u0161\u201e\u00e5\u00b0\u00b1\u00e6\u02dc\u00af\u00e5\u0090\u0152\u00e8\u0160\u00b1\u00e9\u00a1\u00ba\u00e3\u20ac\u201a\u00e4\u00b8\u2030\u00e5\u00bc\u00a0\u00e6\u2030\u2018\u00e5\u2026\u2039\u00e5\u00b0\u2020\u00e8\u00ae\u00a9\u00e6\u201a\u00a8\u00e5\u0153\u00a8\u00e4\u00bc\u00a0\u00e7\u00bb\u0178\u00e6\u2030\u2018\u00e5\u2026\u2039\u00e6\u00b8\u00b8\u00e6\u02c6\u008f\u00e7\u0161\u201e\u00e5\u0178\u00ba\u00e7\u00a1\u20ac\u00e4\u00b8\u0160\u00ef\u00bc\u0152\u00e4\u00bd\u201c\u00e9\u00aa\u0152\u00e6\u203a\u00b4\u00e5\u00a4\u00a7\u00e7\u0161\u201e\u00e5\u02c6\u00ba\u00e6\u00bf\u20ac\u00e3\u20ac\u201a\u00e5\u00bf\u00ab\u00e6\u009d\u00a5\u00e4\u00b8\u2039\u00e8\u00b5\u0152\u00e6\u00b3\u00a8\u00e4\u00b8\u017d\u00e8\u008d\u00b7\u00e5\u00ae\u02dc\u00e5\u008d\u0161\u00e5\u00bc\u02c6\u00ef\u00bc\u0152\u00e6\u00af\u008f\u00e5\u00bc\u00a0\u00e7\u2030\u0152\u00e5\u0153\u00a8\u00e7\u00bf\u00bb\u00e5\u00bc\u20ac\u00e5\u0090\u017d\u00e5\u008d\u00b3\u00e5\u2020\u00b3\u00e5\u00ae\u0161\u00e4\u00ba\u2020\u00e8\u0192\u0153\u00e8\u00b4\u0178\u00e3\u20ac\u201a<\/p>\n<div class=\"gold-link\"><span class=\"gold-line gold-left\"><\/span><a class=\"lsb-text-overlay-link\" href=\"https:\/\/lesambassadeurs.com\/wp-content\/uploads\/2019\/10\/Three-Card-Poker.pdf\" target=\"_blank\"> \u00e4\u00b8\u2039\u00e8\u00bd\u00bd\u00e2\u20ac\u0153\u00e8\u00a7\u201e\u00e5\u02c6\u2122\u00e2\u20ac\u009d<\/a><span class=\"gold-line gold-right\"><\/span><\/div><div class=\"text-component-triangle\">\r\n<img decoding=\"async\" src=\"\/wp-content\/uploads\/2019\/08\/triangle.png\">\r\n<\/div>\r\n<\/div>\r\n\r\n<\/div>\r\n<div id=\"team-slider-block_5d5d42e67a0b8\" class=\"content-block team-slider-block align-full-width\">\r\n\r\n<style type=\"text\/css\">\r\n#team-slider-block_5d5d42e67a0b8 {\r\npadding-top: 60px;padding-right: 0px;padding-bottom: 60px;padding-left: 0px;background: #F4F3F2;}\r\n<\/style>\r\n\r\n<h2>\u00e5\u008d\u0161\u00e5\u00bd\u00a9\u00e5\u203a\u00a2\u00e9\u02dc\u0178<\/h2><script type=\"text\/javascript\">\r\njQuery(document).ready(function(){\r\n  jQuery('.slider-team-slider-block_5d5d42e67a0b8').slick({\r\n  infinite: true,\r\n  slidesToShow: 5,\r\n  slidesToScroll: 1,\r\n  arrows: true,\r\n  rows: 0,\r\n  focusOnSelect: true,\r\n  swipeToSlide: true,\r\n    centerMode: true,\r\n    centerPadding: '0',\r\n    asNavFor: '.slider-text-team-slider-block_5d5d42e67a0b8',\r\n    responsive: [\r\n    {\r\n      breakpoint: 1281,\r\n      settings: {\r\n  slidesToShow: 4\r\n}\r\n      },\r\n    {\r\n      breakpoint: 1061,\r\n      settings: {\r\n  slidesToShow: 3\r\n}\r\n      },\r\n    {\r\n      breakpoint: 830,\r\n      settings: {\r\n  slidesToShow: 2\r\n}\r\n      },\r\n    {\r\n      breakpoint: 623,\r\n      settings: {\r\n    slidesToShow: 1\r\n      }\r\n    }\r\n    \/\/ You can unslick at a given breakpoint now by adding:\r\n    \/\/ settings: \"unslick\"\r\n    \/\/ instead of a settings object\r\n  ]\r\n  });\r\n  jQuery('.slider-text-team-slider-block_5d5d42e67a0b8').slick({\r\n  infinite: true,\r\n  slidesToShow: 1,\r\n  slidesToScroll: 1,\r\n  arrows: false,\r\n  rows: 0,\r\n  swipeToSlide: true,\r\n    asNavFor: '.slider-team-slider-block_5d5d42e67a0b8'\r\n  });\r\n});\r\n  <\/script>\r\n<script>\r\n    jQuery(document).ready(function() {\r\n        jQuery('.team-slider-block .slider-team-slider-block_5d5d42e67a0b8 .slick-slide img').click(function() {\r\n                jQuery('.slider-text-team-slider-block_5d5d42e67a0b8 .team-member-bio-text').slideToggle(\"fast\");\r\n        });\r\n    });\r\n<\/script>\r\n\r\n<div class=\"team-slider-wrapper\">\r\n<div class=\"team-slider slider-team-slider-block_5d5d42e67a0b8 lsb-slick-arrows aos-animate aos-init\" data-aos=\"fade-in\">\r\n \r\n      <div class=\"team-slider-wrap\">\r\n            <img loading=\"lazy\" decoding=\"async\" width=\"216\" height=\"216\" src=\"https:\/\/lesambassadeurs.com\/wp-content\/uploads\/2019\/11\/G_RodAriss_215x215px.jpg\" class=\"attachment-full size-full\" alt=\"Rod Ariss\" srcset=\"https:\/\/lesambassadeurs.com\/wp-content\/uploads\/2019\/11\/G_RodAriss_215x215px.jpg 216w, https:\/\/lesambassadeurs.com\/wp-content\/uploads\/2019\/11\/G_RodAriss_215x215px-150x150.jpg 150w, https:\/\/lesambassadeurs.com\/wp-content\/uploads\/2019\/11\/G_RodAriss_215x215px-24x24.jpg 24w, https:\/\/lesambassadeurs.com\/wp-content\/uploads\/2019\/11\/G_RodAriss_215x215px-36x36.jpg 36w, https:\/\/lesambassadeurs.com\/wp-content\/uploads\/2019\/11\/G_RodAriss_215x215px-114x114.jpg 114w\" sizes=\"auto, (max-width: 216px) 100vw, 216px\" \/>        <h3>Rod Ariss<\/h3>\r\n        <div class=\"job-title\">\r\n          \u00e7\u00a4\u00be\u00e4\u00bc\u0161\u00e8\u00b4\u00a3\u00e4\u00bb\u00bb\u00e7\u00bb\u008f\u00e7\u0090\u2020        <\/div>\r\n  <\/div>\r\n  \r\n  <div class=\"team-slider-wrap\">\r\n            <img loading=\"lazy\" decoding=\"async\" width=\"216\" height=\"216\" src=\"https:\/\/lesambassadeurs.com\/wp-content\/uploads\/2019\/11\/B_AndyWhistlecroft_215x215px.jpg\" class=\"attachment-full size-full\" alt=\"Andy Whistlecroft\" srcset=\"https:\/\/lesambassadeurs.com\/wp-content\/uploads\/2019\/11\/B_AndyWhistlecroft_215x215px.jpg 216w, https:\/\/lesambassadeurs.com\/wp-content\/uploads\/2019\/11\/B_AndyWhistlecroft_215x215px-150x150.jpg 150w, https:\/\/lesambassadeurs.com\/wp-content\/uploads\/2019\/11\/B_AndyWhistlecroft_215x215px-24x24.jpg 24w, https:\/\/lesambassadeurs.com\/wp-content\/uploads\/2019\/11\/B_AndyWhistlecroft_215x215px-36x36.jpg 36w, https:\/\/lesambassadeurs.com\/wp-content\/uploads\/2019\/11\/B_AndyWhistlecroft_215x215px-114x114.jpg 114w\" sizes=\"auto, (max-width: 216px) 100vw, 216px\" \/>        <h3>Andy Whistlecroft<\/h3>\r\n        <div class=\"job-title\">\r\n          \u00e9\u00ab\u02dc\u00e7\u00ba\u00a7\u00e5\u008d\u0161\u00e5\u00bd\u00a9\u00e7\u00bb\u008f\u00e7\u0090\u2020        <\/div>\r\n  <\/div>\r\n  \r\n  <div class=\"team-slider-wrap\">\r\n            <img loading=\"lazy\" decoding=\"async\" width=\"216\" height=\"216\" src=\"https:\/\/lesambassadeurs.com\/wp-content\/uploads\/2019\/12\/Q_Les_A_Sandra_Rodrigues_215x215px.jpg\" class=\"attachment-full size-full\" alt=\"Sandra Rodrigues\" srcset=\"https:\/\/lesambassadeurs.com\/wp-content\/uploads\/2019\/12\/Q_Les_A_Sandra_Rodrigues_215x215px.jpg 216w, https:\/\/lesambassadeurs.com\/wp-content\/uploads\/2019\/12\/Q_Les_A_Sandra_Rodrigues_215x215px-150x150.jpg 150w, https:\/\/lesambassadeurs.com\/wp-content\/uploads\/2019\/12\/Q_Les_A_Sandra_Rodrigues_215x215px-24x24.jpg 24w, https:\/\/lesambassadeurs.com\/wp-content\/uploads\/2019\/12\/Q_Les_A_Sandra_Rodrigues_215x215px-36x36.jpg 36w, https:\/\/lesambassadeurs.com\/wp-content\/uploads\/2019\/12\/Q_Les_A_Sandra_Rodrigues_215x215px-114x114.jpg 114w\" sizes=\"auto, (max-width: 216px) 100vw, 216px\" \/>        <h3>Sandra Rodrigues<\/h3>\r\n        <div class=\"job-title\">\r\n          \u00e9\u00ab\u02dc\u00e7\u00ba\u00a7\u00e5\u008d\u0161\u00e5\u00bd\u00a9\u00e7\u00bb\u008f\u00e7\u0090\u2020        <\/div>\r\n  <\/div>\r\n  \r\n  <div class=\"team-slider-wrap\">\r\n            <img loading=\"lazy\" decoding=\"async\" width=\"216\" height=\"216\" src=\"https:\/\/lesambassadeurs.com\/wp-content\/uploads\/2019\/12\/T_Les_A_Allan-Bobbitt_215x215px.jpg\" class=\"attachment-full size-full\" alt=\"\u00e2\u20ac\u201c Gaming Manager\" srcset=\"https:\/\/lesambassadeurs.com\/wp-content\/uploads\/2019\/12\/T_Les_A_Allan-Bobbitt_215x215px.jpg 216w, https:\/\/lesambassadeurs.com\/wp-content\/uploads\/2019\/12\/T_Les_A_Allan-Bobbitt_215x215px-150x150.jpg 150w, https:\/\/lesambassadeurs.com\/wp-content\/uploads\/2019\/12\/T_Les_A_Allan-Bobbitt_215x215px-24x24.jpg 24w, https:\/\/lesambassadeurs.com\/wp-content\/uploads\/2019\/12\/T_Les_A_Allan-Bobbitt_215x215px-36x36.jpg 36w, https:\/\/lesambassadeurs.com\/wp-content\/uploads\/2019\/12\/T_Les_A_Allan-Bobbitt_215x215px-114x114.jpg 114w\" sizes=\"auto, (max-width: 216px) 100vw, 216px\" \/>        <h3>Allan Bobbett<\/h3>\r\n        <div class=\"job-title\">\r\n          \u00e5\u008d\u0161\u00e5\u00bd\u00a9\u00e7\u00bb\u008f\u00e7\u0090\u2020        <\/div>\r\n  <\/div>\r\n  \r\n  <div class=\"team-slider-wrap\">\r\n            <img loading=\"lazy\" decoding=\"async\" width=\"216\" height=\"216\" src=\"https:\/\/lesambassadeurs.com\/wp-content\/uploads\/2019\/12\/Joe-Brown-1.jpg\" class=\"attachment-full size-full\" alt=\"Joe Brown\" srcset=\"https:\/\/lesambassadeurs.com\/wp-content\/uploads\/2019\/12\/Joe-Brown-1.jpg 216w, https:\/\/lesambassadeurs.com\/wp-content\/uploads\/2019\/12\/Joe-Brown-1-150x150.jpg 150w, https:\/\/lesambassadeurs.com\/wp-content\/uploads\/2019\/12\/Joe-Brown-1-24x24.jpg 24w, https:\/\/lesambassadeurs.com\/wp-content\/uploads\/2019\/12\/Joe-Brown-1-36x36.jpg 36w, https:\/\/lesambassadeurs.com\/wp-content\/uploads\/2019\/12\/Joe-Brown-1-114x114.jpg 114w\" sizes=\"auto, (max-width: 216px) 100vw, 216px\" \/>        <h3>Joe Brown<\/h3>\r\n        <div class=\"job-title\">\r\n          \u00e5\u008d\u0161\u00e5\u00bd\u00a9\u00e7\u00bb\u008f\u00e7\u0090\u2020        <\/div>\r\n  <\/div>\r\n  \r\n<\/div>\r\n<\/div>\r\n\r\n<div class=\"team-slider-text-wrapper\">\r\n<div class=\"team-slider-text slider-text-team-slider-block_5d5d42e67a0b8\">\r\n \r\n      <div class=\"team-slider-text-wrap\">\r\n      <\/div>\r\n  \r\n  <div class=\"team-slider-text-wrap\">\r\n      <\/div>\r\n  \r\n  <div class=\"team-slider-text-wrap\">\r\n      <\/div>\r\n  \r\n  <div class=\"team-slider-text-wrap\">\r\n      <\/div>\r\n  \r\n  <div class=\"team-slider-text-wrap\">\r\n      <\/div>\r\n  \r\n<\/div>\r\n<\/div>\r\n\r\n<\/div> \r\n<div id=\"blog-component-block_5d651156bf8a7\" class=\"content-block blog-component-block align-full-width\">\r\n<style type=\"text\/css\">\r\n#blog-component-block_5d651156bf8a7 {\r\npadding-top: 60px;padding-right: 0px;padding-bottom: 76px;padding-left: 0px;}\r\n@media all and (max-width:768px) {\r\n#blog-component-block_5d651156bf8a7 {\r\npadding-top: 40px;padding-right: 0px;padding-bottom: 76px;padding-left: 0px;}\r\n}\r\n<\/style>\r\n \r\n \r\n\r\n<\/div>","protected":false},"excerpt":{"rendered":"","protected":false},"author":3,"featured_media":0,"parent":0,"menu_order":0,"comment_status":"closed","ping_status":"closed","template":"","meta":{"_acf_changed":false,"disable_featured_image":false,"footnotes":""},"class_list":["post-3582","page","type-page","status-publish"],"acf":[],"_links":{"self":[{"href":"https:\/\/lesambassadeurs.com\/zh-hans\/wp-json\/wp\/v2\/pages\/3582","targetHints":{"allow":["GET"]}}],"collection":[{"href":"https:\/\/lesambassadeurs.com\/zh-hans\/wp-json\/wp\/v2\/pages"}],"about":[{"href":"https:\/\/lesambassadeurs.com\/zh-hans\/wp-json\/wp\/v2\/types\/page"}],"author":[{"embeddable":true,"href":"https:\/\/lesambassadeurs.com\/zh-hans\/wp-json\/wp\/v2\/users\/3"}],"replies":[{"embeddable":true,"href":"https:\/\/lesambassadeurs.com\/zh-hans\/wp-json\/wp\/v2\/comments?post=3582"}],"version-history":[{"count":0,"href":"https:\/\/lesambassadeurs.com\/zh-hans\/wp-json\/wp\/v2\/pages\/3582\/revisions"}],"wp:attachment":[{"href":"https:\/\/lesambassadeurs.com\/zh-hans\/wp-json\/wp\/v2\/media?parent=3582"}],"curies":[{"name":"wp","href":"https:\/\/api.w.org\/{rel}","templated":true}]}}