{"id":3578,"date":"2019-10-30T10:17:40","date_gmt":"2019-10-30T10:17:40","guid":{"rendered":"http:\/\/lesambassadeurs.ambassadeursgroup.com\/%e7%be%8e%e5%91%b3%e4%bd%b3%e8%82%b4\/"},"modified":"2019-11-19T17:13:20","modified_gmt":"2019-11-19T17:13:20","slug":"fine-dining","status":"publish","type":"page","link":"https:\/\/lesambassadeurs.com\/zh-hans\/fine-dining\/","title":{"rendered":"\u00e7\u00be\u017d\u00e5\u2018\u00b3\u00e4\u00bd\u00b3\u00e8\u201a\u00b4"},"content":{"rendered":"<div class=\"feature-panel-gradient\"><\/div>\r\n<div id=\"feature-panel-block_5d5d461042086\" class=\"content-block feature-panel-block\">\r\n<style type=\"text\/css\">\r\n#feature-panel-block_5d5d461042086 {\r\npadding-bottom: 40px;}\r\n@media all and (max-width:768px) {\r\n#feature-panel-block_5d5d461042086 {\r\n  padding-bottom: 40px;}\r\n}\r\n<\/style>\r\n\r\n<div class=\"feature-panel-content feature-panel-content-image rellax\" data-rellax-speed=\"-2.4\">\r\n<img loading=\"lazy\" decoding=\"async\" width=\"1920\" height=\"720\" src=\"https:\/\/lesambassadeurs.com\/wp-content\/uploads\/2019\/10\/Fine-Dining-1920-by-720-pixels.jpg\" class=\"attachment-full size-full\" alt=\"Fine Dining\" srcset=\"https:\/\/lesambassadeurs.com\/wp-content\/uploads\/2019\/10\/Fine-Dining-1920-by-720-pixels.jpg 1920w, https:\/\/lesambassadeurs.com\/wp-content\/uploads\/2019\/10\/Fine-Dining-1920-by-720-pixels-300x113.jpg 300w, https:\/\/lesambassadeurs.com\/wp-content\/uploads\/2019\/10\/Fine-Dining-1920-by-720-pixels-768x288.jpg 768w, https:\/\/lesambassadeurs.com\/wp-content\/uploads\/2019\/10\/Fine-Dining-1920-by-720-pixels-1024x384.jpg 1024w, https:\/\/lesambassadeurs.com\/wp-content\/uploads\/2019\/10\/Fine-Dining-1920-by-720-pixels-24x9.jpg 24w, https:\/\/lesambassadeurs.com\/wp-content\/uploads\/2019\/10\/Fine-Dining-1920-by-720-pixels-36x14.jpg 36w, https:\/\/lesambassadeurs.com\/wp-content\/uploads\/2019\/10\/Fine-Dining-1920-by-720-pixels-193x72.jpg 193w\" sizes=\"auto, (max-width: 1920px) 100vw, 1920px\" \/>\r\n<div class=\"gambling-week-container ch-gamb\">\r\n<a href=\"https:\/\/safergamblinguk.org\" target=\"_blank\" rel=\"noreferrer\">\r\n<img loading=\"lazy\" decoding=\"async\" src=\"https:\/\/www.lesambassadeurs.com\/wp-content\/uploads\/2021\/10\/SGW_Logo_Date_Orange_Screen_21Chinese-02.png\" class=\"attachment-full size-full\" alt=\"\" width=\"842\" height=\"595\">\r\n<\/a>\r\n<\/div>\r\n\r\n<\/div>\r\n\r\n\r\n<div class=\"feature-panel-text\">\r\n     <div class=\"feature-panel-cut-out-left\"><\/div><div class=\"feature-panel-cut-out-right\"><\/div>\r\n<div class=\"feature-panel-text-inner block-inner\">\r\n<h1 class=\"entry-title\" itemprop=\"headline\">\u00e7\u00be\u017d\u00e5\u2018\u00b3\u00e4\u00bd\u00b3\u00e8\u201a\u00b4<\/h1>\r\n\r\n<p>\u00e4\u00b8\u2013\u00e7\u2022\u0152\u00e9\u00a1\u00b6\u00e7\u00ba\u00a7\u00e5\u00a4\u00a7\u00e5\u017d\u00a8\u00e7\u00b2\u00be\u00e5\u00bf\u0192\u00e6\u2030\u201c\u00e9\u20ac\u00a0\u00e7\u0161\u201e\u00e4\u00b8\u00b0\u00e5\u00af\u0152\u00e7\u00b2\u00be\u00e7\u00be\u017d\u00e8\u008f\u0153\u00e8\u201a\u00b4<\/p>\n<\/div>\r\n<\/div>\r\n<script src=\"\/rellax.min.js\"><\/script>\r\n\r\n<script>\r\nfunction myFunction(x) {\r\n  if (x.matches) { \/\/ If media query matches\r\n    jQuery(document).ready(function(){\r\n   jQuery('.feature-panel-content').removeAttr('data-rellax-speed');\r\njQuery('.feature-panel-content').removeClass('rellax');\r\n    });\r\n  } else {\r\n    jQuery(document).ready(function(){\r\n    var rellax = new Rellax('.rellax');\r\n   });\r\n  }\r\n}\r\n\r\nvar x = window.matchMedia(\"(max-width: 1024px)\")\r\nmyFunction(x) \/\/ Call listener function at run time\r\nx.addListener(myFunction) \/\/ Attach listener function on state changes\r\n<\/script>\r\n\r\n<\/div>\r\n<div id=\"single-image-text-overlay-block_5d5d464242087\" class=\"content-block single-image-text-overlay-block align-full-width image-align-  text-align-\">\r\n\r\n<style type=\"text\/css\">\r\n#single-image-text-overlay-block_5d5d464242087 {\r\npadding-top: 60px;padding-right: 0px;padding-bottom: 76px;padding-left: 0px;}\r\n@media all and (max-width:768px) {\r\n#single-image-text-overlay-block_5d5d464242087 {\r\npadding-top: 40px;\r\npadding-right: 0px;padding-bottom: 76px;padding-left: 0px;}\r\n}\r\n<\/style>\r\n\r\n<div class=\"single-image-text-overlay-image aos-init aos-animate\" data-aos=\"fade-in\">\r\n<img loading=\"lazy\" decoding=\"async\" width=\"1364\" height=\"536\" src=\"https:\/\/lesambassadeurs.com\/wp-content\/uploads\/2019\/11\/LesA_FineDining_Restaurant_Image1364x536px.jpg\" class=\"attachment-full size-full\" alt=\"Gaming Rooms - Les Ambassedeurs\" srcset=\"https:\/\/lesambassadeurs.com\/wp-content\/uploads\/2019\/11\/LesA_FineDining_Restaurant_Image1364x536px.jpg 1364w, https:\/\/lesambassadeurs.com\/wp-content\/uploads\/2019\/11\/LesA_FineDining_Restaurant_Image1364x536px-300x118.jpg 300w, https:\/\/lesambassadeurs.com\/wp-content\/uploads\/2019\/11\/LesA_FineDining_Restaurant_Image1364x536px-1024x402.jpg 1024w, https:\/\/lesambassadeurs.com\/wp-content\/uploads\/2019\/11\/LesA_FineDining_Restaurant_Image1364x536px-768x302.jpg 768w, https:\/\/lesambassadeurs.com\/wp-content\/uploads\/2019\/11\/LesA_FineDining_Restaurant_Image1364x536px-24x9.jpg 24w, https:\/\/lesambassadeurs.com\/wp-content\/uploads\/2019\/11\/LesA_FineDining_Restaurant_Image1364x536px-36x14.jpg 36w, https:\/\/lesambassadeurs.com\/wp-content\/uploads\/2019\/11\/LesA_FineDining_Restaurant_Image1364x536px-193x76.jpg 193w\" sizes=\"auto, (max-width: 1364px) 100vw, 1364px\" \/><\/div>\r\n\r\n<div class=\"single-image-text-overlay-text-container aos-init aos-animate\" data-aos=\"fade-up\">\r\n\t\r\n<h2>\u00e9\u00a4\u0090\u00e5\u017d\u2026<\/h2><p>\u00e6\u201a\u00a8\u00e5\u008f\u00af\u00e5\u0153\u00a8\u00e6\u2013\u00b0\u00e8\u00a3\u2026\u00e4\u00bf\u00ae\u00e7\u0161\u201e\u00e5\u02c6\u00a9\u00e9\u2122\u017e\u00e4\u00bf\u00b1\u00e4\u00b9\u0090\u00e9\u0192\u00a8\u00e9\u00a4\u0090\u00e5\u017d\u2026\u00e4\u00bd\u201c\u00e9\u00aa\u0152\u00e7\u00b2\u00be\u00e5\u201c\u0081\u00e7\u00be\u017d\u00e9\u00a3\u0178\u00e3\u20ac\u201a\u00e9\u00a4\u0090\u00e5\u017d\u2026\u00e7\u0161\u201e\u00e8\u00a3\u2026\u00e6\u00bd\u00a2\u00e4\u00bb\u017d\u00e8\u00a3\u2026\u00e9\u00a5\u00b0\u00e8\u2030\u00ba\u00e6\u0153\u00af\u00e4\u00b8\u00ad\u00e6\u00b1\u00b2\u00e5\u008f\u2013\u00e4\u00ba\u2020\u00e7\u0081\u00b5\u00e6\u201e\u0178\u00ef\u00bc\u0152\u00e7\u2122\u00bd\u00e8\u2030\u00b2\u00e7\u2122\u00bd\u00e4\u00ba\u2018\u00e7\u0178\u00b3\u00e5\u00a4\u00a7\u00e7\u0090\u2020\u00e5\u00b2\u00a9\u00e4\u00bb\u00a4\u00e6\u2022\u00b4\u00e4\u00b8\u00aa\u00e8\u0192\u0152\u00e6\u2122\u00af\u00e6\u0178\u201d\u00e9\u00a1\u00ba\u00e5\u2026\u2030\u00e6\u00b4\u0081\u00ef\u00bc\u0152\u00e4\u00b8\u017d\u00e6\u0161\u2014\u00e8\u2030\u00b2\u00e8\u00b0\u0192\u00e6\u2014\u00b6\u00e5\u00b0\u0161\u00e6\u00b0\u203a\u00e5\u203a\u00b4\u00e7\u203a\u00b8\u00e5\u2018\u00bc\u00e5\u00ba\u201d \u00e3\u20ac\u201a\u00e6\u02c6\u2018\u00e4\u00bb\u00ac\u00e7\u0161\u201e\u00e4\u00bc\u0161\u00e5\u2018\u02dc\u00e5\u008f\u0160\u00e5\u2026\u00b6\u00e5\u00ae\u00be\u00e5\u00ae\u00a2\u00e5\u008f\u00af\u00e4\u00bb\u017d\u00e4\u00b8\u00bb\u00e5\u008d\u0161\u00e5\u00bd\u00a9\u00e5\u017d\u2026\u00e7\u203a\u00b4\u00e6\u017d\u00a5\u00e8\u00bf\u203a\u00e5\u2026\u00a5\u00e9\u00a4\u0090\u00e5\u017d\u2026\u00ef\u00bc\u0152\u00e4\u00ba\u00ab\u00e5\u008f\u2014\u00e8\u00bf\u2122\u00e9\u2021\u0152\u00e7\u0161\u201e\u00e5\u00ae\u0152\u00e7\u00be\u017d\u00e6\u00b0\u203a\u00e5\u203a\u00b4\u00ef\u00bc\u0152\u00e5\u00b9\u00b6\u00e5\u0153\u00a8\u00e7\u00be\u017d\u00e9\u00a3\u0178\u00e7\u0161\u201e\u00e6\u00b0\u00a4\u00e6\u00b0\u00b2\u00e9\u00a6\u2122\u00e6\u00b0\u201d\u00e4\u00b8\u00ad\u00e5\u00a4\u00a7\u00e5\u00bf\u00ab\u00e6\u0153\u00b5\u00e9\u00a2\u0090\u00ef\u00bc\u0152\u00e4\u00bc\u2018\u00e9\u2014\u00b2\u00e6\u201d\u00be\u00e6\u009d\u00be\u00e3\u20ac\u201a <\/p>\n<div class=\"text-component-triangle\">\r\n<img decoding=\"async\" src=\"\/wp-content\/uploads\/2019\/08\/triangle.png\">\r\n<\/div>\r\n<\/div>\r\n\r\n<\/div>\r\n<div id=\"single-image-text-overlay-block_5d5d468242088\" class=\"content-block single-image-text-overlay-block align-full-width image-align-  text-align- \">\r\n\r\n<style type=\"text\/css\">\r\n#single-image-text-overlay-block_5d5d468242088 {\r\npadding-top: 60px;padding-right: 0px;padding-bottom: 76px;padding-left: 0px;}\r\n@media all and (max-width:768px) {\r\n#single-image-text-overlay-block_5d5d468242088 {\r\npadding-top: 40px;\r\npadding-right: 0px;padding-bottom: 76px;padding-left: 0px;}\r\n}\r\n<\/style>\r\n\r\n<div class=\"single-image-text-overlay-image aos-init aos-animate\" data-aos=\"fade-in\">\r\n<img loading=\"lazy\" decoding=\"async\" width=\"1365\" height=\"536\" src=\"https:\/\/lesambassadeurs.com\/wp-content\/uploads\/2019\/08\/cuisine.png\" class=\"attachment-full size-full\" alt=\"Fishing - Membership Benefits - Les Ambassadeurs\" srcset=\"https:\/\/lesambassadeurs.com\/wp-content\/uploads\/2019\/08\/cuisine.png 1365w, https:\/\/lesambassadeurs.com\/wp-content\/uploads\/2019\/08\/cuisine-300x118.png 300w, https:\/\/lesambassadeurs.com\/wp-content\/uploads\/2019\/08\/cuisine-768x302.png 768w, https:\/\/lesambassadeurs.com\/wp-content\/uploads\/2019\/08\/cuisine-1024x402.png 1024w\" sizes=\"auto, (max-width: 1365px) 100vw, 1365px\" \/><\/div>\r\n\r\n<div class=\"single-image-text-overlay-text-container aos-init aos-animate\" data-aos=\"fade-up\">\r\n\t\r\n<h2>\u00e7\u00be\u017d\u00e9\u00a3\u0178<\/h2><p>\u00e4\u00b8\u00ad\u00e5\u203a\u00bd\u00e8\u008f\u0153\u00e3\u20ac\u0081\u00e5\u008d\u00b0\u00e5\u00ba\u00a6\u00e8\u008f\u0153\u00ef\u00bc\u0152\u00e4\u00ba\u00a6\u00e6\u02c6\u2013\u00e6\u02dc\u00af\u00e4\u00b8\u00ad\u00e4\u00b8\u0153\u00e9\u00a3\u017d\u00e5\u2018\u00b3\u00e6\u02c6\u2013\u00e6\u00ac\u00a7\u00e6\u00b4\u00b2\u00e7\u00be\u017d\u00e9\u00a3\u0178\u00e2\u20ac\u201d\u00e2\u20ac\u201d\u00e6\u2014\u00a0\u00e8\u00ae\u00ba\u00e6\u201a\u00a8\u00e7\u0161\u201e\u00e6\u0153\u20ac\u00e7\u02c6\u00b1\u00e6\u02dc\u00af\u00e4\u00bb\u20ac\u00e4\u00b9\u02c6\u00ef\u00bc\u0152\u00e5\u02c6\u00a9\u00e9\u2122\u017e\u00e4\u00bf\u00b1\u00e4\u00b9\u0090\u00e9\u0192\u00a8\u00e7\u0161\u201e\u00e7\u00be\u017d\u00e9\u00a3\u0178\u00e9\u00a4\u0090\u00e5\u017d\u2026\u00e9\u0192\u00bd\u00e8\u0192\u00bd\u00e6\u00bb\u00a1\u00e8\u00b6\u00b3\u00e6\u201a\u00a8\u00e6\u0152\u2018\u00e5\u2030\u201d\u00e7\u0161\u201e\u00e5\u2018\u00b3\u00e8\u2022\u00be\u00e3\u20ac\u201a\u00e8\u00bf\u2122\u00e9\u2021\u0152\u00e7\u0161\u201e\u00e5\u017d\u00a8\u00e5\u00b8\u02c6\u00e4\u00bb\u00ac\u00e9\u0192\u00bd\u00e6\u02dc\u00af\u00e5\u0090\u201e\u00e4\u00b8\u00aa\u00e7\u0192\u00b9\u00e9\u00a5\u00aa\u00e9\u00a2\u2020\u00e5\u0178\u0178\u00e7\u0161\u201e\u00e4\u00b8\u201c\u00e5\u00ae\u00b6\u00ef\u00bc\u0152\u00e4\u00bb\u2013\u00e4\u00bb\u00ac\u00e4\u00b8\u00ba\u00e6\u201a\u00a8\u00e6\u201a\u2030\u00e5\u00bf\u0192\u00e5\u2021\u2020\u00e5\u00a4\u2021\u00e4\u00ba\u2020\u00e5\u0090\u201e\u00e5\u00bc\u008f\u00e7\u00be\u017d\u00e9\u00a3\u0178\u00e8\u008f\u0153\u00e5\u008d\u2022\u00e3\u20ac\u201a<\/p>\n<div class=\"text-component-triangle\">\r\n<img decoding=\"async\" src=\"\/wp-content\/uploads\/2019\/08\/triangle.png\">\r\n<\/div>\r\n<\/div>\r\n\r\n<\/div>\r\n<div id=\"team-slider-block_5d5d46c842089\" class=\"content-block team-slider-block align-full-width\">\r\n\r\n<style type=\"text\/css\">\r\n#team-slider-block_5d5d46c842089 {\r\npadding-top: 60px;padding-right: 0px;padding-bottom: 60px;padding-left: 0px;background: #F4F3F2;}\r\n<\/style>\r\n\r\n<h2> \u00e6\u02c6\u2018\u00e4\u00bb\u00ac\u00e7\u0161\u201e\u00e5\u203a\u00a2\u00e9\u02dc\u0178<\/h2><script type=\"text\/javascript\">\r\njQuery(document).ready(function(){\r\n  jQuery('.slider-team-slider-block_5d5d46c842089').slick({\r\n  infinite: true,\r\n  slidesToShow: 5,\r\n  slidesToScroll: 1,\r\n  arrows: true,\r\n  rows: 0,\r\n  focusOnSelect: true,\r\n  swipeToSlide: true,\r\n    centerMode: true,\r\n    centerPadding: '0',\r\n    asNavFor: '.slider-text-team-slider-block_5d5d46c842089',\r\n    responsive: [\r\n    {\r\n      breakpoint: 1281,\r\n      settings: {\r\n  slidesToShow: 4\r\n}\r\n      },\r\n    {\r\n      breakpoint: 1061,\r\n      settings: {\r\n  slidesToShow: 3\r\n}\r\n      },\r\n    {\r\n      breakpoint: 830,\r\n      settings: {\r\n  slidesToShow: 2\r\n}\r\n      },\r\n    {\r\n      breakpoint: 623,\r\n      settings: {\r\n    slidesToShow: 1\r\n      }\r\n    }\r\n    \/\/ You can unslick at a given breakpoint now by adding:\r\n    \/\/ settings: \"unslick\"\r\n    \/\/ instead of a settings object\r\n  ]\r\n  });\r\n  jQuery('.slider-text-team-slider-block_5d5d46c842089').slick({\r\n  infinite: true,\r\n  slidesToShow: 1,\r\n  slidesToScroll: 1,\r\n  arrows: false,\r\n  rows: 0,\r\n  swipeToSlide: true,\r\n    asNavFor: '.slider-team-slider-block_5d5d46c842089'\r\n  });\r\n});\r\n  <\/script>\r\n<script>\r\n    jQuery(document).ready(function() {\r\n        jQuery('.team-slider-block .slider-team-slider-block_5d5d46c842089 .slick-slide img').click(function() {\r\n                jQuery('.slider-text-team-slider-block_5d5d46c842089 .team-member-bio-text').slideToggle(\"fast\");\r\n        });\r\n    });\r\n<\/script>\r\n\r\n<div class=\"team-slider-wrapper\">\r\n<div class=\"team-slider slider-team-slider-block_5d5d46c842089 lsb-slick-arrows aos-animate aos-init\" data-aos=\"fade-in\">\r\n \r\n      <div class=\"team-slider-wrap\">\r\n            <img loading=\"lazy\" decoding=\"async\" width=\"216\" height=\"216\" src=\"https:\/\/lesambassadeurs.com\/wp-content\/uploads\/2019\/12\/H_Les_A_Chef_Feng_215x215px.jpg\" class=\"attachment-full size-full\" alt=\"Chef Feng \u00e2\u20ac\u201c Senior Executive Chef\" srcset=\"https:\/\/lesambassadeurs.com\/wp-content\/uploads\/2019\/12\/H_Les_A_Chef_Feng_215x215px.jpg 216w, https:\/\/lesambassadeurs.com\/wp-content\/uploads\/2019\/12\/H_Les_A_Chef_Feng_215x215px-150x150.jpg 150w, https:\/\/lesambassadeurs.com\/wp-content\/uploads\/2019\/12\/H_Les_A_Chef_Feng_215x215px-24x24.jpg 24w, https:\/\/lesambassadeurs.com\/wp-content\/uploads\/2019\/12\/H_Les_A_Chef_Feng_215x215px-36x36.jpg 36w, https:\/\/lesambassadeurs.com\/wp-content\/uploads\/2019\/12\/H_Les_A_Chef_Feng_215x215px-114x114.jpg 114w\" sizes=\"auto, (max-width: 216px) 100vw, 216px\" \/>        <h3>Yanshuang Feng<\/h3>\r\n        <div class=\"job-title\">\r\n          \u00e9\u00ab\u02dc\u00e7\u00ba\u00a7\u00e8\u00a1\u0152\u00e6\u201d\u00bf\u00e6\u20ac\u00bb\u00e5\u017d\u00a8        <\/div>\r\n  <\/div>\r\n  \r\n  <div class=\"team-slider-wrap\">\r\n            <img loading=\"lazy\" decoding=\"async\" width=\"216\" height=\"216\" src=\"https:\/\/lesambassadeurs.com\/wp-content\/uploads\/2019\/09\/O_Les_A_Paul_Muddiman_215x215px.jpg\" class=\"attachment-full size-full\" alt=\"Paul Muddiman\" srcset=\"https:\/\/lesambassadeurs.com\/wp-content\/uploads\/2019\/09\/O_Les_A_Paul_Muddiman_215x215px.jpg 216w, https:\/\/lesambassadeurs.com\/wp-content\/uploads\/2019\/09\/O_Les_A_Paul_Muddiman_215x215px-150x150.jpg 150w, https:\/\/lesambassadeurs.com\/wp-content\/uploads\/2019\/09\/O_Les_A_Paul_Muddiman_215x215px-24x24.jpg 24w, https:\/\/lesambassadeurs.com\/wp-content\/uploads\/2019\/09\/O_Les_A_Paul_Muddiman_215x215px-36x36.jpg 36w, https:\/\/lesambassadeurs.com\/wp-content\/uploads\/2019\/09\/O_Les_A_Paul_Muddiman_215x215px-114x114.jpg 114w\" sizes=\"auto, (max-width: 216px) 100vw, 216px\" \/>        <h3>Paul Muddiman<\/h3>\r\n        <div class=\"job-title\">\r\n          \u00e8\u00a1\u0152\u00e6\u201d\u00bf\u00e4\u00b8\u00bb\u00e5\u017d\u00a8        <\/div>\r\n  <\/div>\r\n  \r\n  <div class=\"team-slider-wrap\">\r\n            <img loading=\"lazy\" decoding=\"async\" width=\"216\" height=\"216\" src=\"https:\/\/lesambassadeurs.com\/wp-content\/uploads\/2019\/09\/M_Fadi_215x215px.jpg\" class=\"attachment-full size-full\" alt=\"M_Fadi\" srcset=\"https:\/\/lesambassadeurs.com\/wp-content\/uploads\/2019\/09\/M_Fadi_215x215px.jpg 216w, https:\/\/lesambassadeurs.com\/wp-content\/uploads\/2019\/09\/M_Fadi_215x215px-150x150.jpg 150w, https:\/\/lesambassadeurs.com\/wp-content\/uploads\/2019\/09\/M_Fadi_215x215px-24x24.jpg 24w, https:\/\/lesambassadeurs.com\/wp-content\/uploads\/2019\/09\/M_Fadi_215x215px-36x36.jpg 36w, https:\/\/lesambassadeurs.com\/wp-content\/uploads\/2019\/09\/M_Fadi_215x215px-114x114.jpg 114w\" sizes=\"auto, (max-width: 216px) 100vw, 216px\" \/>        <h3>Fadi Andraous<\/h3>\r\n        <div class=\"job-title\">\r\n          \u00e6\u009d\u00b0\u00e5\u2021\u00ba\u00e7\u0161\u201e\u00e9\u02dc\u00bf\u00e6\u2039\u2030\u00e4\u00bc\u00af\u00e4\u00b8\u00bb\u00e5\u017d\u00a8        <\/div>\r\n  <\/div>\r\n  \r\n  <div class=\"team-slider-wrap\">\r\n            <img loading=\"lazy\" decoding=\"async\" width=\"216\" height=\"216\" src=\"https:\/\/lesambassadeurs.com\/wp-content\/uploads\/2019\/12\/R_Les_A_Satosh_Pal_215x215px.jpg\" class=\"attachment-full size-full\" alt=\"Satosh Pal \u00e2\u20ac\u201c Indian Chef\" srcset=\"https:\/\/lesambassadeurs.com\/wp-content\/uploads\/2019\/12\/R_Les_A_Satosh_Pal_215x215px.jpg 216w, https:\/\/lesambassadeurs.com\/wp-content\/uploads\/2019\/12\/R_Les_A_Satosh_Pal_215x215px-150x150.jpg 150w, https:\/\/lesambassadeurs.com\/wp-content\/uploads\/2019\/12\/R_Les_A_Satosh_Pal_215x215px-24x24.jpg 24w, https:\/\/lesambassadeurs.com\/wp-content\/uploads\/2019\/12\/R_Les_A_Satosh_Pal_215x215px-36x36.jpg 36w, https:\/\/lesambassadeurs.com\/wp-content\/uploads\/2019\/12\/R_Les_A_Satosh_Pal_215x215px-114x114.jpg 114w\" sizes=\"auto, (max-width: 216px) 100vw, 216px\" \/>        <h3>Santosh Pal<\/h3>\r\n        <div class=\"job-title\">\r\n          \u00e5\u008d\u00b0\u00e5\u00ba\u00a6\u00e5\u017d\u00a8\u00e5\u00b8\u02c6        <\/div>\r\n  <\/div>\r\n  \r\n  <div class=\"team-slider-wrap\">\r\n            <img loading=\"lazy\" decoding=\"async\" width=\"216\" height=\"216\" src=\"https:\/\/lesambassadeurs.com\/wp-content\/uploads\/2019\/12\/K_Les_A_Kavy_Fung_215x215px.jpg\" class=\"attachment-full size-full\" alt=\"Kavy Fung \u00e2\u20ac\u201c Assistant Restaurant Manager\" srcset=\"https:\/\/lesambassadeurs.com\/wp-content\/uploads\/2019\/12\/K_Les_A_Kavy_Fung_215x215px.jpg 216w, https:\/\/lesambassadeurs.com\/wp-content\/uploads\/2019\/12\/K_Les_A_Kavy_Fung_215x215px-150x150.jpg 150w, https:\/\/lesambassadeurs.com\/wp-content\/uploads\/2019\/12\/K_Les_A_Kavy_Fung_215x215px-24x24.jpg 24w, https:\/\/lesambassadeurs.com\/wp-content\/uploads\/2019\/12\/K_Les_A_Kavy_Fung_215x215px-36x36.jpg 36w, https:\/\/lesambassadeurs.com\/wp-content\/uploads\/2019\/12\/K_Les_A_Kavy_Fung_215x215px-114x114.jpg 114w\" sizes=\"auto, (max-width: 216px) 100vw, 216px\" \/>        <h3>Kavy Fung<\/h3>\r\n        <div class=\"job-title\">\r\n          \u00e9\u00a4\u0090\u00e5\u017d\u2026\u00e5\u0160\u00a9\u00e7\u0090\u2020\u00e7\u00bb\u008f\u00e7\u0090\u2020        <\/div>\r\n  <\/div>\r\n  \r\n  <div class=\"team-slider-wrap\">\r\n            <img loading=\"lazy\" decoding=\"async\" width=\"216\" height=\"216\" src=\"https:\/\/lesambassadeurs.com\/wp-content\/uploads\/2019\/12\/S_Les_A_Vincenzo_Erroi_215x215px.jpg\" class=\"attachment-full size-full\" alt=\"Vincenzo Erroi  - Head Sommelier\" srcset=\"https:\/\/lesambassadeurs.com\/wp-content\/uploads\/2019\/12\/S_Les_A_Vincenzo_Erroi_215x215px.jpg 216w, https:\/\/lesambassadeurs.com\/wp-content\/uploads\/2019\/12\/S_Les_A_Vincenzo_Erroi_215x215px-150x150.jpg 150w, https:\/\/lesambassadeurs.com\/wp-content\/uploads\/2019\/12\/S_Les_A_Vincenzo_Erroi_215x215px-24x24.jpg 24w, https:\/\/lesambassadeurs.com\/wp-content\/uploads\/2019\/12\/S_Les_A_Vincenzo_Erroi_215x215px-36x36.jpg 36w, https:\/\/lesambassadeurs.com\/wp-content\/uploads\/2019\/12\/S_Les_A_Vincenzo_Erroi_215x215px-114x114.jpg 114w\" sizes=\"auto, (max-width: 216px) 100vw, 216px\" \/>        <h3>Vincenzo Erroi<\/h3>\r\n        <div class=\"job-title\">\r\n          \u00e9\u00a6\u2013\u00e5\u00b8\u00ad\u00e4\u00be\u008d\u00e9\u2026\u2019\u00e5\u00b8\u02c6        <\/div>\r\n  <\/div>\r\n  \r\n<\/div>\r\n<\/div>\r\n\r\n<div class=\"team-slider-text-wrapper\">\r\n<div class=\"team-slider-text slider-text-team-slider-block_5d5d46c842089\">\r\n \r\n      <div class=\"team-slider-text-wrap\">\r\n      <\/div>\r\n  \r\n  <div class=\"team-slider-text-wrap\">\r\n      <\/div>\r\n  \r\n  <div class=\"team-slider-text-wrap\">\r\n      <\/div>\r\n  \r\n  <div class=\"team-slider-text-wrap\">\r\n      <\/div>\r\n  \r\n  <div class=\"team-slider-text-wrap\">\r\n      <\/div>\r\n  \r\n  <div class=\"team-slider-text-wrap\">\r\n      <\/div>\r\n  \r\n<\/div>\r\n<\/div>\r\n\r\n<\/div>","protected":false},"excerpt":{"rendered":"","protected":false},"author":2,"featured_media":0,"parent":0,"menu_order":0,"comment_status":"closed","ping_status":"closed","template":"","meta":{"_acf_changed":false,"disable_featured_image":false,"footnotes":""},"class_list":["post-3578","page","type-page","status-publish"],"acf":[],"_links":{"self":[{"href":"https:\/\/lesambassadeurs.com\/zh-hans\/wp-json\/wp\/v2\/pages\/3578","targetHints":{"allow":["GET"]}}],"collection":[{"href":"https:\/\/lesambassadeurs.com\/zh-hans\/wp-json\/wp\/v2\/pages"}],"about":[{"href":"https:\/\/lesambassadeurs.com\/zh-hans\/wp-json\/wp\/v2\/types\/page"}],"author":[{"embeddable":true,"href":"https:\/\/lesambassadeurs.com\/zh-hans\/wp-json\/wp\/v2\/users\/2"}],"replies":[{"embeddable":true,"href":"https:\/\/lesambassadeurs.com\/zh-hans\/wp-json\/wp\/v2\/comments?post=3578"}],"version-history":[{"count":0,"href":"https:\/\/lesambassadeurs.com\/zh-hans\/wp-json\/wp\/v2\/pages\/3578\/revisions"}],"wp:attachment":[{"href":"https:\/\/lesambassadeurs.com\/zh-hans\/wp-json\/wp\/v2\/media?parent=3578"}],"curies":[{"name":"wp","href":"https:\/\/api.w.org\/{rel}","templated":true}]}}