{"id":2841,"date":"2019-10-02T11:22:35","date_gmt":"2019-10-02T10:22:35","guid":{"rendered":"http:\/\/lesambassadeurs.ambassadeursgroup.com\/%e4%b8%93%e5%b1%9e%e6%b4%bb%e5%8a%a8\/"},"modified":"2019-12-23T16:18:09","modified_gmt":"2019-12-23T16:18:09","slug":"%e4%b8%93%e5%b1%9e%e6%b4%bb%e5%8a%a8","status":"publish","type":"page","link":"https:\/\/lesambassadeurs.com\/zh-hans\/%e4%b8%93%e5%b1%9e%e6%b4%bb%e5%8a%a8\/","title":{"rendered":"\u4e13\u5c5e\u6d3b\u52a8"},"content":{"rendered":"<div class=\"feature-panel-gradient\"><\/div>\r\n<div id=\"feature-panel-block_5d9d9275d123c\" class=\"content-block feature-panel-block\">\r\n<style type=\"text\/css\">\r\n#feature-panel-block_5d9d9275d123c {\r\npadding-bottom: 40px;}\r\n@media all and (max-width:768px) {\r\n#feature-panel-block_5d9d9275d123c {\r\n  padding-bottom: 40px;}\r\n}\r\n<\/style>\r\n\r\n<div class=\"feature-panel-content feature-panel-content-image rellax\" data-rellax-speed=\"-2.4\">\r\n<img decoding=\"async\" src=\"https:\/\/lesambassadeurs.com\/wp-content\/uploads\/2019\/10\/WEB-EVENTS.jpg\" class=\"attachment-full size-full\" alt=\"events\" \/>\r\n<div class=\"gambling-week-container ch-gamb\">\r\n<a href=\"https:\/\/safergamblinguk.org\" target=\"_blank\" rel=\"noreferrer\">\r\n<img loading=\"lazy\" decoding=\"async\" src=\"https:\/\/www.lesambassadeurs.com\/wp-content\/uploads\/2021\/10\/SGW_Logo_Date_Orange_Screen_21Chinese-02.png\" class=\"attachment-full size-full\" alt=\"\" width=\"842\" height=\"595\">\r\n<\/a>\r\n<\/div>\r\n\r\n<\/div>\r\n\r\n\r\n<div class=\"feature-panel-text\">\r\n     <div class=\"feature-panel-cut-out-left\"><\/div><div class=\"feature-panel-cut-out-right\"><\/div>\r\n<div class=\"feature-panel-text-inner block-inner\">\r\n<h1 class=\"entry-title\" itemprop=\"headline\">\u4e13\u5c5e\u6d3b\u52a8<\/h1>\r\n\r\n<\/div>\r\n<\/div>\r\n<script src=\"\/rellax.min.js\"><\/script>\r\n\r\n<script>\r\nfunction myFunction(x) {\r\n  if (x.matches) { \/\/ If media query matches\r\n    jQuery(document).ready(function(){\r\n   jQuery('.feature-panel-content').removeAttr('data-rellax-speed');\r\njQuery('.feature-panel-content').removeClass('rellax');\r\n    });\r\n  } else {\r\n    jQuery(document).ready(function(){\r\n    var rellax = new Rellax('.rellax');\r\n   });\r\n  }\r\n}\r\n\r\nvar x = window.matchMedia(\"(max-width: 1024px)\")\r\nmyFunction(x) \/\/ Call listener function at run time\r\nx.addListener(myFunction) \/\/ Attach listener function on state changes\r\n<\/script>\r\n\r\n<\/div><div class=\"heading-block\"><div class=\"block-inner\">\n<h2 class=\"has-text-align-center wp-block-heading\">VIP\u5168\u7403\u6d3b\u52a8<\/h2>\n<\/div><\/div><div class=\"paragraph-block\"><div class=\"block-inner\">\n<p class=\"has-text-align-center\">\u5982\u60f3\u6682\u65f6\u79bb\u5f00\u8d4c\u684c\u7a0d\u4f5c\u4f11\u606f\uff0c\u5229\u965e\u4ff1\u4e50\u90e8\u4e3a\u4f1a\u5458\u53ca\u5176\u5bbe\u5ba2\u63d0\u4f9b\u4e00\u7cfb\u5217\u9ad8\u7aef\u6d3b\u52a8\u3002<\/p>\n<\/div><\/div><div class=\"paragraph-block\"><div class=\"block-inner\">\n<p class=\"has-text-align-center\">\u65e0\u8bba\u60a8\u662f\u60f3\u9020\u8bbf\u5207\u5c14\u897f\u95fb\u540d\u5168\u7403\u7684\u82b1\u5349\u5c55\uff0c\u8fd8\u662f\u524d\u5f80\u6e29\u7279\u6c83\u65af\u9163\u7545\u6dcb\u6f13\u7684\u6253\u4e0a\u4e00\u573a\u9ad8\u5c14\u592b\u7403\uff0c\u5229\u965e\u4ff1\u4e50\u90e8\u90fd\u4f1a\u4e3a\u60a8\u59a5\u5584\u5b89\u6392\u3002<\/p>\n<\/div><\/div>\r\n<div id=\"event-posts-loop-block_5e00dc81c6a6c\" class=\"content-block event-posts-loop-block align-full-width\">\r\n\r\n  <div class=\"facet-post-filers-container\"><div class=\"facetwp-facet facetwp-facet-categories facetwp-type-fselect\" data-name=\"categories\" data-type=\"fselect\"><\/div><\/div>\r\n    <main id=\"main\" class=\"site-main\">\r\n      <article id=\"post-4391\" class=\"post-4391 event type-event status-publish has-post-thumbnail hentry event_category-horse-racing\" itemtype=\"https:\/\/schema.org\/CreativeWork\" itemscope>\n\t<div class=\"inside-article\">\n\t\t\n\t\t<header class=\"entry-header\">\n\t\t\t<div class=\"entry-header-inner\">\n\t\t\t<h2 class=\"entry-title\" itemprop=\"headline\"><a href=\"https:\/\/lesambassadeurs.com\/zh-hans\/event\/royal-ascot\/\" rel=\"bookmark\">\u00e8\u2039\u00b1\u00e5\u203a\u00bd\u00e7\u0161\u2021\u00e5\u00ae\u00b6\u00e7\u02c6\u00b1\u00e6\u2013\u00af\u00e7\u00a7\u2018\u00e8\u00b5\u203a\u00e9\u00a9\u00ac\u00e4\u00bc\u0161<\/a><\/h2>\n\n\n\t\t\t<div class=\"post-date\"><\/div>\n\n\t\t\n\t\t\t<div class=\"entry-summary\" itemprop=\"text\">\n\t\t\t\t<p>\u00e5\u00a6\u201a\u00e6\u017e\u0153\u00e6\u201a\u00a8\u00e5\u017d\u0152\u00e5\u20ac\u00a6\u00e4\u00ba\u2020\u00e5\u008d\u0161\u00e5\u00bd\u00a9\u00ef\u00bc\u0152\u00e4\u00b8\u008d\u00e5\u00a6\u00a8\u00e8\u00bf\u00bd\u00e9\u0161\u008f\u00e7\u0161\u2021\u00e5\u00ae\u00a4\u00e4\u00b8\u20ac\u00e5\u0090\u0152\u00e8\u00a7\u201a\u00e7\u0153\u2039\u00e8\u2039\u00b1\u00e6\u00a0\u00bc\u00e5\u2026\u00b0\u00e6\u0153\u20ac\u00e8\u00b4\u0178\u00e7\u203a\u203a\u00e5\u0090\u008d\u00e7\u0161\u201e\u00e8\u00b5\u203a\u00e9\u00a9\u00ac\u00e6\u00b4\u00bb\u00e5\u0160\u00a8\u00e3\u20ac\u201a\u00e5\u009d\u0090\u00e5\u0153\u00a8\u00e5\u02c6\u00a9\u00e9\u2122\u017e\u00e4\u00bf\u00b1\u00e4\u00b9\u0090\u00e9\u0192\u00a8\u00e7\u0161\u201e\u00e7\u00a7\u0081\u00e4\u00ba\u00ba\u00e5\u0152\u2026\u00e5\u017d\u00a2\u00e5\u2020\u2026\u00ef\u00bc\u0152\u00e5\u00b0\u2020\u00e6\u2022\u00b4\u00e4\u00b8\u00aa\u00e8\u00b5\u203a\u00e5\u0153\u00ba\u00e5\u00b0\u00bd\u00e6\u201d\u00b6\u00e7\u0153\u00bc\u00e5\u00ba\u2022\u00ef\u00bc\u0152\u00e8\u00af\u00a5\u00e6\u0153\u2030\u00e5\u00a4\u0161\u00e6\u0192\u00ac\u00e6\u201e\u008f\u00ef\u00bc\u203a\u00e5\u00bd\u201c\u00e7\u201e\u00b6\u00ef\u00bc\u0152\u00e6\u201a\u00a8\u00e4\u00b9\u0178\u00e5\u008f\u00af\u00e4\u00b8\u017d\u00e6\u201a\u00a8\u00e7\u0161\u201e\u00e5\u0090\u0152\u00e4\u00bc\u00b4\u00e5\u0153\u00a8\u00e7\u00a7\u0081\u00e5\u00af\u2020\u00e7\u00a9\u00ba\u00e9\u2014\u00b4\u00e5\u2020\u2026\u00e6\u201d\u00be\u00e6\u009d\u00be\u00e3\u20ac\u0081\u00e4\u00bc\u2018\u00e6\u2020\u00a9\u00e3\u20ac\u201a<\/p>\n\t\t\t<\/div><!-- .entry-summary -->\n\n\t\t<div class=\"text-component-triangle\">\n<img decoding=\"async\" src=\"\/wp-content\/uploads\/2019\/08\/triangle.png\">\n<\/div>\n<\/div>\n\t\t<\/header><!-- .entry-header -->\n\n\t\t<div class=\"post-image\" data-aos=\"fade-in\">\n\t\t\t<a href=\"https:\/\/lesambassadeurs.com\/zh-hans\/event\/royal-ascot\/\" title=\"\u00e8\u2039\u00b1\u00e5\u203a\u00bd\u00e7\u0161\u2021\u00e5\u00ae\u00b6\u00e7\u02c6\u00b1\u00e6\u2013\u00af\u00e7\u00a7\u2018\u00e8\u00b5\u203a\u00e9\u00a9\u00ac\u00e4\u00bc\u0161\"><img loading=\"lazy\" decoding=\"async\" width=\"966\" height=\"536\" src=\"https:\/\/lesambassadeurs.com\/wp-content\/uploads\/2019\/07\/Ascot.jpg\" class=\"attachment-post-thumbnail size-post-thumbnail wp-post-image\" alt=\"Ascot\" srcset=\"https:\/\/lesambassadeurs.com\/wp-content\/uploads\/2019\/07\/Ascot.jpg 966w, https:\/\/lesambassadeurs.com\/wp-content\/uploads\/2019\/07\/Ascot-300x166.jpg 300w, https:\/\/lesambassadeurs.com\/wp-content\/uploads\/2019\/07\/Ascot-768x426.jpg 768w, https:\/\/lesambassadeurs.com\/wp-content\/uploads\/2019\/07\/Ascot-24x13.jpg 24w, https:\/\/lesambassadeurs.com\/wp-content\/uploads\/2019\/07\/Ascot-36x20.jpg 36w, https:\/\/lesambassadeurs.com\/wp-content\/uploads\/2019\/07\/Ascot-193x107.jpg 193w\" sizes=\"auto, (max-width: 966px) 100vw, 966px\" \/><\/a>\n\t\t<\/div>\n\t\t\t<\/div><!-- .inside-article -->\n<\/article><!-- #post-## -->\n<article id=\"post-2851\" class=\"post-2851 event type-event status-publish has-post-thumbnail hentry event_category-football\" itemtype=\"https:\/\/schema.org\/CreativeWork\" itemscope>\n\t<div class=\"inside-article\">\n\t\t\n\t\t<header class=\"entry-header\">\n\t\t\t<div class=\"entry-header-inner\">\n\t\t\t<h2 class=\"entry-title\" itemprop=\"headline\"><a href=\"https:\/\/lesambassadeurs.com\/zh-hans\/event\/premier-league\/\" rel=\"bookmark\">\u82f1\u683c\u5170\u8db3\u7403\u8d85\u7ea7\u8054\u8d5b<\/a><\/h2>\n\n\n\t\t\t<div class=\"post-date\"><\/div>\n\n\t\t\n\t\t\t<div class=\"entry-summary\" itemprop=\"text\">\n\t\t\t\t<p>\u76f8\u4fe1\u8bb8\u591a\u4f1a\u5458\u90fd\u559c\u6b22\u5728\u8fd9\u4e00\u5907\u53d7\u77a9\u76ee\u7684\u82f1\u56fd\u8db3\u7403\u9526\u6807\u8d5b\u4e0a\uff0c\u4e3a\u81ea\u5df1\u559c\u7231\u7684\u7403\u961f\u6447\u65d7\u5450\u558a\u3002<\/p>\n\t\t\t<\/div><!-- .entry-summary -->\n\n\t\t<div class=\"text-component-triangle\">\n<img decoding=\"async\" src=\"\/wp-content\/uploads\/2019\/08\/triangle.png\">\n<\/div>\n<\/div>\n\t\t<\/header><!-- .entry-header -->\n\n\t\t<div class=\"post-image\" data-aos=\"fade-in\">\n\t\t\t<a href=\"https:\/\/lesambassadeurs.com\/zh-hans\/event\/premier-league\/\" title=\"\u82f1\u683c\u5170\u8db3\u7403\u8d85\u7ea7\u8054\u8d5b\"><img loading=\"lazy\" decoding=\"async\" width=\"966\" height=\"536\" src=\"https:\/\/lesambassadeurs.com\/wp-content\/uploads\/2019\/09\/LesA_MEMBERSHIP-EXCLUSIVEEVENTS966x536px.jpg\" class=\"attachment-post-thumbnail size-post-thumbnail wp-post-image\" alt=\"Premier League Football\" srcset=\"https:\/\/lesambassadeurs.com\/wp-content\/uploads\/2019\/09\/LesA_MEMBERSHIP-EXCLUSIVEEVENTS966x536px.jpg 966w, https:\/\/lesambassadeurs.com\/wp-content\/uploads\/2019\/09\/LesA_MEMBERSHIP-EXCLUSIVEEVENTS966x536px-300x166.jpg 300w, https:\/\/lesambassadeurs.com\/wp-content\/uploads\/2019\/09\/LesA_MEMBERSHIP-EXCLUSIVEEVENTS966x536px-768x426.jpg 768w, https:\/\/lesambassadeurs.com\/wp-content\/uploads\/2019\/09\/LesA_MEMBERSHIP-EXCLUSIVEEVENTS966x536px-24x13.jpg 24w, https:\/\/lesambassadeurs.com\/wp-content\/uploads\/2019\/09\/LesA_MEMBERSHIP-EXCLUSIVEEVENTS966x536px-36x20.jpg 36w, https:\/\/lesambassadeurs.com\/wp-content\/uploads\/2019\/09\/LesA_MEMBERSHIP-EXCLUSIVEEVENTS966x536px-193x107.jpg 193w\" sizes=\"auto, (max-width: 966px) 100vw, 966px\" \/><\/a>\n\t\t<\/div>\n\t\t\t<\/div><!-- .inside-article -->\n<\/article><!-- #post-## -->\n<article id=\"post-2846\" class=\"post-2846 event type-event status-publish has-post-thumbnail hentry event_category-rowing\" itemtype=\"https:\/\/schema.org\/CreativeWork\" itemscope>\n\t<div class=\"inside-article\">\n\t\t\n\t\t<header class=\"entry-header\">\n\t\t\t<div class=\"entry-header-inner\">\n\t\t\t<h2 class=\"entry-title\" itemprop=\"headline\"><a href=\"https:\/\/lesambassadeurs.com\/zh-hans\/event\/henley-regatta\/\" rel=\"bookmark\">\u4ea8\u5229\u7687\u5bb6\u8d5b\u821f\u4f1a<\/a><\/h2>\n\n\n\t\t\t<div class=\"post-date\"><\/div>\n\n\t\t\n\t\t\t<div class=\"entry-summary\" itemprop=\"text\">\n\t\t\t\t<p>\u89c2\u770b\u4e0b\u4e00\u5c4a\u4ea8\u5229\u7687\u5bb6\u8d5b\u821f\u4f1a\uff0c\u4eab\u7528VIP\u901a\u9053\uff0c\u5e76\u5728\u79c1\u5bc6\u73af\u5883\u5185\u5c3d\u4eab\u8f7b\u677e\u65f6\u523b\u3002\u8fd9\u4e00\u5177\u5386\u53f2\u610f\u4e49\u7684\u6d3b\u52a8\u59cb\u521b\u4e8e1839\u5e74\uff0c\u662f\u975e\u5e38\u53d7\u6b22\u8fce\u7684\u4f53\u80b2\u8d5b\u4e8b\u548c\u793e\u4ea4\u6d3b\u52a8\uff0c\u5438\u5f15\u4e86\u6765\u81ea\u4e16\u754c\u5404\u5730\u7684\u5bbe\u5ba2\u3002<\/p>\n\t\t\t<\/div><!-- .entry-summary -->\n\n\t\t<div class=\"text-component-triangle\">\n<img decoding=\"async\" src=\"\/wp-content\/uploads\/2019\/08\/triangle.png\">\n<\/div>\n<\/div>\n\t\t<\/header><!-- .entry-header -->\n\n\t\t<div class=\"post-image\" data-aos=\"fade-in\">\n\t\t\t<a href=\"https:\/\/lesambassadeurs.com\/zh-hans\/event\/henley-regatta\/\" title=\"\u4ea8\u5229\u7687\u5bb6\u8d5b\u821f\u4f1a\"><img loading=\"lazy\" decoding=\"async\" width=\"966\" height=\"536\" src=\"https:\/\/lesambassadeurs.com\/wp-content\/uploads\/2019\/08\/Henley-1.jpg\" class=\"attachment-post-thumbnail size-post-thumbnail wp-post-image\" alt=\"Henley\" srcset=\"https:\/\/lesambassadeurs.com\/wp-content\/uploads\/2019\/08\/Henley-1.jpg 966w, https:\/\/lesambassadeurs.com\/wp-content\/uploads\/2019\/08\/Henley-1-300x166.jpg 300w, https:\/\/lesambassadeurs.com\/wp-content\/uploads\/2019\/08\/Henley-1-768x426.jpg 768w, https:\/\/lesambassadeurs.com\/wp-content\/uploads\/2019\/08\/Henley-1-24x13.jpg 24w, https:\/\/lesambassadeurs.com\/wp-content\/uploads\/2019\/08\/Henley-1-36x20.jpg 36w, https:\/\/lesambassadeurs.com\/wp-content\/uploads\/2019\/08\/Henley-1-193x107.jpg 193w\" sizes=\"auto, (max-width: 966px) 100vw, 966px\" \/><\/a>\n\t\t<\/div>\n\t\t\t<\/div><!-- .inside-article -->\n<\/article><!-- #post-## -->\n\t\t<nav id=\"nav-below\" class=\"paging-navigation\" aria-label=\"Archive Page\">\n\t\t\t\t\t<\/nav>\n\t\t    <\/main><!-- #main -->\r\n    <div class=\"gold-link\"><button class=\"fwp-load-more\">Load more<\/button><\/div>\r\n\r\n<\/div>\r\n<div id=\"image-row-block_5e00df7c68713\" class=\"content-block image-row-block align-full-width\">\r\n\r\n<style type=\"text\/css\">\r\n#image-row-block_5e00df7c68713 {\r\npadding-top: 0px;padding-right: 0px;padding-bottom: 60px;padding-left: 0px;}\r\n<\/style>\r\n\r\n\t\t\t\t\t\t\t\t\t\t\t\t\t\t\t\t\t\t\t\t\t\t\t\t\t\t\t\t\t\t\t\t\t\t\t\t<div class=\"image-row image-row-3-images\">\r\n\t\t\t\t\t\t\t\t\t\t\t<div class=\"image-row-image aos-init aos-animate\" data-aos=\"fade-in\" data-aos-delay=\"0\">\r\n\t\t\t\t<img loading=\"lazy\" decoding=\"async\" width=\"640\" height=\"850\" src=\"https:\/\/lesambassadeurs.com\/wp-content\/uploads\/2019\/12\/les-ambassadeurs-exclusive-events-1.jpg\" class=\"attachment-full size-full\" alt=\"\" srcset=\"https:\/\/lesambassadeurs.com\/wp-content\/uploads\/2019\/12\/les-ambassadeurs-exclusive-events-1.jpg 640w, https:\/\/lesambassadeurs.com\/wp-content\/uploads\/2019\/12\/les-ambassadeurs-exclusive-events-1-226x300.jpg 226w, https:\/\/lesambassadeurs.com\/wp-content\/uploads\/2019\/12\/les-ambassadeurs-exclusive-events-1-18x24.jpg 18w, https:\/\/lesambassadeurs.com\/wp-content\/uploads\/2019\/12\/les-ambassadeurs-exclusive-events-1-27x36.jpg 27w, https:\/\/lesambassadeurs.com\/wp-content\/uploads\/2019\/12\/les-ambassadeurs-exclusive-events-1-86x114.jpg 86w\" sizes=\"auto, (max-width: 640px) 100vw, 640px\" \/>\t\t\t<\/div>\r\n\t\t\t\t\t\t\t\t\t\t\t<div class=\"image-row-image aos-init aos-animate\" data-aos=\"fade-in\" data-aos-delay=\"150\">\r\n\t\t\t\t<img loading=\"lazy\" decoding=\"async\" width=\"640\" height=\"850\" src=\"https:\/\/lesambassadeurs.com\/wp-content\/uploads\/2019\/12\/les-ambassadeurs-exclusive-events-2.jpg\" class=\"attachment-full size-full\" alt=\"Premier league football\" srcset=\"https:\/\/lesambassadeurs.com\/wp-content\/uploads\/2019\/12\/les-ambassadeurs-exclusive-events-2.jpg 640w, https:\/\/lesambassadeurs.com\/wp-content\/uploads\/2019\/12\/les-ambassadeurs-exclusive-events-2-226x300.jpg 226w, https:\/\/lesambassadeurs.com\/wp-content\/uploads\/2019\/12\/les-ambassadeurs-exclusive-events-2-18x24.jpg 18w, https:\/\/lesambassadeurs.com\/wp-content\/uploads\/2019\/12\/les-ambassadeurs-exclusive-events-2-27x36.jpg 27w, https:\/\/lesambassadeurs.com\/wp-content\/uploads\/2019\/12\/les-ambassadeurs-exclusive-events-2-86x114.jpg 86w\" sizes=\"auto, (max-width: 640px) 100vw, 640px\" \/>\t\t\t<\/div>\r\n\t\t\t\t\t\t\t\t\t\t\t<div class=\"image-row-image aos-init aos-animate\" data-aos=\"fade-in\" data-aos-delay=\"300\">\r\n\t\t\t\t<img loading=\"lazy\" decoding=\"async\" width=\"640\" height=\"850\" src=\"https:\/\/lesambassadeurs.com\/wp-content\/uploads\/2019\/12\/les-ambassadeurs-exclusive-events-3.jpg\" class=\"attachment-full size-full\" alt=\"Premier league football\" srcset=\"https:\/\/lesambassadeurs.com\/wp-content\/uploads\/2019\/12\/les-ambassadeurs-exclusive-events-3.jpg 640w, https:\/\/lesambassadeurs.com\/wp-content\/uploads\/2019\/12\/les-ambassadeurs-exclusive-events-3-226x300.jpg 226w, https:\/\/lesambassadeurs.com\/wp-content\/uploads\/2019\/12\/les-ambassadeurs-exclusive-events-3-18x24.jpg 18w, https:\/\/lesambassadeurs.com\/wp-content\/uploads\/2019\/12\/les-ambassadeurs-exclusive-events-3-27x36.jpg 27w, https:\/\/lesambassadeurs.com\/wp-content\/uploads\/2019\/12\/les-ambassadeurs-exclusive-events-3-86x114.jpg 86w\" sizes=\"auto, (max-width: 640px) 100vw, 640px\" \/>\t\t\t<\/div>\r\n\t\t\t\t\t\t\t\t\t\t\t\t\t\t\t\t\t\t\t\t\t\t<\/div>\t\r\n\t\t\t\t\t\t\t\r\n\t\t\t\t\t\t\t\t\t\t\t\t\t\t\t\t\t\t\t\t\t\t\t\t\t\t\t\t\t\t\t\t<div class=\"image-row image-row-2-images\">\r\n\t\t\t\t\t\t\t\t\t\t\t<div class=\"image-row-image aos-init aos-animate\" data-aos=\"fade-in\" data-aos-delay=\"0\">\r\n\t\t\t\t<img loading=\"lazy\" decoding=\"async\" width=\"960\" height=\"850\" src=\"https:\/\/lesambassadeurs.com\/wp-content\/uploads\/2019\/12\/les-ambassadeurs-exclusive-events-4.jpg\" class=\"attachment-full size-full\" alt=\"Boxing\" srcset=\"https:\/\/lesambassadeurs.com\/wp-content\/uploads\/2019\/12\/les-ambassadeurs-exclusive-events-4.jpg 960w, https:\/\/lesambassadeurs.com\/wp-content\/uploads\/2019\/12\/les-ambassadeurs-exclusive-events-4-300x266.jpg 300w, https:\/\/lesambassadeurs.com\/wp-content\/uploads\/2019\/12\/les-ambassadeurs-exclusive-events-4-768x680.jpg 768w, https:\/\/lesambassadeurs.com\/wp-content\/uploads\/2019\/12\/les-ambassadeurs-exclusive-events-4-24x21.jpg 24w, https:\/\/lesambassadeurs.com\/wp-content\/uploads\/2019\/12\/les-ambassadeurs-exclusive-events-4-36x32.jpg 36w, https:\/\/lesambassadeurs.com\/wp-content\/uploads\/2019\/12\/les-ambassadeurs-exclusive-events-4-129x114.jpg 129w\" sizes=\"auto, (max-width: 960px) 100vw, 960px\" \/>\t\t\t<\/div>\r\n\t\t\t\t\t\t\t\t\t\t\t<div class=\"image-row-image aos-init aos-animate\" data-aos=\"fade-in\" data-aos-delay=\"150\">\r\n\t\t\t\t<img loading=\"lazy\" decoding=\"async\" width=\"960\" height=\"850\" src=\"https:\/\/lesambassadeurs.com\/wp-content\/uploads\/2019\/12\/les-ambassadeurs-exclusive-events-5.jpg\" class=\"attachment-full size-full\" alt=\"Premier league football\" srcset=\"https:\/\/lesambassadeurs.com\/wp-content\/uploads\/2019\/12\/les-ambassadeurs-exclusive-events-5.jpg 960w, https:\/\/lesambassadeurs.com\/wp-content\/uploads\/2019\/12\/les-ambassadeurs-exclusive-events-5-300x266.jpg 300w, https:\/\/lesambassadeurs.com\/wp-content\/uploads\/2019\/12\/les-ambassadeurs-exclusive-events-5-768x680.jpg 768w, https:\/\/lesambassadeurs.com\/wp-content\/uploads\/2019\/12\/les-ambassadeurs-exclusive-events-5-24x21.jpg 24w, https:\/\/lesambassadeurs.com\/wp-content\/uploads\/2019\/12\/les-ambassadeurs-exclusive-events-5-36x32.jpg 36w, https:\/\/lesambassadeurs.com\/wp-content\/uploads\/2019\/12\/les-ambassadeurs-exclusive-events-5-129x114.jpg 129w\" sizes=\"auto, (max-width: 960px) 100vw, 960px\" \/>\t\t\t<\/div>\r\n\t\t\t\t\t\t\t\t\t\t\t\t\t\t\t\t\t\t\t\t\t\t<\/div>\t\r\n\t\t\t\t\t\t\t\r\n\t\t\t\t\t\t\t\t\t\t\t\t\t\t\t\t\t\t\t\t\t\t\t\t\t\t\t\t\t\t\t\t<div class=\"image-row image-row-2-images\">\r\n\t\t\t\t\t\t\t\t\t\t\t<div class=\"image-row-image aos-init aos-animate\" data-aos=\"fade-in\" data-aos-delay=\"0\">\r\n\t\t\t\t<img loading=\"lazy\" decoding=\"async\" width=\"640\" height=\"850\" src=\"https:\/\/lesambassadeurs.com\/wp-content\/uploads\/2019\/12\/les-ambassadeurs-exclusive-events-6.jpg\" class=\"attachment-full size-full\" alt=\"Football stadium\" srcset=\"https:\/\/lesambassadeurs.com\/wp-content\/uploads\/2019\/12\/les-ambassadeurs-exclusive-events-6.jpg 640w, https:\/\/lesambassadeurs.com\/wp-content\/uploads\/2019\/12\/les-ambassadeurs-exclusive-events-6-226x300.jpg 226w, https:\/\/lesambassadeurs.com\/wp-content\/uploads\/2019\/12\/les-ambassadeurs-exclusive-events-6-18x24.jpg 18w, https:\/\/lesambassadeurs.com\/wp-content\/uploads\/2019\/12\/les-ambassadeurs-exclusive-events-6-27x36.jpg 27w, https:\/\/lesambassadeurs.com\/wp-content\/uploads\/2019\/12\/les-ambassadeurs-exclusive-events-6-86x114.jpg 86w\" sizes=\"auto, (max-width: 640px) 100vw, 640px\" \/>\t\t\t<\/div>\r\n\t\t\t\t\t\t\t\t\t\t\t<div class=\"image-row-image aos-init aos-animate\" data-aos=\"fade-in\" data-aos-delay=\"150\">\r\n\t\t\t\t<img loading=\"lazy\" decoding=\"async\" width=\"1280\" height=\"850\" src=\"https:\/\/lesambassadeurs.com\/wp-content\/uploads\/2019\/12\/les-ambassadeurs-exclusive-events-7.jpg\" class=\"attachment-full size-full\" alt=\"Events\" srcset=\"https:\/\/lesambassadeurs.com\/wp-content\/uploads\/2019\/12\/les-ambassadeurs-exclusive-events-7.jpg 1280w, https:\/\/lesambassadeurs.com\/wp-content\/uploads\/2019\/12\/les-ambassadeurs-exclusive-events-7-300x199.jpg 300w, https:\/\/lesambassadeurs.com\/wp-content\/uploads\/2019\/12\/les-ambassadeurs-exclusive-events-7-1024x680.jpg 1024w, https:\/\/lesambassadeurs.com\/wp-content\/uploads\/2019\/12\/les-ambassadeurs-exclusive-events-7-768x510.jpg 768w, https:\/\/lesambassadeurs.com\/wp-content\/uploads\/2019\/12\/les-ambassadeurs-exclusive-events-7-24x16.jpg 24w, https:\/\/lesambassadeurs.com\/wp-content\/uploads\/2019\/12\/les-ambassadeurs-exclusive-events-7-36x24.jpg 36w, https:\/\/lesambassadeurs.com\/wp-content\/uploads\/2019\/12\/les-ambassadeurs-exclusive-events-7-172x114.jpg 172w\" sizes=\"auto, (max-width: 1280px) 100vw, 1280px\" \/>\t\t\t<\/div>\r\n\t\t\t\t\t\t\t\t\t\t\t\t\t\t\t\t\t\t\t\t\t\t<\/div>\t\r\n\t\t\t\t\t\t\t\r\n\t\t\t\t\t\t\t\t\t\r\n<\/div>","protected":false},"excerpt":{"rendered":"<p>VIP\u5168\u7403\u6d3b\u52a8 \u5982\u60f3\u6682\u65f6\u79bb\u5f00\u8d4c\u684c\u7a0d\u4f5c\u4f11\u606f\uff0c\u5229\u965e\u4ff1\u4e50\u90e8\u4e3a\u4f1a\u5458\u53ca\u5176\u5bbe\u5ba2\u63d0\u4f9b\u4e00\u7cfb\u5217\u9ad8\u7aef\u6d3b\u52a8\u3002 \u65e0\u8bba\u60a8\u662f\u60f3\u9020\u8bbf\u5207\u5c14\u897f\u95fb\u540d\u5168\u7403\u7684\u82b1\u5349\u5c55\uff0c\u8fd8\u662f\u524d\u5f80\u6e29\u7279\u6c83\u65af\u9163\u7545\u6dcb\u6f13\u7684\u6253\u4e0a\u4e00\u573a\u9ad8\u5c14\u592b\u7403\uff0c\u5229\u965e\u4ff1\u4e50\u90e8\u90fd\u4f1a\u4e3a\u60a8\u59a5\u5584\u5b89\u6392\u3002<\/p>\n","protected":false},"author":2,"featured_media":0,"parent":0,"menu_order":0,"comment_status":"closed","ping_status":"closed","template":"archive-event.php","meta":{"_acf_changed":false,"disable_featured_image":false,"footnotes":""},"class_list":["post-2841","page","type-page","status-publish"],"acf":[],"_links":{"self":[{"href":"https:\/\/lesambassadeurs.com\/zh-hans\/wp-json\/wp\/v2\/pages\/2841","targetHints":{"allow":["GET"]}}],"collection":[{"href":"https:\/\/lesambassadeurs.com\/zh-hans\/wp-json\/wp\/v2\/pages"}],"about":[{"href":"https:\/\/lesambassadeurs.com\/zh-hans\/wp-json\/wp\/v2\/types\/page"}],"author":[{"embeddable":true,"href":"https:\/\/lesambassadeurs.com\/zh-hans\/wp-json\/wp\/v2\/users\/2"}],"replies":[{"embeddable":true,"href":"https:\/\/lesambassadeurs.com\/zh-hans\/wp-json\/wp\/v2\/comments?post=2841"}],"version-history":[{"count":0,"href":"https:\/\/lesambassadeurs.com\/zh-hans\/wp-json\/wp\/v2\/pages\/2841\/revisions"}],"wp:attachment":[{"href":"https:\/\/lesambassadeurs.com\/zh-hans\/wp-json\/wp\/v2\/media?parent=2841"}],"curies":[{"name":"wp","href":"https:\/\/api.w.org\/{rel}","templated":true}]}}