{"id":2829,"date":"2019-10-02T10:48:47","date_gmt":"2019-10-02T09:48:47","guid":{"rendered":"http:\/\/lesambassadeurs.ambassadeursgroup.com\/%e6%88%b7%e5%a4%96%e9%9b%aa%e8%8c%84%e8%8a%b1%e5%9b%ad\/"},"modified":"2019-11-27T11:19:36","modified_gmt":"2019-11-27T11:19:36","slug":"smoking-garden","status":"publish","type":"page","link":"https:\/\/lesambassadeurs.com\/zh-hans\/smoking-garden\/","title":{"rendered":"\u6237\u5916\u96ea\u8304\u82b1\u56ed"},"content":{"rendered":"<div class=\"feature-panel-gradient\"><\/div>\r\n<div id=\"feature-panel-block_5d5d3cf6e2f34\" class=\"content-block feature-panel-block\">\r\n<style type=\"text\/css\">\r\n#feature-panel-block_5d5d3cf6e2f34 {\r\npadding-bottom: 40px;}\r\n@media all and (max-width:768px) {\r\n#feature-panel-block_5d5d3cf6e2f34 {\r\n  padding-bottom: 40px;}\r\n}\r\n<\/style>\r\n\r\n<div class=\"feature-panel-content feature-panel-content-image rellax\" data-rellax-speed=\"-2.4\">\r\n<img loading=\"lazy\" decoding=\"async\" width=\"1920\" height=\"720\" src=\"https:\/\/lesambassadeurs.com\/wp-content\/uploads\/2019\/10\/websmoking-1.jpg\" class=\"attachment-full size-full\" alt=\"\" srcset=\"https:\/\/lesambassadeurs.com\/wp-content\/uploads\/2019\/10\/websmoking-1.jpg 1920w, https:\/\/lesambassadeurs.com\/wp-content\/uploads\/2019\/10\/websmoking-1-300x113.jpg 300w, https:\/\/lesambassadeurs.com\/wp-content\/uploads\/2019\/10\/websmoking-1-768x288.jpg 768w, https:\/\/lesambassadeurs.com\/wp-content\/uploads\/2019\/10\/websmoking-1-1024x384.jpg 1024w, https:\/\/lesambassadeurs.com\/wp-content\/uploads\/2019\/10\/websmoking-1-24x9.jpg 24w, https:\/\/lesambassadeurs.com\/wp-content\/uploads\/2019\/10\/websmoking-1-36x14.jpg 36w, https:\/\/lesambassadeurs.com\/wp-content\/uploads\/2019\/10\/websmoking-1-193x72.jpg 193w\" sizes=\"auto, (max-width: 1920px) 100vw, 1920px\" \/>\r\n<div class=\"gambling-week-container ch-gamb\">\r\n<a href=\"https:\/\/safergamblinguk.org\" target=\"_blank\" rel=\"noreferrer\">\r\n<img loading=\"lazy\" decoding=\"async\" src=\"https:\/\/www.lesambassadeurs.com\/wp-content\/uploads\/2021\/10\/SGW_Logo_Date_Orange_Screen_21Chinese-02.png\" class=\"attachment-full size-full\" alt=\"\" width=\"842\" height=\"595\">\r\n<\/a>\r\n<\/div>\r\n\r\n<\/div>\r\n\r\n\r\n<div class=\"feature-panel-text\">\r\n     <div class=\"feature-panel-cut-out-left\"><\/div><div class=\"feature-panel-cut-out-right\"><\/div>\r\n<div class=\"feature-panel-text-inner block-inner\">\r\n<h1 class=\"entry-title\" itemprop=\"headline\">\u6237\u5916\u96ea\u8304\u82b1\u56ed<\/h1>\r\n\r\n<p>\u4f26\u6566\u6700\u5927\u7684\u6237\u5916\u535a\u5f69\u533a<\/p>\n<\/div>\r\n<\/div>\r\n<script src=\"\/rellax.min.js\"><\/script>\r\n\r\n<script>\r\nfunction myFunction(x) {\r\n  if (x.matches) { \/\/ If media query matches\r\n    jQuery(document).ready(function(){\r\n   jQuery('.feature-panel-content').removeAttr('data-rellax-speed');\r\njQuery('.feature-panel-content').removeClass('rellax');\r\n    });\r\n  } else {\r\n    jQuery(document).ready(function(){\r\n    var rellax = new Rellax('.rellax');\r\n   });\r\n  }\r\n}\r\n\r\nvar x = window.matchMedia(\"(max-width: 1024px)\")\r\nmyFunction(x) \/\/ Call listener function at run time\r\nx.addListener(myFunction) \/\/ Attach listener function on state changes\r\n<\/script>\r\n\r\n<\/div><div class=\"paragraph-block\"><div class=\"block-inner\">\n<p class=\"has-text-align-center\">\u6211\u4eec\u4e13\u4e3a\u5bbe\u5ba2\u91cf\u8eab\u5b9a\u5236\u7684\u6237\u5916\u96ea\u8304\u82b1\u56ed\u914d\u5907\u4e86\u8d4c\u684c\u3001\u9152\u5427\u548c\u6700\u5148\u8fdb\u7684\u7535\u89c6\u673a\uff0c\u53ef\u5728\u6237\u5916\u73af\u5883\u63d0\u4f9b\u5229\u965e\u4ff1\u4e50\u90e8\u9876\u7ea7\u7684\u8bbe\u65bd\u4e0e\u670d\u52a1\u3002<\/p>\n<\/div><\/div><div class=\"paragraph-block\"><div class=\"block-inner\">\n<p class=\"has-text-align-center\">\u9519\u843d\u6709\u81f4\u7684\u6811\u6728\u548c\u5bc6\u96c6\u5c42\u53e0\u7684\u6811\u53f6\u8425\u9020\u51fa\u4e86\u6781\u81f4\u4f18\u7f8e\u7684\u73af\u5883\uff0c\u4ee4\u4eba\u53f9\u670d\uff0c\u53c8\u5c06\u5468\u8fb9\u8857\u9053\u7684\u55a7\u95f9\u6321\u5728\u95e8\u5916\uff0c\u53ef\u8c13\u95f9\u4e2d\u53d6\u9759\u3002<\/p>\n<\/div><\/div>\r\n<div id=\"image-row-block_5d5d3d64e2f35\" class=\"content-block image-row-block align-full-width\">\r\n\r\n<style type=\"text\/css\">\r\n#image-row-block_5d5d3d64e2f35 {\r\npadding-top: 60px;padding-right: 0px;padding-bottom: 60px;padding-left: 0px;}\r\n<\/style>\r\n\r\n\t\t\t\t\t\t\t\t\t\t\t\t\t\t\t\t\t\t\t\t\t\t\t\t\t\t\t\t\t\t\t\t\t\t\t\t<div class=\"image-row image-row-2-images\">\r\n\t\t\t\t\t\t\t\t\t\t\t<div class=\"image-row-image aos-init aos-animate\" data-aos=\"fade-in\" data-aos-delay=\"0\">\r\n\t\t\t\t<img loading=\"lazy\" decoding=\"async\" width=\"960\" height=\"850\" src=\"https:\/\/lesambassadeurs.com\/wp-content\/uploads\/2019\/11\/LesA_THECLUB.SMOKINGGARDEN_Image1_960x850px_Left.jpg\" class=\"attachment-full size-full\" alt=\"Smoking Garden - Les Ambassedeurs\" srcset=\"https:\/\/lesambassadeurs.com\/wp-content\/uploads\/2019\/11\/LesA_THECLUB.SMOKINGGARDEN_Image1_960x850px_Left.jpg 960w, https:\/\/lesambassadeurs.com\/wp-content\/uploads\/2019\/11\/LesA_THECLUB.SMOKINGGARDEN_Image1_960x850px_Left-300x266.jpg 300w, https:\/\/lesambassadeurs.com\/wp-content\/uploads\/2019\/11\/LesA_THECLUB.SMOKINGGARDEN_Image1_960x850px_Left-768x680.jpg 768w, https:\/\/lesambassadeurs.com\/wp-content\/uploads\/2019\/11\/LesA_THECLUB.SMOKINGGARDEN_Image1_960x850px_Left-24x21.jpg 24w, https:\/\/lesambassadeurs.com\/wp-content\/uploads\/2019\/11\/LesA_THECLUB.SMOKINGGARDEN_Image1_960x850px_Left-36x32.jpg 36w, https:\/\/lesambassadeurs.com\/wp-content\/uploads\/2019\/11\/LesA_THECLUB.SMOKINGGARDEN_Image1_960x850px_Left-129x114.jpg 129w\" sizes=\"auto, (max-width: 960px) 100vw, 960px\" \/>\t\t\t<\/div>\r\n\t\t\t\t\t\t\t\t\t\t\t<div class=\"image-row-image aos-init aos-animate\" data-aos=\"fade-in\" data-aos-delay=\"150\">\r\n\t\t\t\t<img loading=\"lazy\" decoding=\"async\" width=\"960\" height=\"850\" src=\"https:\/\/lesambassadeurs.com\/wp-content\/uploads\/2019\/11\/LesA_THECLUB.SMOKINGGARDEN_Image2_960x850px_Right.jpg\" class=\"attachment-full size-full\" alt=\"Smoking Garden - Les Ambassedeurs\" srcset=\"https:\/\/lesambassadeurs.com\/wp-content\/uploads\/2019\/11\/LesA_THECLUB.SMOKINGGARDEN_Image2_960x850px_Right.jpg 960w, https:\/\/lesambassadeurs.com\/wp-content\/uploads\/2019\/11\/LesA_THECLUB.SMOKINGGARDEN_Image2_960x850px_Right-300x266.jpg 300w, https:\/\/lesambassadeurs.com\/wp-content\/uploads\/2019\/11\/LesA_THECLUB.SMOKINGGARDEN_Image2_960x850px_Right-768x680.jpg 768w, https:\/\/lesambassadeurs.com\/wp-content\/uploads\/2019\/11\/LesA_THECLUB.SMOKINGGARDEN_Image2_960x850px_Right-24x21.jpg 24w, https:\/\/lesambassadeurs.com\/wp-content\/uploads\/2019\/11\/LesA_THECLUB.SMOKINGGARDEN_Image2_960x850px_Right-36x32.jpg 36w, https:\/\/lesambassadeurs.com\/wp-content\/uploads\/2019\/11\/LesA_THECLUB.SMOKINGGARDEN_Image2_960x850px_Right-129x114.jpg 129w\" sizes=\"auto, (max-width: 960px) 100vw, 960px\" \/>\t\t\t<\/div>\r\n\t\t\t\t\t\t\t\t\t\t\t\t\t\t\t\t\t\t\t\t\t\t<\/div>\t\r\n\t\t\t\t\t\t\t\r\n\t\t\t\t\t\t\t\t\t\r\n<\/div>","protected":false},"excerpt":{"rendered":"<p>\u6211\u4eec\u4e13\u4e3a\u5bbe\u5ba2\u91cf\u8eab\u5b9a\u5236\u7684\u6237\u5916\u96ea\u8304\u82b1\u56ed\u914d\u5907\u4e86\u8d4c\u684c\u3001\u9152\u5427\u548c\u6700\u5148\u8fdb\u7684\u7535\u89c6\u673a\uff0c\u53ef\u5728\u6237\u5916\u73af\u5883\u63d0\u4f9b\u5229\u965e\u4ff1\u4e50\u90e8\u9876\u7ea7\u7684\u8bbe\u65bd\u4e0e\u670d\u52a1\u3002 \u9519\u843d\u6709\u81f4\u7684\u6811\u6728\u548c\u5bc6\u96c6\u5c42\u53e0\u7684\u6811\u53f6\u8425\u9020\u51fa\u4e86\u6781\u81f4\u4f18\u7f8e\u7684\u73af\u5883\uff0c\u4ee4\u4eba\u53f9\u670d\uff0c\u53c8\u5c06\u5468\u8fb9\u8857\u9053\u7684\u55a7\u95f9\u6321\u5728\u95e8\u5916\uff0c\u53ef\u8c13\u95f9\u4e2d\u53d6\u9759\u3002<\/p>\n","protected":false},"author":2,"featured_media":0,"parent":0,"menu_order":0,"comment_status":"closed","ping_status":"closed","template":"","meta":{"_acf_changed":false,"disable_featured_image":false,"footnotes":""},"class_list":["post-2829","page","type-page","status-publish"],"acf":[],"yoast_head":"<!-- This site is optimized with the Yoast SEO plugin v27.5 - https:\/\/yoast.com\/product\/yoast-seo-wordpress\/ -->\n<title>\u00e4\u00bc\u00a6\u00e6\u2022\u00a6\u00e6\u0153\u20ac\u00e5\u00a4\u00a7\u00e7\u0161\u201e\u00e6\u02c6\u00b7\u00e5\u00a4\u2013\u00e9\u203a\u00aa\u00e8\u0152\u201e\u00e8\u0160\u00b1\u00e5\u203a\u00ad&amp;\u00e8\u00b5\u0152\u00e5\u0153\u00ba|\u00e5\u02c6\u00a9\u00e9\u2122\u017e\u00e4\u00bf\u00b1\u00e4\u00b9\u0090\u00e9\u0192\u00a8<\/title>\n<meta name=\"description\" content=\"\u00e5\u008d\u0161\u00e5\u00bd\u00a9\u00e5\u017d\u2026\u00e5\u00a4\u2013\u00e6\u00b2\u00bf\u00e5\u00b0\u00b1\u00e6\u02dc\u00af\u00e6\u02c6\u2018\u00e4\u00bb\u00ac\u00e6\u2014\u00b6\u00e5\u00b0\u0161\u00e9\u009d\u201c\u00e4\u00b8\u00bd\u00e7\u0161\u201e\u00e5\u0090\u00b8\u00e7\u0192\u0178\u00e8\u0160\u00b1\u00e5\u203a\u00ad\u00ef\u00bc\u0152\u00e4\u00bc\u0161\u00e5\u2018\u02dc\u00e4\u00bb\u00ac\u00e5\u008f\u00af\u00e4\u00bb\u00a5\u00e5\u0153\u00a8\u00e6\u02c6\u00b7\u00e5\u00a4\u2013\u00e4\u00b8\u20ac\u00e8\u00be\u00b9\u00e5\u0090\u00b8\u00e7\u0192\u0178\u00ef\u00bc\u0152\u00e4\u00b8\u20ac\u00e8\u00be\u00b9\u00e4\u00ba\u00ab\u00e5\u008f\u2014\u00e5\u008d\u0161\u00e5\u00bd\u00a9\u00e7\u0161\u201e\u00e4\u00b9\u0090\u00e8\u00b6\u00a3\u00e3\u20ac\u201a\" \/>\n<meta name=\"robots\" content=\"index, follow, max-snippet:-1, max-image-preview:large, max-video-preview:-1\" \/>\n<link rel=\"canonical\" href=\"https:\/\/lesambassadeurs.com\/zh-hans\/smoking-garden\/\" \/>\n<meta property=\"og:locale\" content=\"zh_CN\" \/>\n<meta property=\"og:type\" content=\"article\" \/>\n<meta property=\"og:title\" content=\"\u00e4\u00bc\u00a6\u00e6\u2022\u00a6\u00e6\u0153\u20ac\u00e5\u00a4\u00a7\u00e7\u0161\u201e\u00e6\u02c6\u00b7\u00e5\u00a4\u2013\u00e9\u203a\u00aa\u00e8\u0152\u201e\u00e8\u0160\u00b1\u00e5\u203a\u00ad&amp;\u00e8\u00b5\u0152\u00e5\u0153\u00ba|\u00e5\u02c6\u00a9\u00e9\u2122\u017e\u00e4\u00bf\u00b1\u00e4\u00b9\u0090\u00e9\u0192\u00a8\" \/>\n<meta property=\"og:description\" content=\"\u00e5\u008d\u0161\u00e5\u00bd\u00a9\u00e5\u017d\u2026\u00e5\u00a4\u2013\u00e6\u00b2\u00bf\u00e5\u00b0\u00b1\u00e6\u02dc\u00af\u00e6\u02c6\u2018\u00e4\u00bb\u00ac\u00e6\u2014\u00b6\u00e5\u00b0\u0161\u00e9\u009d\u201c\u00e4\u00b8\u00bd\u00e7\u0161\u201e\u00e5\u0090\u00b8\u00e7\u0192\u0178\u00e8\u0160\u00b1\u00e5\u203a\u00ad\u00ef\u00bc\u0152\u00e4\u00bc\u0161\u00e5\u2018\u02dc\u00e4\u00bb\u00ac\u00e5\u008f\u00af\u00e4\u00bb\u00a5\u00e5\u0153\u00a8\u00e6\u02c6\u00b7\u00e5\u00a4\u2013\u00e4\u00b8\u20ac\u00e8\u00be\u00b9\u00e5\u0090\u00b8\u00e7\u0192\u0178\u00ef\u00bc\u0152\u00e4\u00b8\u20ac\u00e8\u00be\u00b9\u00e4\u00ba\u00ab\u00e5\u008f\u2014\u00e5\u008d\u0161\u00e5\u00bd\u00a9\u00e7\u0161\u201e\u00e4\u00b9\u0090\u00e8\u00b6\u00a3\u00e3\u20ac\u201a\" \/>\n<meta property=\"og:url\" content=\"https:\/\/lesambassadeurs.com\/zh-hans\/smoking-garden\/\" \/>\n<meta property=\"og:site_name\" content=\"Les Ambassadeurs\" \/>\n<meta property=\"article:modified_time\" content=\"2019-11-27T11:19:36+00:00\" \/>\n<meta name=\"twitter:card\" content=\"summary_large_image\" \/>\n<script type=\"application\/ld+json\" class=\"yoast-schema-graph\">{\"@context\":\"https:\\\/\\\/schema.org\",\"@graph\":[{\"@type\":\"WebPage\",\"@id\":\"https:\\\/\\\/lesambassadeurs.com\\\/zh-hans\\\/smoking-garden\\\/\",\"url\":\"https:\\\/\\\/lesambassadeurs.com\\\/zh-hans\\\/smoking-garden\\\/\",\"name\":\"\u00e4\u00bc\u00a6\u00e6\u2022\u00a6\u00e6\u0153\u20ac\u00e5\u00a4\u00a7\u00e7\u0161\u201e\u00e6\u02c6\u00b7\u00e5\u00a4\u2013\u00e9\u203a\u00aa\u00e8\u0152\u201e\u00e8\u0160\u00b1\u00e5\u203a\u00ad&\u00e8\u00b5\u0152\u00e5\u0153\u00ba|\u00e5\u02c6\u00a9\u00e9\u2122\u017e\u00e4\u00bf\u00b1\u00e4\u00b9\u0090\u00e9\u0192\u00a8\",\"isPartOf\":{\"@id\":\"\\\/#website\"},\"datePublished\":\"2019-10-02T09:48:47+00:00\",\"dateModified\":\"2019-11-27T11:19:36+00:00\",\"description\":\"\u00e5\u008d\u0161\u00e5\u00bd\u00a9\u00e5\u017d\u2026\u00e5\u00a4\u2013\u00e6\u00b2\u00bf\u00e5\u00b0\u00b1\u00e6\u02dc\u00af\u00e6\u02c6\u2018\u00e4\u00bb\u00ac\u00e6\u2014\u00b6\u00e5\u00b0\u0161\u00e9\u009d\u201c\u00e4\u00b8\u00bd\u00e7\u0161\u201e\u00e5\u0090\u00b8\u00e7\u0192\u0178\u00e8\u0160\u00b1\u00e5\u203a\u00ad\u00ef\u00bc\u0152\u00e4\u00bc\u0161\u00e5\u2018\u02dc\u00e4\u00bb\u00ac\u00e5\u008f\u00af\u00e4\u00bb\u00a5\u00e5\u0153\u00a8\u00e6\u02c6\u00b7\u00e5\u00a4\u2013\u00e4\u00b8\u20ac\u00e8\u00be\u00b9\u00e5\u0090\u00b8\u00e7\u0192\u0178\u00ef\u00bc\u0152\u00e4\u00b8\u20ac\u00e8\u00be\u00b9\u00e4\u00ba\u00ab\u00e5\u008f\u2014\u00e5\u008d\u0161\u00e5\u00bd\u00a9\u00e7\u0161\u201e\u00e4\u00b9\u0090\u00e8\u00b6\u00a3\u00e3\u20ac\u201a\",\"inLanguage\":\"zh-CN\",\"potentialAction\":[{\"@type\":\"ReadAction\",\"target\":[\"https:\\\/\\\/lesambassadeurs.com\\\/zh-hans\\\/smoking-garden\\\/\"]}]},{\"@type\":\"WebSite\",\"@id\":\"\\\/#website\",\"url\":\"\\\/\",\"name\":\"Les Ambassadeurs\",\"description\":\"\",\"potentialAction\":[{\"@type\":\"SearchAction\",\"target\":{\"@type\":\"EntryPoint\",\"urlTemplate\":\"\\\/?s={search_term_string}\"},\"query-input\":{\"@type\":\"PropertyValueSpecification\",\"valueRequired\":true,\"valueName\":\"search_term_string\"}}],\"inLanguage\":\"zh-CN\"}]}<\/script>\n<!-- \/ Yoast SEO plugin. -->","yoast_head_json":{"title":"\u00e4\u00bc\u00a6\u00e6\u2022\u00a6\u00e6\u0153\u20ac\u00e5\u00a4\u00a7\u00e7\u0161\u201e\u00e6\u02c6\u00b7\u00e5\u00a4\u2013\u00e9\u203a\u00aa\u00e8\u0152\u201e\u00e8\u0160\u00b1\u00e5\u203a\u00ad&\u00e8\u00b5\u0152\u00e5\u0153\u00ba|\u00e5\u02c6\u00a9\u00e9\u2122\u017e\u00e4\u00bf\u00b1\u00e4\u00b9\u0090\u00e9\u0192\u00a8","description":"\u00e5\u008d\u0161\u00e5\u00bd\u00a9\u00e5\u017d\u2026\u00e5\u00a4\u2013\u00e6\u00b2\u00bf\u00e5\u00b0\u00b1\u00e6\u02dc\u00af\u00e6\u02c6\u2018\u00e4\u00bb\u00ac\u00e6\u2014\u00b6\u00e5\u00b0\u0161\u00e9\u009d\u201c\u00e4\u00b8\u00bd\u00e7\u0161\u201e\u00e5\u0090\u00b8\u00e7\u0192\u0178\u00e8\u0160\u00b1\u00e5\u203a\u00ad\u00ef\u00bc\u0152\u00e4\u00bc\u0161\u00e5\u2018\u02dc\u00e4\u00bb\u00ac\u00e5\u008f\u00af\u00e4\u00bb\u00a5\u00e5\u0153\u00a8\u00e6\u02c6\u00b7\u00e5\u00a4\u2013\u00e4\u00b8\u20ac\u00e8\u00be\u00b9\u00e5\u0090\u00b8\u00e7\u0192\u0178\u00ef\u00bc\u0152\u00e4\u00b8\u20ac\u00e8\u00be\u00b9\u00e4\u00ba\u00ab\u00e5\u008f\u2014\u00e5\u008d\u0161\u00e5\u00bd\u00a9\u00e7\u0161\u201e\u00e4\u00b9\u0090\u00e8\u00b6\u00a3\u00e3\u20ac\u201a","robots":{"index":"index","follow":"follow","max-snippet":"max-snippet:-1","max-image-preview":"max-image-preview:large","max-video-preview":"max-video-preview:-1"},"canonical":"https:\/\/lesambassadeurs.com\/zh-hans\/smoking-garden\/","og_locale":"zh_CN","og_type":"article","og_title":"\u00e4\u00bc\u00a6\u00e6\u2022\u00a6\u00e6\u0153\u20ac\u00e5\u00a4\u00a7\u00e7\u0161\u201e\u00e6\u02c6\u00b7\u00e5\u00a4\u2013\u00e9\u203a\u00aa\u00e8\u0152\u201e\u00e8\u0160\u00b1\u00e5\u203a\u00ad&\u00e8\u00b5\u0152\u00e5\u0153\u00ba|\u00e5\u02c6\u00a9\u00e9\u2122\u017e\u00e4\u00bf\u00b1\u00e4\u00b9\u0090\u00e9\u0192\u00a8","og_description":"\u00e5\u008d\u0161\u00e5\u00bd\u00a9\u00e5\u017d\u2026\u00e5\u00a4\u2013\u00e6\u00b2\u00bf\u00e5\u00b0\u00b1\u00e6\u02dc\u00af\u00e6\u02c6\u2018\u00e4\u00bb\u00ac\u00e6\u2014\u00b6\u00e5\u00b0\u0161\u00e9\u009d\u201c\u00e4\u00b8\u00bd\u00e7\u0161\u201e\u00e5\u0090\u00b8\u00e7\u0192\u0178\u00e8\u0160\u00b1\u00e5\u203a\u00ad\u00ef\u00bc\u0152\u00e4\u00bc\u0161\u00e5\u2018\u02dc\u00e4\u00bb\u00ac\u00e5\u008f\u00af\u00e4\u00bb\u00a5\u00e5\u0153\u00a8\u00e6\u02c6\u00b7\u00e5\u00a4\u2013\u00e4\u00b8\u20ac\u00e8\u00be\u00b9\u00e5\u0090\u00b8\u00e7\u0192\u0178\u00ef\u00bc\u0152\u00e4\u00b8\u20ac\u00e8\u00be\u00b9\u00e4\u00ba\u00ab\u00e5\u008f\u2014\u00e5\u008d\u0161\u00e5\u00bd\u00a9\u00e7\u0161\u201e\u00e4\u00b9\u0090\u00e8\u00b6\u00a3\u00e3\u20ac\u201a","og_url":"https:\/\/lesambassadeurs.com\/zh-hans\/smoking-garden\/","og_site_name":"Les Ambassadeurs","article_modified_time":"2019-11-27T11:19:36+00:00","twitter_card":"summary_large_image","schema":{"@context":"https:\/\/schema.org","@graph":[{"@type":"WebPage","@id":"https:\/\/lesambassadeurs.com\/zh-hans\/smoking-garden\/","url":"https:\/\/lesambassadeurs.com\/zh-hans\/smoking-garden\/","name":"\u00e4\u00bc\u00a6\u00e6\u2022\u00a6\u00e6\u0153\u20ac\u00e5\u00a4\u00a7\u00e7\u0161\u201e\u00e6\u02c6\u00b7\u00e5\u00a4\u2013\u00e9\u203a\u00aa\u00e8\u0152\u201e\u00e8\u0160\u00b1\u00e5\u203a\u00ad&\u00e8\u00b5\u0152\u00e5\u0153\u00ba|\u00e5\u02c6\u00a9\u00e9\u2122\u017e\u00e4\u00bf\u00b1\u00e4\u00b9\u0090\u00e9\u0192\u00a8","isPartOf":{"@id":"\/#website"},"datePublished":"2019-10-02T09:48:47+00:00","dateModified":"2019-11-27T11:19:36+00:00","description":"\u00e5\u008d\u0161\u00e5\u00bd\u00a9\u00e5\u017d\u2026\u00e5\u00a4\u2013\u00e6\u00b2\u00bf\u00e5\u00b0\u00b1\u00e6\u02dc\u00af\u00e6\u02c6\u2018\u00e4\u00bb\u00ac\u00e6\u2014\u00b6\u00e5\u00b0\u0161\u00e9\u009d\u201c\u00e4\u00b8\u00bd\u00e7\u0161\u201e\u00e5\u0090\u00b8\u00e7\u0192\u0178\u00e8\u0160\u00b1\u00e5\u203a\u00ad\u00ef\u00bc\u0152\u00e4\u00bc\u0161\u00e5\u2018\u02dc\u00e4\u00bb\u00ac\u00e5\u008f\u00af\u00e4\u00bb\u00a5\u00e5\u0153\u00a8\u00e6\u02c6\u00b7\u00e5\u00a4\u2013\u00e4\u00b8\u20ac\u00e8\u00be\u00b9\u00e5\u0090\u00b8\u00e7\u0192\u0178\u00ef\u00bc\u0152\u00e4\u00b8\u20ac\u00e8\u00be\u00b9\u00e4\u00ba\u00ab\u00e5\u008f\u2014\u00e5\u008d\u0161\u00e5\u00bd\u00a9\u00e7\u0161\u201e\u00e4\u00b9\u0090\u00e8\u00b6\u00a3\u00e3\u20ac\u201a","inLanguage":"zh-CN","potentialAction":[{"@type":"ReadAction","target":["https:\/\/lesambassadeurs.com\/zh-hans\/smoking-garden\/"]}]},{"@type":"WebSite","@id":"\/#website","url":"\/","name":"Les Ambassadeurs","description":"","potentialAction":[{"@type":"SearchAction","target":{"@type":"EntryPoint","urlTemplate":"\/?s={search_term_string}"},"query-input":{"@type":"PropertyValueSpecification","valueRequired":true,"valueName":"search_term_string"}}],"inLanguage":"zh-CN"}]}},"_links":{"self":[{"href":"https:\/\/lesambassadeurs.com\/zh-hans\/wp-json\/wp\/v2\/pages\/2829","targetHints":{"allow":["GET"]}}],"collection":[{"href":"https:\/\/lesambassadeurs.com\/zh-hans\/wp-json\/wp\/v2\/pages"}],"about":[{"href":"https:\/\/lesambassadeurs.com\/zh-hans\/wp-json\/wp\/v2\/types\/page"}],"author":[{"embeddable":true,"href":"https:\/\/lesambassadeurs.com\/zh-hans\/wp-json\/wp\/v2\/users\/2"}],"replies":[{"embeddable":true,"href":"https:\/\/lesambassadeurs.com\/zh-hans\/wp-json\/wp\/v2\/comments?post=2829"}],"version-history":[{"count":0,"href":"https:\/\/lesambassadeurs.com\/zh-hans\/wp-json\/wp\/v2\/pages\/2829\/revisions"}],"wp:attachment":[{"href":"https:\/\/lesambassadeurs.com\/zh-hans\/wp-json\/wp\/v2\/media?parent=2829"}],"curies":[{"name":"wp","href":"https:\/\/api.w.org\/{rel}","templated":true}]}}