{"id":4963,"date":"2019-11-28T16:50:30","date_gmt":"2019-11-28T16:50:30","guid":{"rendered":"http:\/\/lesambassadeurs.ambassadeursgroup.com\/cookie-policy\/"},"modified":"2020-03-30T17:37:22","modified_gmt":"2020-03-30T16:37:22","slug":"cookie-policy","status":"publish","type":"page","link":"https:\/\/lesambassadeurs.com\/ru\/cookie-policy\/","title":{"rendered":"\u00d0\u0178\u00d0\u017e\u00d0\u203a\u00d0\u02dc\u00d0\u00a2\u00d0\u02dc\u00d0\u0161\u00d0\u0090 \u00d0\u2019 \u00d0\u017e\u00d0\u00a2\u00d0\u009d\u00d0\u017e\u00d0\u00a8\u00d0\u2022\u00d0\u009d\u00d0\u02dc\u00d0\u02dc COOKIE- \u00d0\u00a4\u00d0\u0090\u00d0\u2122\u00d0\u203a\u00d0\u017e\u00d0\u2019"},"content":{"rendered":"<div class=\"feature-panel-gradient\"><\/div>\r\n<div id=\"feature-panel-block_5dd528900d079\" class=\"content-block feature-panel-block\">\r\n<style type=\"text\/css\">\r\n#feature-panel-block_5dd528900d079 {\r\npadding-bottom: 40px;}\r\n@media all and (max-width:768px) {\r\n#feature-panel-block_5dd528900d079 {\r\n  padding-bottom: 40px;}\r\n}\r\n<\/style>\r\n\r\n<div class=\"feature-panel-content feature-panel-content-image rellax\" data-rellax-speed=\"-2.4\">\r\n<img loading=\"lazy\" decoding=\"async\" width=\"1920\" height=\"720\" src=\"https:\/\/lesambassadeurs.com\/wp-content\/uploads\/2019\/11\/Les-A-Generic-header.jpg\" class=\"attachment-full size-full\" alt=\"Les A\" srcset=\"https:\/\/lesambassadeurs.com\/wp-content\/uploads\/2019\/11\/Les-A-Generic-header.jpg 1920w, https:\/\/lesambassadeurs.com\/wp-content\/uploads\/2019\/11\/Les-A-Generic-header-300x113.jpg 300w, https:\/\/lesambassadeurs.com\/wp-content\/uploads\/2019\/11\/Les-A-Generic-header-1024x384.jpg 1024w, https:\/\/lesambassadeurs.com\/wp-content\/uploads\/2019\/11\/Les-A-Generic-header-768x288.jpg 768w, https:\/\/lesambassadeurs.com\/wp-content\/uploads\/2019\/11\/Les-A-Generic-header-1536x576.jpg 1536w, https:\/\/lesambassadeurs.com\/wp-content\/uploads\/2019\/11\/Les-A-Generic-header-24x9.jpg 24w, https:\/\/lesambassadeurs.com\/wp-content\/uploads\/2019\/11\/Les-A-Generic-header-36x14.jpg 36w, https:\/\/lesambassadeurs.com\/wp-content\/uploads\/2019\/11\/Les-A-Generic-header-193x72.jpg 193w\" sizes=\"auto, (max-width: 1920px) 100vw, 1920px\" \/>\r\n\r\n<\/div>\r\n\r\n\r\n<div class=\"feature-panel-text\">\r\n     <div class=\"feature-panel-cut-out-left\"><\/div><div class=\"feature-panel-cut-out-right\"><\/div>\r\n<div class=\"feature-panel-text-inner block-inner\">\r\n<h1 class=\"entry-title\" itemprop=\"headline\">\u00d0\u0178\u00d0\u017e\u00d0\u203a\u00d0\u02dc\u00d0\u00a2\u00d0\u02dc\u00d0\u0161\u00d0\u0090 \u00d0\u2019 \u00d0\u017e\u00d0\u00a2\u00d0\u009d\u00d0\u017e\u00d0\u00a8\u00d0\u2022\u00d0\u009d\u00d0\u02dc\u00d0\u02dc COOKIE- \u00d0\u00a4\u00d0\u0090\u00d0\u2122\u00d0\u203a\u00d0\u017e\u00d0\u2019<\/h1>\r\n\r\n<\/div>\r\n<\/div>\r\n<script src=\"\/rellax.min.js\"><\/script>\r\n\r\n<script>\r\nfunction myFunction(x) {\r\n  if (x.matches) { \/\/ If media query matches\r\n    jQuery(document).ready(function(){\r\n   jQuery('.feature-panel-content').removeAttr('data-rellax-speed');\r\njQuery('.feature-panel-content').removeClass('rellax');\r\n    });\r\n  } else {\r\n    jQuery(document).ready(function(){\r\n    var rellax = new Rellax('.rellax');\r\n   });\r\n  }\r\n}\r\n\r\nvar x = window.matchMedia(\"(max-width: 1024px)\")\r\nmyFunction(x) \/\/ Call listener function at run time\r\nx.addListener(myFunction) \/\/ Attach listener function on state changes\r\n<\/script>\r\n\r\n<\/div>\n\n<div class=\"list-block\"><div class=\"block-inner\">\n<ul class=\"wp-block-list\"><li><strong>\u00d0\u009d\u00d0\u00b0\u00d1\u02c6 \u00d0\u00b2\u00d0\u00b5\u00d0\u00b1\u00d1\u0081\u00d0\u00b0\u00d0\u00b9\u00d1\u201a<\/strong><\/li><\/ul>\n<\/div><\/div>\n\n<div class=\"paragraph-block\"><div class=\"block-inner\">\n<p>Les Ambassadeurs Club Limited \u00d0\u00b8\u00d1\u0081\u00d0\u00bf\u00d0\u00be\u00d0\u00bb\u00d1\u0152\u00d0\u00b7\u00d1\u0192\u00d0\u00b5\u00d1\u201a cookie-\u00d1\u201e\u00d0\u00b0\u00d0\u00b9\u00d0\u00bb\u00d1\u2039 \u00d0\u00bd\u00d0\u00b0 \u00d1\u0081\u00d0\u00b2\u00d0\u00be\u00d0\u00b5\u00d0\u00bc \u00d0\u00b2\u00d0\u00b5\u00d0\u00b1\u00d1\u0081\u00d0\u00b0\u00d0\u00b9\u00d1\u201a\u00d0\u00b5 www.lesambassadeurs.com (\u00d0\u00b4\u00d0\u00b0\u00d0\u00bb\u00d0\u00b5\u00d0\u00b5 \u00c2\u00ab\u00d0\u2019\u00d0\u00b5\u00d0\u00b1\u00d1\u0081\u00d0\u00b0\u00d0\u00b9\u00d1\u201a\u00c2\u00bb). \u00d0\u2019 \u00d0\u00bd\u00d0\u00b0\u00d1\u0081\u00d1\u201a\u00d0\u00be\u00d1\u008f\u00d1\u2030\u00d0\u00b5\u00d0\u00b9 \u00d0\u0178\u00d0\u00be\u00d0\u00bb\u00d0\u00b8\u00d1\u201a\u00d0\u00b8\u00d0\u00ba\u00d0\u00b5 \u00d0\u00b2 \u00d0\u00be\u00d1\u201a\u00d0\u00bd\u00d0\u00be\u00d1\u02c6\u00d0\u00b5\u00d0\u00bd\u00d0\u00b8\u00d0\u00b8 cookie-\u00d1\u201e\u00d0\u00b0\u00d0\u00b9\u00d0\u00bb\u00d0\u00be\u00d0\u00b2 \u00d0\u00be\u00d0\u00b1\u00d1\u0160\u00d1\u008f\u00d1\u0081\u00d0\u00bd\u00d1\u008f\u00d0\u00b5\u00d1\u201a\u00d1\u0081\u00d1\u008f, \u00d1\u2021\u00d1\u201a\u00d0\u00be \u00d1\u201a\u00d0\u00b0\u00d0\u00ba\u00d0\u00be\u00d0\u00b5 cookie-\u00d1\u201e\u00d0\u00b0\u00d0\u00b9\u00d0\u00bb\u00d1\u2039, \u00d0\u00ba\u00d0\u00b0\u00d0\u00ba \u00d0\u00bc\u00d1\u2039 \u00d0\u00b8\u00d1\u2026 \u00d0\u00b8\u00d1\u0081\u00d0\u00bf\u00d0\u00be\u00d0\u00bb\u00d1\u0152\u00d0\u00b7\u00d1\u0192\u00d0\u00b5\u00d0\u00bc, \u00d0\u00b2\u00d0\u00b0\u00d1\u02c6\u00d0\u00b8 \u00d0\u00bd\u00d0\u00b0\u00d1\u0081\u00d1\u201a\u00d1\u20ac\u00d0\u00be\u00d0\u00b9\u00d0\u00ba\u00d0\u00b8 \u00d0\u00b2 \u00d0\u00be\u00d1\u201a\u00d0\u00bd\u00d0\u00be\u00d1\u02c6\u00d0\u00b5\u00d0\u00bd\u00d0\u00b8\u00d0\u00b8 cookie-\u00d1\u201e\u00d0\u00b0\u00d0\u00b9\u00d0\u00bb\u00d0\u00be\u00d0\u00b2 \u00d0\u00b8 \u00d0\u00b4\u00d0\u00be\u00d0\u00bf\u00d0\u00be\u00d0\u00bb\u00d0\u00bd\u00d0\u00b8\u00d1\u201a\u00d0\u00b5\u00d0\u00bb\u00d1\u0152\u00d0\u00bd\u00d0\u00b0\u00d1\u008f \u00d0\u00b8\u00d0\u00bd\u00d1\u201e\u00d0\u00be\u00d1\u20ac\u00d0\u00bc\u00d0\u00b0\u00d1\u2020\u00d0\u00b8\u00d1\u008f \u00d0\u00be \u00d0\u00bd\u00d0\u00b8\u00d1\u2026.<\/p>\n<\/div><\/div>\n\n<div class=\"list-block\"><div class=\"block-inner\">\n<ul class=\"wp-block-list\"><li><strong>\u00d0\u00a7\u00d1\u201a\u00d0\u00be \u00d1\u201a\u00d0\u00b0\u00d0\u00ba\u00d0\u00be\u00d0\u00b5 cookie-\u00d1\u201e\u00d0\u00b0\u00d0\u00b9\u00d0\u00bb\u00d1\u2039?<\/strong><\/li><\/ul>\n<\/div><\/div>\n\n<div class=\"paragraph-block\"><div class=\"block-inner\">\n<p>Cookie-\u00d1\u201e\u00d0\u00b0\u00d0\u00b9\u00d0\u00bb \u00e2\u20ac\u201c \u00d1\u008d\u00d1\u201a\u00d0\u00be \u00d0\u00bd\u00d0\u00b5\u00d0\u00b1\u00d0\u00be\u00d0\u00bb\u00d1\u0152\u00d1\u02c6\u00d0\u00be\u00d0\u00b9 \u00d1\u201a\u00d0\u00b5\u00d0\u00ba\u00d1\u0081\u00d1\u201a\u00d0\u00be\u00d0\u00b2\u00d1\u2039\u00d0\u00b9 \u00d1\u201e\u00d0\u00b0\u00d0\u00b9\u00d0\u00bb, \u00d0\u00ba\u00d0\u00be\u00d1\u201a\u00d0\u00be\u00d1\u20ac\u00d1\u2039\u00d0\u00b9 \u00d0\u00bf\u00d0\u00be\u00d0\u00bc\u00d0\u00b5\u00d1\u2030\u00d0\u00b0\u00d0\u00b5\u00d1\u201a\u00d1\u0081\u00d1\u008f \u00d0\u00bd\u00d0\u00b0 \u00d0\u00b2\u00d0\u00b0\u00d1\u02c6\u00d0\u00b5 \u00c2\u00ab\u00d1\u201a\u00d0\u00b5\u00d1\u20ac\u00d0\u00bc\u00d0\u00b8\u00d0\u00bd\u00d0\u00b0\u00d0\u00bb\u00d1\u0152\u00d0\u00bd\u00d0\u00be\u00d0\u00b5 \u00d0\u00be\u00d0\u00b1\u00d0\u00be\u00d1\u20ac\u00d1\u0192\u00d0\u00b4\u00d0\u00be\u00d0\u00b2\u00d0\u00b0\u00d0\u00bd\u00d0\u00b8\u00d0\u00b5\u00c2\u00bb (\u00d0\u00bd\u00d0\u00b0\u00d0\u00bf\u00d1\u20ac\u00d0\u00b8\u00d0\u00bc\u00d0\u00b5\u00d1\u20ac, \u00d0\u00bd\u00d0\u00b0 \u00d0\u00ba\u00d0\u00be\u00d0\u00bc\u00d0\u00bf\u00d1\u0152\u00d1\u017d\u00d1\u201a\u00d0\u00b5\u00d1\u20ac \u00d0\u00b8\u00d0\u00bb\u00d0\u00b8 \u00d1\u0081\u00d0\u00bc\u00d0\u00b0\u00d1\u20ac\u00d1\u201a\u00d1\u201e\u00d0\u00be\u00d0\u00bd) \u00d0\u00bf\u00d1\u20ac\u00d0\u00b8 \u00d0\u00bf\u00d0\u00be\u00d1\u0081\u00d0\u00b5\u00d1\u2030\u00d0\u00b5\u00d0\u00bd\u00d0\u00b8\u00d0\u00b8 \u00d0\u00b2\u00d0\u00b0\u00d0\u00bc\u00d0\u00b8 \u00d0\u00b2\u00d0\u00b5\u00d0\u00b1\u00d1\u0081\u00d0\u00b0\u00d0\u00b9\u00d1\u201a\u00d0\u00b0. \u00d0\u017e\u00d0\u00bd\u00d0\u00b8 \u00d1\u02c6\u00d0\u00b8\u00d1\u20ac\u00d0\u00be\u00d0\u00ba\u00d0\u00be \u00d0\u00b8\u00d1\u0081\u00d0\u00bf\u00d0\u00be\u00d0\u00bb\u00d1\u0152\u00d0\u00b7\u00d1\u0192\u00d1\u017d\u00d1\u201a\u00d1\u0081\u00d1\u008f \u00d0\u00b4\u00d0\u00bb\u00d1\u008f \u00d1\u201a\u00d0\u00be\u00d0\u00b3\u00d0\u00be, \u00d1\u2021\u00d1\u201a\u00d0\u00be\u00d0\u00b1\u00d1\u2039 \u00d0\u00b2\u00d0\u00b5\u00d0\u00b1\u00d1\u0081\u00d0\u00b0\u00d0\u00b9\u00d1\u201a\u00d1\u2039 \u00d1\u20ac\u00d0\u00b0\u00d0\u00b1\u00d0\u00be\u00d1\u201a\u00d0\u00b0\u00d0\u00bb\u00d0\u00b8 \u00d0\u00b8\u00d0\u00bb\u00d0\u00b8 \u00d1\u20ac\u00d0\u00b0\u00d0\u00b1\u00d0\u00be\u00d1\u201a\u00d0\u00b0\u00d0\u00bb\u00d0\u00b8 \u00d0\u00b1\u00d0\u00be\u00d0\u00bb\u00d0\u00b5\u00d0\u00b5 \u00d1\u008d\u00d1\u201e\u00d1\u201e\u00d0\u00b5\u00d0\u00ba\u00d1\u201a\u00d0\u00b8\u00d0\u00b2\u00d0\u00bd\u00d0\u00be, \u00d0\u00b0 \u00d1\u201a\u00d0\u00b0\u00d0\u00ba\u00d0\u00b6\u00d0\u00b5 \u00d0\u00b4\u00d0\u00bb\u00d1\u008f \u00d0\u00bf\u00d1\u20ac\u00d0\u00b5\u00d0\u00b4\u00d0\u00be\u00d1\u0081\u00d1\u201a\u00d0\u00b0\u00d0\u00b2\u00d0\u00bb\u00d0\u00b5\u00d0\u00bd\u00d0\u00b8\u00d1\u008f \u00d0\u00b8\u00d0\u00bd\u00d1\u201e\u00d0\u00be\u00d1\u20ac\u00d0\u00bc\u00d0\u00b0\u00d1\u2020\u00d0\u00b8\u00d0\u00b8 \u00d0\u00b2\u00d0\u00bb\u00d0\u00b0\u00d0\u00b4\u00d0\u00b5\u00d0\u00bb\u00d1\u0152\u00d1\u2020\u00d0\u00b0\u00d0\u00bc \u00d1\u0081\u00d0\u00b0\u00d0\u00b9\u00d1\u201a\u00d0\u00b0.<\/p>\n<\/div><\/div>\n\n<div class=\"list-block\"><div class=\"block-inner\">\n<ul class=\"wp-block-list\"><li><strong>\u00d0\u0161\u00d0\u00b0\u00d0\u00ba\u00d1\u0192\u00d1\u017d \u00d0\u00b8\u00d0\u00bd\u00d1\u201e\u00d0\u00be\u00d1\u20ac\u00d0\u00bc\u00d0\u00b0\u00d1\u2020\u00d0\u00b8\u00d1\u017d \u00d0\u00bc\u00d1\u2039 \u00d1\u0081\u00d0\u00be\u00d0\u00b1\u00d0\u00b8\u00d1\u20ac\u00d0\u00b0\u00d0\u00b5\u00d0\u00bc \u00d0\u00b8 \u00d0\u00ba\u00d0\u00b0\u00d0\u00ba \u00d0\u00bc\u00d1\u2039 \u00d0\u00b5\u00d0\u00b5 \u00d0\u00b8\u00d1\u0081\u00d0\u00bf\u00d0\u00be\u00d0\u00bb\u00d1\u0152\u00d0\u00b7\u00d1\u0192\u00d0\u00b5\u00d0\u00bc?<\/strong><\/li><\/ul>\n<\/div><\/div>\n\n<div class=\"paragraph-block\"><div class=\"block-inner\">\n<p>\u00d0\u0153\u00d1\u2039 \u00d0\u00b8\u00d1\u0081\u00d0\u00bf\u00d0\u00be\u00d0\u00bb\u00d1\u0152\u00d0\u00b7\u00d1\u0192\u00d0\u00b5\u00d0\u00bc \u00d1\u201a\u00d0\u00be\u00d0\u00bb\u00d1\u0152\u00d0\u00ba\u00d0\u00be \u00d0\u00bd\u00d0\u00b5\u00d0\u00be\u00d0\u00b1\u00d1\u2026\u00d0\u00be\u00d0\u00b4\u00d0\u00b8\u00d0\u00bc\u00d1\u2039\u00d0\u00b5 \u00d0\u00b8 \u00d0\u00be\u00d0\u00b1\u00d1\u008f\u00d0\u00b7\u00d0\u00b0\u00d1\u201a\u00d0\u00b5\u00d0\u00bb\u00d1\u0152\u00d0\u00bd\u00d1\u2039\u00d0\u00b5 cookie-\u00d1\u201e\u00d0\u00b0\u00d0\u00b9\u00d0\u00bb\u00d1\u2039 \u00d0\u00b4\u00d0\u00bb\u00d1\u008f \u00d0\u00be\u00d0\u00b1\u00d0\u00b5\u00d1\u0081\u00d0\u00bf\u00d0\u00b5\u00d1\u2021\u00d0\u00b5\u00d0\u00bd\u00d0\u00b8\u00d1\u008f \u00d0\u00b1\u00d1\u2039\u00d1\u0081\u00d1\u201a\u00d1\u20ac\u00d0\u00be\u00d0\u00b9 \u00d0\u00b7\u00d0\u00b0\u00d0\u00b3\u00d1\u20ac\u00d1\u0192\u00d0\u00b7\u00d0\u00ba\u00d0\u00b8 \u00d0\u00b8 \u00d0\u00bf\u00d1\u20ac\u00d0\u00b0\u00d0\u00b2\u00d0\u00b8\u00d0\u00bb\u00d1\u0152\u00d0\u00bd\u00d0\u00be\u00d0\u00b9 \u00d1\u20ac\u00d0\u00b0\u00d0\u00b1\u00d0\u00be\u00d1\u201a\u00d1\u2039 \u00d0\u00bd\u00d0\u00b0\u00d1\u02c6\u00d0\u00b5\u00d0\u00b3\u00d0\u00be \u00d0\u00b2\u00d0\u00b5\u00d0\u00b1\u00d1\u0081\u00d0\u00b0\u00d0\u00b9\u00d1\u201a\u00d0\u00b0 \u00d0\u00bd\u00d0\u00b0 \u00d0\u00b2\u00d0\u00b0\u00d1\u02c6\u00d0\u00b5\u00d0\u00bc \u00d1\u0192\u00d1\u0081\u00d1\u201a\u00d1\u20ac\u00d0\u00be\u00d0\u00b9\u00d1\u0081\u00d1\u201a\u00d0\u00b2\u00d0\u00b5. \u00d0\u0153\u00d1\u2039 \u00d0\u00bd\u00d0\u00b5 \u00d1\u0081\u00d0\u00be\u00d0\u00b1\u00d0\u00b8\u00d1\u20ac\u00d0\u00b0\u00d0\u00b5\u00d0\u00bc \u00d0\u00b4\u00d0\u00be\u00d0\u00bf\u00d0\u00be\u00d0\u00bb\u00d0\u00bd\u00d0\u00b8\u00d1\u201a\u00d0\u00b5\u00d0\u00bb\u00d1\u0152\u00d0\u00bd\u00d1\u0192\u00d1\u017d \u00d0\u00b8\u00d0\u00bd\u00d1\u201e\u00d0\u00be\u00d1\u20ac\u00d0\u00bc\u00d0\u00b0\u00d1\u2020\u00d0\u00b8\u00d1\u017d \u00d0\u00be \u00d0\u00b2\u00d0\u00b0\u00d1\u0081 \u00d0\u00b8\u00d0\u00bb\u00d0\u00b8 \u00d0\u00b2\u00d0\u00b0\u00d1\u02c6\u00d0\u00b5\u00d0\u00bc \u00d1\u0192\u00d1\u0081\u00d1\u201a\u00d1\u20ac\u00d0\u00be\u00d0\u00b9\u00d1\u0081\u00d1\u201a\u00d0\u00b2\u00d0\u00b5.<\/p>\n<\/div><\/div>\n\n<div class=\"list-block\"><div class=\"block-inner\">\n<ul class=\"wp-block-list\"><li><strong>\u00d0\u00a1\u00d1\u201a\u00d0\u00be\u00d1\u20ac\u00d0\u00be\u00d0\u00bd\u00d0\u00bd\u00d0\u00b8\u00d0\u00b5 cookie-\u00d1\u201e\u00d0\u00b0\u00d0\u00b9\u00d0\u00bb\u00d1\u2039 <\/strong><\/li><\/ul>\n<\/div><\/div>\n\n<div class=\"paragraph-block\"><div class=\"block-inner\">\n<p>\u00d0\u0153\u00d1\u2039 \u00d0\u00bd\u00d0\u00b8\u00d0\u00ba\u00d0\u00be\u00d0\u00b3\u00d0\u00b4\u00d0\u00b0 \u00d0\u00bd\u00d0\u00b5 \u00d1\u20ac\u00d0\u00b0\u00d0\u00b7\u00d1\u20ac\u00d0\u00b5\u00d1\u02c6\u00d0\u00b0\u00d0\u00b5\u00d0\u00bc \u00d1\u201a\u00d1\u20ac\u00d0\u00b5\u00d1\u201a\u00d1\u0152\u00d0\u00b8\u00d0\u00bc \u00d1\u0081\u00d1\u201a\u00d0\u00be\u00d1\u20ac\u00d0\u00be\u00d0\u00bd\u00d0\u00b0\u00d0\u00bc \u00d1\u0081\u00d0\u00be\u00d0\u00b1\u00d0\u00b8\u00d1\u20ac\u00d0\u00b0\u00d1\u201a\u00d1\u0152 \u00d0\u00b8\u00d0\u00bd\u00d1\u201e\u00d0\u00be\u00d1\u20ac\u00d0\u00bc\u00d0\u00b0\u00d1\u2020\u00d0\u00b8\u00d1\u017d \u00d0\u00be \u00d0\u00b2\u00d0\u00b0\u00d1\u0081 \u00d0\u00b8\u00d0\u00bb\u00d0\u00b8 \u00d0\u00b2\u00d0\u00b0\u00d1\u02c6\u00d0\u00b5\u00d0\u00bc \u00d1\u0192\u00d1\u0081\u00d1\u201a\u00d1\u20ac\u00d0\u00be\u00d0\u00b9\u00d1\u0081\u00d1\u201a\u00d0\u00b2\u00d0\u00b5 \u00d1\u0081 \u00d0\u00bd\u00d0\u00b0\u00d1\u02c6\u00d0\u00b5\u00d0\u00b3\u00d0\u00be \u00d0\u00b2\u00d0\u00b5\u00d0\u00b1\u00d1\u0081\u00d0\u00b0\u00d0\u00b9\u00d1\u201a\u00d0\u00b0.<\/p>\n<\/div><\/div>\n\n<div class=\"list-block\"><div class=\"block-inner\">\n<ul class=\"wp-block-list\"><li><strong>\u00d0\u0161\u00d0\u00b0\u00d0\u00ba\u00d0\u00b8\u00d0\u00b5 \u00d0\u00bd\u00d0\u00b0\u00d1\u0081\u00d1\u201a\u00d1\u20ac\u00d0\u00be\u00d0\u00b9\u00d0\u00ba\u00d0\u00b8 \u00d0\u00b4\u00d0\u00be\u00d1\u0081\u00d1\u201a\u00d1\u0192\u00d0\u00bf\u00d0\u00bd\u00d1\u2039 \u00d0\u00b2\u00d0\u00b0\u00d0\u00bc \u00d0\u00b2 \u00d0\u00be\u00d1\u201a\u00d0\u00bd\u00d0\u00be\u00d1\u02c6\u00d0\u00b5\u00d0\u00bd\u00d0\u00b8\u00d0\u00b8 cookie-\u00d1\u201e\u00d0\u00b0\u00d0\u00b9\u00d0\u00bb\u00d0\u00be\u00d0\u00b2?<\/strong><\/li><\/ul>\n<\/div><\/div>\n\n<div class=\"paragraph-block\"><div class=\"block-inner\">\n<p>\u00d0\u0178\u00d0\u00be\u00d1\u0081\u00d0\u00ba\u00d0\u00be\u00d0\u00bb\u00d1\u0152\u00d0\u00ba\u00d1\u0192 \u00d0\u00bc\u00d1\u2039 \u00d0\u00b8\u00d1\u0081\u00d0\u00bf\u00d0\u00be\u00d0\u00bb\u00d1\u0152\u00d0\u00b7\u00d1\u0192\u00d0\u00b5\u00d0\u00bc \u00d1\u201a\u00d0\u00be\u00d0\u00bb\u00d1\u0152\u00d0\u00ba\u00d0\u00be \u00d0\u00bd\u00d0\u00b5\u00d0\u00be\u00d0\u00b1\u00d1\u2026\u00d0\u00be\u00d0\u00b4\u00d0\u00b8\u00d0\u00bc\u00d1\u2039\u00d0\u00b5 cookie-\u00d1\u201e\u00d0\u00b0\u00d0\u00b9\u00d0\u00bb\u00d1\u2039 \u00d0\u00b4\u00d0\u00bb\u00d1\u008f \u00d0\u00be\u00d0\u00b1\u00d0\u00b5\u00d1\u0081\u00d0\u00bf\u00d0\u00b5\u00d1\u2021\u00d0\u00b5\u00d0\u00bd\u00d0\u00b8\u00d1\u008f \u00d0\u00bf\u00d1\u20ac\u00d0\u00b0\u00d0\u00b2\u00d0\u00b8\u00d0\u00bb\u00d1\u0152\u00d0\u00bd\u00d0\u00be\u00d0\u00b9 \u00d1\u20ac\u00d0\u00b0\u00d0\u00b1\u00d0\u00be\u00d1\u201a\u00d1\u2039 \u00d0\u00bd\u00d0\u00b0\u00d1\u02c6\u00d0\u00b5\u00d0\u00b3\u00d0\u00be \u00d0\u00b2\u00d0\u00b5\u00d0\u00b1\u00d1\u0081\u00d0\u00b0\u00d0\u00b9\u00d1\u201a\u00d0\u00b0, \u00d0\u00bd\u00d0\u00b0\u00d1\u0081\u00d1\u201a\u00d1\u20ac\u00d0\u00be\u00d0\u00b9\u00d0\u00ba\u00d0\u00b8 \u00d0\u00ba\u00d0\u00be\u00d0\u00bd\u00d1\u201e\u00d0\u00b8\u00d0\u00b4\u00d0\u00b5\u00d0\u00bd\u00d1\u2020\u00d0\u00b8\u00d0\u00b0\u00d0\u00bb\u00d1\u0152\u00d0\u00bd\u00d0\u00be\u00d1\u0081\u00d1\u201a\u00d0\u00b8 \u00d0\u00be\u00d1\u201a\u00d1\u0081\u00d1\u0192\u00d1\u201a\u00d1\u0081\u00d1\u201a\u00d0\u00b2\u00d1\u0192\u00d1\u017d\u00d1\u201a. \u00d0\u0153\u00d1\u2039 \u00d0\u00bd\u00d0\u00b8\u00d0\u00ba\u00d0\u00be\u00d0\u00b3\u00d0\u00b4\u00d0\u00b0 \u00d0\u00bd\u00d0\u00b5 \u00d0\u00b8\u00d1\u0081\u00d0\u00bf\u00d0\u00be\u00d0\u00bb\u00d1\u0152\u00d0\u00b7\u00d1\u0192\u00d0\u00b5\u00d0\u00bc cookie-\u00d1\u201e\u00d0\u00b0\u00d0\u00b9\u00d0\u00bb\u00d1\u2039 \u00d0\u00be\u00d1\u201a\u00d1\u0081\u00d0\u00bb\u00d0\u00b5\u00d0\u00b6\u00d0\u00b8\u00d0\u00b2\u00d0\u00b0\u00d0\u00bd\u00d0\u00b8\u00d1\u008f, \u00d1\u0081\u00d1\u201a\u00d0\u00be\u00d1\u20ac\u00d0\u00be\u00d0\u00bd\u00d0\u00bd\u00d0\u00b8\u00d0\u00b5 cookie-\u00d1\u201e\u00d0\u00b0\u00d0\u00b9\u00d0\u00bb\u00d1\u2039 \u00d0\u00b8\u00d0\u00bb\u00d0\u00b8 \u00d1\u2021\u00d1\u201a\u00d0\u00be-\u00d0\u00bb\u00d0\u00b8\u00d0\u00b1\u00d0\u00be \u00d0\u00bf\u00d0\u00be\u00d0\u00b4\u00d0\u00be\u00d0\u00b1\u00d0\u00bd\u00d0\u00be\u00d0\u00b5, \u00d0\u00bf\u00d0\u00be\u00d1\u201a\u00d0\u00be\u00d0\u00bc\u00d1\u0192 \u00d1\u2021\u00d1\u201a\u00d0\u00be \u00d0\u00bc\u00d1\u2039 \u00d1\u2020\u00d0\u00b5\u00d0\u00bd\u00d0\u00b8\u00d0\u00bc \u00d0\u00b2\u00d0\u00b0\u00d1\u02c6\u00d0\u00b5 \u00d0\u00bf\u00d1\u20ac\u00d0\u00b0\u00d0\u00b2\u00d0\u00be \u00d0\u00bd\u00d0\u00b0 \u00d0\u00ba\u00d0\u00be\u00d0\u00bd\u00d1\u201e\u00d0\u00b8\u00d0\u00b4\u00d0\u00b5\u00d0\u00bd\u00d1\u2020\u00d0\u00b8\u00d0\u00b0\u00d0\u00bb\u00d1\u0152\u00d0\u00bd\u00d0\u00be\u00d1\u0081\u00d1\u201a\u00d1\u0152.<\/p>\n<\/div><\/div>\n\n<div class=\"list-block\"><div class=\"block-inner\">\n<ul class=\"wp-block-list\"><li><strong>\u00d0\u201c\u00d0\u00b4\u00d0\u00b5 \u00d0\u00b2\u00d1\u2039 \u00d0\u00bc\u00d0\u00be\u00d0\u00b6\u00d0\u00b5\u00d1\u201a\u00d0\u00b5 \u00d0\u00bf\u00d0\u00be\u00d0\u00bb\u00d1\u0192\u00d1\u2021\u00d0\u00b8\u00d1\u201a\u00d1\u0152 \u00d0\u00b4\u00d0\u00be\u00d0\u00bf\u00d0\u00be\u00d0\u00bb\u00d0\u00bd\u00d0\u00b8\u00d1\u201a\u00d0\u00b5\u00d0\u00bb\u00d1\u0152\u00d0\u00bd\u00d1\u0192\u00d1\u017d \u00d0\u00b8\u00d0\u00bd\u00d1\u201e\u00d0\u00be\u00d1\u20ac\u00d0\u00bc\u00d0\u00b0\u00d1\u2020\u00d0\u00b8\u00d1\u017d \u00d0\u00be cookie-\u00d1\u201e\u00d0\u00b0\u00d0\u00b9\u00d0\u00bb\u00d0\u00b0\u00d1\u2026?<\/strong><\/li><\/ul>\n<\/div><\/div>\n\n<div class=\"paragraph-block\"><div class=\"block-inner\">\n<p>\u00d0\u00a7\u00d1\u201a\u00d0\u00be\u00d0\u00b1\u00d1\u2039 \u00d0\u00bf\u00d0\u00be\u00d0\u00bb\u00d1\u0192\u00d1\u2021\u00d0\u00b8\u00d1\u201a\u00d1\u0152 \u00d0\u00b4\u00d0\u00be\u00d0\u00bf\u00d0\u00be\u00d0\u00bb\u00d0\u00bd\u00d0\u00b8\u00d1\u201a\u00d0\u00b5\u00d0\u00bb\u00d1\u0152\u00d0\u00bd\u00d1\u0192\u00d1\u017d \u00d0\u00b8\u00d0\u00bd\u00d1\u201e\u00d0\u00be\u00d1\u20ac\u00d0\u00bc\u00d0\u00b0\u00d1\u2020\u00d0\u00b8\u00d1\u017d \u00d0\u00be cookie-\u00d1\u201e\u00d0\u00b0\u00d0\u00b9\u00d0\u00bb\u00d0\u00b0\u00d1\u2026, \u00d0\u00bf\u00d0\u00be\u00d1\u0081\u00d0\u00b5\u00d1\u201a\u00d0\u00b8\u00d1\u201a\u00d0\u00b5 www.aboutcookies.org \u00d0\u00b8\u00d0\u00bb\u00d0\u00b8 www.allaboutcookies.org\r\n\r\n&nbsp;<\/p>\n<\/div><\/div>\n\n<div class=\"paragraph-block\"><div class=\"block-inner\">\n<p><\/p>\n<\/div><\/div>","protected":false},"excerpt":{"rendered":"<p>\u00d0\u009d\u00d0\u00b0\u00d1\u02c6 \u00d0\u00b2\u00d0\u00b5\u00d0\u00b1\u00d1\u0081\u00d0\u00b0\u00d0\u00b9\u00d1\u201a Les Ambassadeurs Club Limited \u00d0\u00b8\u00d1\u0081\u00d0\u00bf\u00d0\u00be\u00d0\u00bb\u00d1\u0152\u00d0\u00b7\u00d1\u0192\u00d0\u00b5\u00d1\u201a cookie-\u00d1\u201e\u00d0\u00b0\u00d0\u00b9\u00d0\u00bb\u00d1\u2039 \u00d0\u00bd\u00d0\u00b0 \u00d1\u0081\u00d0\u00b2\u00d0\u00be\u00d0\u00b5\u00d0\u00bc \u00d0\u00b2\u00d0\u00b5\u00d0\u00b1\u00d1\u0081\u00d0\u00b0\u00d0\u00b9\u00d1\u201a\u00d0\u00b5 www.lesambassadeurs.com (\u00d0\u00b4\u00d0\u00b0\u00d0\u00bb\u00d0\u00b5\u00d0\u00b5 \u00c2\u00ab\u00d0\u2019\u00d0\u00b5\u00d0\u00b1\u00d1\u0081\u00d0\u00b0\u00d0\u00b9\u00d1\u201a\u00c2\u00bb). \u00d0\u2019 \u00d0\u00bd\u00d0\u00b0\u00d1\u0081\u00d1\u201a\u00d0\u00be\u00d1\u008f\u00d1\u2030\u00d0\u00b5\u00d0\u00b9 \u00d0\u0178\u00d0\u00be\u00d0\u00bb\u00d0\u00b8\u00d1\u201a\u00d0\u00b8\u00d0\u00ba\u00d0\u00b5 \u00d0\u00b2 \u00d0\u00be\u00d1\u201a\u00d0\u00bd\u00d0\u00be\u00d1\u02c6\u00d0\u00b5\u00d0\u00bd\u00d0\u00b8\u00d0\u00b8 cookie-\u00d1\u201e\u00d0\u00b0\u00d0\u00b9\u00d0\u00bb\u00d0\u00be\u00d0\u00b2 \u00d0\u00be\u00d0\u00b1\u00d1\u0160\u00d1\u008f\u00d1\u0081\u00d0\u00bd\u00d1\u008f\u00d0\u00b5\u00d1\u201a\u00d1\u0081\u00d1\u008f, \u00d1\u2021\u00d1\u201a\u00d0\u00be \u00d1\u201a\u00d0\u00b0\u00d0\u00ba\u00d0\u00be\u00d0\u00b5 cookie-\u00d1\u201e\u00d0\u00b0\u00d0\u00b9\u00d0\u00bb\u00d1\u2039, \u00d0\u00ba\u00d0\u00b0\u00d0\u00ba \u00d0\u00bc\u00d1\u2039 \u00d0\u00b8\u00d1\u2026 \u00d0\u00b8\u00d1\u0081\u00d0\u00bf\u00d0\u00be\u00d0\u00bb\u00d1\u0152\u00d0\u00b7\u00d1\u0192\u00d0\u00b5\u00d0\u00bc, \u00d0\u00b2\u00d0\u00b0\u00d1\u02c6\u00d0\u00b8 \u00d0\u00bd\u00d0\u00b0\u00d1\u0081\u00d1\u201a\u00d1\u20ac\u00d0\u00be\u00d0\u00b9\u00d0\u00ba\u00d0\u00b8 \u00d0\u00b2 \u00d0\u00be\u00d1\u201a\u00d0\u00bd\u00d0\u00be\u00d1\u02c6\u00d0\u00b5\u00d0\u00bd\u00d0\u00b8\u00d0\u00b8 cookie-\u00d1\u201e\u00d0\u00b0\u00d0\u00b9\u00d0\u00bb\u00d0\u00be\u00d0\u00b2 \u00d0\u00b8 \u00d0\u00b4\u00d0\u00be\u00d0\u00bf\u00d0\u00be\u00d0\u00bb\u00d0\u00bd\u00d0\u00b8\u00d1\u201a\u00d0\u00b5\u00d0\u00bb\u00d1\u0152\u00d0\u00bd\u00d0\u00b0\u00d1\u008f \u00d0\u00b8\u00d0\u00bd\u00d1\u201e\u00d0\u00be\u00d1\u20ac\u00d0\u00bc\u00d0\u00b0\u00d1\u2020\u00d0\u00b8\u00d1\u008f \u00d0\u00be \u00d0\u00bd\u00d0\u00b8\u00d1\u2026. \u00d0\u00a7\u00d1\u201a\u00d0\u00be \u00d1\u201a\u00d0\u00b0\u00d0\u00ba\u00d0\u00be\u00d0\u00b5 cookie-\u00d1\u201e\u00d0\u00b0\u00d0\u00b9\u00d0\u00bb\u00d1\u2039? Cookie-\u00d1\u201e\u00d0\u00b0\u00d0\u00b9\u00d0\u00bb \u00e2\u20ac\u201c \u00d1\u008d\u00d1\u201a\u00d0\u00be \u00d0\u00bd\u00d0\u00b5\u00d0\u00b1\u00d0\u00be\u00d0\u00bb\u00d1\u0152\u00d1\u02c6\u00d0\u00be\u00d0\u00b9 \u00d1\u201a\u00d0\u00b5\u00d0\u00ba\u00d1\u0081\u00d1\u201a\u00d0\u00be\u00d0\u00b2\u00d1\u2039\u00d0\u00b9 \u00d1\u201e\u00d0\u00b0\u00d0\u00b9\u00d0\u00bb, \u00d0\u00ba\u00d0\u00be\u00d1\u201a\u00d0\u00be\u00d1\u20ac\u00d1\u2039\u00d0\u00b9 \u00d0\u00bf\u00d0\u00be\u00d0\u00bc\u00d0\u00b5\u00d1\u2030\u00d0\u00b0\u00d0\u00b5\u00d1\u201a\u00d1\u0081\u00d1\u008f \u00d0\u00bd\u00d0\u00b0 \u00d0\u00b2\u00d0\u00b0\u00d1\u02c6\u00d0\u00b5 \u00c2\u00ab\u00d1\u201a\u00d0\u00b5\u00d1\u20ac\u00d0\u00bc\u00d0\u00b8\u00d0\u00bd\u00d0\u00b0\u00d0\u00bb\u00d1\u0152\u00d0\u00bd\u00d0\u00be\u00d0\u00b5 \u00d0\u00be\u00d0\u00b1\u00d0\u00be\u00d1\u20ac\u00d1\u0192\u00d0\u00b4\u00d0\u00be\u00d0\u00b2\u00d0\u00b0\u00d0\u00bd\u00d0\u00b8\u00d0\u00b5\u00c2\u00bb (\u00d0\u00bd\u00d0\u00b0\u00d0\u00bf\u00d1\u20ac\u00d0\u00b8\u00d0\u00bc\u00d0\u00b5\u00d1\u20ac, \u00d0\u00bd\u00d0\u00b0 &#8230; <a title=\"\u00d0\u0178\u00d0\u017e\u00d0\u203a\u00d0\u02dc\u00d0\u00a2\u00d0\u02dc\u00d0\u0161\u00d0\u0090 \u00d0\u2019 \u00d0\u017e\u00d0\u00a2\u00d0\u009d\u00d0\u017e\u00d0\u00a8\u00d0\u2022\u00d0\u009d\u00d0\u02dc\u00d0\u02dc COOKIE- \u00d0\u00a4\u00d0\u0090\u00d0\u2122\u00d0\u203a\u00d0\u017e\u00d0\u2019\" class=\"read-more\" href=\"https:\/\/lesambassadeurs.com\/ru\/cookie-policy\/\" aria-label=\"Read more about \u00d0\u0178\u00d0\u017e\u00d0\u203a\u00d0\u02dc\u00d0\u00a2\u00d0\u02dc\u00d0\u0161\u00d0\u0090 \u00d0\u2019 \u00d0\u017e\u00d0\u00a2\u00d0\u009d\u00d0\u017e\u00d0\u00a8\u00d0\u2022\u00d0\u009d\u00d0\u02dc\u00d0\u02dc COOKIE- \u00d0\u00a4\u00d0\u0090\u00d0\u2122\u00d0\u203a\u00d0\u017e\u00d0\u2019\">Read more<\/a><\/p>\n","protected":false},"author":3,"featured_media":0,"parent":0,"menu_order":0,"comment_status":"closed","ping_status":"closed","template":"","meta":{"_acf_changed":false,"disable_featured_image":false,"footnotes":""},"class_list":["post-4963","page","type-page","status-publish"],"acf":[],"_links":{"self":[{"href":"https:\/\/lesambassadeurs.com\/ru\/wp-json\/wp\/v2\/pages\/4963","targetHints":{"allow":["GET"]}}],"collection":[{"href":"https:\/\/lesambassadeurs.com\/ru\/wp-json\/wp\/v2\/pages"}],"about":[{"href":"https:\/\/lesambassadeurs.com\/ru\/wp-json\/wp\/v2\/types\/page"}],"author":[{"embeddable":true,"href":"https:\/\/lesambassadeurs.com\/ru\/wp-json\/wp\/v2\/users\/3"}],"replies":[{"embeddable":true,"href":"https:\/\/lesambassadeurs.com\/ru\/wp-json\/wp\/v2\/comments?post=4963"}],"version-history":[{"count":0,"href":"https:\/\/lesambassadeurs.com\/ru\/wp-json\/wp\/v2\/pages\/4963\/revisions"}],"wp:attachment":[{"href":"https:\/\/lesambassadeurs.com\/ru\/wp-json\/wp\/v2\/media?parent=4963"}],"curies":[{"name":"wp","href":"https:\/\/api.w.org\/{rel}","templated":true}]}}