{"id":3681,"date":"2019-11-11T10:43:42","date_gmt":"2019-11-11T10:43:42","guid":{"rendered":"http:\/\/lesambassadeurs.ambassadeursgroup.com\/%d0%ba%d0%b0%d1%80%d1%82%d0%b0-%d1%81%d0%b0%d0%b9%d1%82%d0%b0\/"},"modified":"2019-11-11T10:43:47","modified_gmt":"2019-11-11T10:43:47","slug":"%d0%ba%d0%b0%d1%80%d1%82%d0%b0-%d1%81%d0%b0%d0%b9%d1%82%d0%b0","status":"publish","type":"page","link":"https:\/\/lesambassadeurs.com\/ru\/%d0%ba%d0%b0%d1%80%d1%82%d0%b0-%d1%81%d0%b0%d0%b9%d1%82%d0%b0\/","title":{"rendered":"\u00d0\u0161\u00d0\u00b0\u00d1\u20ac\u00d1\u201a\u00d0\u00b0 \u00d1\u0081\u00d0\u00b0\u00d0\u00b9\u00d1\u201a\u00d0\u00b0"},"content":{"rendered":"<div class=\"feature-panel-gradient\"><\/div>\r\n<div id=\"feature-panel-block_5d763c5ec8373\" class=\"content-block feature-panel-block\">\r\n<style type=\"text\/css\">\r\n#feature-panel-block_5d763c5ec8373 {\r\npadding-bottom: 40px;}\r\n@media all and (max-width:768px) {\r\n#feature-panel-block_5d763c5ec8373 {\r\n  padding-bottom: 40px;}\r\n}\r\n<\/style>\r\n\r\n<div class=\"feature-panel-content feature-panel-content-image rellax\" data-rellax-speed=\"-2.4\">\r\n\r\n\r\n<\/div>\r\n\r\n\r\n<div class=\"feature-panel-text\">\r\n     <div class=\"feature-panel-cut-out-left\"><\/div><div class=\"feature-panel-cut-out-right\"><\/div>\r\n<div class=\"feature-panel-text-inner block-inner\">\r\n<h1 class=\"entry-title\" itemprop=\"headline\">\u00d0\u0161\u00d0\u00b0\u00d1\u20ac\u00d1\u201a\u00d0\u00b0 \u00d1\u0081\u00d0\u00b0\u00d0\u00b9\u00d1\u201a\u00d0\u00b0<\/h1>\r\n\r\n<\/div>\r\n<\/div>\r\n<script src=\"\/rellax.min.js\"><\/script>\r\n\r\n<script>\r\nfunction myFunction(x) {\r\n  if (x.matches) { \/\/ If media query matches\r\n    jQuery(document).ready(function(){\r\n   jQuery('.feature-panel-content').removeAttr('data-rellax-speed');\r\njQuery('.feature-panel-content').removeClass('rellax');\r\n    });\r\n  } else {\r\n    jQuery(document).ready(function(){\r\n    var rellax = new Rellax('.rellax');\r\n   });\r\n  }\r\n}\r\n\r\nvar x = window.matchMedia(\"(max-width: 1024px)\")\r\nmyFunction(x) \/\/ Call listener function at run time\r\nx.addListener(myFunction) \/\/ Attach listener function on state changes\r\n<\/script>\r\n\r\n<\/div> <div class=\"paragraph-block\"><div class=\"block-inner\">\n<div class=\"wsp-container\"><h2 class=\"wsp-pages-title\">Pages<\/h2>\n<ul class=\"wsp-pages-list\">\n<li class=\"page_item page-item-3561\"><a href=\"https:\/\/lesambassadeurs.com\/ru\/fine-dining\/\">\u00d0\u02dc\u00d0\u00b7\u00d1\u2039\u00d1\u0081\u00d0\u00ba\u00d0\u00b0\u00d0\u00bd\u00d0\u00bd\u00d0\u00b0\u00d1\u008f \u00d0\u00ba\u00d1\u0192\u00d1\u2026\u00d0\u00bd\u00d1\u008f<\/a><\/li>\n<li class=\"page_item page-item-3563\"><a href=\"https:\/\/lesambassadeurs.com\/ru\/gaming\/\">\u00d0\u02dc\u00d0\u00b3\u00d1\u20ac\u00d1\u2039<\/a><\/li>\n<li class=\"page_item page-item-4659\"><a href=\"https:\/\/lesambassadeurs.com\/ru\/our-history\/\">\u00d0\u02dc\u00d1\u0081\u00d1\u201a\u00d0\u00be\u00d1\u20ac\u00d0\u00b8\u00d1\u008f<\/a><\/li>\n<li class=\"page_item page-item-4473\"><a href=\"https:\/\/lesambassadeurs.com\/ru\/human-trafficking-statement\/\">\u00d0\u2014\u00d0\u0090\u00d0\u00af\u00d0\u2019\u00d0\u203a\u00d0\u2022\u00d0\u009d\u00d0\u02dc\u00d0\u2022 \u00d0\u2019 \u00d0\u017e\u00d0\u00a2\u00d0\u009d\u00d0\u017e\u00d0\u00a8\u00d0\u2022\u00d0\u009d\u00d0\u02dc\u00d0\u02dc \u00d0\u00a0\u00d0\u0090\u00d0\u2018\u00d0\u00a1\u00d0\u00a2\u00d0\u2019\u00d0\u0090 \u00d0\u02dc \u00d0\u00a2\u00d0\u017e\u00d0\u00a0\u00d0\u201c\u00d0\u017e\u00d0\u2019\u00d0\u203a\u00d0\u02dc \u00d0\u203a\u00d0\u00ae\u00d0\u201d\u00d0\u00ac\u00d0\u0153\u00d0\u02dc<\/a><\/li>\n<li class=\"page_item page-item-6161\"><a href=\"https:\/\/lesambassadeurs.com\/ru\/les-a-member-and-guest-privacy-policy\/\">\u00d0\u2014\u00d0\u0090\u00d0\u00af\u00d0\u2019\u00d0\u203a\u00d0\u2022\u00d0\u009d\u00d0\u02dc\u00d0\u2022 \u00d0\u017e \u00d0\u0178\u00d0\u017e\u00d0\u203a\u00d0\u02dc\u00d0\u00a2\u00d0\u02dc\u00d0\u0161\u00d0\u2022 \u00d0\u009d\u00d0\u2022\u00d0\u00a0\u00d0\u0090\u00d0\u2014\u00d0\u201c\u00d0\u203a\u00d0\u0090\u00d0\u00a8\u00d0\u2022\u00d0\u009d\u00d0\u02dc\u00d0\u00af \u00d0\u0178\u00d0\u2022\u00d0\u00a0\u00d0\u00a1\u00d0\u017e\u00d0\u009d\u00d0\u0090\u00d0\u203a\u00d0\u00ac\u00d0\u009d\u00d0\u00ab\u00d0\u00a5 \u00d0\u201d\u00d0\u0090\u00d0\u009d\u00d0\u009d\u00d0\u00ab\u00d0\u00a5 \u00d0\u00a7\u00d0\u203a\u00d0\u2022\u00d0\u009d\u00d0\u017e\u00d0\u2019 \u00d0\u02dc \u00d0\u201c\u00d0\u017e\u00d0\u00a1\u00d0\u00a2\u00d0\u2022\u00d0\u2122 \u00d0\u0161\u00d0\u203a\u00d0\u00a3\u00d0\u2018\u00d0\u0090 LES A<\/a><\/li>\n<li class=\"page_item page-item-3710\"><a href=\"https:\/\/lesambassadeurs.com\/ru\/the-library\/\">\u00d0\u2018\u00d0\u00b8\u00d0\u00b1\u00d0\u00bb\u00d0\u00b8\u00d0\u00be\u00d1\u201a\u00d0\u00b5\u00d0\u00ba\u00d0\u00b0<\/a><\/li>\n<li class=\"page_item page-item-3557\"><a href=\"https:\/\/lesambassadeurs.com\/ru\/%d0%b1%d0%bb%d0%be%d0%b3-%d0%ba%d0%bb%d1%83%d0%b1%d0%b0\/\">\u00d0\u2018\u00d0\u00bb\u00d0\u00be\u00d0\u00b3 \u00d0\u00ba\u00d0\u00bb\u00d1\u0192\u00d0\u00b1\u00d0\u00b0 \u00c2\u00abLes A\u00c2\u00bb<\/a><\/li>\n<li class=\"page_item page-item-3567\"><a href=\"https:\/\/lesambassadeurs.com\/ru\/membership\/\">\u00d0\u00a7\u00d0\u00bb\u00d0\u00b5\u00d0\u00bd\u00d1\u0081\u00d1\u201a\u00d0\u00b2\u00d0\u00be<\/a><\/li>\n<li class=\"page_item page-item-4505\"><a href=\"https:\/\/lesambassadeurs.com\/ru\/gaming-rooms\/\">\u00d0\u009d\u00d0\u00b0\u00d1\u02c6\u00d0\u00b8 \u00d0\u00b8\u00d0\u00b3\u00d0\u00be\u00d1\u20ac\u00d0\u00bd\u00d1\u2039\u00d0\u00b5 \u00d0\u00ba\u00d0\u00be\u00d0\u00bc\u00d0\u00bd\u00d0\u00b0\u00d1\u201a\u00d1\u2039<\/a><\/li>\n<li class=\"page_item page-item-3569\"><a href=\"https:\/\/lesambassadeurs.com\/ru\/our-games\/\">\u00d0\u009d\u00d0\u00b0\u00d1\u02c6\u00d0\u00b8 \u00d0\u00b8\u00d0\u00b3\u00d1\u20ac\u00d1\u2039<\/a><\/li>\n<li class=\"page_item page-item-3571\"><a href=\"https:\/\/lesambassadeurs.com\/ru\/our-teams\/\">\u00d0\u009d\u00d0\u00b0\u00d1\u02c6\u00d0\u00b0 \u00d0\u00ba\u00d0\u00be\u00d0\u00bc\u00d0\u00b0\u00d0\u00bd\u00d0\u00b4\u00d0\u00b0<\/a><\/li>\n<li class=\"page_item page-item-3697\"><a href=\"https:\/\/lesambassadeurs.com\/ru\/the-club\/\">\u00d0\u0161\u00d0\u00bb\u00d1\u0192\u00d0\u00b1<\/a><\/li>\n<li class=\"page_item page-item-3681\"><a href=\"https:\/\/lesambassadeurs.com\/ru\/%d0%ba%d0%b0%d1%80%d1%82%d0%b0-%d1%81%d0%b0%d0%b9%d1%82%d0%b0\/\">\u00d0\u0161\u00d0\u00b0\u00d1\u20ac\u00d1\u201a\u00d0\u00b0 \u00d1\u0081\u00d0\u00b0\u00d0\u00b9\u00d1\u201a\u00d0\u00b0<\/a><\/li>\n<li class=\"page_item page-item-3691\"><a href=\"https:\/\/lesambassadeurs.com\/ru\/smoking-garden\/\">\u00d0\u0161\u00d1\u0192\u00d1\u20ac\u00d0\u00b8\u00d1\u201a\u00d0\u00b5\u00d0\u00bb\u00d1\u0152\u00d0\u00bd\u00d1\u2039\u00d0\u00b9 \u00d1\u0081\u00d0\u00b0\u00d0\u00b4<\/a><\/li>\n<li class=\"page_item page-item-4434\"><a href=\"https:\/\/lesambassadeurs.com\/ru\/club-rules\/\">\u00d0\u0178\u00d0\u00a0\u00d0\u0090\u00d0\u2019\u00d0\u02dc\u00d0\u203a\u00d0\u0090 \u00d0\u0161\u00d0\u203a\u00d0\u00a3\u00d0\u2018\u00d0\u0090<\/a><\/li>\n<li class=\"page_item page-item-4963\"><a href=\"https:\/\/lesambassadeurs.com\/ru\/cookie-policy\/\">\u00d0\u0178\u00d0\u017e\u00d0\u203a\u00d0\u02dc\u00d0\u00a2\u00d0\u02dc\u00d0\u0161\u00d0\u0090 \u00d0\u2019 \u00d0\u017e\u00d0\u00a2\u00d0\u009d\u00d0\u017e\u00d0\u00a8\u00d0\u2022\u00d0\u009d\u00d0\u02dc\u00d0\u02dc COOKIE- \u00d0\u00a4\u00d0\u0090\u00d0\u2122\u00d0\u203a\u00d0\u017e\u00d0\u2019<\/a><\/li>\n<li class=\"page_item page-item-3559\"><a href=\"https:\/\/lesambassadeurs.com\/ru\/%d0%bf%d1%80%d0%b5%d1%81%d1%82%d0%b8%d0%b6%d0%bd%d1%8b%d0%b5-%d1%81%d0%be%d0%b1%d1%8b%d1%82%d0%b8%d1%8f\/\">\u00d0\u0178\u00d1\u20ac\u00d0\u00b5\u00d1\u0081\u00d1\u201a\u00d0\u00b8\u00d0\u00b6\u00d0\u00bd\u00d1\u2039\u00d0\u00b5 \u00d1\u0081\u00d0\u00be\u00d0\u00b1\u00d1\u2039\u00d1\u201a\u00d0\u00b8\u00d1\u008f<\/a><\/li>\n<li class=\"page_item page-item-3555\"><a href=\"https:\/\/lesambassadeurs.com\/ru\/about-us\/\">\u00d0\u017e \u00d0\u00bd\u00d0\u00b0\u00d1\u0081<\/a><\/li>\n<li class=\"page_item page-item-4453\"><a href=\"https:\/\/lesambassadeurs.com\/ru\/responsible-gambling\/\">\u00d0\u017e\u00d0\u00a2\u00d0\u2019\u00d0\u2022\u00d0\u00a2\u00d0\u00a1\u00d0\u00a2\u00d0\u2019\u00d0\u2022\u00d0\u009d\u00d0\u009d\u00d0\u017e\u00d0\u2022 \u00d0\u017e\u00d0\u00a2\u00d0\u009d\u00d0\u017e\u00d0\u00a8\u00d0\u2022\u00d0\u009d\u00d0\u02dc\u00d0\u2022 \u00d0\u0161 \u00d0\u02dc\u00d0\u201c\u00d0\u00a0\u00d0\u2022<\/a><\/li>\n<li class=\"page_item page-item-4463\"><a href=\"https:\/\/lesambassadeurs.com\/ru\/gender-pay-gap-reports\/\">\u00d0\u017e\u00d0\u00a2\u00d0\u00a7\u00d0\u2022\u00d0\u00a2 \u00d0\u017e \u00d0\u201c\u00d0\u2022\u00d0\u009d\u00d0\u201d\u00d0\u2022\u00d0\u00a0\u00d0\u009d\u00d0\u017e\u00d0\u0153 \u00d0\u009d\u00d0\u2022\u00d0\u00a0\u00d0\u0090\u00d0\u2019\u00d0\u2022\u00d0\u009d\u00d0\u00a1\u00d0\u00a2\u00d0\u2019\u00d0\u2022 \u00d0\u2019 \u00d0\u017e\u00d0\u0178\u00d0\u203a\u00d0\u0090\u00d0\u00a2\u00d0\u2022 \u00d0\u00a2\u00d0\u00a0\u00d0\u00a3\u00d0\u201d\u00d0\u0090<\/a><\/li>\n<li class=\"page_item page-item-4691\"><a href=\"https:\/\/lesambassadeurs.com\/ru\/hotels\/\">\u00d0\u017e\u00d1\u201a\u00d0\u00b5\u00d0\u00bb\u00d0\u00b8<\/a><\/li>\n<li class=\"page_item page-item-4888\"><a href=\"https:\/\/lesambassadeurs.com\/ru\/employee-and-applicant-screening-policy\/\">Employee &#038; Applicant Screening Policy<\/a><\/li>\n<li class=\"page_item page-item-3565\"><a href=\"https:\/\/lesambassadeurs.com\/ru\/\">Home<\/a><\/li>\n<li class=\"page_item page-item-4363\"><a href=\"https:\/\/lesambassadeurs.com\/ru\/privacy-policy\/\">Privacy Policy &#038; Fair Processing Notice<\/a><\/li>\n<\/ul>\n<h2 class=\"wsp-posts-title\">Posts by category<\/h2>\n<ul class=\"wsp-posts-list\">\n\t<li><strong class=\"wsp-category-title\">Category: <a href=\"https:\/\/lesambassadeurs.com\/ru\/blog\/category\/%d0%b8%d0%b7%d1%8b%d1%81%d0%ba%d0%b0%d0%bd%d0%bd%d0%b0%d1%8f-%d0%ba%d1%83%d1%85%d0%bd%d1%8f\/\">\u0418\u0437\u044b\u0441\u043a\u0430\u043d\u043d\u0430\u044f \u043a\u0443\u0445\u043d\u044f<\/a><\/strong>\n<ul class=\"wsp-posts-list\">\t\t<li class=\"wsp-post\"><a href=\"https:\/\/lesambassadeurs.com\/ru\/blog\/presenting-christophe-thuilot-our-hospitality-director\/\">\u00d0\u2014\u00d0\u00bd\u00d0\u00b0\u00d0\u00ba\u00d0\u00be\u00d0\u00bc\u00d1\u0152\u00d1\u201a\u00d0\u00b5\u00d1\u0081\u00d1\u0152, \u00d0\u0161\u00d1\u20ac\u00d0\u00b8\u00d1\u0081\u00d1\u201a\u00d0\u00be\u00d1\u201e \u00d0\u00a2\u00d1\u017d\u00d0\u00bb\u00d0\u00be \u00e2\u20ac\u201c \u00d0\u00bd\u00d0\u00b0\u00d1\u02c6 \u00d0\u201d\u00d0\u00b8\u00d1\u20ac\u00d0\u00b5\u00d0\u00ba\u00d1\u201a\u00d0\u00be\u00d1\u20ac \u00d0\u00bf\u00d0\u00be \u00d0\u00b3\u00d0\u00be\u00d1\u0081\u00d1\u201a\u00d0\u00b5\u00d0\u00bf\u00d1\u20ac\u00d0\u00b8\u00d0\u00b8\u00d0\u00bc\u00d1\u0081\u00d1\u201a\u00d0\u00b2\u00d1\u0192<\/a><\/li>\n\t\t<li class=\"wsp-post\"><a href=\"https:\/\/lesambassadeurs.com\/ru\/blog\/paul-muddiman-executive-chef\/\">INTRODUCING PAUL MUDDIMAN &#8211; OUR EXECUTIVE CHEF<\/a><\/li>\n\t\t<li class=\"wsp-post\"><a href=\"https:\/\/lesambassadeurs.com\/ru\/blog\/meet-fadi-andraous-our-amazing-arabic-chef\/\">\u00d0\u2019\u00d1\u0081\u00d1\u201a\u00d1\u20ac\u00d0\u00b5\u00d1\u2021\u00d0\u00b0\u00d0\u00b9\u00d1\u201a\u00d0\u00b5 \u00d0\u00a4\u00d0\u00b0\u00d0\u00b4\u00d0\u00b8 \u00d0\u0090\u00d0\u00bd\u00d0\u00b4\u00d1\u20ac\u00d0\u00b0\u00d1\u0192\u00d1\u0081\u00d0\u00b0 \u00e2\u20ac\u201c \u00d0\u00bd\u00d0\u00b0\u00d1\u02c6\u00d0\u00b5\u00d0\u00b3\u00d0\u00be \u00d1\u0192\u00d0\u00b4\u00d0\u00b8\u00d0\u00b2\u00d0\u00b8\u00d1\u201a\u00d0\u00b5\u00d0\u00bb\u00d1\u0152\u00d0\u00bd\u00d0\u00be\u00d0\u00b3\u00d0\u00be \u00d1\u02c6\u00d0\u00b5\u00d1\u201e-\u00d0\u00bf\u00d0\u00be\u00d0\u00b2\u00d0\u00b0\u00d1\u20ac\u00d0\u00b0 \u00d0\u00b0\u00d1\u20ac\u00d0\u00b0\u00d0\u00b1\u00d1\u0081\u00d0\u00ba\u00d0\u00be\u00d0\u00b9 \u00d0\u00ba\u00d1\u0192\u00d1\u2026\u00d0\u00bd\u00d0\u00b8<\/a><\/li>\n<\/ul><\/li>\n<\/ul>\n<h2 class=\"wsp-events-title\">Events<\/h2>\n<ul class=\"wsp-events-list\">\n<li><a href=\"https:\/\/lesambassadeurs.com\/ru\/event\/royal-ascot\/\">\u00d0\u0161\u00d0\u00be\u00d1\u20ac\u00d0\u00be\u00d0\u00bb\u00d0\u00b5\u00d0\u00b2\u00d1\u0081\u00d0\u00ba\u00d0\u00b8\u00d0\u00b5 \u00d1\u0081\u00d0\u00ba\u00d0\u00b0\u00d1\u2021\u00d0\u00ba\u00d0\u00b8 \u00d0\u00b2 \u00d0\u0090\u00d1\u0081\u00d0\u00ba\u00d0\u00be\u00d1\u201a\u00d0\u00b5<\/a><\/li>\n<li><a href=\"https:\/\/lesambassadeurs.com\/ru\/event\/premier-league\/\">\u041f\u0440\u0435\u043c\u044c\u0435\u0440-\u043b\u0438\u0433\u0430<\/a><\/li>\n<li><a href=\"https:\/\/lesambassadeurs.com\/ru\/event\/henley-regatta\/\">\u041a\u043e\u0440\u043e\u043b\u0435\u0432\u0441\u043a\u0430\u044f \u0420\u0435\u0433\u0430\u0442\u0430 \u0425\u0435\u043d\u043b\u0438<\/a><\/li>\n<\/ul>\n<\/div>\n<\/div><\/div>","protected":false},"excerpt":{"rendered":"","protected":false},"author":2,"featured_media":0,"parent":0,"menu_order":0,"comment_status":"closed","ping_status":"closed","template":"","meta":{"_acf_changed":false,"disable_featured_image":false,"footnotes":""},"class_list":["post-3681","page","type-page","status-publish"],"acf":[],"_links":{"self":[{"href":"https:\/\/lesambassadeurs.com\/ru\/wp-json\/wp\/v2\/pages\/3681","targetHints":{"allow":["GET"]}}],"collection":[{"href":"https:\/\/lesambassadeurs.com\/ru\/wp-json\/wp\/v2\/pages"}],"about":[{"href":"https:\/\/lesambassadeurs.com\/ru\/wp-json\/wp\/v2\/types\/page"}],"author":[{"embeddable":true,"href":"https:\/\/lesambassadeurs.com\/ru\/wp-json\/wp\/v2\/users\/2"}],"replies":[{"embeddable":true,"href":"https:\/\/lesambassadeurs.com\/ru\/wp-json\/wp\/v2\/comments?post=3681"}],"version-history":[{"count":0,"href":"https:\/\/lesambassadeurs.com\/ru\/wp-json\/wp\/v2\/pages\/3681\/revisions"}],"wp:attachment":[{"href":"https:\/\/lesambassadeurs.com\/ru\/wp-json\/wp\/v2\/media?parent=3681"}],"curies":[{"name":"wp","href":"https:\/\/api.w.org\/{rel}","templated":true}]}}