{"id":3551,"date":"2019-10-29T15:49:13","date_gmt":"2019-10-29T15:49:13","guid":{"rendered":"http:\/\/lesambassadeurs.ambassadeursgroup.com\/%e3%82%af%e3%83%a9%e3%83%96\/"},"modified":"2019-12-11T20:05:14","modified_gmt":"2019-12-11T20:05:14","slug":"the-club","status":"publish","type":"page","link":"https:\/\/lesambassadeurs.com\/ja\/the-club\/","title":{"rendered":"\u00e3\u201a\u00af\u00e3\u0192\u00a9\u00e3\u0192\u2013"},"content":{"rendered":"<div class=\"feature-panel-gradient\"><\/div>\r\n<div id=\"feature-panel-block_5d5d33f14dc9a\" class=\"content-block feature-panel-block\">\r\n<style type=\"text\/css\">\r\n#feature-panel-block_5d5d33f14dc9a {\r\npadding-bottom: 40px;}\r\n@media all and (max-width:768px) {\r\n#feature-panel-block_5d5d33f14dc9a {\r\n  padding-bottom: 40px;}\r\n}\r\n<\/style>\r\n\r\n<div class=\"feature-panel-content feature-panel-content-image rellax\" data-rellax-speed=\"-2.4\">\r\n<img loading=\"lazy\" decoding=\"async\" width=\"1920\" height=\"720\" src=\"https:\/\/lesambassadeurs.com\/wp-content\/uploads\/2019\/11\/LesA_THECLUB_HeaderImage1920x720px.jpg\" class=\"attachment-full size-full\" alt=\"Gaming Rooms - Les Ambassedeurs\" srcset=\"https:\/\/lesambassadeurs.com\/wp-content\/uploads\/2019\/11\/LesA_THECLUB_HeaderImage1920x720px.jpg 1920w, https:\/\/lesambassadeurs.com\/wp-content\/uploads\/2019\/11\/LesA_THECLUB_HeaderImage1920x720px-300x113.jpg 300w, https:\/\/lesambassadeurs.com\/wp-content\/uploads\/2019\/11\/LesA_THECLUB_HeaderImage1920x720px-1024x384.jpg 1024w, https:\/\/lesambassadeurs.com\/wp-content\/uploads\/2019\/11\/LesA_THECLUB_HeaderImage1920x720px-768x288.jpg 768w, https:\/\/lesambassadeurs.com\/wp-content\/uploads\/2019\/11\/LesA_THECLUB_HeaderImage1920x720px-1536x576.jpg 1536w, https:\/\/lesambassadeurs.com\/wp-content\/uploads\/2019\/11\/LesA_THECLUB_HeaderImage1920x720px-24x9.jpg 24w, https:\/\/lesambassadeurs.com\/wp-content\/uploads\/2019\/11\/LesA_THECLUB_HeaderImage1920x720px-36x14.jpg 36w, https:\/\/lesambassadeurs.com\/wp-content\/uploads\/2019\/11\/LesA_THECLUB_HeaderImage1920x720px-193x72.jpg 193w\" sizes=\"auto, (max-width: 1920px) 100vw, 1920px\" \/>\r\n\r\n<\/div>\r\n\r\n\r\n<div class=\"feature-panel-text\">\r\n     <div class=\"feature-panel-cut-out-left\"><\/div><div class=\"feature-panel-cut-out-right\"><\/div>\r\n<div class=\"feature-panel-text-inner block-inner\">\r\n<h1 class=\"entry-title\" itemprop=\"headline\">\u00e3\u201a\u00af\u00e3\u0192\u00a9\u00e3\u0192\u2013<\/h1>\r\n\r\n<p>\u00e8\u00b1\u00aa\u00e8\u008f\u00af\u00e7\u00b5\u00a2\u00e7\u02c6\u203a\u00e3\u0081\u00aa\u00e3\u201a\u00af\u00e3\u0192\u00a9\u00e3\u0192\u2013\u00e3\u201a\u2019\u00e3\u0192\u00aa\u00e3\u0192\u00a9\u00e3\u0192\u0192\u00e3\u201a\u00af\u00e3\u201a\u00b9\u00e3\u0081\u2014\u00e3\u0081\u00a6\u00e5\u00bf\u0192\u00e8\u00a1\u0152\u00e3\u0081\u008f\u00e3\u0081\u00be\u00e3\u0081\u00a7\u00e6\u00a5\u00bd\u00e3\u0081\u2014\u00e3\u0081\u00bf\u00e3\u0081\u00be\u00e3\u0081\u2014\u00e3\u201a\u2021\u00e3\u0081\u2020<\/p>\n<\/div>\r\n<\/div>\r\n<script src=\"\/rellax.min.js\"><\/script>\r\n\r\n<script>\r\nfunction myFunction(x) {\r\n  if (x.matches) { \/\/ If media query matches\r\n    jQuery(document).ready(function(){\r\n   jQuery('.feature-panel-content').removeAttr('data-rellax-speed');\r\njQuery('.feature-panel-content').removeClass('rellax');\r\n    });\r\n  } else {\r\n    jQuery(document).ready(function(){\r\n    var rellax = new Rellax('.rellax');\r\n   });\r\n  }\r\n}\r\n\r\nvar x = window.matchMedia(\"(max-width: 1024px)\")\r\nmyFunction(x) \/\/ Call listener function at run time\r\nx.addListener(myFunction) \/\/ Attach listener function on state changes\r\n<\/script>\r\n\r\n<\/div>\r\n<div id=\"single-image-text-overlay-block_5d5d34c24dc9b\" class=\"content-block single-image-text-overlay-block align-full-width image-align- center text-align-\">\r\n\r\n<style type=\"text\/css\">\r\n#single-image-text-overlay-block_5d5d34c24dc9b {\r\npadding-top: 60px;padding-right: 0px;padding-bottom: 76px;padding-left: 0px;}\r\n@media all and (max-width:768px) {\r\n#single-image-text-overlay-block_5d5d34c24dc9b {\r\npadding-top: 40px;\r\npadding-right: 0px;padding-bottom: 76px;padding-left: 0px;}\r\n}\r\n<\/style>\r\n\r\n<div class=\"single-image-text-overlay-image aos-init aos-animate\" data-aos=\"fade-in\">\r\n<img loading=\"lazy\" decoding=\"async\" width=\"1364\" height=\"536\" src=\"https:\/\/lesambassadeurs.com\/wp-content\/uploads\/2019\/11\/LesA_THECLUB-HISTORY_Image1364x536px.jpg\" class=\"attachment-full size-full\" alt=\"The Club - History - Les Ambassadeurs\" srcset=\"https:\/\/lesambassadeurs.com\/wp-content\/uploads\/2019\/11\/LesA_THECLUB-HISTORY_Image1364x536px.jpg 1364w, https:\/\/lesambassadeurs.com\/wp-content\/uploads\/2019\/11\/LesA_THECLUB-HISTORY_Image1364x536px-300x118.jpg 300w, https:\/\/lesambassadeurs.com\/wp-content\/uploads\/2019\/11\/LesA_THECLUB-HISTORY_Image1364x536px-1024x402.jpg 1024w, https:\/\/lesambassadeurs.com\/wp-content\/uploads\/2019\/11\/LesA_THECLUB-HISTORY_Image1364x536px-768x302.jpg 768w, https:\/\/lesambassadeurs.com\/wp-content\/uploads\/2019\/11\/LesA_THECLUB-HISTORY_Image1364x536px-24x9.jpg 24w, https:\/\/lesambassadeurs.com\/wp-content\/uploads\/2019\/11\/LesA_THECLUB-HISTORY_Image1364x536px-36x14.jpg 36w, https:\/\/lesambassadeurs.com\/wp-content\/uploads\/2019\/11\/LesA_THECLUB-HISTORY_Image1364x536px-193x76.jpg 193w\" sizes=\"auto, (max-width: 1364px) 100vw, 1364px\" \/><\/div>\r\n\r\n<div class=\"single-image-text-overlay-text-container aos-init aos-animate\" data-aos=\"fade-up\">\r\n\t\r\n<h2>\u00e6\u00ad\u00b4\u00e5\u008f\u00b2<\/h2><p>\u00e3\u0192\u02dc\u00e3\u0192\u00b3\u00e3\u0192\u00aa\u00e3\u0192\u00bc8\u00e4\u00b8\u2013\u00e3\u0081\u00ae\u00e7\u2039\u00a9\u00e7\u0152\u0178\u00e7\u201d\u00a8\u00e3\u0192\u00ad\u00e3\u0192\u0192\u00e3\u201a\u00b8\u00e3\u0081\u00ae\u00e6\u2022\u00b7\u00e5\u0153\u00b0\u00e3\u0081\u00ae\u00e4\u00b8\u20ac\u00e3\u0081\u00a4\u00e3\u0081\u00ab\u00e8\u00a8\u00ad\u00e7\u00bd\u00ae\u00e3\u0081\u2022\u00e3\u201a\u0152\u00e3\u0081\u0178\u00e3\u0192\u00ac\u00e3\u201a\u00b6\u00e3\u0192\u00b3\u00e3\u0192\u0090\u00e3\u201a\u00b5\u00e3\u0192\u2030\u00e3\u0192\u00a5\u00e3\u0192\u00bc\u00e3\u0192\u00ab \u00e3\u0081\u00ae\u00e8\u02c6\u02c6\u00e5\u2018\u00b3\u00e6\u00b7\u00b1\u00e3\u0081\u201e\u00e6\u00ad\u00b4\u00e5\u008f\u00b2\u00e3\u0081\u00af\u00e3\u20ac\u0081\u00e5\u0090\u0152\u00e3\u201a\u00af\u00e3\u0192\u00a9\u00e3\u0192\u2013\u00e3\u201a\u2019\u00e6\u00af\u201d\u00e9\u00a1\u017e\u00e3\u0081\u00ae\u00e3\u0081\u00aa\u00e3\u0081\u201e\u00e3\u201a\u201a\u00e3\u0081\u00ae\u00e3\u0081\u00ab\u00e3\u0081\u2014\u00e3\u0081\u00a6\u00e3\u0081\u201e\u00e3\u0081\u00be\u00e3\u0081\u2122\u00e3\u20ac\u201a100\u00e5\u00b9\u00b4\u00e4\u00bb\u00a5\u00e4\u00b8\u0160\u00e3\u0081\u00ab\u00e3\u201a\u008f\u00e3\u0081\u0178\u00e3\u201a\u2039\u00e9\u2022\u00b7\u00e5\u00b9\u00b4\u00e3\u0081\u00ae\u00e9\u2013\u201c\u00e3\u20ac\u0081\u00e3\u0081\u201c\u00e3\u0081\u00ae\u00e5\u0153\u00b0\u00e3\u0081\u00ab\u00e4\u00bd\u008f\u00e3\u0081\u00bf\u00e7\u00b6\u0161\u00e3\u0081\u2018\u00e3\u0081\u00a6\u00e3\u0081\u008d\u00e3\u0081\u0178\u00e8\u2039\u00b1\u00e5\u203a\u00bd\u00e3\u0081\u00ae\u00e7\u0178\u00a5\u00e8\u00ad\u02dc\u00e9\u0161\u017d\u00e7\u00b4\u0161\u00e3\u20ac\u0081\u00e8\u00b2\u00b4\u00e6\u2014\u008f\u00e3\u20ac\u0081\u00e8\u2018\u2014\u00e5\u0090\u008d\u00e4\u00ba\u00ba\u00e3\u0081\u00ae\u00e5\u00be\u0152\u00e3\u0081\u00ab\u00e7\u00b6\u0161\u00e3\u0081\u008f\u00e4\u00bc\u0161\u00e5\u201c\u00a1\u00e3\u0081\u00ae\u00e7\u0161\u2020\u00e6\u00a7\u02dc\u00e3\u0081\u00af\u00e3\u20ac\u0081\u00e3\u0081\u009d\u00e3\u0081\u00ae\u00e9\u009d\u017e\u00e5\u00b8\u00b8\u00e3\u0081\u00ab\u00e3\u0192\u00a6\u00e3\u0192\u2039\u00e3\u0192\u00bc\u00e3\u201a\u00af\u00e3\u0081\u00aa\u00e6\u00ad\u00b4\u00e5\u008f\u00b2\u00e3\u0081\u00ae\u00e4\u00b8\u20ac\u00e9\u0192\u00a8\u00e3\u0081\u00a7\u00e3\u0081\u2122\u00e3\u20ac\u201a<\/p>\n<div class=\"gold-link\"><span class=\"gold-line gold-left\"><\/span><a class=\"lsb-text-overlay-link\" href=\"https:\/\/lesambassadeurs.com\/ja\/the-club\/\" target=\"_self\">\u00e3\u201a\u201a\u00e3\u0081\u00a3\u00e3\u0081\u00a8\u00e5\u00a4\u0161\u00e3\u0081\u008f<\/a><span class=\"gold-line gold-right\"><\/span><\/div><div class=\"text-component-triangle\">\r\n<img decoding=\"async\" src=\"\/wp-content\/uploads\/2019\/08\/triangle.png\">\r\n<\/div>\r\n<\/div>\r\n\r\n<\/div>\r\n<div id=\"single-image-text-overlay-block_5d5d360bfb01c\" class=\"content-block single-image-text-overlay-block align-full-width image-align- right text-align- center\">\r\n\r\n<style type=\"text\/css\">\r\n#single-image-text-overlay-block_5d5d360bfb01c {\r\npadding-top: 60px;padding-right: 0px;padding-bottom: 76px;padding-left: 0px;}\r\n@media all and (max-width:768px) {\r\n#single-image-text-overlay-block_5d5d360bfb01c {\r\npadding-top: 40px;\r\npadding-right: 0px;padding-bottom: 76px;padding-left: 0px;}\r\n}\r\n<\/style>\r\n\r\n<div class=\"single-image-text-overlay-image aos-init aos-animate\" data-aos=\"fade-in\">\r\n<img loading=\"lazy\" decoding=\"async\" width=\"1364\" height=\"536\" src=\"https:\/\/lesambassadeurs.com\/wp-content\/uploads\/2019\/11\/LesA_THECLUB-LIBRARY_Image1364x536px.jpg\" class=\"attachment-full size-full\" alt=\"The Club - Library - Les Ambassadeurs\" srcset=\"https:\/\/lesambassadeurs.com\/wp-content\/uploads\/2019\/11\/LesA_THECLUB-LIBRARY_Image1364x536px.jpg 1364w, https:\/\/lesambassadeurs.com\/wp-content\/uploads\/2019\/11\/LesA_THECLUB-LIBRARY_Image1364x536px-300x118.jpg 300w, https:\/\/lesambassadeurs.com\/wp-content\/uploads\/2019\/11\/LesA_THECLUB-LIBRARY_Image1364x536px-1024x402.jpg 1024w, https:\/\/lesambassadeurs.com\/wp-content\/uploads\/2019\/11\/LesA_THECLUB-LIBRARY_Image1364x536px-768x302.jpg 768w, https:\/\/lesambassadeurs.com\/wp-content\/uploads\/2019\/11\/LesA_THECLUB-LIBRARY_Image1364x536px-24x9.jpg 24w, https:\/\/lesambassadeurs.com\/wp-content\/uploads\/2019\/11\/LesA_THECLUB-LIBRARY_Image1364x536px-36x14.jpg 36w, https:\/\/lesambassadeurs.com\/wp-content\/uploads\/2019\/11\/LesA_THECLUB-LIBRARY_Image1364x536px-193x76.jpg 193w\" sizes=\"auto, (max-width: 1364px) 100vw, 1364px\" \/><\/div>\r\n\r\n<div class=\"single-image-text-overlay-text-container aos-init aos-animate\" data-aos=\"fade-up\">\r\n\t\r\n<h2>\u00e5\u203a\u00b3\u00e6\u203a\u00b8\u00e5\u00ae\u00a4<\/h2><p>\u00e6\u0153\u00a8\u00e5\u00bd\u00ab\u00e3\u201a\u0160\u00e3\u0081\u00ae\u00e5\u00b7\u00a8\u00e5\u0152\u00a0\u00e3\u201a\u00b7\u00e3\u201a\u00a7\u00e3\u0192\u00b4\u00e3\u201a\u00a1\u00e3\u0192\u00aa\u00e3\u201a\u00a8\u00e3\u0192\u00bb\u00e3\u0192\u00aa\u00e3\u0192\u0160\u00e3\u0192\u00ab\u00e3\u0192\u2030\u00e3\u0192\u00bb\u00e3\u0192\u0090\u00e3\u0192\u00ab\u00e3\u0192\u2122\u00e3\u0192\u0192\u00e3\u0192\u2020\u00e3\u201a\u00a3\u00e3\u0081\u01521879\u00e5\u00b9\u00b4\u00e3\u0081\u00ab\u00e3\u0192\u2021\u00e3\u201a\u00b6\u00e3\u201a\u00a4\u00e3\u0192\u00b3\u00e3\u0081\u2014\u00e3\u0081\u0178\u00e3\u0081\u201c\u00e3\u0081\u00ae\u00e5\u203a\u00b3\u00e6\u203a\u00b8\u00e5\u00ae\u00a4\u00e3\u0081\u00af\u00e3\u20ac\u0081\u00e3\u0192\u00ac\u00e3\u201a\u00b6\u00e3\u0192\u00b3\u00e3\u0192\u0090\u00e3\u201a\u00b5\u00e3\u0192\u2030\u00e3\u0192\u00a5\u00e3\u0192\u00bc\u00e3\u0192\u00ab \u00e3\u0081\u00a7\u00e6\u0153\u20ac\u00e3\u201a\u201a\u00e8\u00a4\u2021\u00e9\u203a\u2018\u00e3\u0081\u00ab\u00e8\u00a8\u00ad\u00e8\u00a8\u02c6\u00e3\u0081\u2022\u00e3\u201a\u0152\u00e3\u0081\u0178\u00e9\u0192\u00a8\u00e5\u00b1\u2039\u00e3\u0081\u00ae\u00e4\u00b8\u20ac\u00e3\u0081\u00a4\u00e3\u0081\u00a7\u00e3\u0081\u2122\u00e3\u20ac\u201a \u00e3\u201a\u00bf\u00e3\u0192\u0161\u00e3\u201a\u00b9\u00e3\u0192\u02c6\u00e3\u0192\u00aa\u00e3\u0192\u00bc\u00e3\u0192\u2018\u00e3\u0192\u008d\u00e3\u0192\u00ab\u00e3\u0081\u00ae\u00e5\u00a3\u0081\u00e3\u0081\u00a8\u00e3\u0081\u0152\u00e3\u0081\u00a3\u00e3\u0081\u2014\u00e3\u201a\u0160\u00e3\u0081\u2014\u00e3\u0081\u0178\u00e3\u201a\u00aa\u00e3\u0192\u00bc\u00e3\u201a\u00af\u00e6\u009d\u0090\u00e3\u0081\u00ae\u00e9\u0161\u017d\u00e6\u00ae\u00b5\u00e3\u0081\u0152\u00e7\u2030\u00b9\u00e5\u00be\u00b4\u00e3\u0081\u00ae\u00e3\u0081\u201c\u00e3\u0081\u00ae\u00e5\u203a\u00b3\u00e6\u203a\u00b8\u00e5\u00ae\u00a4\u00e3\u0081\u00af\u00e3\u20ac\u0081\u00e9\u009d\u2122\u00e3\u0081\u2039\u00e3\u0081\u00ab\u00e3\u201a\u2020\u00e3\u0081\u00a3\u00e3\u0081\u0178\u00e3\u201a\u0160\u00e3\u0081\u00a8\u00e6\u2122\u201a\u00e3\u201a\u2019\u00e9\u0081\u017d\u00e3\u0081\u201d\u00e3\u0081\u2122\u00e3\u0081\u00ae\u00e3\u0081\u00ab\u00e6\u0153\u20ac\u00e9\u0081\u00a9\u00e3\u0081\u00aa\u00e7\u00be\u017d\u00e3\u0081\u2014\u00e3\u0081\u201e\u00e7\u00a9\u00ba\u00e9\u2013\u201c\u00e3\u201a\u2019\u00e6\u008f\u0090\u00e4\u00be\u203a\u00e3\u0081\u2014\u00e3\u0081\u00be\u00e3\u0081\u2122\u00e3\u20ac\u201a<\/p>\n<div class=\"gold-link\"><span class=\"gold-line gold-left\"><\/span><a class=\"lsb-text-overlay-link\" href=\"https:\/\/lesambassadeurs.com\/ja\/the-club\/\" target=\"_self\">\u00e3\u201a\u201a\u00e3\u0081\u00a3\u00e3\u0081\u00a8\u00e5\u00a4\u0161\u00e3\u0081\u008f<\/a><span class=\"gold-line gold-right\"><\/span><\/div><div class=\"text-component-triangle\">\r\n<img decoding=\"async\" src=\"\/wp-content\/uploads\/2019\/08\/triangle.png\">\r\n<\/div>\r\n<\/div>\r\n\r\n<\/div>\r\n<div id=\"single-image-text-overlay-block_5d5d3655fb01d\" class=\"content-block single-image-text-overlay-block align-full-width image-align- left text-align- center\">\r\n\r\n<style type=\"text\/css\">\r\n#single-image-text-overlay-block_5d5d3655fb01d {\r\npadding-top: 60px;padding-right: 0px;padding-bottom: 76px;padding-left: 0px;}\r\n@media all and (max-width:768px) {\r\n#single-image-text-overlay-block_5d5d3655fb01d {\r\npadding-top: 40px;\r\npadding-right: 0px;padding-bottom: 76px;padding-left: 0px;}\r\n}\r\n<\/style>\r\n\r\n<div class=\"single-image-text-overlay-image aos-init aos-animate\" data-aos=\"fade-in\">\r\n<img loading=\"lazy\" decoding=\"async\" width=\"1364\" height=\"536\" src=\"https:\/\/lesambassadeurs.com\/wp-content\/uploads\/2019\/11\/LesA_THECLUB-GAMINGROOMS_Image1364x536px.jpg\" class=\"attachment-full size-full\" alt=\"The Club - Gaming Rooms - Les Ambassadeurs\" srcset=\"https:\/\/lesambassadeurs.com\/wp-content\/uploads\/2019\/11\/LesA_THECLUB-GAMINGROOMS_Image1364x536px.jpg 1364w, https:\/\/lesambassadeurs.com\/wp-content\/uploads\/2019\/11\/LesA_THECLUB-GAMINGROOMS_Image1364x536px-300x118.jpg 300w, https:\/\/lesambassadeurs.com\/wp-content\/uploads\/2019\/11\/LesA_THECLUB-GAMINGROOMS_Image1364x536px-1024x402.jpg 1024w, https:\/\/lesambassadeurs.com\/wp-content\/uploads\/2019\/11\/LesA_THECLUB-GAMINGROOMS_Image1364x536px-768x302.jpg 768w, https:\/\/lesambassadeurs.com\/wp-content\/uploads\/2019\/11\/LesA_THECLUB-GAMINGROOMS_Image1364x536px-24x9.jpg 24w, https:\/\/lesambassadeurs.com\/wp-content\/uploads\/2019\/11\/LesA_THECLUB-GAMINGROOMS_Image1364x536px-36x14.jpg 36w, https:\/\/lesambassadeurs.com\/wp-content\/uploads\/2019\/11\/LesA_THECLUB-GAMINGROOMS_Image1364x536px-193x76.jpg 193w\" sizes=\"auto, (max-width: 1364px) 100vw, 1364px\" \/><\/div>\r\n\r\n<div class=\"single-image-text-overlay-text-container aos-init aos-animate\" data-aos=\"fade-up\">\r\n\t\r\n<h2>\u00e8\u00b3\u00ad\u00e5\u008d\u0161\u00e5\u00ae\u00a4<\/h2><p>\u00e4\u00bc\u0161\u00e5\u201c\u00a1\u00e3\u0081\u00a8\u00e3\u0081\u009d\u00e3\u0081\u00ae\u00e3\u201a\u00b2\u00e3\u201a\u00b9\u00e3\u0192\u02c6\u00e3\u0081\u00ae\u00e7\u0161\u2020\u00e6\u00a7\u02dc\u00e3\u0081\u00af\u00e3\u20ac\u0081\u00e3\u0081\u009d\u00e3\u0081\u00ae\u00e3\u0081\u00bb\u00e3\u0081\u00a8\u00e3\u201a\u201c\u00e3\u0081\u00a9\u00e3\u0081\u0152\u00e9\u009d\u2122\u00e3\u0081\u2039\u00e3\u0081\u00aa\u00e3\u0192\u2020\u00e3\u0192\u00a9\u00e3\u201a\u00b9\u00e3\u0081\u00a8\u00e3\u0192\u20ac\u00e3\u201a\u00a4\u00e3\u0192\u2039\u00e3\u0192\u00b3\u00e3\u201a\u00b0\u00e3\u201a\u00a8\u00e3\u0192\u00aa\u00e3\u201a\u00a2\u00e3\u201a\u2019\u00e5\u201a\u2122\u00e3\u0081\u02c6\u00e3\u201a\u2039\u00e5\u20ac\u2039\u00e5\u00ae\u00a4\u00e3\u0081\u00ae\u00e4\u00b8\u20ac\u00e3\u0081\u00a4\u00e3\u201a\u2019\u00e3\u0081\u201d\u00e5\u02c6\u00a9\u00e7\u201d\u00a8\u00e3\u0081\u201e\u00e3\u0081\u0178\u00e3\u0081\u00a0\u00e3\u0081\u2018\u00e3\u0081\u00be\u00e3\u0081\u2122\u00e3\u20ac\u201a\u00e3\u0192\u00ac\u00e3\u201a\u00b6\u00e3\u0192\u00b3\u00e3\u0192\u0090\u00e3\u201a\u00b5\u00e3\u0192\u2030\u00e3\u0192\u00a5\u00e3\u0192\u00bc\u00e3\u0192\u00ab \u00e3\u201a\u2019\u00e4\u00b8\u2013\u00e7\u2022\u0152\u00e4\u00b8\u00ad\u00e3\u0081\u00a7\u00e8\u2018\u2014\u00e5\u0090\u008d\u00e3\u0081\u00ab\u00e3\u0081\u2014\u00e3\u0081\u00a6\u00e3\u0081\u201e\u00e3\u201a\u2039\u00e3\u0081\u009d\u00e3\u0081\u00ae\u00e7\u00b4\u00a0\u00e6\u2122\u00b4\u00e3\u201a\u2030\u00e3\u0081\u2014\u00e3\u0081\u201e\u00e3\u201a\u00b5\u00e3\u0192\u00bc\u00e3\u0192\u201c\u00e3\u201a\u00b9\u00e3\u201a\u2019\u00e5\u00bc\u2022\u00e3\u0081\u008d\u00e7\u00b6\u0161\u00e3\u0081\u008d\u00e3\u0081\u0160\u00e6\u00a5\u00bd\u00e3\u0081\u2014\u00e3\u0081\u00bf\u00e3\u0081\u201e\u00e3\u0081\u0178\u00e3\u0081\u00a0\u00e3\u0081\u008d\u00e3\u0081\u00aa\u00e3\u0081\u0152\u00e3\u201a\u2030\u00e3\u20ac\u0081\u00e4\u00bc\u0161\u00e5\u201c\u00a1\u00e3\u0081\u00a8\u00e3\u0081\u009d\u00e3\u0081\u00ae\u00e3\u201a\u00b2\u00e3\u201a\u00b9\u00e3\u0192\u02c6\u00e3\u0081\u00ae\u00e7\u0161\u2020\u00e6\u00a7\u02dc\u00e3\u0081\u00a0\u00e3\u0081\u2018\u00e3\u0081\u00ab\u00e6\u008f\u0090\u00e4\u00be\u203a\u00e3\u0081\u2022\u00e3\u201a\u0152\u00e3\u201a\u2039\u00e7\u00a9\u00ba\u00e9\u2013\u201c\u00e3\u201a\u2019\u00e3\u0081\u0153\u00e3\u0081\u00b2\u00e3\u0081\u201d\u00e5\u02c6\u00a9\u00e7\u201d\u00a8\u00e3\u0081\u008f\u00e3\u0081\u00a0\u00e3\u0081\u2022\u00e3\u0081\u201e\u00e3\u20ac\u201a<\/p>\n<div class=\"gold-link\"><span class=\"gold-line gold-left\"><\/span><a class=\"lsb-text-overlay-link\" href=\"https:\/\/lesambassadeurs.com\/ja\/the-club\/\" target=\"_self\">\u00e3\u201a\u201a\u00e3\u0081\u00a3\u00e3\u0081\u00a8\u00e5\u00a4\u0161\u00e3\u0081\u008f<\/a><span class=\"gold-line gold-right\"><\/span><\/div><div class=\"text-component-triangle\">\r\n<img decoding=\"async\" src=\"\/wp-content\/uploads\/2019\/08\/triangle.png\">\r\n<\/div>\r\n<\/div>\r\n\r\n<\/div>\r\n<div id=\"single-image-text-overlay-block_5d5d36d1fb01e\" class=\"content-block single-image-text-overlay-block align-full-width image-align- center text-align-\">\r\n\r\n<style type=\"text\/css\">\r\n#single-image-text-overlay-block_5d5d36d1fb01e {\r\npadding-top: 60px;padding-right: 0px;padding-bottom: 76px;padding-left: 0px;}\r\n@media all and (max-width:768px) {\r\n#single-image-text-overlay-block_5d5d36d1fb01e {\r\npadding-top: 40px;\r\npadding-right: 0px;padding-bottom: 76px;padding-left: 0px;}\r\n}\r\n<\/style>\r\n\r\n<div class=\"single-image-text-overlay-image aos-init aos-animate\" data-aos=\"fade-in\">\r\n<img loading=\"lazy\" decoding=\"async\" width=\"1364\" height=\"536\" src=\"https:\/\/lesambassadeurs.com\/wp-content\/uploads\/2019\/10\/website-smoking-garden.jpg\" class=\"attachment-full size-full\" alt=\"\" srcset=\"https:\/\/lesambassadeurs.com\/wp-content\/uploads\/2019\/10\/website-smoking-garden.jpg 1364w, https:\/\/lesambassadeurs.com\/wp-content\/uploads\/2019\/10\/website-smoking-garden-300x118.jpg 300w, https:\/\/lesambassadeurs.com\/wp-content\/uploads\/2019\/10\/website-smoking-garden-768x302.jpg 768w, https:\/\/lesambassadeurs.com\/wp-content\/uploads\/2019\/10\/website-smoking-garden-1024x402.jpg 1024w, https:\/\/lesambassadeurs.com\/wp-content\/uploads\/2019\/10\/website-smoking-garden-24x9.jpg 24w, https:\/\/lesambassadeurs.com\/wp-content\/uploads\/2019\/10\/website-smoking-garden-36x14.jpg 36w, https:\/\/lesambassadeurs.com\/wp-content\/uploads\/2019\/10\/website-smoking-garden-193x76.jpg 193w\" sizes=\"auto, (max-width: 1364px) 100vw, 1364px\" \/><\/div>\r\n\r\n<div class=\"single-image-text-overlay-text-container aos-init aos-animate\" data-aos=\"fade-up\">\r\n\t\r\n<h2>\u00e5\u2013\u00ab\u00e7\u2026\u2122\u00e5\u00ba\u00ad\u00e5\u0153\u2019<\/h2><p>\u00e3\u0192\u00ac\u00e3\u201a\u00b6\u00e3\u0192\u00b3\u00e3\u0192\u0090\u00e3\u201a\u00b5\u00e3\u0192\u2030\u00e3\u0192\u00a5\u00e3\u0192\u00bc\u00e3\u0192\u00ab \u00e3\u0081\u00ae\u00e4\u00bc\u0161\u00e5\u201c\u00a1\u00e3\u0081\u00ae\u00e7\u0161\u2020\u00e6\u00a7\u02dc\u00e3\u0081\u00af\u00e3\u20ac\u0081\u00e4\u00b8\u00bb\u00e8\u00a6\u0081\u00e8\u00b3\u00ad\u00e5\u008d\u0161\u00e3\u0192\u2022\u00e3\u0192\u00ad\u00e3\u201a\u00a2\u00e3\u0081\u2039\u00e3\u201a\u2030\u00e3\u0192\u00ad\u00e3\u0192\u00b3\u00e3\u0192\u2030\u00e3\u0192\u00b3\u00e6\u0153\u20ac\u00e5\u00a4\u00a7\u00e3\u0081\u00ae\u00e5\u00b1\u2039\u00e5\u00a4\u2013\u00e8\u00b3\u00ad\u00e5\u008d\u0161\u00e5\u00a0\u00b4\u00e3\u0081\u00ab\u00e7\u203a\u00b4\u00e6\u017d\u00a5\u00e3\u201a\u00a2\u00e3\u201a\u00af\u00e3\u201a\u00bb\u00e3\u201a\u00b9\u00e3\u0081\u00a7\u00e3\u0081\u008d\u00e3\u0081\u00be\u00e3\u0081\u2122\u00e3\u20ac\u201a\u00e3\u0081\u201c\u00e3\u0081\u00ae\u00e5\u00b1\u2039\u00e5\u00a4\u2013\u00e8\u00b3\u00ad\u00e5\u008d\u0161\u00e5\u00a0\u00b4\u00e3\u0081\u00a7\u00e3\u0081\u00af\u00e3\u20ac\u0081\u00e6\u201a\u00aa\u00e5\u00a4\u00a9\u00e5\u20ac\u2122\u00e5\u00af\u00be\u00e7\u00ad\u2013\u00e8\u00a8\u00ad\u00e5\u201a\u2122\u00e3\u0081\u00ae\u00e3\u0081\u201a\u00e3\u201a\u2039\u00e3\u201a\u00a8\u00e3\u0192\u00b3\u00e3\u201a\u00bf\u00e3\u0192\u00bc\u00e3\u0192\u2020\u00e3\u201a\u00a4\u00e3\u0192\u00a1\u00e3\u0192\u00b3\u00e3\u0192\u02c6\u00e3\u201a\u00b7\u00e3\u201a\u00b9\u00e3\u0192\u2020\u00e3\u0192\u00a0\u00e3\u0081\u00a8\u00e5\u00ba\u0160\u00e4\u00b8\u2039\u00e6\u0161\u2013\u00e6\u02c6\u00bf\u00e3\u0081\u00a7\u00e3\u20ac\u0081\u00e6\u0153\u20ac\u00e9\u00ab\u02dc\u00e3\u0081\u00ae\u00e5\u00bf\u00ab\u00e9\u0081\u00a9\u00e3\u0081\u2022\u00e3\u0081\u0152\u00e4\u00bf\u009d\u00e3\u0081\u0178\u00e3\u201a\u0152\u00e3\u0081\u00a6\u00e3\u0081\u201e\u00e3\u0081\u00be\u00e3\u0081\u2122\u00e3\u20ac\u201a\u00e8\u00b1\u0160\u00e5\u00af\u0152\u00e3\u0081\u00aa\u00e8\u2018\u2030\u00e5\u00b7\u00bb\u00e3\u0192\u00a1\u00e3\u0192\u2039\u00e3\u0192\u00a5\u00e3\u0192\u00bc\u00e3\u0081\u00ae\u00e4\u00b8\u00ad\u00e3\u0081\u2039\u00e3\u201a\u2030\u00e3\u0081\u0160\u00e5\u00a5\u00bd\u00e3\u0081\u008d\u00e3\u0081\u00aa\u00e9\u0160\u02dc\u00e6\u0178\u201e\u00e3\u201a\u2019\u00e9\u0081\u00b8\u00e3\u201a\u201c\u00e3\u0081\u00a7\u00e3\u20ac\u0081\u00e3\u0192\u2018\u00e3\u0192\u00bc\u00e3\u201a\u00af\u00e3\u0192\u00ac\u00e3\u0192\u00bc\u00e3\u0192\u00b3\u00e3\u0081\u00ae\u00e3\u0081\u201c\u00e3\u0081\u00ae\u00e8\u00b4\u2026\u00e6\u00b2\u00a2\u00e3\u0081\u00aa\u00e5\u00ba\u00ad\u00e5\u0153\u2019\u00e3\u0081\u00a7\u00e3\u0192\u00a1\u00e3\u201a\u00a4\u00e3\u0192\u2022\u00e3\u201a\u00a7\u00e3\u201a\u00a2\u00e3\u0081\u00ae\u00e9\u203a\u00b0\u00e5\u203a\u00b2\u00e6\u00b0\u2014\u00e3\u201a\u2019\u00e3\u201a\u2020\u00e3\u0081\u00a3\u00e3\u0081\u0178\u00e3\u201a\u0160\u00e3\u0081\u00a8\u00e3\u0081\u0160\u00e6\u00a5\u00bd\u00e3\u0081\u2014\u00e3\u0081\u00bf\u00e3\u0081\u008f\u00e3\u0081\u00a0\u00e3\u0081\u2022\u00e3\u0081\u201e\u00e3\u20ac\u201a<\/p>\n<div class=\"gold-link\"><span class=\"gold-line gold-left\"><\/span><a class=\"lsb-text-overlay-link\" href=\"https:\/\/lesambassadeurs.com\/ja\/the-club\/\" target=\"_self\">\u00e3\u201a\u201a\u00e3\u0081\u00a3\u00e3\u0081\u00a8\u00e5\u00a4\u0161\u00e3\u0081\u008f<\/a><span class=\"gold-line gold-right\"><\/span><\/div><div class=\"text-component-triangle\">\r\n<img decoding=\"async\" src=\"\/wp-content\/uploads\/2019\/08\/triangle.png\">\r\n<\/div>\r\n<\/div>\r\n\r\n<\/div>","protected":false},"excerpt":{"rendered":"","protected":false},"author":2,"featured_media":0,"parent":0,"menu_order":0,"comment_status":"closed","ping_status":"closed","template":"","meta":{"_acf_changed":false,"disable_featured_image":false,"footnotes":""},"class_list":["post-3551","page","type-page","status-publish"],"acf":[],"_links":{"self":[{"href":"https:\/\/lesambassadeurs.com\/ja\/wp-json\/wp\/v2\/pages\/3551","targetHints":{"allow":["GET"]}}],"collection":[{"href":"https:\/\/lesambassadeurs.com\/ja\/wp-json\/wp\/v2\/pages"}],"about":[{"href":"https:\/\/lesambassadeurs.com\/ja\/wp-json\/wp\/v2\/types\/page"}],"author":[{"embeddable":true,"href":"https:\/\/lesambassadeurs.com\/ja\/wp-json\/wp\/v2\/users\/2"}],"replies":[{"embeddable":true,"href":"https:\/\/lesambassadeurs.com\/ja\/wp-json\/wp\/v2\/comments?post=3551"}],"version-history":[{"count":0,"href":"https:\/\/lesambassadeurs.com\/ja\/wp-json\/wp\/v2\/pages\/3551\/revisions"}],"wp:attachment":[{"href":"https:\/\/lesambassadeurs.com\/ja\/wp-json\/wp\/v2\/media?parent=3551"}],"curies":[{"name":"wp","href":"https:\/\/api.w.org\/{rel}","templated":true}]}}