{"id":2704,"date":"2019-09-26T11:54:42","date_gmt":"2019-09-26T10:54:42","guid":{"rendered":"http:\/\/lesambassadeurs.ambassadeursgroup.com\/eventos\/"},"modified":"2019-12-23T16:18:03","modified_gmt":"2019-12-23T16:18:03","slug":"eventos","status":"publish","type":"page","link":"https:\/\/lesambassadeurs.com\/es\/eventos\/","title":{"rendered":"Eventos"},"content":{"rendered":"<div class=\"feature-panel-gradient\"><\/div>\r\n<div id=\"feature-panel-block_5d9d9275d123c\" class=\"content-block feature-panel-block\">\r\n<style type=\"text\/css\">\r\n#feature-panel-block_5d9d9275d123c {\r\npadding-bottom: 40px;}\r\n@media all and (max-width:768px) {\r\n#feature-panel-block_5d9d9275d123c {\r\n  padding-bottom: 40px;}\r\n}\r\n<\/style>\r\n\r\n<div class=\"feature-panel-content feature-panel-content-image rellax\" data-rellax-speed=\"-2.4\">\r\n<img decoding=\"async\" src=\"https:\/\/lesambassadeurs.com\/wp-content\/uploads\/2019\/10\/WEB-EVENTS.jpg\" class=\"attachment-full size-full\" alt=\"events\" \/>\r\n\r\n<\/div>\r\n\r\n\r\n<div class=\"feature-panel-text\">\r\n     <div class=\"feature-panel-cut-out-left\"><\/div><div class=\"feature-panel-cut-out-right\"><\/div>\r\n<div class=\"feature-panel-text-inner block-inner\">\r\n<h1 class=\"entry-title\" itemprop=\"headline\">Eventos<\/h1>\r\n\r\n<\/div>\r\n<\/div>\r\n<script src=\"\/rellax.min.js\"><\/script>\r\n\r\n<script>\r\nfunction myFunction(x) {\r\n  if (x.matches) { \/\/ If media query matches\r\n    jQuery(document).ready(function(){\r\n   jQuery('.feature-panel-content').removeAttr('data-rellax-speed');\r\njQuery('.feature-panel-content').removeClass('rellax');\r\n    });\r\n  } else {\r\n    jQuery(document).ready(function(){\r\n    var rellax = new Rellax('.rellax');\r\n   });\r\n  }\r\n}\r\n\r\nvar x = window.matchMedia(\"(max-width: 1024px)\")\r\nmyFunction(x) \/\/ Call listener function at run time\r\nx.addListener(myFunction) \/\/ Attach listener function on state changes\r\n<\/script>\r\n\r\n<\/div><div class=\"heading-block\"><div class=\"block-inner\">\n<h2 class=\"has-text-align-center wp-block-heading\">Entrada VIP a eventos globales<\/h2>\n<\/div><\/div><div class=\"paragraph-block\"><div class=\"block-inner\">\n<p class=\"has-text-align-center\">Si se desea un descanso de las mesas, Les Ambassadeurs ofrece a sus miembros y a sus invitados la posibilidad de asistir a un sinf\u00edn de eventos de alto nivel. Gracias a nuestra inigualable lista de beneficios, tales como palcos privados, jets y reservas exclusivas, nuestros miembros pueden acceder a eventos en todo el mundo, as\u00ed como aqu\u00ed en el Reino Unido.<\/p>\n<\/div><\/div><div class=\"paragraph-block\"><div class=\"block-inner\">\n<p class=\"has-text-align-center\">Ya sea que desee visitar Chelsea para la famosa exposici\u00f3n de flores o hacer un viaje a Wentworth para jugar al golf, Les Ambassadeurs organizar\u00e1 todo lo necesario. Sea cual sea su actividad favorita, seguro que usted y sus acompa\u00f1antes podr\u00e1n con la abundancia de eventos, torneos y partidos que se celebran durante todo el a\u00f1o,.<\/p>\n<\/div><\/div>\r\n<div id=\"event-posts-loop-block_5e00dc81c6a6c\" class=\"content-block event-posts-loop-block align-full-width\">\r\n\r\n  <div class=\"facet-post-filers-container\"><div class=\"facetwp-facet facetwp-facet-categories facetwp-type-fselect\" data-name=\"categories\" data-type=\"fselect\"><\/div><\/div>\r\n    <main id=\"main\" class=\"site-main\">\r\n      <article id=\"post-2804\" class=\"post-2804 event type-event status-publish has-post-thumbnail hentry event_category-horse-racing\" itemtype=\"https:\/\/schema.org\/CreativeWork\" itemscope>\n\t<div class=\"inside-article\">\n\t\t\n\t\t<header class=\"entry-header\">\n\t\t\t<div class=\"entry-header-inner\">\n\t\t\t<h2 class=\"entry-title\" itemprop=\"headline\"><a href=\"https:\/\/lesambassadeurs.com\/es\/event\/royal-ascot\/\" rel=\"bookmark\">Royal Ascot<\/a><\/h2>\n\n\n\t\t\t<div class=\"post-date\"><\/div>\n\n\t\t\n\t\t\t<div class=\"entry-summary\" itemprop=\"text\">\n\t\t\t\t<p>Si est\u00e1 cansado de jugar en las mesas, \u00fanase a la familia real en el evento de carreras de caballos m\u00e1s prestigioso de Inglaterra, Royal Ascot en junio de 2020.<\/p>\n\t\t\t<\/div><!-- .entry-summary -->\n\n\t\t<div class=\"text-component-triangle\">\n<img decoding=\"async\" src=\"\/wp-content\/uploads\/2019\/08\/triangle.png\">\n<\/div>\n<\/div>\n\t\t<\/header><!-- .entry-header -->\n\n\t\t<div class=\"post-image\" data-aos=\"fade-in\">\n\t\t\t<a href=\"https:\/\/lesambassadeurs.com\/es\/event\/royal-ascot\/\" title=\"Royal Ascot\"><img loading=\"lazy\" decoding=\"async\" width=\"966\" height=\"536\" src=\"https:\/\/lesambassadeurs.com\/wp-content\/uploads\/2019\/07\/Ascot.jpg\" class=\"attachment-post-thumbnail size-post-thumbnail wp-post-image\" alt=\"Ascot\" srcset=\"https:\/\/lesambassadeurs.com\/wp-content\/uploads\/2019\/07\/Ascot.jpg 966w, https:\/\/lesambassadeurs.com\/wp-content\/uploads\/2019\/07\/Ascot-300x166.jpg 300w, https:\/\/lesambassadeurs.com\/wp-content\/uploads\/2019\/07\/Ascot-768x426.jpg 768w, https:\/\/lesambassadeurs.com\/wp-content\/uploads\/2019\/07\/Ascot-24x13.jpg 24w, https:\/\/lesambassadeurs.com\/wp-content\/uploads\/2019\/07\/Ascot-36x20.jpg 36w, https:\/\/lesambassadeurs.com\/wp-content\/uploads\/2019\/07\/Ascot-193x107.jpg 193w\" sizes=\"auto, (max-width: 966px) 100vw, 966px\" \/><\/a>\n\t\t<\/div>\n\t\t\t<\/div><!-- .inside-article -->\n<\/article><!-- #post-## -->\n<article id=\"post-2802\" class=\"post-2802 event type-event status-publish has-post-thumbnail hentry event_category-football\" itemtype=\"https:\/\/schema.org\/CreativeWork\" itemscope>\n\t<div class=\"inside-article\">\n\t\t\n\t\t<header class=\"entry-header\">\n\t\t\t<div class=\"entry-header-inner\">\n\t\t\t<h2 class=\"entry-title\" itemprop=\"headline\"><a href=\"https:\/\/lesambassadeurs.com\/es\/event\/premier-league\/\" rel=\"bookmark\">Premier League<\/a><\/h2>\n\n\n\t\t\t<div class=\"post-date\"><\/div>\n\n\t\t\n\t\t\t<div class=\"entry-summary\" itemprop=\"text\">\n\t\t\t\t<p>Muchos de nuestros miembros disfrutan viendo a sus equipos favoritos en este aclamado torneo de f\u00fatbol brit\u00e1nico. <\/p>\n\t\t\t<\/div><!-- .entry-summary -->\n\n\t\t<div class=\"text-component-triangle\">\n<img decoding=\"async\" src=\"\/wp-content\/uploads\/2019\/08\/triangle.png\">\n<\/div>\n<\/div>\n\t\t<\/header><!-- .entry-header -->\n\n\t\t<div class=\"post-image\" data-aos=\"fade-in\">\n\t\t\t<a href=\"https:\/\/lesambassadeurs.com\/es\/event\/premier-league\/\" title=\"Premier League\"><img loading=\"lazy\" decoding=\"async\" width=\"966\" height=\"536\" src=\"https:\/\/lesambassadeurs.com\/wp-content\/uploads\/2019\/09\/LesA_MEMBERSHIP-EXCLUSIVEEVENTS966x536px.jpg\" class=\"attachment-post-thumbnail size-post-thumbnail wp-post-image\" alt=\"Premier League Football\" srcset=\"https:\/\/lesambassadeurs.com\/wp-content\/uploads\/2019\/09\/LesA_MEMBERSHIP-EXCLUSIVEEVENTS966x536px.jpg 966w, https:\/\/lesambassadeurs.com\/wp-content\/uploads\/2019\/09\/LesA_MEMBERSHIP-EXCLUSIVEEVENTS966x536px-300x166.jpg 300w, https:\/\/lesambassadeurs.com\/wp-content\/uploads\/2019\/09\/LesA_MEMBERSHIP-EXCLUSIVEEVENTS966x536px-768x426.jpg 768w, https:\/\/lesambassadeurs.com\/wp-content\/uploads\/2019\/09\/LesA_MEMBERSHIP-EXCLUSIVEEVENTS966x536px-24x13.jpg 24w, https:\/\/lesambassadeurs.com\/wp-content\/uploads\/2019\/09\/LesA_MEMBERSHIP-EXCLUSIVEEVENTS966x536px-36x20.jpg 36w, https:\/\/lesambassadeurs.com\/wp-content\/uploads\/2019\/09\/LesA_MEMBERSHIP-EXCLUSIVEEVENTS966x536px-193x107.jpg 193w\" sizes=\"auto, (max-width: 966px) 100vw, 966px\" \/><\/a>\n\t\t<\/div>\n\t\t\t<\/div><!-- .inside-article -->\n<\/article><!-- #post-## -->\n<article id=\"post-2796\" class=\"post-2796 event type-event status-publish has-post-thumbnail hentry event_category-rowing\" itemtype=\"https:\/\/schema.org\/CreativeWork\" itemscope>\n\t<div class=\"inside-article\">\n\t\t\n\t\t<header class=\"entry-header\">\n\t\t\t<div class=\"entry-header-inner\">\n\t\t\t<h2 class=\"entry-title\" itemprop=\"headline\"><a href=\"https:\/\/lesambassadeurs.com\/es\/event\/henley-regatta\/\" rel=\"bookmark\">Real Regata de Henley<\/a><\/h2>\n\n\n\t\t\t<div class=\"post-date\"><\/div>\n\n\t\t\n\t\t\t<div class=\"entry-summary\" itemprop=\"text\">\n\t\t\t\t<p>Disfrute de acceso VIP y rel\u00e1jese en un ambiente privado en la pr\u00f3xima Real Regata de Henley. Fundado en 1839, este hist\u00f3rico evento deportivo es extremadamente popular.<\/p>\n\t\t\t<\/div><!-- .entry-summary -->\n\n\t\t<div class=\"text-component-triangle\">\n<img decoding=\"async\" src=\"\/wp-content\/uploads\/2019\/08\/triangle.png\">\n<\/div>\n<\/div>\n\t\t<\/header><!-- .entry-header -->\n\n\t\t<div class=\"post-image\" data-aos=\"fade-in\">\n\t\t\t<a href=\"https:\/\/lesambassadeurs.com\/es\/event\/henley-regatta\/\" title=\"Real Regata de Henley\"><img loading=\"lazy\" decoding=\"async\" width=\"966\" height=\"536\" src=\"https:\/\/lesambassadeurs.com\/wp-content\/uploads\/2019\/08\/Henley-1.jpg\" class=\"attachment-post-thumbnail size-post-thumbnail wp-post-image\" alt=\"Henley\" srcset=\"https:\/\/lesambassadeurs.com\/wp-content\/uploads\/2019\/08\/Henley-1.jpg 966w, https:\/\/lesambassadeurs.com\/wp-content\/uploads\/2019\/08\/Henley-1-300x166.jpg 300w, https:\/\/lesambassadeurs.com\/wp-content\/uploads\/2019\/08\/Henley-1-768x426.jpg 768w, https:\/\/lesambassadeurs.com\/wp-content\/uploads\/2019\/08\/Henley-1-24x13.jpg 24w, https:\/\/lesambassadeurs.com\/wp-content\/uploads\/2019\/08\/Henley-1-36x20.jpg 36w, https:\/\/lesambassadeurs.com\/wp-content\/uploads\/2019\/08\/Henley-1-193x107.jpg 193w\" sizes=\"auto, (max-width: 966px) 100vw, 966px\" \/><\/a>\n\t\t<\/div>\n\t\t\t<\/div><!-- .inside-article -->\n<\/article><!-- #post-## -->\n\t\t<nav id=\"nav-below\" class=\"paging-navigation\" aria-label=\"Archive Page\">\n\t\t\t\t\t<\/nav>\n\t\t    <\/main><!-- #main -->\r\n    <div class=\"gold-link\"><button class=\"fwp-load-more\">Load more<\/button><\/div>\r\n\r\n<\/div>\r\n<div id=\"image-row-block_5e00df7c68713\" class=\"content-block image-row-block align-full-width\">\r\n\r\n<style type=\"text\/css\">\r\n#image-row-block_5e00df7c68713 {\r\npadding-top: 0px;padding-right: 0px;padding-bottom: 60px;padding-left: 0px;}\r\n<\/style>\r\n\r\n\t\t\t\t\t\t\t\t\t\t\t\t\t\t\t\t\t\t\t\t\t\t\t\t\t\t\t\t\t\t\t\t\t\t\t\t<div class=\"image-row image-row-3-images\">\r\n\t\t\t\t\t\t\t\t\t\t\t<div class=\"image-row-image aos-init aos-animate\" data-aos=\"fade-in\" data-aos-delay=\"0\">\r\n\t\t\t\t<img loading=\"lazy\" decoding=\"async\" width=\"640\" height=\"850\" src=\"https:\/\/lesambassadeurs.com\/wp-content\/uploads\/2019\/12\/les-ambassadeurs-exclusive-events-1.jpg\" class=\"attachment-full size-full\" alt=\"\" srcset=\"https:\/\/lesambassadeurs.com\/wp-content\/uploads\/2019\/12\/les-ambassadeurs-exclusive-events-1.jpg 640w, https:\/\/lesambassadeurs.com\/wp-content\/uploads\/2019\/12\/les-ambassadeurs-exclusive-events-1-226x300.jpg 226w, https:\/\/lesambassadeurs.com\/wp-content\/uploads\/2019\/12\/les-ambassadeurs-exclusive-events-1-18x24.jpg 18w, https:\/\/lesambassadeurs.com\/wp-content\/uploads\/2019\/12\/les-ambassadeurs-exclusive-events-1-27x36.jpg 27w, https:\/\/lesambassadeurs.com\/wp-content\/uploads\/2019\/12\/les-ambassadeurs-exclusive-events-1-86x114.jpg 86w\" sizes=\"auto, (max-width: 640px) 100vw, 640px\" \/>\t\t\t<\/div>\r\n\t\t\t\t\t\t\t\t\t\t\t<div class=\"image-row-image aos-init aos-animate\" data-aos=\"fade-in\" data-aos-delay=\"150\">\r\n\t\t\t\t<img loading=\"lazy\" decoding=\"async\" width=\"640\" height=\"850\" src=\"https:\/\/lesambassadeurs.com\/wp-content\/uploads\/2019\/12\/les-ambassadeurs-exclusive-events-2.jpg\" class=\"attachment-full size-full\" alt=\"Premier league football\" srcset=\"https:\/\/lesambassadeurs.com\/wp-content\/uploads\/2019\/12\/les-ambassadeurs-exclusive-events-2.jpg 640w, https:\/\/lesambassadeurs.com\/wp-content\/uploads\/2019\/12\/les-ambassadeurs-exclusive-events-2-226x300.jpg 226w, https:\/\/lesambassadeurs.com\/wp-content\/uploads\/2019\/12\/les-ambassadeurs-exclusive-events-2-18x24.jpg 18w, https:\/\/lesambassadeurs.com\/wp-content\/uploads\/2019\/12\/les-ambassadeurs-exclusive-events-2-27x36.jpg 27w, https:\/\/lesambassadeurs.com\/wp-content\/uploads\/2019\/12\/les-ambassadeurs-exclusive-events-2-86x114.jpg 86w\" sizes=\"auto, (max-width: 640px) 100vw, 640px\" \/>\t\t\t<\/div>\r\n\t\t\t\t\t\t\t\t\t\t\t<div class=\"image-row-image aos-init aos-animate\" data-aos=\"fade-in\" data-aos-delay=\"300\">\r\n\t\t\t\t<img loading=\"lazy\" decoding=\"async\" width=\"640\" height=\"850\" src=\"https:\/\/lesambassadeurs.com\/wp-content\/uploads\/2019\/12\/les-ambassadeurs-exclusive-events-3.jpg\" class=\"attachment-full size-full\" alt=\"Premier league football\" srcset=\"https:\/\/lesambassadeurs.com\/wp-content\/uploads\/2019\/12\/les-ambassadeurs-exclusive-events-3.jpg 640w, https:\/\/lesambassadeurs.com\/wp-content\/uploads\/2019\/12\/les-ambassadeurs-exclusive-events-3-226x300.jpg 226w, https:\/\/lesambassadeurs.com\/wp-content\/uploads\/2019\/12\/les-ambassadeurs-exclusive-events-3-18x24.jpg 18w, https:\/\/lesambassadeurs.com\/wp-content\/uploads\/2019\/12\/les-ambassadeurs-exclusive-events-3-27x36.jpg 27w, https:\/\/lesambassadeurs.com\/wp-content\/uploads\/2019\/12\/les-ambassadeurs-exclusive-events-3-86x114.jpg 86w\" sizes=\"auto, (max-width: 640px) 100vw, 640px\" \/>\t\t\t<\/div>\r\n\t\t\t\t\t\t\t\t\t\t\t\t\t\t\t\t\t\t\t\t\t\t<\/div>\t\r\n\t\t\t\t\t\t\t\r\n\t\t\t\t\t\t\t\t\t\t\t\t\t\t\t\t\t\t\t\t\t\t\t\t\t\t\t\t\t\t\t\t<div class=\"image-row image-row-2-images\">\r\n\t\t\t\t\t\t\t\t\t\t\t<div class=\"image-row-image aos-init aos-animate\" data-aos=\"fade-in\" data-aos-delay=\"0\">\r\n\t\t\t\t<img loading=\"lazy\" decoding=\"async\" width=\"960\" height=\"850\" src=\"https:\/\/lesambassadeurs.com\/wp-content\/uploads\/2019\/12\/les-ambassadeurs-exclusive-events-4.jpg\" class=\"attachment-full size-full\" alt=\"Boxing\" srcset=\"https:\/\/lesambassadeurs.com\/wp-content\/uploads\/2019\/12\/les-ambassadeurs-exclusive-events-4.jpg 960w, https:\/\/lesambassadeurs.com\/wp-content\/uploads\/2019\/12\/les-ambassadeurs-exclusive-events-4-300x266.jpg 300w, https:\/\/lesambassadeurs.com\/wp-content\/uploads\/2019\/12\/les-ambassadeurs-exclusive-events-4-768x680.jpg 768w, https:\/\/lesambassadeurs.com\/wp-content\/uploads\/2019\/12\/les-ambassadeurs-exclusive-events-4-24x21.jpg 24w, https:\/\/lesambassadeurs.com\/wp-content\/uploads\/2019\/12\/les-ambassadeurs-exclusive-events-4-36x32.jpg 36w, https:\/\/lesambassadeurs.com\/wp-content\/uploads\/2019\/12\/les-ambassadeurs-exclusive-events-4-129x114.jpg 129w\" sizes=\"auto, (max-width: 960px) 100vw, 960px\" \/>\t\t\t<\/div>\r\n\t\t\t\t\t\t\t\t\t\t\t<div class=\"image-row-image aos-init aos-animate\" data-aos=\"fade-in\" data-aos-delay=\"150\">\r\n\t\t\t\t<img loading=\"lazy\" decoding=\"async\" width=\"960\" height=\"850\" src=\"https:\/\/lesambassadeurs.com\/wp-content\/uploads\/2019\/12\/les-ambassadeurs-exclusive-events-5.jpg\" class=\"attachment-full size-full\" alt=\"Premier league football\" srcset=\"https:\/\/lesambassadeurs.com\/wp-content\/uploads\/2019\/12\/les-ambassadeurs-exclusive-events-5.jpg 960w, https:\/\/lesambassadeurs.com\/wp-content\/uploads\/2019\/12\/les-ambassadeurs-exclusive-events-5-300x266.jpg 300w, https:\/\/lesambassadeurs.com\/wp-content\/uploads\/2019\/12\/les-ambassadeurs-exclusive-events-5-768x680.jpg 768w, https:\/\/lesambassadeurs.com\/wp-content\/uploads\/2019\/12\/les-ambassadeurs-exclusive-events-5-24x21.jpg 24w, https:\/\/lesambassadeurs.com\/wp-content\/uploads\/2019\/12\/les-ambassadeurs-exclusive-events-5-36x32.jpg 36w, https:\/\/lesambassadeurs.com\/wp-content\/uploads\/2019\/12\/les-ambassadeurs-exclusive-events-5-129x114.jpg 129w\" sizes=\"auto, (max-width: 960px) 100vw, 960px\" \/>\t\t\t<\/div>\r\n\t\t\t\t\t\t\t\t\t\t\t\t\t\t\t\t\t\t\t\t\t\t<\/div>\t\r\n\t\t\t\t\t\t\t\r\n\t\t\t\t\t\t\t\t\t\t\t\t\t\t\t\t\t\t\t\t\t\t\t\t\t\t\t\t\t\t\t\t<div class=\"image-row image-row-2-images\">\r\n\t\t\t\t\t\t\t\t\t\t\t<div class=\"image-row-image aos-init aos-animate\" data-aos=\"fade-in\" data-aos-delay=\"0\">\r\n\t\t\t\t<img loading=\"lazy\" decoding=\"async\" width=\"640\" height=\"850\" src=\"https:\/\/lesambassadeurs.com\/wp-content\/uploads\/2019\/12\/les-ambassadeurs-exclusive-events-6.jpg\" class=\"attachment-full size-full\" alt=\"Football stadium\" srcset=\"https:\/\/lesambassadeurs.com\/wp-content\/uploads\/2019\/12\/les-ambassadeurs-exclusive-events-6.jpg 640w, https:\/\/lesambassadeurs.com\/wp-content\/uploads\/2019\/12\/les-ambassadeurs-exclusive-events-6-226x300.jpg 226w, https:\/\/lesambassadeurs.com\/wp-content\/uploads\/2019\/12\/les-ambassadeurs-exclusive-events-6-18x24.jpg 18w, https:\/\/lesambassadeurs.com\/wp-content\/uploads\/2019\/12\/les-ambassadeurs-exclusive-events-6-27x36.jpg 27w, https:\/\/lesambassadeurs.com\/wp-content\/uploads\/2019\/12\/les-ambassadeurs-exclusive-events-6-86x114.jpg 86w\" sizes=\"auto, (max-width: 640px) 100vw, 640px\" \/>\t\t\t<\/div>\r\n\t\t\t\t\t\t\t\t\t\t\t<div class=\"image-row-image aos-init aos-animate\" data-aos=\"fade-in\" data-aos-delay=\"150\">\r\n\t\t\t\t<img loading=\"lazy\" decoding=\"async\" width=\"1280\" height=\"850\" src=\"https:\/\/lesambassadeurs.com\/wp-content\/uploads\/2019\/12\/les-ambassadeurs-exclusive-events-7.jpg\" class=\"attachment-full size-full\" alt=\"Events\" srcset=\"https:\/\/lesambassadeurs.com\/wp-content\/uploads\/2019\/12\/les-ambassadeurs-exclusive-events-7.jpg 1280w, https:\/\/lesambassadeurs.com\/wp-content\/uploads\/2019\/12\/les-ambassadeurs-exclusive-events-7-300x199.jpg 300w, https:\/\/lesambassadeurs.com\/wp-content\/uploads\/2019\/12\/les-ambassadeurs-exclusive-events-7-1024x680.jpg 1024w, https:\/\/lesambassadeurs.com\/wp-content\/uploads\/2019\/12\/les-ambassadeurs-exclusive-events-7-768x510.jpg 768w, https:\/\/lesambassadeurs.com\/wp-content\/uploads\/2019\/12\/les-ambassadeurs-exclusive-events-7-24x16.jpg 24w, https:\/\/lesambassadeurs.com\/wp-content\/uploads\/2019\/12\/les-ambassadeurs-exclusive-events-7-36x24.jpg 36w, https:\/\/lesambassadeurs.com\/wp-content\/uploads\/2019\/12\/les-ambassadeurs-exclusive-events-7-172x114.jpg 172w\" sizes=\"auto, (max-width: 1280px) 100vw, 1280px\" \/>\t\t\t<\/div>\r\n\t\t\t\t\t\t\t\t\t\t\t\t\t\t\t\t\t\t\t\t\t\t<\/div>\t\r\n\t\t\t\t\t\t\t\r\n\t\t\t\t\t\t\t\t\t\r\n<\/div>","protected":false},"excerpt":{"rendered":"<p>Entrada VIP a eventos globales Si se desea un descanso de las mesas, Les Ambassadeurs ofrece a sus miembros y a sus invitados la posibilidad de asistir a un sinf\u00edn de eventos de alto nivel. Gracias a nuestra inigualable lista de beneficios, tales como palcos privados, jets y reservas exclusivas, nuestros miembros pueden acceder a &#8230; <a title=\"Eventos\" class=\"read-more\" href=\"https:\/\/lesambassadeurs.com\/es\/eventos\/\" aria-label=\"Read more about Eventos\">Read more<\/a><\/p>\n","protected":false},"author":2,"featured_media":0,"parent":0,"menu_order":0,"comment_status":"closed","ping_status":"closed","template":"archive-event.php","meta":{"_acf_changed":false,"disable_featured_image":false,"footnotes":""},"class_list":["post-2704","page","type-page","status-publish"],"acf":[],"_links":{"self":[{"href":"https:\/\/lesambassadeurs.com\/es\/wp-json\/wp\/v2\/pages\/2704","targetHints":{"allow":["GET"]}}],"collection":[{"href":"https:\/\/lesambassadeurs.com\/es\/wp-json\/wp\/v2\/pages"}],"about":[{"href":"https:\/\/lesambassadeurs.com\/es\/wp-json\/wp\/v2\/types\/page"}],"author":[{"embeddable":true,"href":"https:\/\/lesambassadeurs.com\/es\/wp-json\/wp\/v2\/users\/2"}],"replies":[{"embeddable":true,"href":"https:\/\/lesambassadeurs.com\/es\/wp-json\/wp\/v2\/comments?post=2704"}],"version-history":[{"count":0,"href":"https:\/\/lesambassadeurs.com\/es\/wp-json\/wp\/v2\/pages\/2704\/revisions"}],"wp:attachment":[{"href":"https:\/\/lesambassadeurs.com\/es\/wp-json\/wp\/v2\/media?parent=2704"}],"curies":[{"name":"wp","href":"https:\/\/api.w.org\/{rel}","templated":true}]}}