{"id":2702,"date":"2019-09-26T11:52:46","date_gmt":"2019-09-26T10:52:46","guid":{"rendered":"http:\/\/lesambassadeurs.ambassadeursgroup.com\/afiliacion\/"},"modified":"2019-12-11T19:58:44","modified_gmt":"2019-12-11T19:58:44","slug":"membership","status":"publish","type":"page","link":"https:\/\/lesambassadeurs.com\/es\/membership\/","title":{"rendered":"Afiliaci\u00f3n"},"content":{"rendered":"<div class=\"feature-panel-gradient\"><\/div>\r\n<div id=\"feature-panel-block_5d5d3f6233294\" class=\"content-block feature-panel-block\">\r\n<style type=\"text\/css\">\r\n#feature-panel-block_5d5d3f6233294 {\r\npadding-bottom: 40px;}\r\n@media all and (max-width:768px) {\r\n#feature-panel-block_5d5d3f6233294 {\r\n  padding-bottom: 40px;}\r\n}\r\n<\/style>\r\n\r\n<div class=\"feature-panel-content feature-panel-content-image rellax\" data-rellax-speed=\"-2.4\">\r\n<img loading=\"lazy\" decoding=\"async\" width=\"1920\" height=\"720\" src=\"https:\/\/lesambassadeurs.com\/wp-content\/uploads\/2019\/11\/LesA_Membership_HeaderImage1920x720px.jpg\" class=\"attachment-full size-full\" alt=\"Les Ambassedeurs\" srcset=\"https:\/\/lesambassadeurs.com\/wp-content\/uploads\/2019\/11\/LesA_Membership_HeaderImage1920x720px.jpg 1920w, https:\/\/lesambassadeurs.com\/wp-content\/uploads\/2019\/11\/LesA_Membership_HeaderImage1920x720px-300x113.jpg 300w, https:\/\/lesambassadeurs.com\/wp-content\/uploads\/2019\/11\/LesA_Membership_HeaderImage1920x720px-1024x384.jpg 1024w, https:\/\/lesambassadeurs.com\/wp-content\/uploads\/2019\/11\/LesA_Membership_HeaderImage1920x720px-768x288.jpg 768w, https:\/\/lesambassadeurs.com\/wp-content\/uploads\/2019\/11\/LesA_Membership_HeaderImage1920x720px-1536x576.jpg 1536w, https:\/\/lesambassadeurs.com\/wp-content\/uploads\/2019\/11\/LesA_Membership_HeaderImage1920x720px-24x9.jpg 24w, https:\/\/lesambassadeurs.com\/wp-content\/uploads\/2019\/11\/LesA_Membership_HeaderImage1920x720px-36x14.jpg 36w, https:\/\/lesambassadeurs.com\/wp-content\/uploads\/2019\/11\/LesA_Membership_HeaderImage1920x720px-193x72.jpg 193w\" sizes=\"auto, (max-width: 1920px) 100vw, 1920px\" \/>\r\n\r\n<\/div>\r\n\r\n\r\n<div class=\"feature-panel-text\">\r\n     <div class=\"feature-panel-cut-out-left\"><\/div><div class=\"feature-panel-cut-out-right\"><\/div>\r\n<div class=\"feature-panel-text-inner block-inner\">\r\n<h1 class=\"entry-title\" itemprop=\"headline\">Afiliaci\u00f3n<\/h1>\r\n\r\n<p>Privilegios personalizados y un nivel de servicio incomparable<\/p>\n<\/div>\r\n<\/div>\r\n<script src=\"\/rellax.min.js\"><\/script>\r\n\r\n<script>\r\nfunction myFunction(x) {\r\n  if (x.matches) { \/\/ If media query matches\r\n    jQuery(document).ready(function(){\r\n   jQuery('.feature-panel-content').removeAttr('data-rellax-speed');\r\njQuery('.feature-panel-content').removeClass('rellax');\r\n    });\r\n  } else {\r\n    jQuery(document).ready(function(){\r\n    var rellax = new Rellax('.rellax');\r\n   });\r\n  }\r\n}\r\n\r\nvar x = window.matchMedia(\"(max-width: 1024px)\")\r\nmyFunction(x) \/\/ Call listener function at run time\r\nx.addListener(myFunction) \/\/ Attach listener function on state changes\r\n<\/script>\r\n\r\n<\/div>\r\n<div id=\"single-image-text-overlay-block_5d5d3f8b33295\" class=\"content-block single-image-text-overlay-block align-full-width image-align-center text-align-\">\r\n\r\n<style type=\"text\/css\">\r\n#single-image-text-overlay-block_5d5d3f8b33295 {\r\npadding-top: 60px;padding-right: 0px;padding-bottom: 76px;padding-left: 0px;}\r\n@media all and (max-width:768px) {\r\n#single-image-text-overlay-block_5d5d3f8b33295 {\r\npadding-top: 40px;\r\npadding-right: 0px;padding-bottom: 76px;padding-left: 0px;}\r\n}\r\n<\/style>\r\n\r\n<div class=\"single-image-text-overlay-image aos-init aos-animate\" data-aos=\"fade-in\">\r\n<img loading=\"lazy\" decoding=\"async\" width=\"1364\" height=\"536\" src=\"https:\/\/lesambassadeurs.com\/wp-content\/uploads\/2019\/10\/Exclusive-Events-Les-Ambassadeurs-1364-by-536-pixels-shutterstock_753352747.jpg\" class=\"attachment-full size-full\" alt=\"Exclusive Events - Les Ambassadeurs\" srcset=\"https:\/\/lesambassadeurs.com\/wp-content\/uploads\/2019\/10\/Exclusive-Events-Les-Ambassadeurs-1364-by-536-pixels-shutterstock_753352747.jpg 1364w, https:\/\/lesambassadeurs.com\/wp-content\/uploads\/2019\/10\/Exclusive-Events-Les-Ambassadeurs-1364-by-536-pixels-shutterstock_753352747-300x118.jpg 300w, https:\/\/lesambassadeurs.com\/wp-content\/uploads\/2019\/10\/Exclusive-Events-Les-Ambassadeurs-1364-by-536-pixels-shutterstock_753352747-768x302.jpg 768w, https:\/\/lesambassadeurs.com\/wp-content\/uploads\/2019\/10\/Exclusive-Events-Les-Ambassadeurs-1364-by-536-pixels-shutterstock_753352747-1024x402.jpg 1024w, https:\/\/lesambassadeurs.com\/wp-content\/uploads\/2019\/10\/Exclusive-Events-Les-Ambassadeurs-1364-by-536-pixels-shutterstock_753352747-24x9.jpg 24w, https:\/\/lesambassadeurs.com\/wp-content\/uploads\/2019\/10\/Exclusive-Events-Les-Ambassadeurs-1364-by-536-pixels-shutterstock_753352747-36x14.jpg 36w, https:\/\/lesambassadeurs.com\/wp-content\/uploads\/2019\/10\/Exclusive-Events-Les-Ambassadeurs-1364-by-536-pixels-shutterstock_753352747-193x76.jpg 193w\" sizes=\"auto, (max-width: 1364px) 100vw, 1364px\" \/><\/div>\r\n\r\n<div class=\"single-image-text-overlay-text-container aos-init aos-animate\" data-aos=\"fade-up\">\r\n\t\r\n<h2>Eventos exclusivos<\/h2><p>Desde los eventos deportivos m\u00e1s famosos del mundo hasta giras musicales con todas las entradas agotadas: como miembro de Les Ambassadeurs tendr\u00e1 a su disposici\u00f3n un sinf\u00edn de eventos exclusivos por todo el mundo. Organizaremos su transporte y su alojamiento y le reservaremos un asiento en uno de los numerosos palcos privados de Les Ambassadeurs.<\/p>\n<div class=\"gold-link\"><span class=\"gold-line gold-left\"><\/span><a class=\"lsb-text-overlay-link\" href=\"https:\/\/lesambassadeurs.com\/es\/membership\/\" target=\"_self\">Eventos<\/a><span class=\"gold-line gold-right\"><\/span><\/div><div class=\"text-component-triangle\">\r\n<img decoding=\"async\" src=\"\/wp-content\/uploads\/2019\/08\/triangle.png\">\r\n<\/div>\r\n<\/div>\r\n\r\n<\/div>\r\n<div id=\"single-image-text-overlay-block_5d5d3fca33296\" class=\"content-block single-image-text-overlay-block align-full-width image-align-right text-align-center\">\r\n\r\n<style type=\"text\/css\">\r\n#single-image-text-overlay-block_5d5d3fca33296 {\r\npadding-top: 60px;padding-right: 0px;padding-bottom: 76px;padding-left: 0px;}\r\n@media all and (max-width:768px) {\r\n#single-image-text-overlay-block_5d5d3fca33296 {\r\npadding-top: 40px;\r\npadding-right: 0px;padding-bottom: 76px;padding-left: 0px;}\r\n}\r\n<\/style>\r\n\r\n<div class=\"single-image-text-overlay-image aos-init aos-animate\" data-aos=\"fade-in\">\r\n<img loading=\"lazy\" decoding=\"async\" width=\"1364\" height=\"536\" src=\"https:\/\/lesambassadeurs.com\/wp-content\/uploads\/2019\/10\/Hotels-Les-Ambassadeurs-1364-by-536-pixels-shutterstock_7379860.jpg\" class=\"attachment-full size-full\" alt=\"Hotels - Les Ambassadeurs\" srcset=\"https:\/\/lesambassadeurs.com\/wp-content\/uploads\/2019\/10\/Hotels-Les-Ambassadeurs-1364-by-536-pixels-shutterstock_7379860.jpg 1364w, https:\/\/lesambassadeurs.com\/wp-content\/uploads\/2019\/10\/Hotels-Les-Ambassadeurs-1364-by-536-pixels-shutterstock_7379860-300x118.jpg 300w, https:\/\/lesambassadeurs.com\/wp-content\/uploads\/2019\/10\/Hotels-Les-Ambassadeurs-1364-by-536-pixels-shutterstock_7379860-768x302.jpg 768w, https:\/\/lesambassadeurs.com\/wp-content\/uploads\/2019\/10\/Hotels-Les-Ambassadeurs-1364-by-536-pixels-shutterstock_7379860-1024x402.jpg 1024w, https:\/\/lesambassadeurs.com\/wp-content\/uploads\/2019\/10\/Hotels-Les-Ambassadeurs-1364-by-536-pixels-shutterstock_7379860-24x9.jpg 24w, https:\/\/lesambassadeurs.com\/wp-content\/uploads\/2019\/10\/Hotels-Les-Ambassadeurs-1364-by-536-pixels-shutterstock_7379860-36x14.jpg 36w, https:\/\/lesambassadeurs.com\/wp-content\/uploads\/2019\/10\/Hotels-Les-Ambassadeurs-1364-by-536-pixels-shutterstock_7379860-193x76.jpg 193w\" sizes=\"auto, (max-width: 1364px) 100vw, 1364px\" \/><\/div>\r\n\r\n<div class=\"single-image-text-overlay-text-container aos-init aos-animate\" data-aos=\"fade-up\">\r\n\t\r\n<h2>Hoteles<\/h2><p>Como miembro de Les Ambassadeurs, no tendr\u00e1 que encargarse de hacer nada ni dentro ni fuera del club. Gracias a la relaci\u00f3n que tenemos con las mejores propiedades de Mayfair, como The Four Seasons, The Dorchester, The Mandarin Oriental y 45 Park Lane, podemos garantizar a nuestros clientes que recibir\u00e1n el mejor servicio durante su estancia.<\/p>\n<div class=\"gold-link\"><span class=\"gold-line gold-left\"><\/span><a class=\"lsb-text-overlay-link\" href=\"https:\/\/lesambassadeurs.com\/es\/membership\/\" target=\"_self\">Hoteles<\/a><span class=\"gold-line gold-right\"><\/span><\/div><div class=\"text-component-triangle\">\r\n<img decoding=\"async\" src=\"\/wp-content\/uploads\/2019\/08\/triangle.png\">\r\n<\/div>\r\n<\/div>\r\n\r\n<\/div>\r\n<div id=\"single-image-text-overlay-block_5d5d3ff733297\" class=\"content-block single-image-text-overlay-block align-full-width image-align-left text-align-center\">\r\n\r\n<style type=\"text\/css\">\r\n#single-image-text-overlay-block_5d5d3ff733297 {\r\npadding-top: 60px;padding-right: 0px;padding-bottom: 76px;padding-left: 0px;}\r\n@media all and (max-width:768px) {\r\n#single-image-text-overlay-block_5d5d3ff733297 {\r\npadding-top: 40px;\r\npadding-right: 0px;padding-bottom: 76px;padding-left: 0px;}\r\n}\r\n<\/style>\r\n\r\n<div class=\"single-image-text-overlay-image aos-init aos-animate\" data-aos=\"fade-in\">\r\n<img loading=\"lazy\" decoding=\"async\" width=\"1364\" height=\"535\" src=\"https:\/\/lesambassadeurs.com\/wp-content\/uploads\/2019\/10\/Fine-Dining-Les-Ambassadeurs-1364-by-536-pixels.jpg\" class=\"attachment-full size-full\" alt=\"ine Dining - Les Ambassadeurs\" srcset=\"https:\/\/lesambassadeurs.com\/wp-content\/uploads\/2019\/10\/Fine-Dining-Les-Ambassadeurs-1364-by-536-pixels.jpg 1364w, https:\/\/lesambassadeurs.com\/wp-content\/uploads\/2019\/10\/Fine-Dining-Les-Ambassadeurs-1364-by-536-pixels-300x118.jpg 300w, https:\/\/lesambassadeurs.com\/wp-content\/uploads\/2019\/10\/Fine-Dining-Les-Ambassadeurs-1364-by-536-pixels-768x301.jpg 768w, https:\/\/lesambassadeurs.com\/wp-content\/uploads\/2019\/10\/Fine-Dining-Les-Ambassadeurs-1364-by-536-pixels-1024x402.jpg 1024w, https:\/\/lesambassadeurs.com\/wp-content\/uploads\/2019\/10\/Fine-Dining-Les-Ambassadeurs-1364-by-536-pixels-24x9.jpg 24w, https:\/\/lesambassadeurs.com\/wp-content\/uploads\/2019\/10\/Fine-Dining-Les-Ambassadeurs-1364-by-536-pixels-36x14.jpg 36w, https:\/\/lesambassadeurs.com\/wp-content\/uploads\/2019\/10\/Fine-Dining-Les-Ambassadeurs-1364-by-536-pixels-193x76.jpg 193w\" sizes=\"auto, (max-width: 1364px) 100vw, 1364px\" \/><\/div>\r\n\r\n<div class=\"single-image-text-overlay-text-container aos-init aos-animate\" data-aos=\"fade-up\">\r\n\t\r\n<h2>Gastronom\u00eda exquisita<\/h2><p>Como complemento a las que son las mejores instalaciones de juegos de azar de Londres, hemos reformado nuestro restaurante recientemente parapoder  ofrecer el ep\u00edtome de la buena mesa. Tanto si desea permanecer en su sala de juego privadacomo en el \u00e1rea principal o retirarse al propio restaurante, nuestros chefs crear\u00e1n platos que satisfar\u00e1n todos sus caprichos.<\/p>\n<div class=\"gold-link\"><span class=\"gold-line gold-left\"><\/span><a class=\"lsb-text-overlay-link\" href=\"https:\/\/lesambassadeurs.com\/es\/membership\/\" target=\"_self\">Gastronom\u00eda exquisita<\/a><span class=\"gold-line gold-right\"><\/span><\/div><div class=\"text-component-triangle\">\r\n<img decoding=\"async\" src=\"\/wp-content\/uploads\/2019\/08\/triangle.png\">\r\n<\/div>\r\n<\/div>\r\n\r\n<\/div>\r\n<div id=\"single-image-text-overlay-block_5d5d402c33298\" class=\"content-block single-image-text-overlay-block align-full-width image-align-center text-align-\">\r\n\r\n<style type=\"text\/css\">\r\n#single-image-text-overlay-block_5d5d402c33298 {\r\npadding-top: 60px;padding-right: 0px;padding-bottom: 76px;padding-left: 0px;}\r\n@media all and (max-width:768px) {\r\n#single-image-text-overlay-block_5d5d402c33298 {\r\npadding-top: 40px;\r\npadding-right: 0px;padding-bottom: 76px;padding-left: 0px;}\r\n}\r\n<\/style>\r\n\r\n<div class=\"single-image-text-overlay-image aos-init aos-animate\" data-aos=\"fade-in\">\r\n<img loading=\"lazy\" decoding=\"async\" width=\"1364\" height=\"536\" src=\"https:\/\/lesambassadeurs.com\/wp-content\/uploads\/2019\/10\/Private-Boxes-Les-Ambassadeurs-1364-by-536-pixels-shutterstock_182418575.jpg\" class=\"attachment-full size-full\" alt=\"Private Boxes - Les Ambassadeur\" srcset=\"https:\/\/lesambassadeurs.com\/wp-content\/uploads\/2019\/10\/Private-Boxes-Les-Ambassadeurs-1364-by-536-pixels-shutterstock_182418575.jpg 1364w, https:\/\/lesambassadeurs.com\/wp-content\/uploads\/2019\/10\/Private-Boxes-Les-Ambassadeurs-1364-by-536-pixels-shutterstock_182418575-300x118.jpg 300w, https:\/\/lesambassadeurs.com\/wp-content\/uploads\/2019\/10\/Private-Boxes-Les-Ambassadeurs-1364-by-536-pixels-shutterstock_182418575-768x302.jpg 768w, https:\/\/lesambassadeurs.com\/wp-content\/uploads\/2019\/10\/Private-Boxes-Les-Ambassadeurs-1364-by-536-pixels-shutterstock_182418575-1024x402.jpg 1024w, https:\/\/lesambassadeurs.com\/wp-content\/uploads\/2019\/10\/Private-Boxes-Les-Ambassadeurs-1364-by-536-pixels-shutterstock_182418575-24x9.jpg 24w, https:\/\/lesambassadeurs.com\/wp-content\/uploads\/2019\/10\/Private-Boxes-Les-Ambassadeurs-1364-by-536-pixels-shutterstock_182418575-36x14.jpg 36w, https:\/\/lesambassadeurs.com\/wp-content\/uploads\/2019\/10\/Private-Boxes-Les-Ambassadeurs-1364-by-536-pixels-shutterstock_182418575-193x76.jpg 193w\" sizes=\"auto, (max-width: 1364px) 100vw, 1364px\" \/><\/div>\r\n\r\n<div class=\"single-image-text-overlay-text-container aos-init aos-animate\" data-aos=\"fade-up\">\r\n\t\r\n<h2>Palcos privados<\/h2><p>Para garantizar que todos los miembros y sus invitados disfruten de unas vistas inigualables y de un servicio excepcional, sea cual sea el evento, Les Ambassadeurs dispone de palcos privados en una gran variedad de estadios por todo el Reino Unido. Desde el Emirates Stadium hasta el O2 Arena, disfrute de su artista o equipo de f\u00fatbol favorito en un lujo sin igual con Les Ambassadeurs.<\/p>\n<div class=\"text-component-triangle\">\r\n<img decoding=\"async\" src=\"\/wp-content\/uploads\/2019\/08\/triangle.png\">\r\n<\/div>\r\n<\/div>\r\n\r\n<\/div>\r\n<div id=\"single-image-text-overlay-block_5d5d406933299\" class=\"content-block single-image-text-overlay-block align-full-width image-align-right text-align-center\">\r\n\r\n<style type=\"text\/css\">\r\n#single-image-text-overlay-block_5d5d406933299 {\r\npadding-top: 60px;padding-right: 0px;padding-bottom: 76px;padding-left: 0px;}\r\n@media all and (max-width:768px) {\r\n#single-image-text-overlay-block_5d5d406933299 {\r\npadding-top: 40px;\r\npadding-right: 0px;padding-bottom: 76px;padding-left: 0px;}\r\n}\r\n<\/style>\r\n\r\n<div class=\"single-image-text-overlay-image aos-init aos-animate\" data-aos=\"fade-in\">\r\n<img loading=\"lazy\" decoding=\"async\" width=\"1364\" height=\"536\" src=\"https:\/\/lesambassadeurs.com\/wp-content\/uploads\/2019\/10\/Private-Jets-Les-Ambassadeurs-1364-by-536-pixels-shutterstock_538516261.jpg\" class=\"attachment-full size-full\" alt=\"Private Jets - Les Ambassadeurs\" srcset=\"https:\/\/lesambassadeurs.com\/wp-content\/uploads\/2019\/10\/Private-Jets-Les-Ambassadeurs-1364-by-536-pixels-shutterstock_538516261.jpg 1364w, https:\/\/lesambassadeurs.com\/wp-content\/uploads\/2019\/10\/Private-Jets-Les-Ambassadeurs-1364-by-536-pixels-shutterstock_538516261-300x118.jpg 300w, https:\/\/lesambassadeurs.com\/wp-content\/uploads\/2019\/10\/Private-Jets-Les-Ambassadeurs-1364-by-536-pixels-shutterstock_538516261-768x302.jpg 768w, https:\/\/lesambassadeurs.com\/wp-content\/uploads\/2019\/10\/Private-Jets-Les-Ambassadeurs-1364-by-536-pixels-shutterstock_538516261-1024x402.jpg 1024w, https:\/\/lesambassadeurs.com\/wp-content\/uploads\/2019\/10\/Private-Jets-Les-Ambassadeurs-1364-by-536-pixels-shutterstock_538516261-24x9.jpg 24w, https:\/\/lesambassadeurs.com\/wp-content\/uploads\/2019\/10\/Private-Jets-Les-Ambassadeurs-1364-by-536-pixels-shutterstock_538516261-36x14.jpg 36w, https:\/\/lesambassadeurs.com\/wp-content\/uploads\/2019\/10\/Private-Jets-Les-Ambassadeurs-1364-by-536-pixels-shutterstock_538516261-193x76.jpg 193w\" sizes=\"auto, (max-width: 1364px) 100vw, 1364px\" \/><\/div>\r\n\r\n<div class=\"single-image-text-overlay-text-container aos-init aos-animate\" data-aos=\"fade-up\">\r\n\t\r\n<h2>Jets privados<\/h2><p>El acceso a eventos exclusivos no se limita al Reino Unido. Nuestros jets y yates privados est\u00e1n a su disposici\u00f3n sin importar en qu\u00e9 parte del mundo se encuentre su destino deseado. Les Ambassadeurs se encargar\u00e1 de organizar su transporte con todo lujo de detalles, lo que le permitir\u00e1 viajar con la m\u00e1xima comodidad y estilo.<\/p>\n<div class=\"text-component-triangle\">\r\n<img decoding=\"async\" src=\"\/wp-content\/uploads\/2019\/08\/triangle.png\">\r\n<\/div>\r\n<\/div>\r\n\r\n<\/div>\r\n<div id=\"single-image-text-overlay-block_5d5d408c3329a\" class=\"content-block single-image-text-overlay-block align-full-width image-align-left text-align-center\">\r\n\r\n<style type=\"text\/css\">\r\n#single-image-text-overlay-block_5d5d408c3329a {\r\npadding-top: 60px;padding-right: 0px;padding-bottom: 76px;padding-left: 0px;}\r\n@media all and (max-width:768px) {\r\n#single-image-text-overlay-block_5d5d408c3329a {\r\npadding-top: 40px;\r\npadding-right: 0px;padding-bottom: 76px;padding-left: 0px;}\r\n}\r\n<\/style>\r\n\r\n<div class=\"single-image-text-overlay-image aos-init aos-animate\" data-aos=\"fade-in\">\r\n<img loading=\"lazy\" decoding=\"async\" width=\"1364\" height=\"536\" src=\"https:\/\/lesambassadeurs.com\/wp-content\/uploads\/2019\/10\/Reservations-Les-Ambassadeurs-1364-by-536-pixels-DSCF9760.jpg\" class=\"attachment-full size-full\" alt=\"Reservations\" srcset=\"https:\/\/lesambassadeurs.com\/wp-content\/uploads\/2019\/10\/Reservations-Les-Ambassadeurs-1364-by-536-pixels-DSCF9760.jpg 1364w, https:\/\/lesambassadeurs.com\/wp-content\/uploads\/2019\/10\/Reservations-Les-Ambassadeurs-1364-by-536-pixels-DSCF9760-300x118.jpg 300w, https:\/\/lesambassadeurs.com\/wp-content\/uploads\/2019\/10\/Reservations-Les-Ambassadeurs-1364-by-536-pixels-DSCF9760-768x302.jpg 768w, https:\/\/lesambassadeurs.com\/wp-content\/uploads\/2019\/10\/Reservations-Les-Ambassadeurs-1364-by-536-pixels-DSCF9760-1024x402.jpg 1024w, https:\/\/lesambassadeurs.com\/wp-content\/uploads\/2019\/10\/Reservations-Les-Ambassadeurs-1364-by-536-pixels-DSCF9760-24x9.jpg 24w, https:\/\/lesambassadeurs.com\/wp-content\/uploads\/2019\/10\/Reservations-Les-Ambassadeurs-1364-by-536-pixels-DSCF9760-36x14.jpg 36w, https:\/\/lesambassadeurs.com\/wp-content\/uploads\/2019\/10\/Reservations-Les-Ambassadeurs-1364-by-536-pixels-DSCF9760-193x76.jpg 193w\" sizes=\"auto, (max-width: 1364px) 100vw, 1364px\" \/><\/div>\r\n\r\n<div class=\"single-image-text-overlay-text-container aos-init aos-animate\" data-aos=\"fade-up\">\r\n\t\r\n<h2>Reservas<\/h2><p>Deje que Les Ambassadeurs haga de su estancia en Londres una experiencia absolutamente perfecta. Desde mesas en los restaurantes m\u00e1s exclusivos de la capital, asientos en primera fila en la Semana de la Moda, o compras personales en Harrods, podemos hacer reservas en su nombre para lograr que su estancia sea inmejorable. <\/p>\n<div class=\"text-component-triangle\">\r\n<img decoding=\"async\" src=\"\/wp-content\/uploads\/2019\/08\/triangle.png\">\r\n<\/div>\r\n<\/div>\r\n\r\n<\/div>\r\n<div id=\"single-image-text-overlay-block_5d7560ea88730\" class=\"content-block single-image-text-overlay-block align-full-width image-align-center text-align-\">\r\n\r\n<style type=\"text\/css\">\r\n#single-image-text-overlay-block_5d7560ea88730 {\r\npadding-top: 60px;padding-right: 0px;padding-bottom: 76px;padding-left: 0px;}\r\n@media all and (max-width:768px) {\r\n#single-image-text-overlay-block_5d7560ea88730 {\r\npadding-top: 40px;\r\npadding-right: 0px;padding-bottom: 76px;padding-left: 0px;}\r\n}\r\n<\/style>\r\n\r\n<div class=\"single-image-text-overlay-image aos-init aos-animate\" data-aos=\"fade-in\">\r\n<img loading=\"lazy\" decoding=\"async\" width=\"1364\" height=\"536\" src=\"https:\/\/lesambassadeurs.com\/wp-content\/uploads\/2019\/10\/Fishing_Social_1364x536.00.jpg\" class=\"attachment-full size-full\" alt=\"Fishing\" srcset=\"https:\/\/lesambassadeurs.com\/wp-content\/uploads\/2019\/10\/Fishing_Social_1364x536.00.jpg 1364w, https:\/\/lesambassadeurs.com\/wp-content\/uploads\/2019\/10\/Fishing_Social_1364x536.00-300x118.jpg 300w, https:\/\/lesambassadeurs.com\/wp-content\/uploads\/2019\/10\/Fishing_Social_1364x536.00-768x302.jpg 768w, https:\/\/lesambassadeurs.com\/wp-content\/uploads\/2019\/10\/Fishing_Social_1364x536.00-1024x402.jpg 1024w, https:\/\/lesambassadeurs.com\/wp-content\/uploads\/2019\/10\/Fishing_Social_1364x536.00-24x9.jpg 24w, https:\/\/lesambassadeurs.com\/wp-content\/uploads\/2019\/10\/Fishing_Social_1364x536.00-36x14.jpg 36w, https:\/\/lesambassadeurs.com\/wp-content\/uploads\/2019\/10\/Fishing_Social_1364x536.00-193x76.jpg 193w\" sizes=\"auto, (max-width: 1364px) 100vw, 1364px\" \/><\/div>\r\n\r\n<div class=\"single-image-text-overlay-text-container aos-init aos-animate\" data-aos=\"fade-up\">\r\n\t\r\n<h2>Pesca<\/h2><p>La pesca con mosca sigue siendo una forma \u00fanica de caza y la variante m\u00e1s especializada de este popular deporte campestre. Esta actividad, relajante pero emocionante, se puede disfrutar durante todo el a\u00f1o, y los miembros de Les Am-bassadeurs tienen a su disposici\u00f3n los mejores gu\u00edas de pesca personales en una amplia gama de lugares id\u00edlicos. La pesca con mosca es indu-dablemente la mejor manera de acceder a todo lo que el campo de Gran Breta\u00f1a tiene para ofrecer, mientras se pesca trucha marr\u00f3n a lo largo de serpenteantes arroyos de piedra caliza ingleses y escarpados lagos escoceses. Se dice que el subid\u00f3n de adrenalina de sentir la ca\u00f1a doblada y ver el movimiento de la cola de la pri-mera captura es incomparable, as\u00ed que \u00bfpor qu\u00e9 no escapar de la capital y verlo por usted mis-mo? <\/p>\n<div class=\"gold-link\"><span class=\"gold-line gold-left\"><\/span><a class=\"fancybox lsb-text-overlay-link\" href=\"https:\/\/vimeo.com\/349018345\">Play Video<\/a><span class=\"gold-line gold-right\"><\/span><\/div><div class=\"text-component-triangle\">\r\n<img decoding=\"async\" src=\"\/wp-content\/uploads\/2019\/08\/triangle.png\">\r\n<\/div>\r\n<\/div>\r\n\r\n<\/div>\r\n<div id=\"single-image-text-overlay-block_5d7564d0585e6\" class=\"content-block single-image-text-overlay-block align-full-width image-align-center text-align-\">\r\n\r\n<style type=\"text\/css\">\r\n#single-image-text-overlay-block_5d7564d0585e6 {\r\npadding-top: 60px;padding-right: 0px;padding-bottom: 76px;padding-left: 0px;}\r\n@media all and (max-width:768px) {\r\n#single-image-text-overlay-block_5d7564d0585e6 {\r\npadding-top: 40px;\r\npadding-right: 0px;padding-bottom: 76px;padding-left: 0px;}\r\n}\r\n<\/style>\r\n\r\n<div class=\"single-image-text-overlay-image aos-init aos-animate\" data-aos=\"fade-in\">\r\n<img loading=\"lazy\" decoding=\"async\" width=\"1364\" height=\"536\" src=\"https:\/\/lesambassadeurs.com\/wp-content\/uploads\/2019\/10\/LesA_Hunting_Social_1364x536.00_01_15_12.Still004.jpg\" class=\"attachment-full size-full\" alt=\"Huntin\" srcset=\"https:\/\/lesambassadeurs.com\/wp-content\/uploads\/2019\/10\/LesA_Hunting_Social_1364x536.00_01_15_12.Still004.jpg 1364w, https:\/\/lesambassadeurs.com\/wp-content\/uploads\/2019\/10\/LesA_Hunting_Social_1364x536.00_01_15_12.Still004-300x118.jpg 300w, https:\/\/lesambassadeurs.com\/wp-content\/uploads\/2019\/10\/LesA_Hunting_Social_1364x536.00_01_15_12.Still004-768x302.jpg 768w, https:\/\/lesambassadeurs.com\/wp-content\/uploads\/2019\/10\/LesA_Hunting_Social_1364x536.00_01_15_12.Still004-1024x402.jpg 1024w, https:\/\/lesambassadeurs.com\/wp-content\/uploads\/2019\/10\/LesA_Hunting_Social_1364x536.00_01_15_12.Still004-24x9.jpg 24w, https:\/\/lesambassadeurs.com\/wp-content\/uploads\/2019\/10\/LesA_Hunting_Social_1364x536.00_01_15_12.Still004-36x14.jpg 36w, https:\/\/lesambassadeurs.com\/wp-content\/uploads\/2019\/10\/LesA_Hunting_Social_1364x536.00_01_15_12.Still004-193x76.jpg 193w\" sizes=\"auto, (max-width: 1364px) 100vw, 1364px\" \/><\/div>\r\n\r\n<div class=\"single-image-text-overlay-text-container aos-init aos-animate\" data-aos=\"fade-up\">\r\n\t\r\n<h2>Grabaci\u00f3n <\/h2><p>Visite algunas de las m\u00e1s prestigiosas fincas de tiro del pa\u00eds y experimente un deporte brit\u00e1nico rico en patrimonio. Durante siglos, la caza ha estado estrechamente asociada a la realeza, ya que muchos reyes y reinas de Inglaterra se han dedicado a esta popular actividad, desde Enri-que VIII hasta Victoria y Alberto. Sum\u00e9rjase en el impresionante paisaje rural intr\u00ednseco del Reino Unido mientras participa en un deporte campes-tre cargado de historia y tradici\u00f3n. Desde caza de aves hasta tiro simulado, sus necesidades personales ser\u00e1n atendidas en todo momento, mientras aprende sobre los diferentes m\u00e9todos de tiro y las armas de fuego utilizadas. No tarda-r\u00e1 mucho en descubrir que nada iguala la emo-ci\u00f3n de la caza.<\/p>\n<div class=\"gold-link\"><span class=\"gold-line gold-left\"><\/span><a class=\"fancybox lsb-text-overlay-link\" href=\"https:\/\/vimeo.com\/349013772\">Play Video<\/a><span class=\"gold-line gold-right\"><\/span><\/div><div class=\"text-component-triangle\">\r\n<img decoding=\"async\" src=\"\/wp-content\/uploads\/2019\/08\/triangle.png\">\r\n<\/div>\r\n<\/div>\r\n\r\n<\/div>","protected":false},"excerpt":{"rendered":"","protected":false},"author":2,"featured_media":0,"parent":0,"menu_order":0,"comment_status":"closed","ping_status":"closed","template":"","meta":{"_acf_changed":false,"disable_featured_image":false,"footnotes":""},"class_list":["post-2702","page","type-page","status-publish"],"acf":[],"_links":{"self":[{"href":"https:\/\/lesambassadeurs.com\/es\/wp-json\/wp\/v2\/pages\/2702","targetHints":{"allow":["GET"]}}],"collection":[{"href":"https:\/\/lesambassadeurs.com\/es\/wp-json\/wp\/v2\/pages"}],"about":[{"href":"https:\/\/lesambassadeurs.com\/es\/wp-json\/wp\/v2\/types\/page"}],"author":[{"embeddable":true,"href":"https:\/\/lesambassadeurs.com\/es\/wp-json\/wp\/v2\/users\/2"}],"replies":[{"embeddable":true,"href":"https:\/\/lesambassadeurs.com\/es\/wp-json\/wp\/v2\/comments?post=2702"}],"version-history":[{"count":0,"href":"https:\/\/lesambassadeurs.com\/es\/wp-json\/wp\/v2\/pages\/2702\/revisions"}],"wp:attachment":[{"href":"https:\/\/lesambassadeurs.com\/es\/wp-json\/wp\/v2\/media?parent=2702"}],"curies":[{"name":"wp","href":"https:\/\/api.w.org\/{rel}","templated":true}]}}