{"id":2700,"date":"2019-09-26T11:49:57","date_gmt":"2019-09-26T10:49:57","guid":{"rendered":"http:\/\/lesambassadeurs.ambassadeursgroup.com\/smoking-garden\/"},"modified":"2019-11-27T12:36:11","modified_gmt":"2019-11-27T12:36:11","slug":"smoking-garden","status":"publish","type":"page","link":"https:\/\/lesambassadeurs.com\/es\/smoking-garden\/","title":{"rendered":"Smoking Garden"},"content":{"rendered":"<div class=\"feature-panel-gradient\"><\/div>\r\n<div id=\"feature-panel-block_5d5d3cf6e2f34\" class=\"content-block feature-panel-block\">\r\n<style type=\"text\/css\">\r\n#feature-panel-block_5d5d3cf6e2f34 {\r\npadding-bottom: 40px;}\r\n@media all and (max-width:768px) {\r\n#feature-panel-block_5d5d3cf6e2f34 {\r\n  padding-bottom: 40px;}\r\n}\r\n<\/style>\r\n\r\n<div class=\"feature-panel-content feature-panel-content-image rellax\" data-rellax-speed=\"-2.4\">\r\n<img loading=\"lazy\" decoding=\"async\" width=\"1920\" height=\"720\" src=\"https:\/\/lesambassadeurs.com\/wp-content\/uploads\/2019\/10\/websmoking-1.jpg\" class=\"attachment-full size-full\" alt=\"\" srcset=\"https:\/\/lesambassadeurs.com\/wp-content\/uploads\/2019\/10\/websmoking-1.jpg 1920w, https:\/\/lesambassadeurs.com\/wp-content\/uploads\/2019\/10\/websmoking-1-300x113.jpg 300w, https:\/\/lesambassadeurs.com\/wp-content\/uploads\/2019\/10\/websmoking-1-768x288.jpg 768w, https:\/\/lesambassadeurs.com\/wp-content\/uploads\/2019\/10\/websmoking-1-1024x384.jpg 1024w, https:\/\/lesambassadeurs.com\/wp-content\/uploads\/2019\/10\/websmoking-1-24x9.jpg 24w, https:\/\/lesambassadeurs.com\/wp-content\/uploads\/2019\/10\/websmoking-1-36x14.jpg 36w, https:\/\/lesambassadeurs.com\/wp-content\/uploads\/2019\/10\/websmoking-1-193x72.jpg 193w\" sizes=\"auto, (max-width: 1920px) 100vw, 1920px\" \/>\r\n\r\n<\/div>\r\n\r\n\r\n<div class=\"feature-panel-text\">\r\n     <div class=\"feature-panel-cut-out-left\"><\/div><div class=\"feature-panel-cut-out-right\"><\/div>\r\n<div class=\"feature-panel-text-inner block-inner\">\r\n<h1 class=\"entry-title\" itemprop=\"headline\">El jard\u00edn de fumadores <\/h1>\r\n\r\n<p>La mayor zona de juegos al aire libre de Londres<\/p>\n<\/div>\r\n<\/div>\r\n<script src=\"\/rellax.min.js\"><\/script>\r\n\r\n<script>\r\nfunction myFunction(x) {\r\n  if (x.matches) { \/\/ If media query matches\r\n    jQuery(document).ready(function(){\r\n   jQuery('.feature-panel-content').removeAttr('data-rellax-speed');\r\njQuery('.feature-panel-content').removeClass('rellax');\r\n    });\r\n  } else {\r\n    jQuery(document).ready(function(){\r\n    var rellax = new Rellax('.rellax');\r\n   });\r\n  }\r\n}\r\n\r\nvar x = window.matchMedia(\"(max-width: 1024px)\")\r\nmyFunction(x) \/\/ Call listener function at run time\r\nx.addListener(myFunction) \/\/ Attach listener function on state changes\r\n<\/script>\r\n\r\n<\/div><div class=\"paragraph-block\"><div class=\"block-inner\">\n<p class=\"has-text-align-center\">El jard\u00edn especial para fumadores, equipado con mesas de juego, un bar y televisores de \u00faltima generaci\u00f3n, ofrece las mejores instalaciones y servicios de Les Ambassadeurs en un entorno al aire libre. A solo un paso del \u00e1rea de juego principal, el jard\u00edn de fumadores es un espacio dise\u00f1ado con estilo que se esconde en nuestro propio rinc\u00f3n de Park Lane, Mayfair.<\/p>\n<\/div><\/div><div class=\"paragraph-block\"><div class=\"block-inner\">\n<p class=\"has-text-align-center\">El lugar est\u00e1 rodeado de una preciosa vegetaci\u00f3n que proporciona un impresionante paisaje de fondo y elimina, adem\u00e1s  el ruido de fondo de las calles circundantes. Las mesas a la sombra permiten a los hu\u00e9spedes acceder al jard\u00edn para fumadores durante todo el a\u00f1o, independientemente de la estaci\u00f3n, y la calefacci\u00f3n por suelo radiante garantiza la comodidad de los hu\u00e9spedes. Los miembros pueden probar nuestra selecci\u00f3n de puros pre-Castro y cubanos, junto con los mejores vinos y brandis del mundo, mientras juegan, lo que hace de la experiencia de juego al aire libre de Les Ambassadeurs algo que nadie se debe perder.<\/p>\n<\/div><\/div>\r\n<div id=\"image-row-block_5d5d3d64e2f35\" class=\"content-block image-row-block align-full-width\">\r\n\r\n<style type=\"text\/css\">\r\n#image-row-block_5d5d3d64e2f35 {\r\npadding-top: 60px;padding-right: 0px;padding-bottom: 60px;padding-left: 0px;}\r\n<\/style>\r\n\r\n\t\t\t\t\t\t\t\t\t\t\t\t\t\t\t\t\t\t\t\t\t\t\t\t\t\t\t\t\t\t\t\t\t\t\t\t<div class=\"image-row image-row-2-images\">\r\n\t\t\t\t\t\t\t\t\t\t\t<div class=\"image-row-image aos-init aos-animate\" data-aos=\"fade-in\" data-aos-delay=\"0\">\r\n\t\t\t\t<img loading=\"lazy\" decoding=\"async\" width=\"960\" height=\"850\" src=\"https:\/\/lesambassadeurs.com\/wp-content\/uploads\/2019\/11\/LesA_THECLUB.SMOKINGGARDEN_Image1_960x850px_Left.jpg\" class=\"attachment-full size-full\" alt=\"Smoking Garden - Les Ambassedeurs\" srcset=\"https:\/\/lesambassadeurs.com\/wp-content\/uploads\/2019\/11\/LesA_THECLUB.SMOKINGGARDEN_Image1_960x850px_Left.jpg 960w, https:\/\/lesambassadeurs.com\/wp-content\/uploads\/2019\/11\/LesA_THECLUB.SMOKINGGARDEN_Image1_960x850px_Left-300x266.jpg 300w, https:\/\/lesambassadeurs.com\/wp-content\/uploads\/2019\/11\/LesA_THECLUB.SMOKINGGARDEN_Image1_960x850px_Left-768x680.jpg 768w, https:\/\/lesambassadeurs.com\/wp-content\/uploads\/2019\/11\/LesA_THECLUB.SMOKINGGARDEN_Image1_960x850px_Left-24x21.jpg 24w, https:\/\/lesambassadeurs.com\/wp-content\/uploads\/2019\/11\/LesA_THECLUB.SMOKINGGARDEN_Image1_960x850px_Left-36x32.jpg 36w, https:\/\/lesambassadeurs.com\/wp-content\/uploads\/2019\/11\/LesA_THECLUB.SMOKINGGARDEN_Image1_960x850px_Left-129x114.jpg 129w\" sizes=\"auto, (max-width: 960px) 100vw, 960px\" \/>\t\t\t<\/div>\r\n\t\t\t\t\t\t\t\t\t\t\t<div class=\"image-row-image aos-init aos-animate\" data-aos=\"fade-in\" data-aos-delay=\"150\">\r\n\t\t\t\t<img loading=\"lazy\" decoding=\"async\" width=\"960\" height=\"850\" src=\"https:\/\/lesambassadeurs.com\/wp-content\/uploads\/2019\/11\/LesA_THECLUB.SMOKINGGARDEN_Image2_960x850px_Right.jpg\" class=\"attachment-full size-full\" alt=\"Smoking Garden - Les Ambassedeurs\" srcset=\"https:\/\/lesambassadeurs.com\/wp-content\/uploads\/2019\/11\/LesA_THECLUB.SMOKINGGARDEN_Image2_960x850px_Right.jpg 960w, https:\/\/lesambassadeurs.com\/wp-content\/uploads\/2019\/11\/LesA_THECLUB.SMOKINGGARDEN_Image2_960x850px_Right-300x266.jpg 300w, https:\/\/lesambassadeurs.com\/wp-content\/uploads\/2019\/11\/LesA_THECLUB.SMOKINGGARDEN_Image2_960x850px_Right-768x680.jpg 768w, https:\/\/lesambassadeurs.com\/wp-content\/uploads\/2019\/11\/LesA_THECLUB.SMOKINGGARDEN_Image2_960x850px_Right-24x21.jpg 24w, https:\/\/lesambassadeurs.com\/wp-content\/uploads\/2019\/11\/LesA_THECLUB.SMOKINGGARDEN_Image2_960x850px_Right-36x32.jpg 36w, https:\/\/lesambassadeurs.com\/wp-content\/uploads\/2019\/11\/LesA_THECLUB.SMOKINGGARDEN_Image2_960x850px_Right-129x114.jpg 129w\" sizes=\"auto, (max-width: 960px) 100vw, 960px\" \/>\t\t\t<\/div>\r\n\t\t\t\t\t\t\t\t\t\t\t\t\t\t\t\t\t\t\t\t\t\t<\/div>\t\r\n\t\t\t\t\t\t\t\r\n\t\t\t\t\t\t\t\t\t\r\n<\/div>","protected":false},"excerpt":{"rendered":"<p>El jard\u00edn especial para fumadores, equipado con mesas de juego, un bar y televisores de \u00faltima generaci\u00f3n, ofrece las mejores instalaciones y servicios de Les Ambassadeurs en un entorno al aire libre. A solo un paso del \u00e1rea de juego principal, el jard\u00edn de fumadores es un espacio dise\u00f1ado con estilo que se esconde en &#8230; <a title=\"Smoking Garden\" class=\"read-more\" href=\"https:\/\/lesambassadeurs.com\/es\/smoking-garden\/\" aria-label=\"Read more about Smoking Garden\">Read more<\/a><\/p>\n","protected":false},"author":2,"featured_media":0,"parent":0,"menu_order":0,"comment_status":"closed","ping_status":"closed","template":"","meta":{"_acf_changed":false,"disable_featured_image":false,"footnotes":""},"class_list":["post-2700","page","type-page","status-publish"],"acf":[],"_links":{"self":[{"href":"https:\/\/lesambassadeurs.com\/es\/wp-json\/wp\/v2\/pages\/2700","targetHints":{"allow":["GET"]}}],"collection":[{"href":"https:\/\/lesambassadeurs.com\/es\/wp-json\/wp\/v2\/pages"}],"about":[{"href":"https:\/\/lesambassadeurs.com\/es\/wp-json\/wp\/v2\/types\/page"}],"author":[{"embeddable":true,"href":"https:\/\/lesambassadeurs.com\/es\/wp-json\/wp\/v2\/users\/2"}],"replies":[{"embeddable":true,"href":"https:\/\/lesambassadeurs.com\/es\/wp-json\/wp\/v2\/comments?post=2700"}],"version-history":[{"count":0,"href":"https:\/\/lesambassadeurs.com\/es\/wp-json\/wp\/v2\/pages\/2700\/revisions"}],"wp:attachment":[{"href":"https:\/\/lesambassadeurs.com\/es\/wp-json\/wp\/v2\/media?parent=2700"}],"curies":[{"name":"wp","href":"https:\/\/api.w.org\/{rel}","templated":true}]}}