{"id":2696,"date":"2019-09-26T11:41:14","date_gmt":"2019-09-26T10:41:14","guid":{"rendered":"http:\/\/lesambassadeurs.ambassadeursgroup.com\/el-club\/"},"modified":"2019-12-11T20:05:08","modified_gmt":"2019-12-11T20:05:08","slug":"the-club","status":"publish","type":"page","link":"https:\/\/lesambassadeurs.com\/es\/the-club\/","title":{"rendered":"El club"},"content":{"rendered":"<div class=\"feature-panel-gradient\"><\/div>\r\n<div id=\"feature-panel-block_5d5d33f14dc9a\" class=\"content-block feature-panel-block\">\r\n<style type=\"text\/css\">\r\n#feature-panel-block_5d5d33f14dc9a {\r\npadding-bottom: 40px;}\r\n@media all and (max-width:768px) {\r\n#feature-panel-block_5d5d33f14dc9a {\r\n  padding-bottom: 40px;}\r\n}\r\n<\/style>\r\n\r\n<div class=\"feature-panel-content feature-panel-content-image rellax\" data-rellax-speed=\"-2.4\">\r\n<img loading=\"lazy\" decoding=\"async\" width=\"1920\" height=\"720\" src=\"https:\/\/lesambassadeurs.com\/wp-content\/uploads\/2019\/11\/LesA_THECLUB_HeaderImage1920x720px.jpg\" class=\"attachment-full size-full\" alt=\"Gaming Rooms - Les Ambassedeurs\" srcset=\"https:\/\/lesambassadeurs.com\/wp-content\/uploads\/2019\/11\/LesA_THECLUB_HeaderImage1920x720px.jpg 1920w, https:\/\/lesambassadeurs.com\/wp-content\/uploads\/2019\/11\/LesA_THECLUB_HeaderImage1920x720px-300x113.jpg 300w, https:\/\/lesambassadeurs.com\/wp-content\/uploads\/2019\/11\/LesA_THECLUB_HeaderImage1920x720px-1024x384.jpg 1024w, https:\/\/lesambassadeurs.com\/wp-content\/uploads\/2019\/11\/LesA_THECLUB_HeaderImage1920x720px-768x288.jpg 768w, https:\/\/lesambassadeurs.com\/wp-content\/uploads\/2019\/11\/LesA_THECLUB_HeaderImage1920x720px-1536x576.jpg 1536w, https:\/\/lesambassadeurs.com\/wp-content\/uploads\/2019\/11\/LesA_THECLUB_HeaderImage1920x720px-24x9.jpg 24w, https:\/\/lesambassadeurs.com\/wp-content\/uploads\/2019\/11\/LesA_THECLUB_HeaderImage1920x720px-36x14.jpg 36w, https:\/\/lesambassadeurs.com\/wp-content\/uploads\/2019\/11\/LesA_THECLUB_HeaderImage1920x720px-193x72.jpg 193w\" sizes=\"auto, (max-width: 1920px) 100vw, 1920px\" \/>\r\n\r\n<\/div>\r\n\r\n\r\n<div class=\"feature-panel-text\">\r\n     <div class=\"feature-panel-cut-out-left\"><\/div><div class=\"feature-panel-cut-out-right\"><\/div>\r\n<div class=\"feature-panel-text-inner block-inner\">\r\n<h1 class=\"entry-title\" itemprop=\"headline\">El club<\/h1>\r\n\r\n<p>Disfrute y rel\u00e1jese en un club sin\u00f3nimo de opulencia<\/p>\n<\/div>\r\n<\/div>\r\n<script src=\"\/rellax.min.js\"><\/script>\r\n\r\n<script>\r\nfunction myFunction(x) {\r\n  if (x.matches) { \/\/ If media query matches\r\n    jQuery(document).ready(function(){\r\n   jQuery('.feature-panel-content').removeAttr('data-rellax-speed');\r\njQuery('.feature-panel-content').removeClass('rellax');\r\n    });\r\n  } else {\r\n    jQuery(document).ready(function(){\r\n    var rellax = new Rellax('.rellax');\r\n   });\r\n  }\r\n}\r\n\r\nvar x = window.matchMedia(\"(max-width: 1024px)\")\r\nmyFunction(x) \/\/ Call listener function at run time\r\nx.addListener(myFunction) \/\/ Attach listener function on state changes\r\n<\/script>\r\n\r\n<\/div>\r\n<div id=\"single-image-text-overlay-block_5d5d34c24dc9b\" class=\"content-block single-image-text-overlay-block align-full-width image-align-center text-align-\">\r\n\r\n<style type=\"text\/css\">\r\n#single-image-text-overlay-block_5d5d34c24dc9b {\r\npadding-top: 60px;padding-right: 0px;padding-bottom: 76px;padding-left: 0px;}\r\n@media all and (max-width:768px) {\r\n#single-image-text-overlay-block_5d5d34c24dc9b {\r\npadding-top: 40px;\r\npadding-right: 0px;padding-bottom: 76px;padding-left: 0px;}\r\n}\r\n<\/style>\r\n\r\n<div class=\"single-image-text-overlay-image aos-init aos-animate\" data-aos=\"fade-in\">\r\n<img loading=\"lazy\" decoding=\"async\" width=\"1364\" height=\"536\" src=\"https:\/\/lesambassadeurs.com\/wp-content\/uploads\/2019\/11\/LesA_THECLUB-HISTORY_Image1364x536px.jpg\" class=\"attachment-full size-full\" alt=\"The Club - History - Les Ambassadeurs\" srcset=\"https:\/\/lesambassadeurs.com\/wp-content\/uploads\/2019\/11\/LesA_THECLUB-HISTORY_Image1364x536px.jpg 1364w, https:\/\/lesambassadeurs.com\/wp-content\/uploads\/2019\/11\/LesA_THECLUB-HISTORY_Image1364x536px-300x118.jpg 300w, https:\/\/lesambassadeurs.com\/wp-content\/uploads\/2019\/11\/LesA_THECLUB-HISTORY_Image1364x536px-1024x402.jpg 1024w, https:\/\/lesambassadeurs.com\/wp-content\/uploads\/2019\/11\/LesA_THECLUB-HISTORY_Image1364x536px-768x302.jpg 768w, https:\/\/lesambassadeurs.com\/wp-content\/uploads\/2019\/11\/LesA_THECLUB-HISTORY_Image1364x536px-24x9.jpg 24w, https:\/\/lesambassadeurs.com\/wp-content\/uploads\/2019\/11\/LesA_THECLUB-HISTORY_Image1364x536px-36x14.jpg 36w, https:\/\/lesambassadeurs.com\/wp-content\/uploads\/2019\/11\/LesA_THECLUB-HISTORY_Image1364x536px-193x76.jpg 193w\" sizes=\"auto, (max-width: 1364px) 100vw, 1364px\" \/><\/div>\r\n\r\n<div class=\"single-image-text-overlay-text-container aos-init aos-animate\" data-aos=\"fade-up\">\r\n\t\r\n<h2>Historia<\/h2><p>Situado en uno de los cotos de caza de Enrique VIII, la fascinante historia de Les Ambassadeurs lo distingue de cualquier otro club. Nuestros miembros siguen los pasos de arist\u00f3cratas brit\u00e1nicos, miembros de la Casa Real y residentes famosos a lo largo de un per\u00edodo de 100 a\u00f1os, lo que les permite convertirse en parte de una tradici\u00f3n verdaderamente \u00fanica. <\/p>\n<div class=\"gold-link\"><span class=\"gold-line gold-left\"><\/span><a class=\"lsb-text-overlay-link\" href=\"https:\/\/lesambassadeurs.com\/es\/the-club\/\" target=\"_self\">M\u00e1s<\/a><span class=\"gold-line gold-right\"><\/span><\/div><div class=\"text-component-triangle\">\r\n<img decoding=\"async\" src=\"\/wp-content\/uploads\/2019\/08\/triangle.png\">\r\n<\/div>\r\n<\/div>\r\n\r\n<\/div>\r\n<div id=\"single-image-text-overlay-block_5d5d360bfb01c\" class=\"content-block single-image-text-overlay-block align-full-width image-align-right text-align-center\">\r\n\r\n<style type=\"text\/css\">\r\n#single-image-text-overlay-block_5d5d360bfb01c {\r\npadding-top: 60px;padding-right: 0px;padding-bottom: 76px;padding-left: 0px;}\r\n@media all and (max-width:768px) {\r\n#single-image-text-overlay-block_5d5d360bfb01c {\r\npadding-top: 40px;\r\npadding-right: 0px;padding-bottom: 76px;padding-left: 0px;}\r\n}\r\n<\/style>\r\n\r\n<div class=\"single-image-text-overlay-image aos-init aos-animate\" data-aos=\"fade-in\">\r\n<img loading=\"lazy\" decoding=\"async\" width=\"1364\" height=\"536\" src=\"https:\/\/lesambassadeurs.com\/wp-content\/uploads\/2019\/11\/LesA_THECLUB-LIBRARY_Image1364x536px.jpg\" class=\"attachment-full size-full\" alt=\"The Club - Library - Les Ambassadeurs\" srcset=\"https:\/\/lesambassadeurs.com\/wp-content\/uploads\/2019\/11\/LesA_THECLUB-LIBRARY_Image1364x536px.jpg 1364w, https:\/\/lesambassadeurs.com\/wp-content\/uploads\/2019\/11\/LesA_THECLUB-LIBRARY_Image1364x536px-300x118.jpg 300w, https:\/\/lesambassadeurs.com\/wp-content\/uploads\/2019\/11\/LesA_THECLUB-LIBRARY_Image1364x536px-1024x402.jpg 1024w, https:\/\/lesambassadeurs.com\/wp-content\/uploads\/2019\/11\/LesA_THECLUB-LIBRARY_Image1364x536px-768x302.jpg 768w, https:\/\/lesambassadeurs.com\/wp-content\/uploads\/2019\/11\/LesA_THECLUB-LIBRARY_Image1364x536px-24x9.jpg 24w, https:\/\/lesambassadeurs.com\/wp-content\/uploads\/2019\/11\/LesA_THECLUB-LIBRARY_Image1364x536px-36x14.jpg 36w, https:\/\/lesambassadeurs.com\/wp-content\/uploads\/2019\/11\/LesA_THECLUB-LIBRARY_Image1364x536px-193x76.jpg 193w\" sizes=\"auto, (max-width: 1364px) 100vw, 1364px\" \/><\/div>\r\n\r\n<div class=\"single-image-text-overlay-text-container aos-init aos-animate\" data-aos=\"fade-up\">\r\n\t\r\n<h2>La biblioteca<\/h2><p>Dise\u00f1ada en 1879 por el maestro en talla de madera, Chevalier Rinaldo Barbetti, la biblioteca sigue siendo una de las salas con mayor nivel de detalles en Les Ambassadeurs. Con una escalera contigua de roble macizo contrapuesta a paredes revestidas de paneles tapizados, todo el espacio ofrece un entorno muy tranquilo en el que los hu\u00e9spedes pueden relajarse.<\/p>\n<div class=\"gold-link\"><span class=\"gold-line gold-left\"><\/span><a class=\"lsb-text-overlay-link\" href=\"https:\/\/lesambassadeurs.com\/es\/the-club\/\" target=\"_self\">M\u00e1s<\/a><span class=\"gold-line gold-right\"><\/span><\/div><div class=\"text-component-triangle\">\r\n<img decoding=\"async\" src=\"\/wp-content\/uploads\/2019\/08\/triangle.png\">\r\n<\/div>\r\n<\/div>\r\n\r\n<\/div>\r\n<div id=\"single-image-text-overlay-block_5d5d3655fb01d\" class=\"content-block single-image-text-overlay-block align-full-width image-align-left text-align-center\">\r\n\r\n<style type=\"text\/css\">\r\n#single-image-text-overlay-block_5d5d3655fb01d {\r\npadding-top: 60px;padding-right: 0px;padding-bottom: 76px;padding-left: 0px;}\r\n@media all and (max-width:768px) {\r\n#single-image-text-overlay-block_5d5d3655fb01d {\r\npadding-top: 40px;\r\npadding-right: 0px;padding-bottom: 76px;padding-left: 0px;}\r\n}\r\n<\/style>\r\n\r\n<div class=\"single-image-text-overlay-image aos-init aos-animate\" data-aos=\"fade-in\">\r\n<img loading=\"lazy\" decoding=\"async\" width=\"1364\" height=\"536\" src=\"https:\/\/lesambassadeurs.com\/wp-content\/uploads\/2019\/11\/LesA_THECLUB-GAMINGROOMS_Image1364x536px.jpg\" class=\"attachment-full size-full\" alt=\"The Club - Gaming Rooms - Les Ambassadeurs\" srcset=\"https:\/\/lesambassadeurs.com\/wp-content\/uploads\/2019\/11\/LesA_THECLUB-GAMINGROOMS_Image1364x536px.jpg 1364w, https:\/\/lesambassadeurs.com\/wp-content\/uploads\/2019\/11\/LesA_THECLUB-GAMINGROOMS_Image1364x536px-300x118.jpg 300w, https:\/\/lesambassadeurs.com\/wp-content\/uploads\/2019\/11\/LesA_THECLUB-GAMINGROOMS_Image1364x536px-1024x402.jpg 1024w, https:\/\/lesambassadeurs.com\/wp-content\/uploads\/2019\/11\/LesA_THECLUB-GAMINGROOMS_Image1364x536px-768x302.jpg 768w, https:\/\/lesambassadeurs.com\/wp-content\/uploads\/2019\/11\/LesA_THECLUB-GAMINGROOMS_Image1364x536px-24x9.jpg 24w, https:\/\/lesambassadeurs.com\/wp-content\/uploads\/2019\/11\/LesA_THECLUB-GAMINGROOMS_Image1364x536px-36x14.jpg 36w, https:\/\/lesambassadeurs.com\/wp-content\/uploads\/2019\/11\/LesA_THECLUB-GAMINGROOMS_Image1364x536px-193x76.jpg 193w\" sizes=\"auto, (max-width: 1364px) 100vw, 1364px\" \/><\/div>\r\n\r\n<div class=\"single-image-text-overlay-text-container aos-init aos-animate\" data-aos=\"fade-up\">\r\n\t\r\n<h2>Nuestras salas de juego<\/h2><p>Los miembros y sus invitados pueden utilizar una de nuestras salas privadas, muchas de las cuales incluyen sus propias terrazas y comedores. Disfrute del uso exclusivo de cualquiera de estos espacios, deleit\u00e1ndose con el incre\u00edble servicio por el que Les Ambassadeurs es mundialmente conocido.<\/p>\n<div class=\"gold-link\"><span class=\"gold-line gold-left\"><\/span><a class=\"lsb-text-overlay-link\" href=\"https:\/\/lesambassadeurs.com\/es\/the-club\/\" target=\"_self\">M\u00e1s<\/a><span class=\"gold-line gold-right\"><\/span><\/div><div class=\"text-component-triangle\">\r\n<img decoding=\"async\" src=\"\/wp-content\/uploads\/2019\/08\/triangle.png\">\r\n<\/div>\r\n<\/div>\r\n\r\n<\/div>\r\n<div id=\"single-image-text-overlay-block_5d5d36d1fb01e\" class=\"content-block single-image-text-overlay-block align-full-width image-align-center text-align-\">\r\n\r\n<style type=\"text\/css\">\r\n#single-image-text-overlay-block_5d5d36d1fb01e {\r\npadding-top: 60px;padding-right: 0px;padding-bottom: 76px;padding-left: 0px;}\r\n@media all and (max-width:768px) {\r\n#single-image-text-overlay-block_5d5d36d1fb01e {\r\npadding-top: 40px;\r\npadding-right: 0px;padding-bottom: 76px;padding-left: 0px;}\r\n}\r\n<\/style>\r\n\r\n<div class=\"single-image-text-overlay-image aos-init aos-animate\" data-aos=\"fade-in\">\r\n<img loading=\"lazy\" decoding=\"async\" width=\"1364\" height=\"536\" src=\"https:\/\/lesambassadeurs.com\/wp-content\/uploads\/2019\/10\/website-smoking-garden.jpg\" class=\"attachment-full size-full\" alt=\"\" srcset=\"https:\/\/lesambassadeurs.com\/wp-content\/uploads\/2019\/10\/website-smoking-garden.jpg 1364w, https:\/\/lesambassadeurs.com\/wp-content\/uploads\/2019\/10\/website-smoking-garden-300x118.jpg 300w, https:\/\/lesambassadeurs.com\/wp-content\/uploads\/2019\/10\/website-smoking-garden-768x302.jpg 768w, https:\/\/lesambassadeurs.com\/wp-content\/uploads\/2019\/10\/website-smoking-garden-1024x402.jpg 1024w, https:\/\/lesambassadeurs.com\/wp-content\/uploads\/2019\/10\/website-smoking-garden-24x9.jpg 24w, https:\/\/lesambassadeurs.com\/wp-content\/uploads\/2019\/10\/website-smoking-garden-36x14.jpg 36w, https:\/\/lesambassadeurs.com\/wp-content\/uploads\/2019\/10\/website-smoking-garden-193x76.jpg 193w\" sizes=\"auto, (max-width: 1364px) 100vw, 1364px\" \/><\/div>\r\n\r\n<div class=\"single-image-text-overlay-text-container aos-init aos-animate\" data-aos=\"fade-up\">\r\n\t\r\n<h2>Jard\u00edn para fumadores<\/h2><p>Junto a nuestra \u00e1rea principal de juegos, los miembros de Les Ambassadeurs tienen acceso directo a la mayor zona de juegos al aire libre de Londres, con sistemas de entretenimiento habilitados para el exterior y calefacci\u00f3n por suelo radiante para un confort total. Elija entre una extensa selecci\u00f3n de puros mientras se relaja y disfruta de la atm\u00f3sfera de Mayfair en este lujoso jard\u00edn de Park Lane.<\/p>\n<div class=\"gold-link\"><span class=\"gold-line gold-left\"><\/span><a class=\"lsb-text-overlay-link\" href=\"https:\/\/lesambassadeurs.com\/es\/the-club\/\" target=\"_self\">M\u00e1s<\/a><span class=\"gold-line gold-right\"><\/span><\/div><div class=\"text-component-triangle\">\r\n<img decoding=\"async\" src=\"\/wp-content\/uploads\/2019\/08\/triangle.png\">\r\n<\/div>\r\n<\/div>\r\n\r\n<\/div>","protected":false},"excerpt":{"rendered":"","protected":false},"author":2,"featured_media":0,"parent":0,"menu_order":0,"comment_status":"closed","ping_status":"closed","template":"","meta":{"_acf_changed":false,"disable_featured_image":false,"footnotes":""},"class_list":["post-2696","page","type-page","status-publish"],"acf":[],"_links":{"self":[{"href":"https:\/\/lesambassadeurs.com\/es\/wp-json\/wp\/v2\/pages\/2696","targetHints":{"allow":["GET"]}}],"collection":[{"href":"https:\/\/lesambassadeurs.com\/es\/wp-json\/wp\/v2\/pages"}],"about":[{"href":"https:\/\/lesambassadeurs.com\/es\/wp-json\/wp\/v2\/types\/page"}],"author":[{"embeddable":true,"href":"https:\/\/lesambassadeurs.com\/es\/wp-json\/wp\/v2\/users\/2"}],"replies":[{"embeddable":true,"href":"https:\/\/lesambassadeurs.com\/es\/wp-json\/wp\/v2\/comments?post=2696"}],"version-history":[{"count":0,"href":"https:\/\/lesambassadeurs.com\/es\/wp-json\/wp\/v2\/pages\/2696\/revisions"}],"wp:attachment":[{"href":"https:\/\/lesambassadeurs.com\/es\/wp-json\/wp\/v2\/media?parent=2696"}],"curies":[{"name":"wp","href":"https:\/\/api.w.org\/{rel}","templated":true}]}}