{"id":2694,"date":"2019-09-26T11:34:41","date_gmt":"2019-09-26T10:34:41","guid":{"rendered":"http:\/\/lesambassadeurs.ambassadeursgroup.com\/home\/"},"modified":"2021-10-25T20:09:28","modified_gmt":"2021-10-25T19:09:28","slug":"home","status":"publish","type":"page","link":"https:\/\/lesambassadeurs.com\/es\/","title":{"rendered":"Home"},"content":{"rendered":"<div class=\"feature-panel-gradient\"><\/div>\r\n<div id=\"full-screen-video-block_5d5d07baece25\" class=\"content-block full-screen-video-block\">\r\n\r\n<style type=\"text\/css\">\r\n#full-screen-video-block_5d5d07baece25 {\r\nmargin-top: 0px;margin-right: autopx;margin-bottom: 80px;margin-left: autopx;}\r\n@media all and (max-width: 768px) {\r\n#full-screen-video-block_5d5d07baece25 {\r\n    background: url(https:\/\/lesambassadeurs.com\/wp-content\/uploads\/2019\/11\/LesA_Home_Video_BackgroundImage_MOBILE.jpg);\r\n    background-size: cover !important;\r\nbackground-position: center !important;\r\nbackground-repeat: no-repeat !important;\r\n}\r\n}\r\n<\/style>\r\n\r\n<script>\r\njQuery(document).ready(function(){\r\nvar player = new Plyr('#plyr-aaaaa');\r\n});\r\n<\/script>\r\n\r\n<div class=\"plyr__video-embed\" id=\"player\">\r\n\t<div class=\"video-wrapper\">\r\n    <iframe src=\"https:\/\/player.vimeo.com\/video\/374182375?loop=true&amp;byline=false&amp;portrait=false&amp;title=false&amp;speed=true&amp;transparent=0&amp;gesture=media&amp;autoplay=true&amp;muted=true&amp;controls=false&amp;dnt=1\" allowfullscreen allowtransparency allow=\"autoplay\"><\/iframe>\r\n\t<\/div>\r\n<\/div>\r\n<div class=\"full-screen-video-overlay\"><\/div>\r\n\r\n\r\n<div class=\"full-screen-video-text-contaner\">\r\n\r\n\r\n<div class=\"full-screen-video-text-contaner-inner\">\r\n<h1>p\u00e1gina de destino<\/h1><div class=\"gold-link\"><span class=\"gold-line gold-left\"><\/span><a class=\"fancybox lsb-text-overlay-link\" href=\"https:\/\/vimeo.com\/374182923\">Reproducir video<\/a><span class=\"gold-line gold-right\"><\/span><\/div><\/div>\r\n<\/div>\r\n<div class=\"feature-panel-text\">\r\n<div class=\"feature-panel-cut-out-left\"><\/div><div class=\"feature-panel-cut-out-right\"><\/div>\r\n<\/div>\r\n\r\n<\/div>\n\n<div class=\"paragraph-block\"><div class=\"block-inner\">\n<p class=\"has-text-align-center\"><\/p>\n<\/div><\/div>\n\n<div class=\"paragraph-block\"><div class=\"block-inner\">\n<p class=\"has-text-align-center\"><\/p>\n<\/div><\/div>\n\n<div class=\"paragraph-block\"><div class=\"block-inner\">\n<p class=\"has-text-align-center\"><\/p>\n<\/div><\/div>\n\n<div class=\"paragraph-block\"><div class=\"block-inner\">\n<p><\/p>\n<\/div><\/div>\n\n<div class=\"heading-block\"><div class=\"block-inner\">\n<h2 class=\"has-text-align-center wp-block-heading\">Club de apuestas solo para miembros para el jugador premium<\/h2>\n<\/div><\/div>\n\n<div class=\"paragraph-block\"><div class=\"block-inner\">\n<p class=\"has-text-align-center\">Ubicado en una de las mejores propiedades georgianas de Mayfair, Les Ambassadeurs ofrece a sus miembros y a los invitados de estos un servicio de impecable calidad. El club da la bienvenida a jugadores de todo el mundo que buscan la mejor experiencia de juego, y cuenta con lujosas instalaciones, disponibles las 24 horas del d\u00eda, entre las que se incluyen elegantes salones privados, adem\u00e1s de una exquisita cocina de primera categor\u00eda. Ser miembro de Les Ambassadeurs abre la puerta a beneficios incomparables. <\/p>\n<\/div><\/div>\n\n\r\n<div id=\"image-grid-text-block_5d4d7e1f1cbb0\" class=\"content-block image-grid-text-block align-full-width large-image-align-left\">\r\n\r\n<style type=\"text\/css\">\r\n#image-grid-text-block_5d4d7e1f1cbb0 {\r\npadding-top: 60px;padding-right: 0px;padding-bottom: 76px;padding-left: 0px;}\r\n@media all and (max-width:768px) {\r\n#image-grid-text-block_5d4d7e1f1cbb0 {\r\npadding-top: 40px;padding-right: 0px;padding-bottom: 76px;padding-left: 0px;}\r\n}\r\n<\/style>\r\n\r\n<div class=\"image-grid-text-large-container\">\r\n<div class=\"image-grid-text-image aos-init aos-animate\" data-aos=\"fade-right\">\r\n<img loading=\"lazy\" decoding=\"async\" width=\"1362\" height=\"832\" src=\"https:\/\/lesambassadeurs.com\/wp-content\/uploads\/2019\/08\/Image-19vs.png\" class=\"attachment-full size-full\" alt=\"\" srcset=\"https:\/\/lesambassadeurs.com\/wp-content\/uploads\/2019\/08\/Image-19vs.png 1362w, https:\/\/lesambassadeurs.com\/wp-content\/uploads\/2019\/08\/Image-19vs-300x183.png 300w, https:\/\/lesambassadeurs.com\/wp-content\/uploads\/2019\/08\/Image-19vs-768x469.png 768w, https:\/\/lesambassadeurs.com\/wp-content\/uploads\/2019\/08\/Image-19vs-1024x626.png 1024w\" sizes=\"auto, (max-width: 1362px) 100vw, 1362px\" \/><\/div>\r\n<div class=\"image-grid-text-text-container aos-init aos-animate\" data-aos=\"fade-up\">\r\n<h2>El Club<\/h2><p>Les Ambassadeurs ofrece al jugador premium un club solo para miembros como ning\u00fan otro al combinar magistralmente la tradici\u00f3n brit\u00e1nica con instalaciones de \u00faltima generaci\u00f3n. Disfrute de las salas de juego privadas, adornadas con estilo, y de la mejor gastronom\u00eda las 24 horas del d\u00eda, con acceso a los eventos m\u00e1s exclusivos del mundo a su alcance.<\/p>\n<div class=\"gold-link\"><span class=\"gold-line gold-left\"><\/span><a class=\"lsb-text-overlay-link\" href=\"https:\/\/lesambassadeurs.com\/es\/\" target=\"_self\">M\u00e1s<\/a><span class=\"gold-line gold-right\"><\/span><\/div><div class=\"text-component-triangle\">\r\n<img decoding=\"async\" src=\"\/wp-content\/uploads\/2019\/08\/triangle.png\">\r\n<\/div>\r\n<\/div>\r\n<\/div>\r\n\r\n<div class=\"image-grid-text-small-container aos-init aos-animate\" data-aos=\"fade-left\">\r\n<div class=\"image-grid-text-small-wrap\">\r\n<div class=\"image-grid-text-image image-grid-text-image-one\">\r\n<img loading=\"lazy\" decoding=\"async\" width=\"554\" height=\"500\" src=\"https:\/\/lesambassadeurs.com\/wp-content\/uploads\/2019\/08\/Intersection-12v2.png\" class=\"attachment-full size-full\" alt=\"Staircase - Les Ambassadeurs\" srcset=\"https:\/\/lesambassadeurs.com\/wp-content\/uploads\/2019\/08\/Intersection-12v2.png 554w, https:\/\/lesambassadeurs.com\/wp-content\/uploads\/2019\/08\/Intersection-12v2-300x271.png 300w\" sizes=\"auto, (max-width: 554px) 100vw, 554px\" \/><\/div>\r\n\r\n<div class=\"image-grid-text-image image-grid-text-image-two\">\r\n<img loading=\"lazy\" decoding=\"async\" width=\"554\" height=\"330\" src=\"https:\/\/lesambassadeurs.com\/wp-content\/uploads\/2019\/08\/Intersection-20vs.png\" class=\"attachment-full size-full\" alt=\"\" srcset=\"https:\/\/lesambassadeurs.com\/wp-content\/uploads\/2019\/08\/Intersection-20vs.png 554w, https:\/\/lesambassadeurs.com\/wp-content\/uploads\/2019\/08\/Intersection-20vs-300x179.png 300w\" sizes=\"auto, (max-width: 554px) 100vw, 554px\" \/><\/div>\r\n<\/div>\r\n<\/div>\r\n\r\n<\/div>\n\n\r\n<div id=\"image-grid-text-block_5d50757385875\" class=\"content-block image-grid-text-block align-full-width large-image-align-right\">\r\n\r\n<style type=\"text\/css\">\r\n#image-grid-text-block_5d50757385875 {\r\npadding-top: 60px;padding-right: 0px;padding-bottom: 76px;padding-left: 0px;}\r\n@media all and (max-width:768px) {\r\n#image-grid-text-block_5d50757385875 {\r\npadding-top: 40px;padding-right: 0px;padding-bottom: 76px;padding-left: 0px;}\r\n}\r\n<\/style>\r\n\r\n<div class=\"image-grid-text-large-container\">\r\n<div class=\"image-grid-text-image aos-init aos-animate\" data-aos=\"fade-left\">\r\n<img loading=\"lazy\" decoding=\"async\" width=\"1362\" height=\"832\" src=\"https:\/\/lesambassadeurs.com\/wp-content\/uploads\/2019\/08\/Intersection-112.png\" class=\"attachment-full size-full\" alt=\"\" srcset=\"https:\/\/lesambassadeurs.com\/wp-content\/uploads\/2019\/08\/Intersection-112.png 1362w, https:\/\/lesambassadeurs.com\/wp-content\/uploads\/2019\/08\/Intersection-112-300x183.png 300w, https:\/\/lesambassadeurs.com\/wp-content\/uploads\/2019\/08\/Intersection-112-768x469.png 768w, https:\/\/lesambassadeurs.com\/wp-content\/uploads\/2019\/08\/Intersection-112-1024x626.png 1024w\" sizes=\"auto, (max-width: 1362px) 100vw, 1362px\" \/><\/div>\r\n<div class=\"image-grid-text-text-container aos-init aos-animate\" data-aos=\"fade-up\">\r\n<h2>Afiliaci\u00f3n<\/h2><p>Como miembro de Les Ambassadeurs, usted se beneficiar\u00e1 de un casino que lidera continuamente el sector de los juegos de azar. Si conformarse con la segunda mejor opci\u00f3n no es suficiente, descubra todas las cosas que hacen que pertenecer a Les Ambassadeurs sea indispensable para los jugadores de todo el mundo. <\/p>\n<div class=\"gold-link\"><span class=\"gold-line gold-left\"><\/span><a class=\"lsb-text-overlay-link\" href=\"https:\/\/lesambassadeurs.com\/es\/\" target=\"_self\">M\u00e1s<\/a><span class=\"gold-line gold-right\"><\/span><\/div><div class=\"text-component-triangle\">\r\n<img decoding=\"async\" src=\"\/wp-content\/uploads\/2019\/08\/triangle.png\">\r\n<\/div>\r\n<\/div>\r\n<\/div>\r\n\r\n<div class=\"image-grid-text-small-container aos-init aos-animate\" data-aos=\"fade-right\">\r\n<div class=\"image-grid-text-small-wrap\">\r\n<div class=\"image-grid-text-image image-grid-text-image-one\">\r\n<img loading=\"lazy\" decoding=\"async\" width=\"554\" height=\"500\" src=\"https:\/\/lesambassadeurs.com\/wp-content\/uploads\/2019\/08\/Intersection-182.png\" class=\"attachment-full size-full\" alt=\"Reception - Les Ambassadeurs\" srcset=\"https:\/\/lesambassadeurs.com\/wp-content\/uploads\/2019\/08\/Intersection-182.png 554w, https:\/\/lesambassadeurs.com\/wp-content\/uploads\/2019\/08\/Intersection-182-300x271.png 300w\" sizes=\"auto, (max-width: 554px) 100vw, 554px\" \/><\/div>\r\n\r\n<div class=\"image-grid-text-image image-grid-text-image-two\">\r\n<img loading=\"lazy\" decoding=\"async\" width=\"554\" height=\"330\" src=\"https:\/\/lesambassadeurs.com\/wp-content\/uploads\/2019\/10\/Service-Les-Ambassadeurs-554-by-330-pixels.jpg\" class=\"attachment-full size-full\" alt=\"Service - Les Ambassadeurs\" srcset=\"https:\/\/lesambassadeurs.com\/wp-content\/uploads\/2019\/10\/Service-Les-Ambassadeurs-554-by-330-pixels.jpg 554w, https:\/\/lesambassadeurs.com\/wp-content\/uploads\/2019\/10\/Service-Les-Ambassadeurs-554-by-330-pixels-300x179.jpg 300w, https:\/\/lesambassadeurs.com\/wp-content\/uploads\/2019\/10\/Service-Les-Ambassadeurs-554-by-330-pixels-24x14.jpg 24w, https:\/\/lesambassadeurs.com\/wp-content\/uploads\/2019\/10\/Service-Les-Ambassadeurs-554-by-330-pixels-36x21.jpg 36w, https:\/\/lesambassadeurs.com\/wp-content\/uploads\/2019\/10\/Service-Les-Ambassadeurs-554-by-330-pixels-191x114.jpg 191w\" sizes=\"auto, (max-width: 554px) 100vw, 554px\" \/><\/div>\r\n<\/div>\r\n<\/div>\r\n\r\n<\/div>\n\n\r\n<div id=\"image-grid-text-block_5d5d2a33103e8\" class=\"content-block image-grid-text-block align-full-width large-image-align-left\">\r\n\r\n<style type=\"text\/css\">\r\n#image-grid-text-block_5d5d2a33103e8 {\r\npadding-top: 60px;padding-right: 0px;padding-bottom: 76px;padding-left: 0px;}\r\n@media all and (max-width:768px) {\r\n#image-grid-text-block_5d5d2a33103e8 {\r\npadding-top: 40px;padding-right: 0px;padding-bottom: 76px;padding-left: 0px;}\r\n}\r\n<\/style>\r\n\r\n<div class=\"image-grid-text-large-container\">\r\n<div class=\"image-grid-text-image aos-init aos-animate\" data-aos=\"fade-right\">\r\n<img loading=\"lazy\" decoding=\"async\" width=\"1366\" height=\"830\" src=\"https:\/\/lesambassadeurs.com\/wp-content\/uploads\/2019\/08\/gaming1.png\" class=\"attachment-full size-full\" alt=\"Gaming - Les Ambassadeurs\" srcset=\"https:\/\/lesambassadeurs.com\/wp-content\/uploads\/2019\/08\/gaming1.png 1366w, https:\/\/lesambassadeurs.com\/wp-content\/uploads\/2019\/08\/gaming1-300x182.png 300w, https:\/\/lesambassadeurs.com\/wp-content\/uploads\/2019\/08\/gaming1-768x467.png 768w, https:\/\/lesambassadeurs.com\/wp-content\/uploads\/2019\/08\/gaming1-1024x622.png 1024w\" sizes=\"auto, (max-width: 1366px) 100vw, 1366px\" \/><\/div>\r\n<div class=\"image-grid-text-text-container aos-init aos-animate\" data-aos=\"fade-up\">\r\n<h2>Juego<\/h2><p>Disponibles a cualquier hora del d\u00eda o de la noche, nuestras salas privadas y lujosas \u00e1reas de juego proporcionan los espacios perfectos para todas sus necesidades de juego. Los experimentados crupiers, ubicados en 16 mesas en el \u00e1rea principal, ofrecen una selecci\u00f3n de juegos famosos como la ruleta, el blackjack y el p\u00f3quer de tres cartas.<\/p>\n<div class=\"gold-link\"><span class=\"gold-line gold-left\"><\/span><a class=\"lsb-text-overlay-link\" href=\"https:\/\/lesambassadeurs.com\/es\/\" target=\"_self\">M\u00e1s<\/a><span class=\"gold-line gold-right\"><\/span><\/div><div class=\"text-component-triangle\">\r\n<img decoding=\"async\" src=\"\/wp-content\/uploads\/2019\/08\/triangle.png\">\r\n<\/div>\r\n<\/div>\r\n<\/div>\r\n\r\n<div class=\"image-grid-text-small-container aos-init aos-animate\" data-aos=\"fade-left\">\r\n<div class=\"image-grid-text-small-wrap\">\r\n<div class=\"image-grid-text-image image-grid-text-image-one\">\r\n<img loading=\"lazy\" decoding=\"async\" width=\"554\" height=\"500\" src=\"https:\/\/lesambassadeurs.com\/wp-content\/uploads\/2019\/08\/gaming2.png\" class=\"attachment-full size-full\" alt=\"Gaming - Les Ambassadeurs\" srcset=\"https:\/\/lesambassadeurs.com\/wp-content\/uploads\/2019\/08\/gaming2.png 554w, https:\/\/lesambassadeurs.com\/wp-content\/uploads\/2019\/08\/gaming2-300x271.png 300w\" sizes=\"auto, (max-width: 554px) 100vw, 554px\" \/><\/div>\r\n\r\n<div class=\"image-grid-text-image image-grid-text-image-two\">\r\n<img loading=\"lazy\" decoding=\"async\" width=\"554\" height=\"330\" src=\"https:\/\/lesambassadeurs.com\/wp-content\/uploads\/2020\/03\/Les-A-award_554x330.jpg\" class=\"attachment-full size-full\" alt=\"Les A Gaming\" srcset=\"https:\/\/lesambassadeurs.com\/wp-content\/uploads\/2020\/03\/Les-A-award_554x330.jpg 554w, https:\/\/lesambassadeurs.com\/wp-content\/uploads\/2020\/03\/Les-A-award_554x330-300x179.jpg 300w, https:\/\/lesambassadeurs.com\/wp-content\/uploads\/2020\/03\/Les-A-award_554x330-24x14.jpg 24w, https:\/\/lesambassadeurs.com\/wp-content\/uploads\/2020\/03\/Les-A-award_554x330-36x21.jpg 36w, https:\/\/lesambassadeurs.com\/wp-content\/uploads\/2020\/03\/Les-A-award_554x330-191x114.jpg 191w\" sizes=\"auto, (max-width: 554px) 100vw, 554px\" \/><\/div>\r\n<\/div>\r\n<\/div>\r\n\r\n<\/div>\n\n\r\n<div id=\"image-grid-text-block_5d77b97f39c24\" class=\"content-block image-grid-text-block align-full-width large-image-align-right\">\r\n\r\n<style type=\"text\/css\">\r\n#image-grid-text-block_5d77b97f39c24 {\r\npadding-top: 60px;padding-right: 0px;padding-bottom: 76px;padding-left: 0px;}\r\n@media all and (max-width:768px) {\r\n#image-grid-text-block_5d77b97f39c24 {\r\npadding-top: 40px;padding-right: 0px;padding-bottom: 76px;padding-left: 0px;}\r\n}\r\n<\/style>\r\n\r\n<div class=\"image-grid-text-large-container\">\r\n<div class=\"image-grid-text-image aos-init aos-animate\" data-aos=\"fade-left\">\r\n<img loading=\"lazy\" decoding=\"async\" width=\"1362\" height=\"832\" src=\"https:\/\/lesambassadeurs.com\/wp-content\/uploads\/2019\/09\/Fine-Dining-Les-A.jpg\" class=\"attachment-full size-full\" alt=\"Les Ambassadeurs\" srcset=\"https:\/\/lesambassadeurs.com\/wp-content\/uploads\/2019\/09\/Fine-Dining-Les-A.jpg 1362w, https:\/\/lesambassadeurs.com\/wp-content\/uploads\/2019\/09\/Fine-Dining-Les-A-300x183.jpg 300w, https:\/\/lesambassadeurs.com\/wp-content\/uploads\/2019\/09\/Fine-Dining-Les-A-768x469.jpg 768w, https:\/\/lesambassadeurs.com\/wp-content\/uploads\/2019\/09\/Fine-Dining-Les-A-1024x626.jpg 1024w, https:\/\/lesambassadeurs.com\/wp-content\/uploads\/2019\/09\/Fine-Dining-Les-A-24x15.jpg 24w, https:\/\/lesambassadeurs.com\/wp-content\/uploads\/2019\/09\/Fine-Dining-Les-A-36x22.jpg 36w, https:\/\/lesambassadeurs.com\/wp-content\/uploads\/2019\/09\/Fine-Dining-Les-A-187x114.jpg 187w\" sizes=\"auto, (max-width: 1362px) 100vw, 1362px\" \/><\/div>\r\n<div class=\"image-grid-text-text-container aos-init aos-animate\" data-aos=\"fade-up\">\r\n<h2>Gastronom\u00eda exquisita<\/h2><p>En Les Ambassadeurs, la hosteler\u00eda est\u00e1 en el coraz\u00f3n de todo lo que hacemos. Entre nuestras lujosas instalaciones se incluye un elegante y relajante restaurante que le permitir\u00e1 disfrutar alejado de las mesas. Pruebe una selecci\u00f3n de platos y vinos finos tra\u00eddos por chefs y sommeliers de primera categor\u00eda. <\/p>\n<div class=\"gold-link\"><span class=\"gold-line gold-left\"><\/span><a class=\"lsb-text-overlay-link\" href=\"https:\/\/lesambassadeurs.com\/es\/\" target=\"_self\">comidas de lujo<\/a><span class=\"gold-line gold-right\"><\/span><\/div><div class=\"text-component-triangle\">\r\n<img decoding=\"async\" src=\"\/wp-content\/uploads\/2019\/08\/triangle.png\">\r\n<\/div>\r\n<\/div>\r\n<\/div>\r\n\r\n<div class=\"image-grid-text-small-container aos-init aos-animate\" data-aos=\"fade-right\">\r\n<div class=\"image-grid-text-small-wrap\">\r\n<div class=\"image-grid-text-image image-grid-text-image-one\">\r\n<img loading=\"lazy\" decoding=\"async\" width=\"554\" height=\"500\" src=\"https:\/\/lesambassadeurs.com\/wp-content\/uploads\/2019\/09\/Fine-Dining-DSCF9198-554x500.jpg\" class=\"attachment-full size-full\" alt=\"Fine Dining\" srcset=\"https:\/\/lesambassadeurs.com\/wp-content\/uploads\/2019\/09\/Fine-Dining-DSCF9198-554x500.jpg 554w, https:\/\/lesambassadeurs.com\/wp-content\/uploads\/2019\/09\/Fine-Dining-DSCF9198-554x500-300x271.jpg 300w, https:\/\/lesambassadeurs.com\/wp-content\/uploads\/2019\/09\/Fine-Dining-DSCF9198-554x500-24x22.jpg 24w, https:\/\/lesambassadeurs.com\/wp-content\/uploads\/2019\/09\/Fine-Dining-DSCF9198-554x500-36x32.jpg 36w, https:\/\/lesambassadeurs.com\/wp-content\/uploads\/2019\/09\/Fine-Dining-DSCF9198-554x500-126x114.jpg 126w\" sizes=\"auto, (max-width: 554px) 100vw, 554px\" \/><\/div>\r\n\r\n<div class=\"image-grid-text-image image-grid-text-image-two\">\r\n<img loading=\"lazy\" decoding=\"async\" width=\"504\" height=\"300\" src=\"https:\/\/lesambassadeurs.com\/wp-content\/uploads\/2019\/09\/Fine-Dining-IMG_9289-554x330.jpg\" class=\"attachment-full size-full\" alt=\"Fine Dining\" srcset=\"https:\/\/lesambassadeurs.com\/wp-content\/uploads\/2019\/09\/Fine-Dining-IMG_9289-554x330.jpg 504w, https:\/\/lesambassadeurs.com\/wp-content\/uploads\/2019\/09\/Fine-Dining-IMG_9289-554x330-300x179.jpg 300w, https:\/\/lesambassadeurs.com\/wp-content\/uploads\/2019\/09\/Fine-Dining-IMG_9289-554x330-24x14.jpg 24w, https:\/\/lesambassadeurs.com\/wp-content\/uploads\/2019\/09\/Fine-Dining-IMG_9289-554x330-36x21.jpg 36w, https:\/\/lesambassadeurs.com\/wp-content\/uploads\/2019\/09\/Fine-Dining-IMG_9289-554x330-193x114.jpg 193w\" sizes=\"auto, (max-width: 504px) 100vw, 504px\" \/><\/div>\r\n<\/div>\r\n<\/div>\r\n\r\n<\/div>\n\n \r\n<div id=\"blog-component-block_5d65031155926\" class=\"content-block blog-component-block align-full-width\">\r\n<style type=\"text\/css\">\r\n#blog-component-block_5d65031155926 {\r\npadding-top: 60px;padding-right: 0px;padding-bottom: 76px;padding-left: 0px;}\r\n@media all and (max-width:768px) {\r\n#blog-component-block_5d65031155926 {\r\npadding-top: 40px;padding-right: 0px;padding-bottom: 76px;padding-left: 0px;}\r\n}\r\n<\/style>\r\n \r\n \r\n<div class=\"blog-component-overlay-image aos-init aos-animate\" data-aos=\"fade-in\">\r\n<img loading=\"lazy\" decoding=\"async\" width=\"1920\" height=\"720\" src=\"https:\/\/lesambassadeurs.com\/wp-content\/uploads\/2020\/10\/Covid_1920x720.jpg\" class=\"attachment-full size-full\" alt=\"COVID Guidelines\" srcset=\"https:\/\/lesambassadeurs.com\/wp-content\/uploads\/2020\/10\/Covid_1920x720.jpg 1920w, https:\/\/lesambassadeurs.com\/wp-content\/uploads\/2020\/10\/Covid_1920x720-300x113.jpg 300w, https:\/\/lesambassadeurs.com\/wp-content\/uploads\/2020\/10\/Covid_1920x720-1024x384.jpg 1024w, https:\/\/lesambassadeurs.com\/wp-content\/uploads\/2020\/10\/Covid_1920x720-768x288.jpg 768w, https:\/\/lesambassadeurs.com\/wp-content\/uploads\/2020\/10\/Covid_1920x720-1536x576.jpg 1536w, https:\/\/lesambassadeurs.com\/wp-content\/uploads\/2020\/10\/Covid_1920x720-24x9.jpg 24w, https:\/\/lesambassadeurs.com\/wp-content\/uploads\/2020\/10\/Covid_1920x720-36x14.jpg 36w, https:\/\/lesambassadeurs.com\/wp-content\/uploads\/2020\/10\/Covid_1920x720-193x72.jpg 193w\" sizes=\"auto, (max-width: 1920px) 100vw, 1920px\" \/><div class=\"feature-panel-video-play\">\r\n        <a href=\"https:\/\/lesambassadeurs.com\/es\/?p=7995\">\r\n            <img decoding=\"async\" src=\"\/wp-content\/uploads\/2019\/08\/video-play.svg\">        <\/a>\r\n    <\/div>\r\n<\/div>\r\n\r\n<div class=\"blog-component-text-container aos-init aos-animate\" data-aos=\"fade-up\">\r\n<h2>Private: COVID Guidelines<\/h2>\r\n<div class=\"post-date\"><time datetime=\"2020-10-23T15:12:16+01:00\" itemprop=\"datePublished\">Friday, October 23rd 2020<\/time><\/div>\r\n<div class=\"gold-link\"><span class=\"gold-line gold-left\"><\/span><a class=\"lsb-text-overlay-link\" href=\"https:\/\/lesambassadeurs.com\/es\/?p=7995\">Leer blog<\/a><span class=\"gold-line gold-right\"><\/span><\/div>\r\n<div class=\"text-component-triangle\">\r\n<img decoding=\"async\" src=\"\/wp-content\/uploads\/2019\/08\/triangle.png\">\r\n<\/div>\r\n\r\n\r\n  \r\n<\/div>","protected":false},"excerpt":{"rendered":"<p>Club de apuestas solo para miembros para el jugador premium Ubicado en una de las mejores propiedades georgianas de Mayfair, Les Ambassadeurs ofrece a sus miembros y a los invitados de estos un servicio de impecable calidad. El club da la bienvenida a jugadores de todo el mundo que buscan la mejor experiencia de juego, &#8230; <a title=\"Home\" class=\"read-more\" href=\"https:\/\/lesambassadeurs.com\/es\/\" aria-label=\"Read more about Home\">Read more<\/a><\/p>\n","protected":false},"author":2,"featured_media":0,"parent":0,"menu_order":0,"comment_status":"closed","ping_status":"closed","template":"","meta":{"_acf_changed":false,"disable_featured_image":false,"footnotes":""},"class_list":["post-2694","page","type-page","status-publish"],"acf":[],"_links":{"self":[{"href":"https:\/\/lesambassadeurs.com\/es\/wp-json\/wp\/v2\/pages\/2694","targetHints":{"allow":["GET"]}}],"collection":[{"href":"https:\/\/lesambassadeurs.com\/es\/wp-json\/wp\/v2\/pages"}],"about":[{"href":"https:\/\/lesambassadeurs.com\/es\/wp-json\/wp\/v2\/types\/page"}],"author":[{"embeddable":true,"href":"https:\/\/lesambassadeurs.com\/es\/wp-json\/wp\/v2\/users\/2"}],"replies":[{"embeddable":true,"href":"https:\/\/lesambassadeurs.com\/es\/wp-json\/wp\/v2\/comments?post=2694"}],"version-history":[{"count":4,"href":"https:\/\/lesambassadeurs.com\/es\/wp-json\/wp\/v2\/pages\/2694\/revisions"}],"predecessor-version":[{"id":8451,"href":"https:\/\/lesambassadeurs.com\/es\/wp-json\/wp\/v2\/pages\/2694\/revisions\/8451"}],"wp:attachment":[{"href":"https:\/\/lesambassadeurs.com\/es\/wp-json\/wp\/v2\/media?parent=2694"}],"curies":[{"name":"wp","href":"https:\/\/api.w.org\/{rel}","templated":true}]}}