{"id":2681,"date":"2019-09-25T15:59:48","date_gmt":"2019-09-25T14:59:48","guid":{"rendered":"http:\/\/lesambassadeurs.ambassadeursgroup.com\/gaming-rooms\/"},"modified":"2019-11-27T11:16:43","modified_gmt":"2019-11-27T11:16:43","slug":"gaming-rooms","status":"publish","type":"page","link":"https:\/\/lesambassadeurs.com\/es\/gaming-rooms\/","title":{"rendered":"Gaming Rooms"},"content":{"rendered":"<div class=\"feature-panel-gradient\"><\/div>\r\n<div id=\"feature-panel-block_5d5d3bd6a6975\" class=\"content-block feature-panel-block\">\r\n<style type=\"text\/css\">\r\n#feature-panel-block_5d5d3bd6a6975 {\r\npadding-bottom: 40px;}\r\n@media all and (max-width:768px) {\r\n#feature-panel-block_5d5d3bd6a6975 {\r\n  padding-bottom: 40px;}\r\n}\r\n<\/style>\r\n\r\n<div class=\"feature-panel-content feature-panel-content-image rellax\" data-rellax-speed=\"-2.4\">\r\n<img loading=\"lazy\" decoding=\"async\" width=\"1920\" height=\"720\" src=\"https:\/\/lesambassadeurs.com\/wp-content\/uploads\/2019\/11\/LesA_GamingRooms_HeaderImage_1920x720px.jpg\" class=\"attachment-full size-full\" alt=\"Gaming Rooms - Les Ambassedeurs\" srcset=\"https:\/\/lesambassadeurs.com\/wp-content\/uploads\/2019\/11\/LesA_GamingRooms_HeaderImage_1920x720px.jpg 1920w, https:\/\/lesambassadeurs.com\/wp-content\/uploads\/2019\/11\/LesA_GamingRooms_HeaderImage_1920x720px-300x113.jpg 300w, https:\/\/lesambassadeurs.com\/wp-content\/uploads\/2019\/11\/LesA_GamingRooms_HeaderImage_1920x720px-1024x384.jpg 1024w, https:\/\/lesambassadeurs.com\/wp-content\/uploads\/2019\/11\/LesA_GamingRooms_HeaderImage_1920x720px-768x288.jpg 768w, https:\/\/lesambassadeurs.com\/wp-content\/uploads\/2019\/11\/LesA_GamingRooms_HeaderImage_1920x720px-1536x576.jpg 1536w, https:\/\/lesambassadeurs.com\/wp-content\/uploads\/2019\/11\/LesA_GamingRooms_HeaderImage_1920x720px-24x9.jpg 24w, https:\/\/lesambassadeurs.com\/wp-content\/uploads\/2019\/11\/LesA_GamingRooms_HeaderImage_1920x720px-36x14.jpg 36w, https:\/\/lesambassadeurs.com\/wp-content\/uploads\/2019\/11\/LesA_GamingRooms_HeaderImage_1920x720px-193x72.jpg 193w\" sizes=\"auto, (max-width: 1920px) 100vw, 1920px\" \/>\r\n\r\n<\/div>\r\n\r\n\r\n<div class=\"feature-panel-text\">\r\n     <div class=\"feature-panel-cut-out-left\"><\/div><div class=\"feature-panel-cut-out-right\"><\/div>\r\n<div class=\"feature-panel-text-inner block-inner\">\r\n<h1 class=\"entry-title\" itemprop=\"headline\">Nuestras salas de juego<\/h1>\r\n\r\n<p class=\"BodyA\"><span lang=\"EN-US\">Habitaciones de dise\u00f1o exquisito a su entera disposici\u00f3n<\/span><\/p>\n<\/div>\r\n<\/div>\r\n<script src=\"\/rellax.min.js\"><\/script>\r\n\r\n<script>\r\nfunction myFunction(x) {\r\n  if (x.matches) { \/\/ If media query matches\r\n    jQuery(document).ready(function(){\r\n   jQuery('.feature-panel-content').removeAttr('data-rellax-speed');\r\njQuery('.feature-panel-content').removeClass('rellax');\r\n    });\r\n  } else {\r\n    jQuery(document).ready(function(){\r\n    var rellax = new Rellax('.rellax');\r\n   });\r\n  }\r\n}\r\n\r\nvar x = window.matchMedia(\"(max-width: 1024px)\")\r\nmyFunction(x) \/\/ Call listener function at run time\r\nx.addListener(myFunction) \/\/ Attach listener function on state changes\r\n<\/script>\r\n\r\n<\/div><div class=\"paragraph-block\"><div class=\"block-inner\">\n<p\/>\n<\/div><\/div><div class=\"heading-block\"><div class=\"block-inner\">\n<h2 class=\"has-text-align-center wp-block-heading\">La sala de m\u00e1rmol<\/h2>\n<\/div><\/div><div class=\"paragraph-block\"><div class=\"block-inner\">\n<p class=\"has-text-align-center\">La sala de m\u00e1rmol consta de cinco mesas de juego y una mesa de comedor privada, lo que permite a un m\u00e1ximo de cuatro hu\u00e9spedes cenar lejos del restaurante principal mientras apuestan a su antojo y participan en los juegos de su elecci\u00f3n con crupiers cuidadosamente seleccionados.<\/p>\n<\/div><\/div><div class=\"paragraph-block\"><div class=\"block-inner\">\n<p class=\"has-text-align-center\">La sala de m\u00e1rmol combina la opulencia con el juego moderno y es uno de los lugares favoritos de los miembros y sus invitados. Se puede acceder a este espacio privado desde el tambi\u00e9n lujoso soportal y permite que un peque\u00f1o grupo pueda disfrutar de las mejores instalaciones de Les Ambassadeurs con total privacidad.<\/p>\n<\/div><\/div><div class=\"paragraph-block\"><div class=\"block-inner\">\n<p class=\"has-text-align-center\">El techo, adornado con pan de oro e intrincadas molduras, es solo uno de los muchos elementos impresionantes de esta sala. Esta habitaci\u00f3n est\u00e1 cubierta por un exquisito fresco renacentista que representa Las cuatro estaciones y cuyo autor es Edmund Thomas Parris, un famoso paisajista de los a\u00f1os 1800. Como pintor de historia designado, los retratos de Parris incluyen a S.A.R. la Reina Victoria en su coronaci\u00f3n en 1838, as\u00ed como a muchos otros reyes y arist\u00f3cratas notables. Las paredes de paneles est\u00e1n decoradas con Ddtallados grabados que terminan alrededor de una espectacular chimenea de m\u00e1rmol, lo que proporciona un punto focal verdaderamente impresionante. <\/p>\n<\/div><\/div><div class=\"heading-block\"><div class=\"block-inner\">\n<h2 class=\"has-text-align-center wp-block-heading\">Sala Leopold<\/h2>\n<\/div><\/div><div class=\"paragraph-block\"><div class=\"block-inner\">\n<p class=\"has-text-align-center\">En honor al gusto opulento de Leopold de Rothschild, la Sala Leopold es quiz\u00e1s una de las zonas de juego privadas m\u00e1s extravagantes de Les Ambassadeurs. Este espacio, con l\u00e1mparas de bronce hechas de cristal de Murano y una chimenea de m\u00e1rmol adornada con motivos de oro ornamental, da vida al ostentoso ambiente del n. \u00ba 5 de Hamilton Place durante la \u00e9poca en que Rothschild era el propietario. Contemple la escena panor\u00e1mica de una cl\u00e1sica cacer\u00eda brit\u00e1nica en el intricado papel de pared pintado y admire Hamilton Place a trav\u00e9s de unas puertas francesas privadas; sin duda, la mejor manera de disfrutar de esta maravillosa \u00e1rea de Mayfair.<\/p>\n<\/div><\/div><div class=\"paragraph-block\"><div class=\"block-inner\">\n<p class=\"has-text-align-center\">La Sala Leopold, dise\u00f1ada en homenaje a Rothschild y a sus gustos inspirados en Luis XV, rinde homenaje a este per\u00edodo hist\u00f3rico en el que el n. \u00ba 5 de Hamilton Place se convirti\u00f3 en el coraz\u00f3n social de Mayfair. En la m\u00e1s peque\u00f1a de nuestras salas de juego privadas, los miembros y sus invitados podr\u00e1n jugar con total privacidad en una mesa cl\u00e1sica en forma de ri\u00f1\u00f3n. Es la sala ideal para grupos que busquen mayor intimidad y para aquellos que deseen relajarse en un espacio m\u00e1s privado.<\/p>\n<\/div><\/div><div class=\"heading-block\"><div class=\"block-inner\">\n<h2 class=\"has-text-align-center wp-block-heading\">Sala de Oro<\/h2>\n<\/div><\/div><div class=\"paragraph-block\"><div class=\"block-inner\">\n<p class=\"has-text-align-center\">Con un acabado en oro y rojo de estilo oriental, la Sala de Oro ofrece un entorno de juego muy completo y pr\u00f3ximo al \u00e1rea principal de juego. Las paredes est\u00e1n cubiertas de paneles con ilustraciones de paisajes y brocados dorados, y lujosos muebles rojos y una ornamentada chimenea destacan sobre un fondo de papel de seda de oro de igual riqueza. En sus tres mesas de juego, los miembros y sus invitados podr\u00e1n disfrutar de los servicios de nuestros entregados crupieres y de una amplia gama de juegos, desde blackjack hasta ruleta americana, en un espacio m\u00e1s \u00edntimo.<\/p>\n<\/div><\/div><div class=\"paragraph-block\"><div class=\"block-inner\">\n<p class=\"has-text-align-center\">Si bien la Sala de Oro constituye una zona m\u00e1s aislada para jugar, los hu\u00e9spedes tienen a su disposici\u00f3n una gran cantidad de instalaciones de las que disfrutar mientras se relajan. El televisor de pantalla plana emite eventos deportivos y noticias en vivo, y las cenas privadas permiten a los miembros degustar una mir\u00edada de platos de nuestro men\u00fa de primera clase en un ambiente exclusivo. El jard\u00edn de fumadores de Les Ambassadeurs se encuentra justo al lado de esta sala para aquellos jugadores que deseen tomar un poco de aire o disfrutar de una extensa lista de puros y whiskies.<\/p>\n<\/div><\/div><div class=\"heading-block\"><div class=\"block-inner\">\n<h2 class=\"has-text-align-center wp-block-heading\">Las Salas de Penthouse y la terraza<\/h2>\n<\/div><\/div><div class=\"paragraph-block\"><div class=\"block-inner\">\n<p class=\"has-text-align-center\">Nuestras dos Salas de Penthouse, con vistas a Hyde Park, Hamilton Place y Park Lane ofrecen el marco perfecto para disfrutar de lo mejor de Mayfair. Rel\u00e1jese y juegue en estas dos espaciosas zonas que han recobrado su esplendor original a ra\u00edz de una restauraci\u00f3n centrada en los detalles. Mediante el estudio de fotograf\u00edas antiguas, los expertos equipos de restauraci\u00f3n replicaron el dise\u00f1o hist\u00f3rico del suelo con la ayuda de Roma Marble, el principal proveedor brit\u00e1nico de piedras naturales. Los maceteros de piedra fundida Elizabethan Jardini\u00e8re, que descansan sobre un m\u00e1rmol de impecable pulido, se adornan con bellos geranios y plantas de bacopa durante todo el a\u00f1o que ba\u00f1an la habitaci\u00f3n de tonos rojos, rosas, p\u00farpura y vainilla.<\/p>\n<\/div><\/div><div class=\"paragraph-block\"><div class=\"block-inner\">\n<p class=\"has-text-align-center\">Hemos amueblado cada sala para proporcionar a los miembros y a sus invitados el m\u00e1ximo confort y estilo. Los techos de cada Penthouse se han restaurado con esmero para revelar su detallada decoraci\u00f3n de oro original, y se han instalado tambi\u00e9n nuevos ba\u00f1os privados revestidos de m\u00e1rmol de Arezzo en l\u00ednea con la decoraci\u00f3n de la sala. Se han utilizado dise\u00f1os cl\u00e1sicos brit\u00e1nicos del artista de renombre mundial William Morris, y ambas zonas cuentan con sillas dise\u00f1adas a medida para las mesas de bacar\u00e1. Dos terrazas recientemente restauradas ofrecen a los miembros un \u00e1rea adyacente en que admirar las vistas, disfrutar de una cena al aire libre y quiz\u00e1s probar el extenso men\u00fa de puros disponible.<\/p>\n<\/div><\/div><div class=\"heading-block\"><div class=\"block-inner\">\n<h2 class=\"has-text-align-center wp-block-heading\">Salas del Palacio y la terraza<\/h2>\n<\/div><\/div><div class=\"paragraph-block\"><div class=\"block-inner\">\n<p>Las Salas del Palacio, de ambiente exuberante, constituyen una gran zona de juego convertible en dos salas privadas m\u00e1s peque\u00f1as. Esta \u00e1rea, obra de los dise\u00f1adores de interiores de renombre mundial, RPW Designs, presenta un techo de hojas doradas magistralmente restaurado, alfombras con intrincados dibujos y un magn\u00edfico suelo de m\u00e1rmol pulido.<\/p>\n<\/div><\/div><div class=\"paragraph-block\"><div class=\"block-inner\">\n<p class=\"has-text-align-center\">Las Salas del Palacio, de ambiente exuberante, constituyen una gran zona de juego convertible en dos salas privadas m\u00e1s peque\u00f1as. Esta \u00e1rea, obra de los dise\u00f1adores de interiores de renombre mundial, RPW Designs, presenta un techo de hojas doradas magistralmente restaurado, alfombras con intrincados dibujos y un magn\u00edfico suelo de m\u00e1rmol pulido.<\/p>\n<\/div><\/div><div class=\"paragraph-block\"><div class=\"block-inner\">\n<p class=\"has-text-align-center\">Se puede acceder a terrazas exteriores desde cada lado de esta extensa zona de juego, lo que permite a los miembros fumar y cenar al aire libre si as\u00ed lo desean. La cascada de agua, que proporciona un impresionante punto focal, y las luces LED blancas que iluminan la pared posterior y la piscina en la que cae el agua, crean un espacio verdaderamente \u00fanico y sereno en el que relajarse.<\/p>\n<\/div><\/div>\r\n<div id=\"image-row-block_5d5d3c64a6976\" class=\"content-block image-row-block align-full-width\">\r\n\r\n<style type=\"text\/css\">\r\n#image-row-block_5d5d3c64a6976 {\r\npadding-top: 60px;padding-right: 0px;padding-bottom: 60px;padding-left: 0px;}\r\n<\/style>\r\n\r\n\t\t\t\t\t\t\t\t\t\t\t\t\t\t\t\t\t\t\t\t\t\t\t\t\t\t\t\t\t\t\t\t\t\t\t\t<div class=\"image-row image-row-3-images\">\r\n\t\t\t\t\t\t\t\t\t\t\t<div class=\"image-row-image aos-init aos-animate\" data-aos=\"fade-in\" data-aos-delay=\"0\">\r\n\t\t\t\t<img loading=\"lazy\" decoding=\"async\" width=\"554\" height=\"727\" src=\"https:\/\/lesambassadeurs.com\/wp-content\/uploads\/2019\/10\/Marble-Room-DSCF9670-554-x-727-px.jpg\" class=\"attachment-full size-full\" alt=\"Gaming Rooms - Marble Room\" srcset=\"https:\/\/lesambassadeurs.com\/wp-content\/uploads\/2019\/10\/Marble-Room-DSCF9670-554-x-727-px.jpg 554w, https:\/\/lesambassadeurs.com\/wp-content\/uploads\/2019\/10\/Marble-Room-DSCF9670-554-x-727-px-229x300.jpg 229w, https:\/\/lesambassadeurs.com\/wp-content\/uploads\/2019\/10\/Marble-Room-DSCF9670-554-x-727-px-18x24.jpg 18w, https:\/\/lesambassadeurs.com\/wp-content\/uploads\/2019\/10\/Marble-Room-DSCF9670-554-x-727-px-27x36.jpg 27w, https:\/\/lesambassadeurs.com\/wp-content\/uploads\/2019\/10\/Marble-Room-DSCF9670-554-x-727-px-87x114.jpg 87w\" sizes=\"auto, (max-width: 554px) 100vw, 554px\" \/>\t\t\t<\/div>\r\n\t\t\t\t\t\t\t\t\t\t\t<div class=\"image-row-image aos-init aos-animate\" data-aos=\"fade-in\" data-aos-delay=\"150\">\r\n\t\t\t\t<img loading=\"lazy\" decoding=\"async\" width=\"640\" height=\"850\" src=\"https:\/\/lesambassadeurs.com\/wp-content\/uploads\/2019\/11\/LesA_CLUB-GAMINGROOMS_Image2640x850px.jpg\" class=\"attachment-full size-full\" alt=\"Gaming Rooms - Les Ambassedeurs\" srcset=\"https:\/\/lesambassadeurs.com\/wp-content\/uploads\/2019\/11\/LesA_CLUB-GAMINGROOMS_Image2640x850px.jpg 640w, https:\/\/lesambassadeurs.com\/wp-content\/uploads\/2019\/11\/LesA_CLUB-GAMINGROOMS_Image2640x850px-226x300.jpg 226w, https:\/\/lesambassadeurs.com\/wp-content\/uploads\/2019\/11\/LesA_CLUB-GAMINGROOMS_Image2640x850px-18x24.jpg 18w, https:\/\/lesambassadeurs.com\/wp-content\/uploads\/2019\/11\/LesA_CLUB-GAMINGROOMS_Image2640x850px-27x36.jpg 27w, https:\/\/lesambassadeurs.com\/wp-content\/uploads\/2019\/11\/LesA_CLUB-GAMINGROOMS_Image2640x850px-86x114.jpg 86w\" sizes=\"auto, (max-width: 640px) 100vw, 640px\" \/>\t\t\t<\/div>\r\n\t\t\t\t\t\t\t\t\t\t\t<div class=\"image-row-image aos-init aos-animate\" data-aos=\"fade-in\" data-aos-delay=\"300\">\r\n\t\t\t\t<img loading=\"lazy\" decoding=\"async\" width=\"538\" height=\"727\" src=\"https:\/\/lesambassadeurs.com\/wp-content\/uploads\/2019\/10\/Gaming-Rooms-Roulette-Wheel-Les-Ambassadeurs-538-by-727-pixels.jpg\" class=\"attachment-full size-full\" alt=\"Gaming Rooms - Roulette Wheel - Les Ambassadeurs\" srcset=\"https:\/\/lesambassadeurs.com\/wp-content\/uploads\/2019\/10\/Gaming-Rooms-Roulette-Wheel-Les-Ambassadeurs-538-by-727-pixels.jpg 538w, https:\/\/lesambassadeurs.com\/wp-content\/uploads\/2019\/10\/Gaming-Rooms-Roulette-Wheel-Les-Ambassadeurs-538-by-727-pixels-222x300.jpg 222w, https:\/\/lesambassadeurs.com\/wp-content\/uploads\/2019\/10\/Gaming-Rooms-Roulette-Wheel-Les-Ambassadeurs-538-by-727-pixels-18x24.jpg 18w, https:\/\/lesambassadeurs.com\/wp-content\/uploads\/2019\/10\/Gaming-Rooms-Roulette-Wheel-Les-Ambassadeurs-538-by-727-pixels-27x36.jpg 27w, https:\/\/lesambassadeurs.com\/wp-content\/uploads\/2019\/10\/Gaming-Rooms-Roulette-Wheel-Les-Ambassadeurs-538-by-727-pixels-84x114.jpg 84w\" sizes=\"auto, (max-width: 538px) 100vw, 538px\" \/>\t\t\t<\/div>\r\n\t\t\t\t\t\t\t\t\t\t\t\t\t\t\t\t\t\t\t\t\t\t<\/div>\t\r\n\t\t\t\t\t\t\t\r\n\t\t\t\t\t\t\t\t\t\t\t\t\t\t\t\t\t\t\t\t\t\t\t\t\t\t\t\t\t\t\t\t<div class=\"image-row image-row-2-images\">\r\n\t\t\t\t\t\t\t\t\t\t\t<div class=\"image-row-image aos-init aos-animate\" data-aos=\"fade-in\" data-aos-delay=\"0\">\r\n\t\t\t\t<img loading=\"lazy\" decoding=\"async\" width=\"960\" height=\"720\" src=\"https:\/\/lesambassadeurs.com\/wp-content\/uploads\/2019\/10\/palace-1.jpg\" class=\"attachment-full size-full\" alt=\"\" srcset=\"https:\/\/lesambassadeurs.com\/wp-content\/uploads\/2019\/10\/palace-1.jpg 960w, https:\/\/lesambassadeurs.com\/wp-content\/uploads\/2019\/10\/palace-1-300x225.jpg 300w, https:\/\/lesambassadeurs.com\/wp-content\/uploads\/2019\/10\/palace-1-768x576.jpg 768w, https:\/\/lesambassadeurs.com\/wp-content\/uploads\/2019\/10\/palace-1-24x18.jpg 24w, https:\/\/lesambassadeurs.com\/wp-content\/uploads\/2019\/10\/palace-1-36x27.jpg 36w, https:\/\/lesambassadeurs.com\/wp-content\/uploads\/2019\/10\/palace-1-152x114.jpg 152w\" sizes=\"auto, (max-width: 960px) 100vw, 960px\" \/>\t\t\t<\/div>\r\n\t\t\t\t\t\t\t\t\t\t\t<div class=\"image-row-image aos-init aos-animate\" data-aos=\"fade-in\" data-aos-delay=\"150\">\r\n\t\t\t\t<img loading=\"lazy\" decoding=\"async\" width=\"960\" height=\"720\" src=\"https:\/\/lesambassadeurs.com\/wp-content\/uploads\/2019\/10\/web-palace2.jpg\" class=\"attachment-full size-full\" alt=\"\" srcset=\"https:\/\/lesambassadeurs.com\/wp-content\/uploads\/2019\/10\/web-palace2.jpg 960w, https:\/\/lesambassadeurs.com\/wp-content\/uploads\/2019\/10\/web-palace2-300x225.jpg 300w, https:\/\/lesambassadeurs.com\/wp-content\/uploads\/2019\/10\/web-palace2-768x576.jpg 768w, https:\/\/lesambassadeurs.com\/wp-content\/uploads\/2019\/10\/web-palace2-24x18.jpg 24w, https:\/\/lesambassadeurs.com\/wp-content\/uploads\/2019\/10\/web-palace2-36x27.jpg 36w, https:\/\/lesambassadeurs.com\/wp-content\/uploads\/2019\/10\/web-palace2-152x114.jpg 152w\" sizes=\"auto, (max-width: 960px) 100vw, 960px\" \/>\t\t\t<\/div>\r\n\t\t\t\t\t\t\t\t\t\t\t\t\t\t\t\t\t\t\t\t\t\t<\/div>\t\r\n\t\t\t\t\t\t\t\r\n\t\t\t\t\t\t\t\t\t\t\t\t\t\t\t\t\t\t\t\t\t\t\t\t\t\t\t\t\t\t\t\t<div class=\"image-row image-row-2-images\">\r\n\t\t\t\t\t\t\t\t\t\t\t<div class=\"image-row-image aos-init aos-animate\" data-aos=\"fade-in\" data-aos-delay=\"0\">\r\n\t\t\t\t<img loading=\"lazy\" decoding=\"async\" width=\"1280\" height=\"850\" src=\"https:\/\/lesambassadeurs.com\/wp-content\/uploads\/2019\/11\/LesA_CLUB-GAMINGROOMS_Image61280x850px.jpg\" class=\"attachment-full size-full\" alt=\"Gaming Rooms - Les Ambassedeurs\" srcset=\"https:\/\/lesambassadeurs.com\/wp-content\/uploads\/2019\/11\/LesA_CLUB-GAMINGROOMS_Image61280x850px.jpg 1280w, https:\/\/lesambassadeurs.com\/wp-content\/uploads\/2019\/11\/LesA_CLUB-GAMINGROOMS_Image61280x850px-300x199.jpg 300w, https:\/\/lesambassadeurs.com\/wp-content\/uploads\/2019\/11\/LesA_CLUB-GAMINGROOMS_Image61280x850px-1024x680.jpg 1024w, https:\/\/lesambassadeurs.com\/wp-content\/uploads\/2019\/11\/LesA_CLUB-GAMINGROOMS_Image61280x850px-768x510.jpg 768w, https:\/\/lesambassadeurs.com\/wp-content\/uploads\/2019\/11\/LesA_CLUB-GAMINGROOMS_Image61280x850px-24x16.jpg 24w, https:\/\/lesambassadeurs.com\/wp-content\/uploads\/2019\/11\/LesA_CLUB-GAMINGROOMS_Image61280x850px-36x24.jpg 36w, https:\/\/lesambassadeurs.com\/wp-content\/uploads\/2019\/11\/LesA_CLUB-GAMINGROOMS_Image61280x850px-172x114.jpg 172w\" sizes=\"auto, (max-width: 1280px) 100vw, 1280px\" \/>\t\t\t<\/div>\r\n\t\t\t\t\t\t\t\t\t\t\t<div class=\"image-row-image aos-init aos-animate\" data-aos=\"fade-in\" data-aos-delay=\"150\">\r\n\t\t\t\t<img loading=\"lazy\" decoding=\"async\" width=\"640\" height=\"850\" src=\"https:\/\/lesambassadeurs.com\/wp-content\/uploads\/2019\/11\/LesA_CLUB-GAMINGROOMS_Image7640x850px.jpg\" class=\"attachment-full size-full\" alt=\"Gaming Rooms - Les Ambassedeurs\" srcset=\"https:\/\/lesambassadeurs.com\/wp-content\/uploads\/2019\/11\/LesA_CLUB-GAMINGROOMS_Image7640x850px.jpg 640w, https:\/\/lesambassadeurs.com\/wp-content\/uploads\/2019\/11\/LesA_CLUB-GAMINGROOMS_Image7640x850px-226x300.jpg 226w, https:\/\/lesambassadeurs.com\/wp-content\/uploads\/2019\/11\/LesA_CLUB-GAMINGROOMS_Image7640x850px-18x24.jpg 18w, https:\/\/lesambassadeurs.com\/wp-content\/uploads\/2019\/11\/LesA_CLUB-GAMINGROOMS_Image7640x850px-27x36.jpg 27w, https:\/\/lesambassadeurs.com\/wp-content\/uploads\/2019\/11\/LesA_CLUB-GAMINGROOMS_Image7640x850px-86x114.jpg 86w\" sizes=\"auto, (max-width: 640px) 100vw, 640px\" \/>\t\t\t<\/div>\r\n\t\t\t\t\t\t\t\t\t\t\t\t\t\t\t\t\t\t\t\t\t\t<\/div>\t\r\n\t\t\t\t\t\t\t\r\n\t\t\t\t\t\t\t\t\t\r\n<\/div>","protected":false},"excerpt":{"rendered":"<p>La sala de m\u00e1rmol La sala de m\u00e1rmol consta de cinco mesas de juego y una mesa de comedor privada, lo que permite a un m\u00e1ximo de cuatro hu\u00e9spedes cenar lejos del restaurante principal mientras apuestan a su antojo y participan en los juegos de su elecci\u00f3n con crupiers cuidadosamente seleccionados. La sala de m\u00e1rmol &#8230; <a title=\"Gaming Rooms\" class=\"read-more\" href=\"https:\/\/lesambassadeurs.com\/es\/gaming-rooms\/\" aria-label=\"Read more about Gaming Rooms\">Read more<\/a><\/p>\n","protected":false},"author":2,"featured_media":0,"parent":0,"menu_order":0,"comment_status":"closed","ping_status":"closed","template":"","meta":{"_acf_changed":false,"disable_featured_image":false,"footnotes":""},"class_list":["post-2681","page","type-page","status-publish"],"acf":[],"_links":{"self":[{"href":"https:\/\/lesambassadeurs.com\/es\/wp-json\/wp\/v2\/pages\/2681","targetHints":{"allow":["GET"]}}],"collection":[{"href":"https:\/\/lesambassadeurs.com\/es\/wp-json\/wp\/v2\/pages"}],"about":[{"href":"https:\/\/lesambassadeurs.com\/es\/wp-json\/wp\/v2\/types\/page"}],"author":[{"embeddable":true,"href":"https:\/\/lesambassadeurs.com\/es\/wp-json\/wp\/v2\/users\/2"}],"replies":[{"embeddable":true,"href":"https:\/\/lesambassadeurs.com\/es\/wp-json\/wp\/v2\/comments?post=2681"}],"version-history":[{"count":0,"href":"https:\/\/lesambassadeurs.com\/es\/wp-json\/wp\/v2\/pages\/2681\/revisions"}],"wp:attachment":[{"href":"https:\/\/lesambassadeurs.com\/es\/wp-json\/wp\/v2\/media?parent=2681"}],"curies":[{"name":"wp","href":"https:\/\/api.w.org\/{rel}","templated":true}]}}