{"id":4502,"date":"2019-11-19T17:22:10","date_gmt":"2019-11-19T17:22:10","guid":{"rendered":"http:\/\/lesambassadeurs.ambassadeursgroup.com\/gaming\/"},"modified":"2020-11-06T09:19:00","modified_gmt":"2020-11-06T09:19:00","slug":"gaming","status":"publish","type":"page","link":"https:\/\/lesambassadeurs.com\/ar\/gaming\/","title":{"rendered":"\u00d8\u00a3\u00d9\u201e\u00d8\u00b9\u00d8\u00a7\u00d8\u00a8 \u00d8\u00a7\u00d9\u201e\u00d9\u201a\u00d9\u2026\u00d8\u00a7\u00d8\u00b1"},"content":{"rendered":"<div class=\"feature-panel-gradient\"><\/div>\r\n<div id=\"feature-panel-block_5d5d41f47a0b5\" class=\"content-block feature-panel-block\">\r\n<style type=\"text\/css\">\r\n#feature-panel-block_5d5d41f47a0b5 {\r\npadding-bottom: 40px;}\r\n@media all and (max-width:768px) {\r\n#feature-panel-block_5d5d41f47a0b5 {\r\n  padding-bottom: 40px;}\r\n}\r\n<\/style>\r\n\r\n<div class=\"feature-panel-content feature-panel-content-image rellax\" data-rellax-speed=\"-2.4\">\r\n<img loading=\"lazy\" decoding=\"async\" width=\"1920\" height=\"720\" src=\"https:\/\/lesambassadeurs.com\/wp-content\/uploads\/2019\/11\/gaming-feature.jpg\" class=\"attachment-full size-full\" alt=\"Gaming at Les Ambassedeurs\" srcset=\"https:\/\/lesambassadeurs.com\/wp-content\/uploads\/2019\/11\/gaming-feature.jpg 1920w, https:\/\/lesambassadeurs.com\/wp-content\/uploads\/2019\/11\/gaming-feature-300x113.jpg 300w, https:\/\/lesambassadeurs.com\/wp-content\/uploads\/2019\/11\/gaming-feature-1024x384.jpg 1024w, https:\/\/lesambassadeurs.com\/wp-content\/uploads\/2019\/11\/gaming-feature-768x288.jpg 768w, https:\/\/lesambassadeurs.com\/wp-content\/uploads\/2019\/11\/gaming-feature-1536x576.jpg 1536w, https:\/\/lesambassadeurs.com\/wp-content\/uploads\/2019\/11\/gaming-feature-24x9.jpg 24w, https:\/\/lesambassadeurs.com\/wp-content\/uploads\/2019\/11\/gaming-feature-36x14.jpg 36w, https:\/\/lesambassadeurs.com\/wp-content\/uploads\/2019\/11\/gaming-feature-193x72.jpg 193w\" sizes=\"auto, (max-width: 1920px) 100vw, 1920px\" \/>\r\n<div class=\"gambling-week-container ar-gamb\" style=\"display: none !important;\">\r\n<a href=\"https:\/\/safergamblinguk.org\" target=\"_blank\" rel=\"noreferrer\">\r\n<img loading=\"lazy\" decoding=\"async\" src=\"https:\/\/www.lesambassadeurs.com\/wp-content\/uploads\/2020\/10\/SGW-2020_Arabic.png\" class=\"attachment-full size-full\" alt=\"\" width=\"842\" height=\"398\">\r\n<\/a>\r\n<\/div>\r\n\r\n<\/div>\r\n\r\n\r\n<div class=\"feature-panel-text\">\r\n     <div class=\"feature-panel-cut-out-left\"><\/div><div class=\"feature-panel-cut-out-right\"><\/div>\r\n<div class=\"feature-panel-text-inner block-inner\">\r\n<h1 class=\"entry-title\" itemprop=\"headline\">\u00d8\u00a3\u00d9\u201e\u00d8\u00b9\u00d8\u00a7\u00d8\u00a8 \u00d8\u00a7\u00d9\u201e\u00d9\u201a\u00d9\u2026\u00d8\u00a7\u00d8\u00b1<\/h1>\r\n\r\n<p>\u00d9\u2026\u00d8\u00af\u00d8\u00b1\u00d8\u00a7\u00d8\u00a1 \u00d8\u00a7\u00d9\u201e\u00d8\u00b7\u00d8\u00a7\u00d9\u02c6\u00d9\u201e\u00d8\u00a7\u00d8\u00aa \u00d8\u00ac\u00d8\u00a7\u00d9\u2021\u00d8\u00b2\u00d9\u02c6\u00d9\u2020 \u00d9\u201e\u00d8\u00a7\u00d8\u00b3\u00d8\u00aa\u00d9\u201a\u00d8\u00a8\u00d8\u00a7\u00d9\u201e\u00d9\u0192 \u00d8\u00b9\u00d9\u201e\u00d9\u2030 \u00d9\u2026\u00d8\u00af\u00d8\u00a7\u00d8\u00b1 24 \u00d8\u00b3\u00d8\u00a7\u00d8\u00b9\u00d8\u00a9 \u00d9\u0081\u00d9\u0160 \u00d8\u00a7\u00d9\u201e\u00d9\u0160\u00d9\u02c6\u00d9\u2026<\/p>\n<\/div>\r\n<\/div>\r\n<script src=\"\/rellax.min.js\"><\/script>\r\n\r\n<script>\r\nfunction myFunction(x) {\r\n  if (x.matches) { \/\/ If media query matches\r\n    jQuery(document).ready(function(){\r\n   jQuery('.feature-panel-content').removeAttr('data-rellax-speed');\r\njQuery('.feature-panel-content').removeClass('rellax');\r\n    });\r\n  } else {\r\n    jQuery(document).ready(function(){\r\n    var rellax = new Rellax('.rellax');\r\n   });\r\n  }\r\n}\r\n\r\nvar x = window.matchMedia(\"(max-width: 1024px)\")\r\nmyFunction(x) \/\/ Call listener function at run time\r\nx.addListener(myFunction) \/\/ Attach listener function on state changes\r\n<\/script>\r\n\r\n<\/div>\n\n\r\n<div id=\"single-image-text-overlay-block_5d5d42767a0b6\" class=\"content-block single-image-text-overlay-block align-full-width image-align-Center text-align-\">\r\n\r\n<style type=\"text\/css\">\r\n#single-image-text-overlay-block_5d5d42767a0b6 {\r\npadding-top: 60px;padding-right: 0px;padding-bottom: 76px;padding-left: 0px;}\r\n@media all and (max-width:768px) {\r\n#single-image-text-overlay-block_5d5d42767a0b6 {\r\npadding-top: 40px;\r\npadding-right: 0px;padding-bottom: 76px;padding-left: 0px;}\r\n}\r\n<\/style>\r\n\r\n<div class=\"single-image-text-overlay-image aos-init aos-animate\" data-aos=\"fade-in\">\r\n<img loading=\"lazy\" decoding=\"async\" width=\"1364\" height=\"536\" src=\"https:\/\/lesambassadeurs.com\/wp-content\/uploads\/2019\/11\/LesA_Gaming_LuxuryGamingFloor_Image_1364x536px.jpg\" class=\"attachment-full size-full\" alt=\"LuxGaming Rooms - Les Ambassedeurs\" srcset=\"https:\/\/lesambassadeurs.com\/wp-content\/uploads\/2019\/11\/LesA_Gaming_LuxuryGamingFloor_Image_1364x536px.jpg 1364w, https:\/\/lesambassadeurs.com\/wp-content\/uploads\/2019\/11\/LesA_Gaming_LuxuryGamingFloor_Image_1364x536px-300x118.jpg 300w, https:\/\/lesambassadeurs.com\/wp-content\/uploads\/2019\/11\/LesA_Gaming_LuxuryGamingFloor_Image_1364x536px-1024x402.jpg 1024w, https:\/\/lesambassadeurs.com\/wp-content\/uploads\/2019\/11\/LesA_Gaming_LuxuryGamingFloor_Image_1364x536px-768x302.jpg 768w, https:\/\/lesambassadeurs.com\/wp-content\/uploads\/2019\/11\/LesA_Gaming_LuxuryGamingFloor_Image_1364x536px-24x9.jpg 24w, https:\/\/lesambassadeurs.com\/wp-content\/uploads\/2019\/11\/LesA_Gaming_LuxuryGamingFloor_Image_1364x536px-36x14.jpg 36w, https:\/\/lesambassadeurs.com\/wp-content\/uploads\/2019\/11\/LesA_Gaming_LuxuryGamingFloor_Image_1364x536px-193x76.jpg 193w\" sizes=\"auto, (max-width: 1364px) 100vw, 1364px\" \/><div class=\"gambling-week-container ar-gamb\" style=\"display: none !important;\">\r\n<a href=\"https:\/\/safergamblinguk.org\" target=\"_blank\" rel=\"noreferrer\">\r\n<img loading=\"lazy\" decoding=\"async\" src=\"https:\/\/www.lesambassadeurs.com\/wp-content\/uploads\/2020\/10\/SGW-2020_Arabic.png\" class=\"attachment-full size-full\" alt=\"\" width=\"842\" height=\"398\">\r\n<\/a>\r\n<\/div>\r\n<\/div>\r\n\r\n<div class=\"single-image-text-overlay-text-container aos-init aos-animate\" data-aos=\"fade-up\">\r\n\t\r\n<h2>\u00d8\u00b5\u00d8\u00a7\u00d9\u201e\u00d8\u00a9 \u00d8\u00a7\u00d9\u201e\u00d9\u201a\u00d9\u2026\u00d8\u00a7\u00d8\u00b1 \u00d8\u00a7\u00d9\u201e\u00d9\u0081\u00d8\u00a7\u00d8\u00ae\u00d8\u00b1\u00d8\u00a9<\/h2><p>\u00d8\u00b9\u00d9\u201e\u00d9\u2030 \u00d9\u2026\u00d8\u00af\u00d9\u2030 \u00d8\u00a3\u00d9\u0192\u00d8\u00ab\u00d8\u00b1 \u00d9\u2026\u00d9\u2020 100 \u00d8\u00b9\u00d8\u00a7\u00d9\u2026\u00d8\u0152 \u00d8\u00a7\u00d8\u00b3\u00d8\u00aa\u00d8\u00b6\u00d8\u00a7\u00d9\u0081\u00d8\u00aa \u00d8\u00b5\u00d8\u00a7\u00d9\u201e\u00d8\u00a9 \u00d8\u00a7\u00d9\u201e\u00d9\u201a\u00d9\u2026\u00d8\u00a7\u00d8\u00b1 \u00d8\u00a7\u00d9\u201e\u00d8\u00b1\u00d8\u00a6\u00d9\u0160\u00d8\u00b3\u00d9\u0160\u00d8\u00a9 \u00d9\u0081\u00d9\u0160 \u00d9\u2020\u00d8\u00a7\u00d8\u00af\u00d9\u0160 Les Ambassadeurs \u00d8\u00a3\u00d9\u0081\u00d8\u00b1\u00d8\u00a7\u00d8\u00af \u00d8\u00a7\u00d9\u201e\u00d8\u00b9\u00d8\u00a7\u00d8\u00a6\u00d9\u201e\u00d8\u00a9 \u00d8\u00a7\u00d9\u201e\u00d9\u2026\u00d8\u00a7\u00d9\u201e\u00d9\u0192\u00d8\u00a9 \u00d9\u02c6\u00d8\u00a7\u00d9\u201e\u00d9\u2026\u00d8\u00b4\u00d8\u00a7\u00d9\u2021\u00d9\u0160\u00d8\u00b1 \u00d8\u00b9\u00d9\u201e\u00d9\u2030 \u00d8\u00ad\u00d8\u00af \u00d8\u00b3\u00d9\u02c6\u00d8\u00a7\u00d8\u00a1. \u00d9\u02c6\u00d9\u0160\u00d9\u02c6\u00d9\u0081\u00d8\u00b1 \u00d8\u00aa\u00d9\u02c6\u00d8\u00b2\u00d9\u0160\u00d8\u00b9 \u00d8\u00a7\u00d9\u201e\u00d8\u00b5\u00d8\u00a7\u00d9\u201e\u00d8\u00a9 \u00d8\u00a7\u00d9\u201e\u00d9\u2026\u00d9\u008f\u00d8\u00b5\u00d9\u2026\u00d9\u2026 \u00d8\u00b9\u00d9\u201e\u00d9\u2030 \u00d8\u00a3\u00d9\u0160\u00d8\u00af\u00d9\u0160 \u00d8\u00ae\u00d8\u00a8\u00d8\u00b1\u00d8\u00a7\u00d8\u00a1 \u00d8\u00aa\u00d8\u00ac\u00d8\u00b1\u00d8\u00a8\u00d8\u00a9 \u00d9\u201a\u00d9\u2026\u00d8\u00a7\u00d8\u00b1 \u00d9\u201e\u00d8\u00a7 \u00d9\u2020\u00d8\u00b8\u00d9\u0160\u00d8\u00b1 \u00d9\u201e\u00d9\u2021\u00d8\u00a7 \u00d9\u0081\u00d9\u0160 \u00d9\u201e\u00d9\u2020\u00d8\u00af\u00d9\u2020 \u00d9\u2026\u00d8\u00b9 \u00d8\u00a5\u00d9\u2026\u00d9\u0192\u00d8\u00a7\u00d9\u2020\u00d9\u0160\u00d8\u00a9 \u00d8\u00a7\u00d9\u201e\u00d9\u201e\u00d8\u00b9\u00d8\u00a8 \u00d8\u00a8\u00d8\u00ae\u00d8\u00b5\u00d9\u02c6\u00d8\u00b5\u00d9\u0160\u00d8\u00a9 \u00d8\u00aa\u00d8\u00a7\u00d9\u2026\u00d8\u00a9 \u00d8\u00a3\u00d9\u02c6 \u00d8\u00a8\u00d8\u00ac\u00d9\u02c6\u00d8\u00a7\u00d8\u00b1 \u00d8\u00a7\u00d9\u201e\u00d8\u00a3\u00d8\u00b9\u00d8\u00b6\u00d8\u00a7\u00d8\u00a1 \u00d8\u00a7\u00d9\u201e\u00d8\u00a2\u00d8\u00ae\u00d8\u00b1\u00d9\u0160\u00d9\u2020. <\/p>\n<div class=\"gold-link\"><span class=\"gold-line gold-left\"><\/span><a class=\"lsb-text-overlay-link\" href=\"https:\/\/lesambassadeurs.com\/ar\/gaming\/\" target=\"_self\">\u00d8\u00ba\u00d8\u00b1\u00d9\u0081 \u00d8\u00a7\u00d9\u201e\u00d8\u00a3\u00d9\u201e\u00d8\u00b9\u00d8\u00a7\u00d8\u00a8<\/a><span class=\"gold-line gold-right\"><\/span><\/div><div class=\"text-component-triangle\">\r\n<img decoding=\"async\" src=\"\/wp-content\/uploads\/2019\/08\/triangle.png\">\r\n<\/div>\r\n<\/div>\r\n\r\n<\/div>\n\n\r\n<div id=\"single-image-text-overlay-block_5d5d42957a0b7\" class=\"content-block single-image-text-overlay-block align-full-width image-align-Center text-align-\">\r\n\r\n<style type=\"text\/css\">\r\n#single-image-text-overlay-block_5d5d42957a0b7 {\r\npadding-top: 60px;padding-right: 0px;padding-bottom: 76px;padding-left: 0px;}\r\n@media all and (max-width:768px) {\r\n#single-image-text-overlay-block_5d5d42957a0b7 {\r\npadding-top: 40px;\r\npadding-right: 0px;padding-bottom: 76px;padding-left: 0px;}\r\n}\r\n<\/style>\r\n\r\n<div class=\"single-image-text-overlay-image aos-init aos-animate\" data-aos=\"fade-in\">\r\n<img loading=\"lazy\" decoding=\"async\" width=\"1364\" height=\"536\" src=\"https:\/\/lesambassadeurs.com\/wp-content\/uploads\/2019\/11\/LesA_Gaming_OurGames_Image_1364x536px.jpg\" class=\"attachment-full size-full\" alt=\"Gaming Rooms - Les Ambassedeurs\" srcset=\"https:\/\/lesambassadeurs.com\/wp-content\/uploads\/2019\/11\/LesA_Gaming_OurGames_Image_1364x536px.jpg 1364w, https:\/\/lesambassadeurs.com\/wp-content\/uploads\/2019\/11\/LesA_Gaming_OurGames_Image_1364x536px-300x118.jpg 300w, https:\/\/lesambassadeurs.com\/wp-content\/uploads\/2019\/11\/LesA_Gaming_OurGames_Image_1364x536px-1024x402.jpg 1024w, https:\/\/lesambassadeurs.com\/wp-content\/uploads\/2019\/11\/LesA_Gaming_OurGames_Image_1364x536px-768x302.jpg 768w, https:\/\/lesambassadeurs.com\/wp-content\/uploads\/2019\/11\/LesA_Gaming_OurGames_Image_1364x536px-24x9.jpg 24w, https:\/\/lesambassadeurs.com\/wp-content\/uploads\/2019\/11\/LesA_Gaming_OurGames_Image_1364x536px-36x14.jpg 36w, https:\/\/lesambassadeurs.com\/wp-content\/uploads\/2019\/11\/LesA_Gaming_OurGames_Image_1364x536px-193x76.jpg 193w\" sizes=\"auto, (max-width: 1364px) 100vw, 1364px\" \/><div class=\"gambling-week-container ar-gamb\" style=\"display: none !important;\">\r\n<a href=\"https:\/\/safergamblinguk.org\" target=\"_blank\" rel=\"noreferrer\">\r\n<img loading=\"lazy\" decoding=\"async\" src=\"https:\/\/www.lesambassadeurs.com\/wp-content\/uploads\/2020\/10\/SGW-2020_Arabic.png\" class=\"attachment-full size-full\" alt=\"\" width=\"842\" height=\"398\">\r\n<\/a>\r\n<\/div>\r\n<\/div>\r\n\r\n<div class=\"single-image-text-overlay-text-container aos-init aos-animate\" data-aos=\"fade-up\">\r\n\t\r\n<h2>\u00d8\u00a3\u00d9\u201e\u00d8\u00b9\u00d8\u00a7\u00d8\u00a8\u00d9\u2020\u00d8\u00a7<\/h2><p>\u00d9\u0160\u00d9\u201a\u00d8\u00af\u00d9\u2026 \u00d9\u2020\u00d8\u00a7\u00d8\u00af\u00d9\u0160 Les Ambassadeurs \u00d9\u2026\u00d8\u00ac\u00d9\u2026\u00d9\u02c6\u00d8\u00b9\u00d8\u00a9 \u00d9\u2026\u00d9\u2020 \u00d8\u00a7\u00d9\u201e\u00d8\u00a3\u00d9\u201e\u00d8\u00b9\u00d8\u00a7\u00d8\u00a8 \u00d8\u00a7\u00d9\u201e\u00d8\u00aa\u00d9\u201a\u00d9\u201e\u00d9\u0160\u00d8\u00af\u00d9\u0160\u00d8\u00a9 \u00d8\u00a7\u00d9\u201e\u00d8\u00aa\u00d9\u0160 \u00d9\u0160\u00d9\u201a\u00d8\u00af\u00d9\u2026\u00d9\u2021\u00d8\u00a7 \u00d9\u201e\u00d9\u0192\u00d9\u2026 \u00d9\u2026\u00d8\u00af\u00d8\u00b1\u00d8\u00a7\u00d8\u00a1 \u00d8\u00b7\u00d8\u00a7\u00d9\u02c6\u00d9\u201e\u00d8\u00a7\u00d8\u00aa \u00d9\u2026\u00d8\u00aa\u00d9\u2026\u00d8\u00b1\u00d8\u00b3\u00d9\u0160\u00d9\u2020. \u00d9\u2026\u00d9\u2020 \u00d8\u00a7\u00d9\u201e\u00d8\u00b1\u00d9\u02c6\u00d9\u201e\u00d9\u0160\u00d8\u00aa \u00d8\u00a7\u00d9\u201e\u00d8\u00a3\u00d9\u2026\u00d8\u00b1\u00d9\u0160\u00d9\u0192\u00d9\u0160 \u00d9\u02c6\u00d8\u00a7\u00d9\u201e\u00d8\u00a8\u00d8\u00a7\u00d9\u0192\u00d8\u00a7\u00d8\u00b1\u00d8\u00a7\u00d8\u00aa \u00d9\u02c6\u00d8\u00a7\u00d9\u201e\u00d8\u00a8\u00d9\u201e\u00d8\u00a7\u00d9\u0192\u00d8\u00ac\u00d8\u00a7\u00d9\u0192 \u00d9\u02c6\u00d8\u00a7\u00d9\u201e\u00d8\u00a8\u00d9\u02c6\u00d9\u0192\u00d8\u00b1 \u00d8\u00a8\u00d8\u00ab\u00d9\u201e\u00d8\u00a7\u00d8\u00ab \u00d8\u00a3\u00d9\u02c6\u00d8\u00b1\u00d8\u00a7\u00d9\u201a\u00d8\u0152 \u00d9\u0160\u00d9\u2026\u00d9\u0192\u00d9\u2020 \u00d9\u201e\u00d9\u201e\u00d8\u00a3\u00d8\u00b9\u00d8\u00b6\u00d8\u00a7\u00d8\u00a1 \u00d8\u00a7\u00d8\u00ae\u00d8\u00aa\u00d9\u0160\u00d8\u00a7\u00d8\u00b1 \u00d8\u00a7\u00d9\u201e\u00d9\u201e\u00d8\u00b9\u00d8\u00a8\u00d8\u00a9 \u00d8\u00a7\u00d9\u201e\u00d9\u2026\u00d9\u0081\u00d8\u00b6\u00d9\u201e\u00d8\u00a9 \u00d9\u201e\u00d8\u00af\u00d9\u0160\u00d9\u2021\u00d9\u2026\u00d8\u0152 \u00d9\u02c6\u00d8\u00b0\u00d9\u201e\u00d9\u0192 \u00d8\u00a5\u00d9\u201e\u00d9\u2030 \u00d8\u00ac\u00d8\u00a7\u00d9\u2020\u00d8\u00a8 \u00d8\u00ae\u00d8\u00af\u00d9\u2026\u00d8\u00a9 \u00d8\u00a7\u00d9\u201e\u00d8\u00b7\u00d8\u00a7\u00d9\u02c6\u00d9\u201e\u00d8\u00a7\u00d8\u00aa \u00d9\u201e\u00d8\u00b6\u00d9\u2026\u00d8\u00a7\u00d9\u2020 \u00d8\u00b1\u00d8\u00a7\u00d8\u00ad\u00d8\u00aa\u00d9\u2021\u00d9\u2026 \u00d8\u00a7\u00d9\u201e\u00d8\u00aa\u00d8\u00a7\u00d9\u2026\u00d8\u00a9.<\/p>\n<div class=\"gold-link\"><span class=\"gold-line gold-left\"><\/span><a class=\"lsb-text-overlay-link\" href=\"https:\/\/lesambassadeurs.com\/ar\/gaming\/\" target=\"_self\">\u00d8\u00a3\u00d9\u0192\u00d8\u00ab\u00d8\u00b1<\/a><span class=\"gold-line gold-right\"><\/span><\/div><div class=\"text-component-triangle\">\r\n<img decoding=\"async\" src=\"\/wp-content\/uploads\/2019\/08\/triangle.png\">\r\n<\/div>\r\n<\/div>\r\n\r\n<\/div>\n\n\r\n<div id=\"team-slider-block_5d5d42e67a0b8\" class=\"content-block team-slider-block align-full-width\">\r\n\r\n<style type=\"text\/css\">\r\n#team-slider-block_5d5d42e67a0b8 {\r\npadding-top: 60px;padding-right: 0px;padding-bottom: 60px;padding-left: 0px;background: #F4F3F2;}\r\n<\/style>\r\n\r\n<h2>\u00d8\u00b7\u00d8\u00a7\u00d9\u201a\u00d9\u2026\u00d9\u2020\u00d8\u00a7<\/h2><script type=\"text\/javascript\">\r\njQuery(document).ready(function(){\r\n  jQuery('.slider-team-slider-block_5d5d42e67a0b8').slick({\r\n  infinite: true,\r\n  slidesToShow: 5,\r\n  slidesToScroll: 1,\r\n  arrows: true,\r\n  rows: 0,\r\n  focusOnSelect: true,\r\n  swipeToSlide: true,\r\n    centerMode: true,\r\n    centerPadding: '0',\r\n    asNavFor: '.slider-text-team-slider-block_5d5d42e67a0b8',\r\n    responsive: [\r\n    {\r\n      breakpoint: 1281,\r\n      settings: {\r\n  slidesToShow: 4\r\n}\r\n      },\r\n    {\r\n      breakpoint: 1061,\r\n      settings: {\r\n  slidesToShow: 3\r\n}\r\n      },\r\n    {\r\n      breakpoint: 830,\r\n      settings: {\r\n  slidesToShow: 2\r\n}\r\n      },\r\n    {\r\n      breakpoint: 623,\r\n      settings: {\r\n    slidesToShow: 1\r\n      }\r\n    }\r\n    \/\/ You can unslick at a given breakpoint now by adding:\r\n    \/\/ settings: \"unslick\"\r\n    \/\/ instead of a settings object\r\n  ]\r\n  });\r\n  jQuery('.slider-text-team-slider-block_5d5d42e67a0b8').slick({\r\n  infinite: true,\r\n  slidesToShow: 1,\r\n  slidesToScroll: 1,\r\n  arrows: false,\r\n  rows: 0,\r\n  swipeToSlide: true,\r\n    asNavFor: '.slider-team-slider-block_5d5d42e67a0b8'\r\n  });\r\n});\r\n  <\/script>\r\n<script>\r\n    jQuery(document).ready(function() {\r\n        jQuery('.team-slider-block .slider-team-slider-block_5d5d42e67a0b8 .slick-slide img').click(function() {\r\n                jQuery('.slider-text-team-slider-block_5d5d42e67a0b8 .team-member-bio-text').slideToggle(\"fast\");\r\n        });\r\n    });\r\n<\/script>\r\n\r\n<div class=\"team-slider-wrapper\">\r\n<div class=\"team-slider slider-team-slider-block_5d5d42e67a0b8 lsb-slick-arrows aos-animate aos-init\" data-aos=\"fade-in\">\r\n \r\n      <div class=\"team-slider-wrap\">\r\n            <img loading=\"lazy\" decoding=\"async\" width=\"216\" height=\"216\" src=\"https:\/\/lesambassadeurs.com\/wp-content\/uploads\/2019\/11\/G_RodAriss_215x215px.jpg\" class=\"attachment-full size-full\" alt=\"Rod Ariss\" srcset=\"https:\/\/lesambassadeurs.com\/wp-content\/uploads\/2019\/11\/G_RodAriss_215x215px.jpg 216w, https:\/\/lesambassadeurs.com\/wp-content\/uploads\/2019\/11\/G_RodAriss_215x215px-150x150.jpg 150w, https:\/\/lesambassadeurs.com\/wp-content\/uploads\/2019\/11\/G_RodAriss_215x215px-24x24.jpg 24w, https:\/\/lesambassadeurs.com\/wp-content\/uploads\/2019\/11\/G_RodAriss_215x215px-36x36.jpg 36w, https:\/\/lesambassadeurs.com\/wp-content\/uploads\/2019\/11\/G_RodAriss_215x215px-114x114.jpg 114w\" sizes=\"auto, (max-width: 216px) 100vw, 216px\" \/>        <h3>Rod Ariss<\/h3>\r\n        <div class=\"job-title\">\r\n          \u00d9\u2026\u00d8\u00af\u00d9\u0160\u00d8\u00b1 \u00d8\u00a7\u00d9\u201e\u00d9\u2026\u00d8\u00b3\u00d8\u00a4\u00d9\u02c6\u00d9\u201e\u00d9\u0160\u00d8\u00a9 \u00d8\u00a7\u00d9\u201e\u00d8\u00a5\u00d8\u00ac\u00d8\u00aa\u00d9\u2026\u00d8\u00a7\u00d8\u00b9\u00d9\u0160\u00d8\u00a9        <\/div>\r\n  <\/div>\r\n  \r\n  <div class=\"team-slider-wrap\">\r\n            <img loading=\"lazy\" decoding=\"async\" width=\"216\" height=\"216\" src=\"https:\/\/lesambassadeurs.com\/wp-content\/uploads\/2019\/11\/B_AndyWhistlecroft_215x215px.jpg\" class=\"attachment-full size-full\" alt=\"Andy Whistlecroft\" srcset=\"https:\/\/lesambassadeurs.com\/wp-content\/uploads\/2019\/11\/B_AndyWhistlecroft_215x215px.jpg 216w, https:\/\/lesambassadeurs.com\/wp-content\/uploads\/2019\/11\/B_AndyWhistlecroft_215x215px-150x150.jpg 150w, https:\/\/lesambassadeurs.com\/wp-content\/uploads\/2019\/11\/B_AndyWhistlecroft_215x215px-24x24.jpg 24w, https:\/\/lesambassadeurs.com\/wp-content\/uploads\/2019\/11\/B_AndyWhistlecroft_215x215px-36x36.jpg 36w, https:\/\/lesambassadeurs.com\/wp-content\/uploads\/2019\/11\/B_AndyWhistlecroft_215x215px-114x114.jpg 114w\" sizes=\"auto, (max-width: 216px) 100vw, 216px\" \/>        <h3>Andy Whistlecroft<\/h3>\r\n        <div class=\"job-title\">\r\n          \u00d8\u00a7\u00d9\u201e\u00d9\u2026\u00d8\u00af\u00d9\u0160\u00d8\u00b1 \u00d8\u00a7\u00d9\u201e\u00d8\u00a3\u00d8\u00b9\u00d9\u201e\u00d9\u2030 \u00d9\u201e\u00d9\u201e\u00d9\u2026\u00d9\u201a\u00d8\u00a7\u00d9\u2026\u00d8\u00b1\u00d8\u00a9        <\/div>\r\n  <\/div>\r\n  \r\n  <div class=\"team-slider-wrap\">\r\n            <img loading=\"lazy\" decoding=\"async\" width=\"216\" height=\"216\" src=\"https:\/\/lesambassadeurs.com\/wp-content\/uploads\/2019\/12\/Q_Les_A_Sandra_Rodrigues_215x215px.jpg\" class=\"attachment-full size-full\" alt=\"Sandra Rodrigues\" srcset=\"https:\/\/lesambassadeurs.com\/wp-content\/uploads\/2019\/12\/Q_Les_A_Sandra_Rodrigues_215x215px.jpg 216w, https:\/\/lesambassadeurs.com\/wp-content\/uploads\/2019\/12\/Q_Les_A_Sandra_Rodrigues_215x215px-150x150.jpg 150w, https:\/\/lesambassadeurs.com\/wp-content\/uploads\/2019\/12\/Q_Les_A_Sandra_Rodrigues_215x215px-24x24.jpg 24w, https:\/\/lesambassadeurs.com\/wp-content\/uploads\/2019\/12\/Q_Les_A_Sandra_Rodrigues_215x215px-36x36.jpg 36w, https:\/\/lesambassadeurs.com\/wp-content\/uploads\/2019\/12\/Q_Les_A_Sandra_Rodrigues_215x215px-114x114.jpg 114w\" sizes=\"auto, (max-width: 216px) 100vw, 216px\" \/>        <h3>Sandra Rodrigues<\/h3>\r\n        <div class=\"job-title\">\r\n          \u00d8\u00a7\u00d9\u201e\u00d9\u2026\u00d8\u00af\u00d9\u0160\u00d8\u00b1 \u00d8\u00a7\u00d9\u201e\u00d8\u00a3\u00d8\u00b9\u00d9\u201e\u00d9\u2030 \u00d9\u201e\u00d9\u201e\u00d9\u2026\u00d9\u201a\u00d8\u00a7\u00d9\u2026\u00d8\u00b1\u00d8\u00a9        <\/div>\r\n  <\/div>\r\n  \r\n  <div class=\"team-slider-wrap\">\r\n            <img loading=\"lazy\" decoding=\"async\" width=\"216\" height=\"216\" src=\"https:\/\/lesambassadeurs.com\/wp-content\/uploads\/2019\/12\/T_Les_A_Allan-Bobbitt_215x215px.jpg\" class=\"attachment-full size-full\" alt=\"\u00e2\u20ac\u201c Gaming Manager\" srcset=\"https:\/\/lesambassadeurs.com\/wp-content\/uploads\/2019\/12\/T_Les_A_Allan-Bobbitt_215x215px.jpg 216w, https:\/\/lesambassadeurs.com\/wp-content\/uploads\/2019\/12\/T_Les_A_Allan-Bobbitt_215x215px-150x150.jpg 150w, https:\/\/lesambassadeurs.com\/wp-content\/uploads\/2019\/12\/T_Les_A_Allan-Bobbitt_215x215px-24x24.jpg 24w, https:\/\/lesambassadeurs.com\/wp-content\/uploads\/2019\/12\/T_Les_A_Allan-Bobbitt_215x215px-36x36.jpg 36w, https:\/\/lesambassadeurs.com\/wp-content\/uploads\/2019\/12\/T_Les_A_Allan-Bobbitt_215x215px-114x114.jpg 114w\" sizes=\"auto, (max-width: 216px) 100vw, 216px\" \/>        <h3>Allan Bobbett<\/h3>\r\n        <div class=\"job-title\">\r\n          \u00d9\u2026\u00d8\u00af\u00d9\u0160\u00d8\u00b1 \u00d8\u00b5\u00d8\u00a7\u00d9\u201e\u00d8\u00a9 \u00d8\u00a7\u00d9\u201e\u00d9\u201a\u00d9\u2026\u00d8\u00a7\u00d8\u00b1        <\/div>\r\n  <\/div>\r\n  \r\n  <div class=\"team-slider-wrap\">\r\n            <img loading=\"lazy\" decoding=\"async\" width=\"216\" height=\"216\" src=\"https:\/\/lesambassadeurs.com\/wp-content\/uploads\/2019\/12\/Joe-Brown-1.jpg\" class=\"attachment-full size-full\" alt=\"Joe Brown\" srcset=\"https:\/\/lesambassadeurs.com\/wp-content\/uploads\/2019\/12\/Joe-Brown-1.jpg 216w, https:\/\/lesambassadeurs.com\/wp-content\/uploads\/2019\/12\/Joe-Brown-1-150x150.jpg 150w, https:\/\/lesambassadeurs.com\/wp-content\/uploads\/2019\/12\/Joe-Brown-1-24x24.jpg 24w, https:\/\/lesambassadeurs.com\/wp-content\/uploads\/2019\/12\/Joe-Brown-1-36x36.jpg 36w, https:\/\/lesambassadeurs.com\/wp-content\/uploads\/2019\/12\/Joe-Brown-1-114x114.jpg 114w\" sizes=\"auto, (max-width: 216px) 100vw, 216px\" \/>        <h3>Joe Brown<\/h3>\r\n        <div class=\"job-title\">\r\n          \u00d9\u2026\u00d8\u00af\u00d9\u0160\u00d8\u00b1 \u00d8\u00b5\u00d8\u00a7\u00d9\u201e\u00d8\u00a9 \u00d8\u00a7\u00d9\u201e\u00d9\u201a\u00d9\u2026\u00d8\u00a7\u00d8\u00b1        <\/div>\r\n  <\/div>\r\n  \r\n<\/div>\r\n<\/div>\r\n\r\n<div class=\"team-slider-text-wrapper\">\r\n<div class=\"team-slider-text slider-text-team-slider-block_5d5d42e67a0b8\">\r\n \r\n      <div class=\"team-slider-text-wrap\">\r\n      <\/div>\r\n  \r\n  <div class=\"team-slider-text-wrap\">\r\n      <\/div>\r\n  \r\n  <div class=\"team-slider-text-wrap\">\r\n      <\/div>\r\n  \r\n  <div class=\"team-slider-text-wrap\">\r\n      <\/div>\r\n  \r\n  <div class=\"team-slider-text-wrap\">\r\n      <\/div>\r\n  \r\n<\/div>\r\n<\/div>\r\n\r\n<\/div>\n\n \r\n<div id=\"blog-component-block_5d651156bf8a7\" class=\"content-block blog-component-block align-full-width\">\r\n<style type=\"text\/css\">\r\n#blog-component-block_5d651156bf8a7 {\r\npadding-top: 60px;padding-right: 0px;padding-bottom: 76px;padding-left: 0px;}\r\n@media all and (max-width:768px) {\r\n#blog-component-block_5d651156bf8a7 {\r\npadding-top: 40px;padding-right: 0px;padding-bottom: 76px;padding-left: 0px;}\r\n}\r\n<\/style>\r\n \r\n \r\n\r\n<\/div>","protected":false},"excerpt":{"rendered":"","protected":false},"author":2,"featured_media":0,"parent":0,"menu_order":0,"comment_status":"closed","ping_status":"closed","template":"","meta":{"_acf_changed":false,"disable_featured_image":false,"footnotes":""},"class_list":["post-4502","page","type-page","status-publish"],"acf":[],"_links":{"self":[{"href":"https:\/\/lesambassadeurs.com\/ar\/wp-json\/wp\/v2\/pages\/4502","targetHints":{"allow":["GET"]}}],"collection":[{"href":"https:\/\/lesambassadeurs.com\/ar\/wp-json\/wp\/v2\/pages"}],"about":[{"href":"https:\/\/lesambassadeurs.com\/ar\/wp-json\/wp\/v2\/types\/page"}],"author":[{"embeddable":true,"href":"https:\/\/lesambassadeurs.com\/ar\/wp-json\/wp\/v2\/users\/2"}],"replies":[{"embeddable":true,"href":"https:\/\/lesambassadeurs.com\/ar\/wp-json\/wp\/v2\/comments?post=4502"}],"version-history":[{"count":0,"href":"https:\/\/lesambassadeurs.com\/ar\/wp-json\/wp\/v2\/pages\/4502\/revisions"}],"wp:attachment":[{"href":"https:\/\/lesambassadeurs.com\/ar\/wp-json\/wp\/v2\/media?parent=4502"}],"curies":[{"name":"wp","href":"https:\/\/api.w.org\/{rel}","templated":true}]}}