{"id":3702,"date":"2019-11-11T11:32:07","date_gmt":"2019-11-11T11:32:07","guid":{"rendered":"http:\/\/lesambassadeurs.ambassadeursgroup.com\/the-club\/"},"modified":"2019-12-11T20:05:05","modified_gmt":"2019-12-11T20:05:05","slug":"the-club","status":"publish","type":"page","link":"https:\/\/lesambassadeurs.com\/ar\/the-club\/","title":{"rendered":"\u00d8\u00a7\u00d9\u201e\u00d9\u2020\u00d8\u00a7\u00d8\u00af\u00d9\u0160"},"content":{"rendered":"<div class=\"feature-panel-gradient\"><\/div>\r\n<div id=\"feature-panel-block_5d5d33f14dc9a\" class=\"content-block feature-panel-block\">\r\n<style type=\"text\/css\">\r\n#feature-panel-block_5d5d33f14dc9a {\r\npadding-bottom: 40px;}\r\n@media all and (max-width:768px) {\r\n#feature-panel-block_5d5d33f14dc9a {\r\n  padding-bottom: 40px;}\r\n}\r\n<\/style>\r\n\r\n<div class=\"feature-panel-content feature-panel-content-image rellax\" data-rellax-speed=\"-2.4\">\r\n<img loading=\"lazy\" decoding=\"async\" width=\"1920\" height=\"720\" src=\"https:\/\/lesambassadeurs.com\/wp-content\/uploads\/2019\/11\/LesA_THECLUB_HeaderImage1920x720px.jpg\" class=\"attachment-full size-full\" alt=\"Gaming Rooms - Les Ambassedeurs\" srcset=\"https:\/\/lesambassadeurs.com\/wp-content\/uploads\/2019\/11\/LesA_THECLUB_HeaderImage1920x720px.jpg 1920w, https:\/\/lesambassadeurs.com\/wp-content\/uploads\/2019\/11\/LesA_THECLUB_HeaderImage1920x720px-300x113.jpg 300w, https:\/\/lesambassadeurs.com\/wp-content\/uploads\/2019\/11\/LesA_THECLUB_HeaderImage1920x720px-1024x384.jpg 1024w, https:\/\/lesambassadeurs.com\/wp-content\/uploads\/2019\/11\/LesA_THECLUB_HeaderImage1920x720px-768x288.jpg 768w, https:\/\/lesambassadeurs.com\/wp-content\/uploads\/2019\/11\/LesA_THECLUB_HeaderImage1920x720px-1536x576.jpg 1536w, https:\/\/lesambassadeurs.com\/wp-content\/uploads\/2019\/11\/LesA_THECLUB_HeaderImage1920x720px-24x9.jpg 24w, https:\/\/lesambassadeurs.com\/wp-content\/uploads\/2019\/11\/LesA_THECLUB_HeaderImage1920x720px-36x14.jpg 36w, https:\/\/lesambassadeurs.com\/wp-content\/uploads\/2019\/11\/LesA_THECLUB_HeaderImage1920x720px-193x72.jpg 193w\" sizes=\"auto, (max-width: 1920px) 100vw, 1920px\" \/>\r\n<div class=\"gambling-week-container ar-gamb\" style=\"display: none !important;\">\r\n<a href=\"https:\/\/safergamblinguk.org\" target=\"_blank\" rel=\"noreferrer\">\r\n<img loading=\"lazy\" decoding=\"async\" src=\"https:\/\/www.lesambassadeurs.com\/wp-content\/uploads\/2020\/10\/SGW-2020_Arabic.png\" class=\"attachment-full size-full\" alt=\"\" width=\"842\" height=\"398\">\r\n<\/a>\r\n<\/div>\r\n\r\n<\/div>\r\n\r\n\r\n<div class=\"feature-panel-text\">\r\n     <div class=\"feature-panel-cut-out-left\"><\/div><div class=\"feature-panel-cut-out-right\"><\/div>\r\n<div class=\"feature-panel-text-inner block-inner\">\r\n<h1 class=\"entry-title\" itemprop=\"headline\">\u00d8\u00a7\u00d9\u201e\u00d9\u2020\u00d8\u00a7\u00d8\u00af\u00d9\u0160 <\/h1>\r\n\r\n<p>\u00d8\u00a7\u00d8\u00b3\u00d8\u00aa\u00d9\u2026\u00d8\u00aa\u00d8\u00b9 \u00d8\u00a8\u00d8\u00a7\u00d9\u201e\u00d8\u00af\u00d9\u201e\u00d8\u00a7\u00d9\u201e \u00d9\u02c6\u00d8\u00a7\u00d9\u201e\u00d8\u00b1\u00d8\u00a7\u00d8\u00ad\u00d8\u00a9 \u00d9\u0081\u00d9\u0160 \u00d8\u00a3\u00d8\u00ad\u00d8\u00af \u00d8\u00a7\u00d9\u201e\u00d9\u2020\u00d9\u02c6\u00d8\u00a7\u00d8\u00af\u00d9\u0160 \u00d8\u00a7\u00d9\u201e\u00d8\u00a3\u00d9\u0192\u00d8\u00ab\u00d8\u00b1 \u00d8\u00aa\u00d8\u00b1\u00d9\u0081\u00d8\u00a7\u00d9\u2039<\/p>\n<\/div>\r\n<\/div>\r\n<script src=\"\/rellax.min.js\"><\/script>\r\n\r\n<script>\r\nfunction myFunction(x) {\r\n  if (x.matches) { \/\/ If media query matches\r\n    jQuery(document).ready(function(){\r\n   jQuery('.feature-panel-content').removeAttr('data-rellax-speed');\r\njQuery('.feature-panel-content').removeClass('rellax');\r\n    });\r\n  } else {\r\n    jQuery(document).ready(function(){\r\n    var rellax = new Rellax('.rellax');\r\n   });\r\n  }\r\n}\r\n\r\nvar x = window.matchMedia(\"(max-width: 1024px)\")\r\nmyFunction(x) \/\/ Call listener function at run time\r\nx.addListener(myFunction) \/\/ Attach listener function on state changes\r\n<\/script>\r\n\r\n<\/div>\r\n<div id=\"single-image-text-overlay-block_5d5d34c24dc9b\" class=\"content-block single-image-text-overlay-block align-full-width image-align-Center text-align-\">\r\n\r\n<style type=\"text\/css\">\r\n#single-image-text-overlay-block_5d5d34c24dc9b {\r\npadding-top: 60px;padding-right: 0px;padding-bottom: 76px;padding-left: 0px;}\r\n@media all and (max-width:768px) {\r\n#single-image-text-overlay-block_5d5d34c24dc9b {\r\npadding-top: 40px;\r\npadding-right: 0px;padding-bottom: 76px;padding-left: 0px;}\r\n}\r\n<\/style>\r\n\r\n<div class=\"single-image-text-overlay-image aos-init aos-animate\" data-aos=\"fade-in\">\r\n<img loading=\"lazy\" decoding=\"async\" width=\"1364\" height=\"536\" src=\"https:\/\/lesambassadeurs.com\/wp-content\/uploads\/2019\/11\/LesA_THECLUB-HISTORY_Image1364x536px.jpg\" class=\"attachment-full size-full\" alt=\"The Club - History - Les Ambassadeurs\" srcset=\"https:\/\/lesambassadeurs.com\/wp-content\/uploads\/2019\/11\/LesA_THECLUB-HISTORY_Image1364x536px.jpg 1364w, https:\/\/lesambassadeurs.com\/wp-content\/uploads\/2019\/11\/LesA_THECLUB-HISTORY_Image1364x536px-300x118.jpg 300w, https:\/\/lesambassadeurs.com\/wp-content\/uploads\/2019\/11\/LesA_THECLUB-HISTORY_Image1364x536px-1024x402.jpg 1024w, https:\/\/lesambassadeurs.com\/wp-content\/uploads\/2019\/11\/LesA_THECLUB-HISTORY_Image1364x536px-768x302.jpg 768w, https:\/\/lesambassadeurs.com\/wp-content\/uploads\/2019\/11\/LesA_THECLUB-HISTORY_Image1364x536px-24x9.jpg 24w, https:\/\/lesambassadeurs.com\/wp-content\/uploads\/2019\/11\/LesA_THECLUB-HISTORY_Image1364x536px-36x14.jpg 36w, https:\/\/lesambassadeurs.com\/wp-content\/uploads\/2019\/11\/LesA_THECLUB-HISTORY_Image1364x536px-193x76.jpg 193w\" sizes=\"auto, (max-width: 1364px) 100vw, 1364px\" \/><\/div>\r\n\r\n<div class=\"single-image-text-overlay-text-container aos-init aos-animate\" data-aos=\"fade-up\">\r\n\t\r\n<h2>\u00d8\u00aa\u00d8\u00a7\u00d8\u00b1\u00d9\u0160\u00d8\u00ae \u00d8\u00a7\u00d9\u201e\u00d9\u2020\u00d8\u00a7\u00d8\u00af\u00d9\u0160<\/h2><p>\u00d9\u0160\u00d9\u201a\u00d8\u00b9 \u00d9\u2020\u00d8\u00a7\u00d8\u00af\u00d9\u0160 Les Ambassadeurs \u00d8\u00b6\u00d9\u2026\u00d9\u2020 \u00d8\u00a3\u00d8\u00b1\u00d8\u00a7\u00d8\u00b6\u00d9\u0160 \u00d8\u00a3\u00d8\u00ad\u00d8\u00af \u00d9\u2026\u00d9\u2020\u00d8\u00a7\u00d8\u00b2\u00d9\u201e \u00d8\u00a7\u00d9\u201e\u00d8\u00b5\u00d9\u0160\u00d8\u00af \u00d8\u00a7\u00d9\u201e\u00d8\u00ae\u00d8\u00a7\u00d8\u00b5\u00d8\u00a9 \u00d8\u00a8\u00d9\u2021\u00d9\u2020\u00d8\u00b1\u00d9\u0160 \u00d8\u00a7\u00d9\u201e\u00d8\u00ab\u00d8\u00a7\u00d9\u2026\u00d9\u2020\u00d8\u0152 \u00d9\u02c6\u00d8\u00a7\u00d9\u201e\u00d8\u00aa\u00d8\u00a7\u00d8\u00b1\u00d9\u0160\u00d8\u00ae \u00d8\u00a7\u00d9\u201e\u00d8\u00a8\u00d8\u00a7\u00d9\u2021\u00d8\u00b1 \u00d9\u201e\u00d9\u201e\u00d9\u2020\u00d8\u00a7\u00d8\u00af\u00d9\u0160 \u00d9\u2021\u00d9\u02c6 \u00d9\u2026\u00d8\u00a7 \u00d9\u0160\u00d9\u008f\u00d9\u2026\u00d9\u0160\u00d9\u2018\u00d8\u00b2\u00d9\u2021 \u00d8\u00b9\u00d9\u2020 \u00d8\u00ba\u00d9\u0160\u00d8\u00b1\u00d9\u2021. \u00d9\u0081\u00d8\u00a3\u00d8\u00b9\u00d8\u00b6\u00d8\u00a7\u00d8\u00a4\u00d9\u2020\u00d8\u00a7 \u00d9\u0160\u00d8\u00aa\u00d8\u00a8\u00d8\u00b9\u00d9\u02c6\u00d9\u2020 \u00d8\u00ae\u00d8\u00b7\u00d9\u2030 \u00d8\u00a7\u00d9\u201e\u00d8\u00b7\u00d8\u00a8\u00d9\u201a\u00d8\u00a9 \u00d8\u00a7\u00d9\u201e\u00d8\u00a3\u00d8\u00b1\u00d8\u00b3\u00d8\u00aa\u00d9\u201a\u00d8\u00b1\u00d8\u00a7\u00d8\u00b7\u00d9\u0160\u00d8\u00a9 \u00d8\u00a7\u00d9\u201e\u00d8\u00a8\u00d8\u00b1\u00d9\u0160\u00d8\u00b7\u00d8\u00a7\u00d9\u2020\u00d9\u0160\u00d8\u00a9\u00d8\u0152 \u00d9\u02c6\u00d8\u00a3\u00d9\u0081\u00d8\u00b1\u00d8\u00a7\u00d8\u00af \u00d8\u00a7\u00d9\u201e\u00d8\u00a3\u00d8\u00b3\u00d8\u00b1\u00d8\u00a9 \u00d8\u00a7\u00d9\u201e\u00d9\u2026\u00d8\u00a7\u00d9\u201e\u00d9\u0192\u00d8\u00a9 \u00d9\u02c6\u00d8\u00a7\u00d9\u201e\u00d9\u2026\u00d9\u201a\u00d9\u0160\u00d9\u2026\u00d9\u0160\u00d9\u2020 \u00d9\u2026\u00d9\u2020 \u00d8\u00a7\u00d9\u201e\u00d9\u2026\u00d8\u00b4\u00d8\u00a7\u00d9\u2021\u00d9\u0160\u00d8\u00b1 \u00d8\u00b9\u00d9\u201e\u00d9\u2030 \u00d9\u2026\u00d8\u00af\u00d9\u2030 \u00d8\u00a3\u00d9\u0192\u00d8\u00ab\u00d8\u00b1 \u00d9\u2026\u00d9\u2020 100 \u00d8\u00b9\u00d8\u00a7\u00d9\u2026 \u00d9\u2026\u00d9\u2020 \u00d8\u00a7\u00d9\u201e\u00d8\u00b2\u00d9\u2026\u00d9\u2020 \u00d9\u02c6\u00d8\u00a3\u00d8\u00b5\u00d8\u00a8\u00d8\u00ad\u00d9\u02c6\u00d8\u00a7 \u00d8\u00a8\u00d8\u00b0\u00d9\u201e\u00d9\u0192 \u00d8\u00ac\u00d8\u00b2\u00d8\u00a1\u00d8\u00a7\u00d9\u2039 \u00d9\u2026\u00d9\u2020 \u00d9\u2021\u00d8\u00b0\u00d8\u00a7 \u00d8\u00a7\u00d9\u201e\u00d8\u00a5\u00d8\u00b1\u00d8\u00ab \u00d8\u00a7\u00d9\u201e\u00d9\u0081\u00d8\u00b1\u00d9\u0160\u00d8\u00af \u00d9\u2026\u00d9\u2020 \u00d9\u2020\u00d9\u02c6\u00d8\u00b9\u00d9\u2021.<\/p>\n<div class=\"gold-link\"><span class=\"gold-line gold-left\"><\/span><a class=\"lsb-text-overlay-link\" href=\"https:\/\/lesambassadeurs.com\/ar\/the-club\/\" target=\"_self\">\u00d8\u00a3\u00d9\u0192\u00d8\u00ab\u00d8\u00b1<\/a><span class=\"gold-line gold-right\"><\/span><\/div><div class=\"text-component-triangle\">\r\n<img decoding=\"async\" src=\"\/wp-content\/uploads\/2019\/08\/triangle.png\">\r\n<\/div>\r\n<\/div>\r\n\r\n<\/div>\r\n<div id=\"single-image-text-overlay-block_5d5d360bfb01c\" class=\"content-block single-image-text-overlay-block align-full-width image-align-right text-align-Center\">\r\n\r\n<style type=\"text\/css\">\r\n#single-image-text-overlay-block_5d5d360bfb01c {\r\npadding-top: 60px;padding-right: 0px;padding-bottom: 76px;padding-left: 0px;}\r\n@media all and (max-width:768px) {\r\n#single-image-text-overlay-block_5d5d360bfb01c {\r\npadding-top: 40px;\r\npadding-right: 0px;padding-bottom: 76px;padding-left: 0px;}\r\n}\r\n<\/style>\r\n\r\n<div class=\"single-image-text-overlay-image aos-init aos-animate\" data-aos=\"fade-in\">\r\n<img loading=\"lazy\" decoding=\"async\" width=\"1364\" height=\"536\" src=\"https:\/\/lesambassadeurs.com\/wp-content\/uploads\/2019\/11\/LesA_THECLUB-LIBRARY_Image1364x536px.jpg\" class=\"attachment-full size-full\" alt=\"The Club - Library - Les Ambassadeurs\" srcset=\"https:\/\/lesambassadeurs.com\/wp-content\/uploads\/2019\/11\/LesA_THECLUB-LIBRARY_Image1364x536px.jpg 1364w, https:\/\/lesambassadeurs.com\/wp-content\/uploads\/2019\/11\/LesA_THECLUB-LIBRARY_Image1364x536px-300x118.jpg 300w, https:\/\/lesambassadeurs.com\/wp-content\/uploads\/2019\/11\/LesA_THECLUB-LIBRARY_Image1364x536px-1024x402.jpg 1024w, https:\/\/lesambassadeurs.com\/wp-content\/uploads\/2019\/11\/LesA_THECLUB-LIBRARY_Image1364x536px-768x302.jpg 768w, https:\/\/lesambassadeurs.com\/wp-content\/uploads\/2019\/11\/LesA_THECLUB-LIBRARY_Image1364x536px-24x9.jpg 24w, https:\/\/lesambassadeurs.com\/wp-content\/uploads\/2019\/11\/LesA_THECLUB-LIBRARY_Image1364x536px-36x14.jpg 36w, https:\/\/lesambassadeurs.com\/wp-content\/uploads\/2019\/11\/LesA_THECLUB-LIBRARY_Image1364x536px-193x76.jpg 193w\" sizes=\"auto, (max-width: 1364px) 100vw, 1364px\" \/><\/div>\r\n\r\n<div class=\"single-image-text-overlay-text-container aos-init aos-animate\" data-aos=\"fade-up\">\r\n\t\r\n<h2>\u00d8\u00a7\u00d9\u201e\u00d9\u2026\u00d9\u0192\u00d8\u00aa\u00d8\u00a8\u00d8\u00a9<\/h2><p>\u00d8\u00aa\u00d9\u2026 \u00d8\u00aa\u00d8\u00b5\u00d9\u2026\u00d9\u0160\u00d9\u2026 \u00d8\u00a7\u00d9\u201e\u00d9\u2026\u00d9\u0192\u00d8\u00aa\u00d8\u00a8\u00d8\u00a9 \u00d8\u00b9\u00d8\u00a7\u00d9\u2026 1879 \u00d8\u00b9\u00d9\u201e\u00d9\u2030 \u00d9\u0160\u00d8\u00af \u00d9\u0192\u00d8\u00a8\u00d9\u0160\u00d8\u00b1 \u00d9\u2020\u00d8\u00ad\u00d9\u2018\u00d8\u00a7\u00d8\u00aa\u00d9\u0160 \u00d8\u00a7\u00d9\u201e\u00d8\u00ae\u00d8\u00b4\u00d8\u00a8 \u00d8\u00b4\u00d9\u0160\u00d9\u0081\u00d8\u00a7\u00d9\u201e\u00d9\u0160\u00d8\u00b1 \u00d8\u00b1\u00d9\u0160\u00d9\u2020\u00d8\u00a7\u00d9\u201e\u00d8\u00af\u00d9\u02c6 \u00d8\u00a8\u00d8\u00a7\u00d8\u00b1\u00d8\u00a8\u00d9\u0160\u00d8\u00aa\u00d9\u0160\u00d8\u203a \u00d9\u02c6\u00d9\u2021\u00d9\u0160 \u00d9\u201e\u00d8\u00a7 \u00d8\u00aa\u00d8\u00b2\u00d8\u00a7\u00d9\u201e \u00d9\u02c6\u00d8\u00a7\u00d8\u00ad\u00d8\u00af\u00d8\u00a9 \u00d9\u2026\u00d9\u2020 \u00d8\u00a7\u00d9\u201e\u00d8\u00ba\u00d8\u00b1\u00d9\u0081 \u00d8\u00b0\u00d8\u00a7\u00d8\u00aa \u00d8\u00a7\u00d9\u201e\u00d8\u00aa\u00d9\u0081\u00d8\u00a7\u00d8\u00b5\u00d9\u0160\u00d9\u201e \u00d8\u00a7\u00d9\u201e\u00d8\u00a3\u00d9\u0192\u00d8\u00ab\u00d8\u00b1 \u00d8\u00aa\u00d8\u00b9\u00d9\u201a\u00d9\u0160\u00d8\u00af\u00d8\u00a7\u00d9\u2039 \u00d9\u0081\u00d9\u0160 \u00d9\u2020\u00d8\u00a7\u00d8\u00af\u00d9\u0160 Les Ambassadeurs. \u00d9\u02c6\u00d9\u0160\u00d9\u201a\u00d8\u00b9 \u00d8\u00a8\u00d8\u00ac\u00d9\u02c6\u00d8\u00a7\u00d8\u00b1 \u00d8\u00a7\u00d9\u201e\u00d8\u00ba\u00d8\u00b1\u00d9\u0081\u00d8\u00a9 \u00d8\u00af\u00d8\u00b1\u00d8\u00ac \u00d9\u2026\u00d8\u00b5\u00d9\u2020\u00d9\u02c6\u00d8\u00b9 \u00d9\u2026\u00d9\u2020 \u00d8\u00ae\u00d8\u00b4\u00d8\u00a8 \u00d8\u00a7\u00d9\u201e\u00d8\u00a8\u00d9\u201e\u00d9\u02c6\u00d8\u00b7 \u00d8\u00a7\u00d9\u201e\u00d8\u00b5\u00d9\u201e\u00d8\u00a8 \u00d8\u00a8\u00d9\u2026\u00d8\u00ad\u00d8\u00a7\u00d8\u00b0\u00d8\u00a7\u00d8\u00a9 \u00d8\u00ac\u00d8\u00af\u00d8\u00b1\u00d8\u00a7\u00d9\u2020 \u00d9\u2026\u00d9\u008f\u00d8\u00ba\u00d8\u00b7\u00d8\u00a7\u00d8\u00a9 \u00d8\u00a8\u00d8\u00a7\u00d9\u201e\u00d8\u00b3\u00d8\u00ac\u00d9\u2018\u00d8\u00a7\u00d8\u00af\u00d8\u0152 \u00d9\u02c6\u00d8\u00aa\u00d9\u02c6\u00d9\u0081\u00d8\u00b1 \u00d9\u0192\u00d8\u00a7\u00d9\u2026\u00d9\u201e \u00d8\u00a7\u00d9\u201e\u00d9\u2026\u00d8\u00b3\u00d8\u00a7\u00d8\u00ad\u00d8\u00a9 \u00d9\u2026\u00d9\u02c6\u00d9\u201a\u00d8\u00b9\u00d8\u00a7\u00d9\u2039 \u00d8\u00ac\u00d9\u2026\u00d9\u0160\u00d9\u201e\u00d8\u00a7\u00d9\u2039 \u00d9\u0081\u00d9\u0160 \u00d8\u00ba\u00d8\u00a7\u00d9\u0160\u00d8\u00a9 \u00d8\u00a7\u00d9\u201e\u00d9\u2021\u00d8\u00af\u00d9\u02c6\u00d8\u00a1 \u00d9\u201e\u00d8\u00b6\u00d9\u2026\u00d8\u00a7\u00d9\u2020 \u00d8\u00b1\u00d8\u00a7\u00d8\u00ad\u00d8\u00a9 \u00d8\u00a7\u00d9\u201e\u00d8\u00b6\u00d9\u0160\u00d9\u02c6\u00d9\u0081.<\/p>\n<div class=\"gold-link\"><span class=\"gold-line gold-left\"><\/span><a class=\"lsb-text-overlay-link\" href=\"https:\/\/lesambassadeurs.com\/ar\/the-club\/\" target=\"_self\">\u00d8\u00a3\u00d9\u0192\u00d8\u00ab\u00d8\u00b1<\/a><span class=\"gold-line gold-right\"><\/span><\/div><div class=\"text-component-triangle\">\r\n<img decoding=\"async\" src=\"\/wp-content\/uploads\/2019\/08\/triangle.png\">\r\n<\/div>\r\n<\/div>\r\n\r\n<\/div>\r\n<div id=\"single-image-text-overlay-block_5d5d3655fb01d\" class=\"content-block single-image-text-overlay-block align-full-width image-align-left text-align-Center\">\r\n\r\n<style type=\"text\/css\">\r\n#single-image-text-overlay-block_5d5d3655fb01d {\r\npadding-top: 60px;padding-right: 0px;padding-bottom: 76px;padding-left: 0px;}\r\n@media all and (max-width:768px) {\r\n#single-image-text-overlay-block_5d5d3655fb01d {\r\npadding-top: 40px;\r\npadding-right: 0px;padding-bottom: 76px;padding-left: 0px;}\r\n}\r\n<\/style>\r\n\r\n<div class=\"single-image-text-overlay-image aos-init aos-animate\" data-aos=\"fade-in\">\r\n<img loading=\"lazy\" decoding=\"async\" width=\"1364\" height=\"536\" src=\"https:\/\/lesambassadeurs.com\/wp-content\/uploads\/2019\/11\/LesA_THECLUB-GAMINGROOMS_Image1364x536px.jpg\" class=\"attachment-full size-full\" alt=\"The Club - Gaming Rooms - Les Ambassadeurs\" srcset=\"https:\/\/lesambassadeurs.com\/wp-content\/uploads\/2019\/11\/LesA_THECLUB-GAMINGROOMS_Image1364x536px.jpg 1364w, https:\/\/lesambassadeurs.com\/wp-content\/uploads\/2019\/11\/LesA_THECLUB-GAMINGROOMS_Image1364x536px-300x118.jpg 300w, https:\/\/lesambassadeurs.com\/wp-content\/uploads\/2019\/11\/LesA_THECLUB-GAMINGROOMS_Image1364x536px-1024x402.jpg 1024w, https:\/\/lesambassadeurs.com\/wp-content\/uploads\/2019\/11\/LesA_THECLUB-GAMINGROOMS_Image1364x536px-768x302.jpg 768w, https:\/\/lesambassadeurs.com\/wp-content\/uploads\/2019\/11\/LesA_THECLUB-GAMINGROOMS_Image1364x536px-24x9.jpg 24w, https:\/\/lesambassadeurs.com\/wp-content\/uploads\/2019\/11\/LesA_THECLUB-GAMINGROOMS_Image1364x536px-36x14.jpg 36w, https:\/\/lesambassadeurs.com\/wp-content\/uploads\/2019\/11\/LesA_THECLUB-GAMINGROOMS_Image1364x536px-193x76.jpg 193w\" sizes=\"auto, (max-width: 1364px) 100vw, 1364px\" \/><\/div>\r\n\r\n<div class=\"single-image-text-overlay-text-container aos-init aos-animate\" data-aos=\"fade-up\">\r\n\t\r\n<h2>\u00d8\u00b5\u00d8\u00a7\u00d9\u201e\u00d8\u00a7\u00d8\u00aa \u00d8\u00a7\u00d9\u201e\u00d9\u201a\u00d9\u2026\u00d8\u00a7\u00d8\u00b1<\/h2><p>\u00d8\u00a8\u00d8\u00a5\u00d9\u2026\u00d9\u0192\u00d8\u00a7\u00d9\u2020 \u00d8\u00a7\u00d9\u201e\u00d8\u00a3\u00d8\u00b9\u00d8\u00b6\u00d8\u00a7\u00d8\u00a1 \u00d9\u02c6\u00d8\u00b6\u00d9\u0160\u00d9\u02c6\u00d9\u0081\u00d9\u2021\u00d9\u2026 \u00d8\u00a7\u00d9\u201e\u00d8\u00a7\u00d8\u00b3\u00d8\u00aa\u00d9\u0081\u00d8\u00a7\u00d8\u00af\u00d8\u00a9 \u00d9\u2026\u00d9\u2020 \u00d8\u00a5\u00d8\u00ad\u00d8\u00af\u00d9\u2030 \u00d8\u00b5\u00d8\u00a7\u00d9\u201e\u00d8\u00a7\u00d8\u00aa\u00d9\u2020\u00d8\u00a7 \u00d8\u00a7\u00d9\u201e\u00d8\u00ae\u00d8\u00a7\u00d8\u00b5\u00d8\u00a9 \u00d8\u00ad\u00d9\u0160\u00d8\u00ab \u00d8\u00aa\u00d8\u00ad\u00d8\u00aa\u00d9\u02c6\u00d9\u0160 \u00d8\u00a7\u00d9\u201e\u00d8\u00b9\u00d8\u00af\u00d9\u0160\u00d8\u00af \u00d9\u2026\u00d9\u2020\u00d9\u2021\u00d8\u00a7 \u00d8\u00b9\u00d9\u201e\u00d9\u2030 \u00d8\u00aa\u00d8\u00b1\u00d8\u00a7\u00d8\u00b3\u00d8\u00a7\u00d8\u00aa \u00d9\u2026\u00d9\u2020\u00d8\u00b9\u00d8\u00b2\u00d9\u201e\u00d8\u00a9 \u00d9\u02c6\u00d9\u2026\u00d9\u2020\u00d8\u00a7\u00d8\u00b7\u00d9\u201a \u00d8\u00ae\u00d8\u00a7\u00d8\u00b5\u00d8\u00a9 \u00d9\u201e\u00d8\u00aa\u00d9\u2020\u00d8\u00a7\u00d9\u02c6\u00d9\u201e \u00d8\u00a7\u00d9\u201e\u00d8\u00b7\u00d8\u00b9\u00d8\u00a7\u00d9\u2026. \u00d8\u00a7\u00d8\u00b3\u00d8\u00aa\u00d9\u2026\u00d8\u00aa\u00d8\u00b9 \u00d8\u00a8\u00d8\u00a7\u00d9\u201e\u00d8\u00ad\u00d9\u201a \u00d8\u00a7\u00d9\u201e\u00d8\u00ad\u00d8\u00b5\u00d8\u00b1\u00d9\u0160 \u00d9\u201e\u00d8\u00a7\u00d8\u00b3\u00d8\u00aa\u00d8\u00b9\u00d9\u2026\u00d8\u00a7\u00d9\u201e \u00d8\u00a3\u00d9\u0160 \u00d9\u2026\u00d9\u2020 \u00d9\u2021\u00d8\u00b0\u00d9\u2021 \u00d8\u00a7\u00d9\u201e\u00d9\u2026\u00d8\u00b3\u00d8\u00a7\u00d8\u00ad\u00d8\u00a7\u00d8\u00aa \u00d8\u00a8\u00d8\u00a7\u00d9\u201e\u00d8\u00a5\u00d8\u00b6\u00d8\u00a7\u00d9\u0081\u00d8\u00a9 \u00d8\u00a5\u00d9\u201e\u00d9\u2030 \u00d8\u00a7\u00d9\u201e\u00d8\u00ae\u00d8\u00af\u00d9\u2026\u00d8\u00a9 \u00d8\u00a7\u00d9\u201e\u00d8\u00b1\u00d8\u00a7\u00d8\u00a6\u00d8\u00b9\u00d8\u00a9 \u00d8\u00a7\u00d9\u201e\u00d8\u00aa\u00d9\u0160 \u00d9\u0160\u00d8\u00b4\u00d8\u00aa\u00d9\u2021\u00d8\u00b1 \u00d8\u00a8\u00d9\u2021\u00d8\u00a7 \u00d9\u2020\u00d8\u00a7\u00d8\u00af\u00d9\u0160Les Ambassadeurs  \u00d8\u00ad\u00d9\u02c6\u00d9\u201e \u00d8\u00a7\u00d9\u201e\u00d8\u00b9\u00d8\u00a7\u00d9\u201e\u00d9\u2026.<\/p>\n<div class=\"gold-link\"><span class=\"gold-line gold-left\"><\/span><a class=\"lsb-text-overlay-link\" href=\"https:\/\/lesambassadeurs.com\/ar\/the-club\/\" target=\"_self\">\u00d8\u00a3\u00d9\u0192\u00d8\u00ab\u00d8\u00b1<\/a><span class=\"gold-line gold-right\"><\/span><\/div><div class=\"text-component-triangle\">\r\n<img decoding=\"async\" src=\"\/wp-content\/uploads\/2019\/08\/triangle.png\">\r\n<\/div>\r\n<\/div>\r\n\r\n<\/div>\r\n<div id=\"single-image-text-overlay-block_5d5d36d1fb01e\" class=\"content-block single-image-text-overlay-block align-full-width image-align-Center text-align-\">\r\n\r\n<style type=\"text\/css\">\r\n#single-image-text-overlay-block_5d5d36d1fb01e {\r\npadding-top: 60px;padding-right: 0px;padding-bottom: 76px;padding-left: 0px;}\r\n@media all and (max-width:768px) {\r\n#single-image-text-overlay-block_5d5d36d1fb01e {\r\npadding-top: 40px;\r\npadding-right: 0px;padding-bottom: 76px;padding-left: 0px;}\r\n}\r\n<\/style>\r\n\r\n<div class=\"single-image-text-overlay-image aos-init aos-animate\" data-aos=\"fade-in\">\r\n<img loading=\"lazy\" decoding=\"async\" width=\"1364\" height=\"536\" src=\"https:\/\/lesambassadeurs.com\/wp-content\/uploads\/2019\/10\/website-smoking-garden.jpg\" class=\"attachment-full size-full\" alt=\"\" srcset=\"https:\/\/lesambassadeurs.com\/wp-content\/uploads\/2019\/10\/website-smoking-garden.jpg 1364w, https:\/\/lesambassadeurs.com\/wp-content\/uploads\/2019\/10\/website-smoking-garden-300x118.jpg 300w, https:\/\/lesambassadeurs.com\/wp-content\/uploads\/2019\/10\/website-smoking-garden-768x302.jpg 768w, https:\/\/lesambassadeurs.com\/wp-content\/uploads\/2019\/10\/website-smoking-garden-1024x402.jpg 1024w, https:\/\/lesambassadeurs.com\/wp-content\/uploads\/2019\/10\/website-smoking-garden-24x9.jpg 24w, https:\/\/lesambassadeurs.com\/wp-content\/uploads\/2019\/10\/website-smoking-garden-36x14.jpg 36w, https:\/\/lesambassadeurs.com\/wp-content\/uploads\/2019\/10\/website-smoking-garden-193x76.jpg 193w\" sizes=\"auto, (max-width: 1364px) 100vw, 1364px\" \/><\/div>\r\n\r\n<div class=\"single-image-text-overlay-text-container aos-init aos-animate\" data-aos=\"fade-up\">\r\n\t\r\n<h2>\u00d8\u00ad\u00d8\u00af\u00d9\u0160\u00d9\u201a\u00d8\u00a9 \u00d8\u00a7\u00d9\u201e\u00d8\u00aa\u00d8\u00af\u00d8\u00ae\u00d9\u0160\u00d9\u2020<\/h2><p>\u00d8\u00ad\u00d8\u00af\u00d9\u0160\u00d9\u201a\u00d8\u00a9 \u00d8\u00a7\u00d9\u201e\u00d8\u00aa\u00d8\u00af\u00d8\u00ae\u00d9\u0160\u00d9\u2020 \u00d9\u2026\u00d8\u00aa\u00d8\u00b5\u00d9\u201e\u00d8\u00a9 \u00d8\u00a8\u00d8\u00b5\u00d8\u00a7\u00d9\u201e\u00d8\u00a9 \u00d8\u00a7\u00d9\u201e\u00d9\u201a\u00d9\u2026\u00d8\u00a7\u00d8\u00b1 \u00d8\u00a7\u00d9\u201e\u00d8\u00b1\u00d8\u00a6\u00d9\u0160\u00d8\u00b3\u00d9\u0160\u00d8\u00a9\u00d8\u0152 \u00d9\u02c6\u00d9\u0160\u00d9\u2026\u00d9\u0192\u00d9\u2020 \u00d9\u201e\u00d8\u00a3\u00d8\u00b9\u00d8\u00b6\u00d8\u00a7\u00d8\u00a1 Les Ambassadeurs \u00d8\u00a7\u00d8\u00b3\u00d8\u00aa\u00d8\u00ae\u00d8\u00af\u00d8\u00a7\u00d9\u2026 \u00d9\u2021\u00d8\u00b0\u00d9\u2021 \u00d8\u00a7\u00d9\u201e\u00d9\u2026\u00d9\u2020\u00d8\u00b7\u00d9\u201a\u00d8\u00a9 \u00d8\u00a7\u00d9\u201e\u00d8\u00aa\u00d9\u0160 \u00d8\u00aa\u00d8\u00b9\u00d8\u00af \u00d8\u00a3\u00d9\u0192\u00d8\u00a8\u00d8\u00b1 \u00d9\u2026\u00d9\u2020\u00d8\u00b7\u00d9\u201a\u00d8\u00a9 \u00d9\u201a\u00d9\u2026\u00d8\u00a7\u00d8\u00b1 \u00d9\u0081\u00d9\u0160 \u00d8\u00a7\u00d9\u201e\u00d9\u2021\u00d9\u02c6\u00d8\u00a7\u00d8\u00a1 \u00d8\u00a7\u00d9\u201e\u00d8\u00b7\u00d9\u201e\u00d9\u201a \u00d9\u0081\u00d9\u0160 \u00d9\u201e\u00d9\u2020\u00d8\u00af\u00d9\u2020 \u00d9\u02c6\u00d9\u2021\u00d9\u0160 \u00d9\u2026\u00d9\u008f\u00d8\u00ac\u00d9\u2021\u00d9\u2018\u00d8\u00b2\u00d8\u00a9 \u00d8\u00a8\u00d8\u00a3\u00d9\u2020\u00d8\u00b8\u00d9\u2026\u00d8\u00a9 \u00d8\u00aa\u00d8\u00b1\u00d9\u0081\u00d9\u0160\u00d9\u2021 \u00d9\u2026\u00d9\u201a\u00d8\u00a7\u00d9\u02c6\u00d9\u2026\u00d8\u00a9 \u00d9\u201e\u00d9\u201e\u00d8\u00b9\u00d9\u02c6\u00d8\u00a7\u00d9\u2026\u00d9\u201e \u00d8\u00a7\u00d9\u201e\u00d8\u00ac\u00d9\u02c6\u00d9\u2018\u00d9\u0160\u00d8\u00a9 \u00d9\u02c6\u00d8\u00a8\u00d8\u00aa\u00d8\u00af\u00d9\u0081\u00d8\u00a6\u00d8\u00a9 \u00d8\u00aa\u00d8\u00ad\u00d8\u00aa \u00d8\u00a7\u00d9\u201e\u00d8\u00a3\u00d8\u00b1\u00d8\u00b6 \u00d9\u201e\u00d8\u00b6\u00d9\u2026\u00d8\u00a7\u00d9\u2020 \u00d8\u00a7\u00d9\u201e\u00d8\u00b1\u00d8\u00a7\u00d8\u00ad\u00d8\u00a9 \u00d8\u00a7\u00d9\u201e\u00d9\u201a\u00d8\u00b5\u00d9\u02c6\u00d9\u2030. \u00d9\u0192\u00d9\u2026\u00d8\u00a7 \u00d8\u00a8\u00d8\u00a5\u00d9\u2026\u00d9\u0192\u00d8\u00a7\u00d9\u2020\u00d9\u0192 \u00d8\u00a7\u00d9\u201e\u00d8\u00a7\u00d8\u00ae\u00d8\u00aa\u00d9\u0160\u00d8\u00a7\u00d8\u00b1 \u00d9\u2026\u00d9\u2020 \u00d9\u201a\u00d8\u00a7\u00d8\u00a6\u00d9\u2026\u00d8\u00a9 \u00d8\u00a7\u00d9\u201e\u00d8\u00b3\u00d9\u0160\u00d8\u00ac\u00d8\u00a7\u00d8\u00b1 \u00d8\u00a7\u00d9\u201e\u00d9\u02c6\u00d8\u00a7\u00d8\u00b3\u00d8\u00b9\u00d8\u00a9 \u00d8\u00a3\u00d8\u00ab\u00d9\u2020\u00d8\u00a7\u00d8\u00a1 \u00d8\u00a7\u00d8\u00b3\u00d8\u00aa\u00d8\u00b1\u00d8\u00ae\u00d8\u00a7\u00d8\u00a6\u00d9\u0192 \u00d9\u02c6\u00d8\u00a7\u00d8\u00b3\u00d8\u00aa\u00d9\u2026\u00d8\u00aa\u00d8\u00a7\u00d8\u00b9\u00d9\u0192 \u00d8\u00a8\u00d8\u00a3\u00d8\u00ac\u00d9\u02c6\u00d8\u00a7\u00d8\u00a1 \u00d9\u2026\u00d8\u00a7\u00d9\u0160\u00d9\u0081\u00d9\u0160\u00d8\u00b1 \u00d9\u0081\u00d9\u0160 \u00d9\u2021\u00d8\u00b0\u00d9\u2021 \u00d8\u00a7\u00d9\u201e\u00d8\u00ad\u00d8\u00af\u00d9\u0160\u00d9\u201a\u00d8\u00a9 \u00d8\u00a7\u00d9\u201e\u00d9\u2026\u00d9\u008f\u00d8\u00b7\u00d9\u201e\u00d8\u00a9 \u00d8\u00b9\u00d9\u201e\u00d9\u2030 \u00d8\u00b4\u00d8\u00a7\u00d8\u00b1\u00d8\u00b9 \u00d8\u00a8\u00d8\u00a7\u00d8\u00b1\u00d9\u0192 \u00d9\u201e\u00d9\u0160\u00d9\u2020.  <\/p>\n<div class=\"gold-link\"><span class=\"gold-line gold-left\"><\/span><a class=\"lsb-text-overlay-link\" href=\"https:\/\/lesambassadeurs.com\/ar\/the-club\/\" target=\"_self\">\u00d8\u00a3\u00d9\u0192\u00d8\u00ab\u00d8\u00b1<\/a><span class=\"gold-line gold-right\"><\/span><\/div><div class=\"text-component-triangle\">\r\n<img decoding=\"async\" src=\"\/wp-content\/uploads\/2019\/08\/triangle.png\">\r\n<\/div>\r\n<\/div>\r\n\r\n<\/div>","protected":false},"excerpt":{"rendered":"","protected":false},"author":2,"featured_media":0,"parent":0,"menu_order":0,"comment_status":"closed","ping_status":"closed","template":"","meta":{"_acf_changed":false,"disable_featured_image":false,"footnotes":""},"class_list":["post-3702","page","type-page","status-publish"],"acf":[],"_links":{"self":[{"href":"https:\/\/lesambassadeurs.com\/ar\/wp-json\/wp\/v2\/pages\/3702","targetHints":{"allow":["GET"]}}],"collection":[{"href":"https:\/\/lesambassadeurs.com\/ar\/wp-json\/wp\/v2\/pages"}],"about":[{"href":"https:\/\/lesambassadeurs.com\/ar\/wp-json\/wp\/v2\/types\/page"}],"author":[{"embeddable":true,"href":"https:\/\/lesambassadeurs.com\/ar\/wp-json\/wp\/v2\/users\/2"}],"replies":[{"embeddable":true,"href":"https:\/\/lesambassadeurs.com\/ar\/wp-json\/wp\/v2\/comments?post=3702"}],"version-history":[{"count":0,"href":"https:\/\/lesambassadeurs.com\/ar\/wp-json\/wp\/v2\/pages\/3702\/revisions"}],"wp:attachment":[{"href":"https:\/\/lesambassadeurs.com\/ar\/wp-json\/wp\/v2\/media?parent=3702"}],"curies":[{"name":"wp","href":"https:\/\/api.w.org\/{rel}","templated":true}]}}