{"id":3687,"date":"2019-11-11T10:49:47","date_gmt":"2019-11-11T10:49:47","guid":{"rendered":"http:\/\/lesambassadeurs.ambassadeursgroup.com\/%d8%ae%d8%b1%d9%8a%d8%b7%d8%a9-%d8%a7%d9%84%d9%85%d9%88%d9%82%d8%b9\/"},"modified":"2019-11-11T10:49:50","modified_gmt":"2019-11-11T10:49:50","slug":"%d8%ae%d8%b1%d9%8a%d8%b7%d8%a9-%d8%a7%d9%84%d9%85%d9%88%d9%82%d8%b9","status":"publish","type":"page","link":"https:\/\/lesambassadeurs.com\/ar\/%d8%ae%d8%b1%d9%8a%d8%b7%d8%a9-%d8%a7%d9%84%d9%85%d9%88%d9%82%d8%b9\/","title":{"rendered":"\u00d8\u00ae\u00d8\u00b1\u00d9\u0160\u00d8\u00b7\u00d8\u00a9 \u00d8\u00a7\u00d9\u201e\u00d9\u2026\u00d9\u02c6\u00d9\u201a\u00d8\u00b9"},"content":{"rendered":"<div class=\"feature-panel-gradient\"><\/div>\r\n<div id=\"feature-panel-block_5d763c5ec8373\" class=\"content-block feature-panel-block\">\r\n<style type=\"text\/css\">\r\n#feature-panel-block_5d763c5ec8373 {\r\npadding-bottom: 40px;}\r\n@media all and (max-width:768px) {\r\n#feature-panel-block_5d763c5ec8373 {\r\n  padding-bottom: 40px;}\r\n}\r\n<\/style>\r\n\r\n<div class=\"feature-panel-content feature-panel-content-image rellax\" data-rellax-speed=\"-2.4\">\r\n\r\n<div class=\"gambling-week-container ar-gamb\" style=\"display: none !important;\">\r\n<a href=\"https:\/\/safergamblinguk.org\" target=\"_blank\" rel=\"noreferrer\">\r\n<img loading=\"lazy\" decoding=\"async\" src=\"https:\/\/www.lesambassadeurs.com\/wp-content\/uploads\/2020\/10\/SGW-2020_Arabic.png\" class=\"attachment-full size-full\" alt=\"\" width=\"842\" height=\"398\">\r\n<\/a>\r\n<\/div>\r\n\r\n<\/div>\r\n\r\n\r\n<div class=\"feature-panel-text\">\r\n     <div class=\"feature-panel-cut-out-left\"><\/div><div class=\"feature-panel-cut-out-right\"><\/div>\r\n<div class=\"feature-panel-text-inner block-inner\">\r\n<h1 class=\"entry-title\" itemprop=\"headline\">\u00d8\u00ae\u00d8\u00b1\u00d9\u0160\u00d8\u00b7\u00d8\u00a9 \u00d8\u00a7\u00d9\u201e\u00d9\u2026\u00d9\u02c6\u00d9\u201a\u00d8\u00b9<\/h1>\r\n\r\n<\/div>\r\n<\/div>\r\n<script src=\"\/rellax.min.js\"><\/script>\r\n\r\n<script>\r\nfunction myFunction(x) {\r\n  if (x.matches) { \/\/ If media query matches\r\n    jQuery(document).ready(function(){\r\n   jQuery('.feature-panel-content').removeAttr('data-rellax-speed');\r\njQuery('.feature-panel-content').removeClass('rellax');\r\n    });\r\n  } else {\r\n    jQuery(document).ready(function(){\r\n    var rellax = new Rellax('.rellax');\r\n   });\r\n  }\r\n}\r\n\r\nvar x = window.matchMedia(\"(max-width: 1024px)\")\r\nmyFunction(x) \/\/ Call listener function at run time\r\nx.addListener(myFunction) \/\/ Attach listener function on state changes\r\n<\/script>\r\n\r\n<\/div> <div class=\"paragraph-block\"><div class=\"block-inner\">\n<div class=\"wsp-container\"><h2 class=\"wsp-pages-title\">Pages<\/h2>\n<ul class=\"wsp-pages-list\">\n<li class=\"page_item page-item-4884\"><a href=\"https:\/\/lesambassadeurs.com\/ar\/employee-and-applicant-screening-policy\/\">Employee &#038; Applicant Screening Policy<\/a><\/li>\n<li class=\"page_item page-item-4467\"><a href=\"https:\/\/lesambassadeurs.com\/ar\/human-trafficking-statement\/\">\u00d8\u00a8\u00d9\u0160\u00d8\u00a7\u00d9\u2020 \u00d8\u00a8\u00d8\u00b4\u00d8\u00a3\u00d9\u2020 \u00d8\u00a7\u00d9\u201e\u00d8\u00b1\u00d9\u201a \u00d9\u02c6\u00d8\u00a7\u00d9\u201e\u00d8\u00a7\u00d8\u00aa\u00d8\u00ac\u00d8\u00a7\u00d8\u00b1 \u00d8\u00a8\u00d8\u00a7\u00d9\u201e\u00d8\u00a8\u00d8\u00b4\u00d8\u00b1<\/a><\/li>\n<li class=\"page_item page-item-3513\"><a href=\"https:\/\/lesambassadeurs.com\/ar\/smoking-garden\/\">\u00d8\u00ad\u00d8\u00af\u00d9\u0160\u00d9\u201a\u00d8\u00a9 \u00d8\u00a7\u00d9\u201e\u00d8\u00aa\u00d8\u00af\u00d8\u00ae\u00d9\u0160\u00d9\u2020<\/a><\/li>\n<li class=\"page_item page-item-3853\"><a href=\"https:\/\/lesambassadeurs.com\/ar\/our-team\/\">\u00d8\u00b7\u00d8\u00a7\u00d9\u201a\u00d9\u2026\u00d9\u2020\u00d8\u00a7<\/a><\/li>\n<li class=\"page_item page-item-4491\"><a href=\"https:\/\/lesambassadeurs.com\/ar\/fine-dining\/\">\u00d8\u00a7\u00d9\u201e\u00d8\u00b7\u00d8\u00b9\u00d8\u00a7\u00d9\u2026 \u00d8\u00a7\u00d9\u201e\u00d8\u00b1\u00d8\u00a7\u00d9\u201a\u00d9\u0160<\/a><\/li>\n<li class=\"page_item page-item-4447\"><a href=\"https:\/\/lesambassadeurs.com\/ar\/responsible-gambling\/\">\u00d8\u00a7\u00d9\u201e\u00d9\u2026\u00d9\u201a\u00d8\u00a7\u00d9\u2026\u00d8\u00b1\u00d8\u00a9 \u00d8\u00a7\u00d9\u201e\u00d9\u2026\u00d8\u00b3\u00d8\u00a4\u00d9\u02c6\u00d9\u201e\u00d8\u00a9<\/a><\/li>\n<li class=\"page_item page-item-3515\"><a href=\"https:\/\/lesambassadeurs.com\/ar\/the-library\/\">\u00d8\u00a7\u00d9\u201e\u00d9\u2026\u00d9\u0192\u00d8\u00aa\u00d8\u00a8\u00d8\u00a9<\/a><\/li>\n<li class=\"page_item page-item-3702\"><a href=\"https:\/\/lesambassadeurs.com\/ar\/the-club\/\">\u00d8\u00a7\u00d9\u201e\u00d9\u2020\u00d8\u00a7\u00d8\u00af\u00d9\u0160<\/a><\/li>\n<li class=\"page_item page-item-4697\"><a href=\"https:\/\/lesambassadeurs.com\/ar\/hotels\/\">\u00d8\u00a7\u00d9\u201e\u00d9\u0081\u00d9\u2020\u00d8\u00a7\u00d8\u00af\u00d9\u201a<\/a><\/li>\n<li class=\"page_item page-item-3511\"><a href=\"https:\/\/lesambassadeurs.com\/ar\/\">\u00d8\u00a7\u00d9\u201e\u00d9\u0081\u00d9\u2020\u00d8\u00a7\u00d8\u00af\u00d9\u201a<\/a><\/li>\n<li class=\"page_item page-item-3687\"><a href=\"https:\/\/lesambassadeurs.com\/ar\/%d8%ae%d8%b1%d9%8a%d8%b7%d8%a9-%d8%a7%d9%84%d9%85%d9%88%d9%82%d8%b9\/\">\u00d8\u00ae\u00d8\u00b1\u00d9\u0160\u00d8\u00b7\u00d8\u00a9 \u00d8\u00a7\u00d9\u201e\u00d9\u2026\u00d9\u02c6\u00d9\u201a\u00d8\u00b9<\/a><\/li>\n<li class=\"page_item page-item-4502\"><a href=\"https:\/\/lesambassadeurs.com\/ar\/gaming\/\">\u00d8\u00a3\u00d9\u201e\u00d8\u00b9\u00d8\u00a7\u00d8\u00a8 \u00d8\u00a7\u00d9\u201e\u00d9\u201a\u00d9\u2026\u00d8\u00a7\u00d8\u00b1<\/a><\/li>\n<li class=\"page_item page-item-4645\"><a href=\"https:\/\/lesambassadeurs.com\/ar\/our-games\/\">\u00d8\u00a3\u00d9\u201e\u00d8\u00b9\u00d8\u00a7\u00d8\u00a8\u00d9\u2020\u00d8\u00a7<\/a><\/li>\n<li class=\"page_item page-item-4957\"><a href=\"https:\/\/lesambassadeurs.com\/ar\/cookie-policy\/\">\u00d8\u00b3\u00d9\u0160\u00d8\u00a7\u00d8\u00b3\u00d8\u00a9 \u00d9\u2026\u00d9\u201e\u00d9\u0081 \u00d8\u00aa\u00d8\u00b9\u00d8\u00b1\u00d9\u0160\u00d9\u0081 \u00d8\u00a7\u00d9\u201e\u00d8\u00a5\u00d8\u00b1\u00d8\u00aa\u00d8\u00a8\u00d8\u00a7\u00d8\u00b7<\/a><\/li>\n<li class=\"page_item page-item-4665\"><a href=\"https:\/\/lesambassadeurs.com\/ar\/our-history\/\">\u00d8\u00aa\u00d8\u00a7\u00d8\u00b1\u00d9\u0160\u00d8\u00ae \u00d8\u00a7\u00d9\u201e\u00d9\u2020\u00d8\u00a7\u00d8\u00af\u00d9\u0160<\/a><\/li>\n<li class=\"page_item page-item-4457\"><a href=\"https:\/\/lesambassadeurs.com\/ar\/gender-pay-gap-reports\/\">\u00d8\u00aa\u00d9\u201a\u00d8\u00a7\u00d8\u00b1\u00d9\u0160\u00d8\u00b1 \u00d8\u00a7\u00d9\u201e\u00d9\u0081\u00d8\u00ac\u00d9\u02c6\u00d8\u00a9 \u00d9\u0081\u00d9\u2030 \u00d8\u00a7\u00d9\u201e\u00d8\u00a3\u00d8\u00ac\u00d9\u02c6\u00d8\u00b1 \u00d8\u00a8\u00d9\u0160\u00d9\u2020 \u00d8\u00a7\u00d9\u201e\u00d8\u00ac\u00d9\u2020\u00d8\u00b3\u00d9\u0160\u00d9\u2020<\/a><\/li>\n<li class=\"page_item page-item-3593\"><a href=\"https:\/\/lesambassadeurs.com\/ar\/gaming-rooms\/\">\u00d8\u00b5\u00d8\u00a7\u00d9\u201e\u00d8\u00a7\u00d8\u00aa \u00d8\u00a7\u00d9\u201e\u00d9\u201a\u00d9\u2026\u00d8\u00a7\u00d8\u00b1<\/a><\/li>\n<li class=\"page_item page-item-3811\"><a href=\"https:\/\/lesambassadeurs.com\/ar\/privacy-policy\/\">Privacy Policy &#038; Fair Processing Notice<\/a><\/li>\n<li class=\"page_item page-item-3508\"><a href=\"https:\/\/lesambassadeurs.com\/ar\/%d9%85%d8%af%d9%88%d9%86%d8%a9\/\">\u00d9\u2026\u00d8\u00af\u00d9\u02c6\u00d9\u2020\u00d8\u00a9 Les A<\/a><\/li>\n<li class=\"page_item page-item-4366\"><a href=\"https:\/\/lesambassadeurs.com\/ar\/club-rules\/\">\u00d9\u201a\u00d9\u02c6\u00d8\u00a7\u00d8\u00b9\u00d8\u00af \u00d8\u00a7\u00d9\u201e\u00d9\u2020\u00d8\u00a7\u00d8\u00af\u00d9\u0160<\/a><\/li>\n<li class=\"page_item page-item-3713\"><a href=\"https:\/\/lesambassadeurs.com\/ar\/about-us\/\">\u00d9\u2020\u00d8\u00a8\u00d8\u00b0\u00d8\u00a9 \u00d8\u00b9\u00d9\u2020\u00d9\u2018\u00d8\u00a7<\/a><\/li>\n<li class=\"page_item page-item-2752\"><a href=\"https:\/\/lesambassadeurs.com\/ar\/membership\/\">\u0627\u0644\u0639\u0636\u0648\u064a\u0629 \u0627\u0644\u0639\u0636\u0648\u064a\u0629<\/a><\/li>\n<li class=\"page_item page-item-2754\"><a href=\"https:\/\/lesambassadeurs.com\/ar\/%d8%a7%d9%84%d9%81%d8%b9%d8%a7%d9%84%d9%8a%d8%a7%d8%aa-%d8%a7%d9%84%d8%ad%d8%b5%d8%b1%d9%8a%d8%a9\/\">\u0627\u0644\u0641\u0639\u0627\u0644\u064a\u0627\u062a \u0627\u0644\u062d\u0635\u0631\u064a\u0629<\/a><\/li>\n<\/ul>\n<h2 class=\"wsp-posts-title\">Posts by category<\/h2>\n<ul class=\"wsp-posts-list\">\n\t<li><strong class=\"wsp-category-title\">Category: <a href=\"https:\/\/lesambassadeurs.com\/ar\/blog\/category\/%d8%a7%d9%84%d8%b9%d8%b4%d8%a7%d8%a1\/\">\u0627\u0644\u0639\u0634\u0627\u0621<\/a><\/strong>\n<ul class=\"wsp-posts-list\">\t\t<li class=\"wsp-post\"><a href=\"https:\/\/lesambassadeurs.com\/ar\/blog\/%d9%86%d9%82%d8%af%d9%85-%d9%84%d9%83%d9%85-%d9%83%d8%b1%d9%8a%d8%b3%d8%aa%d9%88%d9%81-%d8%aa%d9%88%d9%8a%d9%84%d9%88%d8%aa-%d9%85%d8%af%d9%8a%d8%b1-%d8%a7%d9%84%d8%b6%d9%8a%d8%a7%d9%81\/\">\u00d9\u2020\u00d9\u201a\u00d8\u00af\u00d9\u2026 \u00d9\u201e\u00d9\u0192\u00d9\u2026 \u00d9\u0192\u00d8\u00b1\u00d9\u0160\u00d8\u00b3\u00d8\u00aa\u00d9\u02c6\u00d9\u0081 \u00d8\u00aa\u00d9\u02c6\u00d9\u0160\u00d9\u201e\u00d9\u02c6\u00d8\u00aa \u00e2\u20ac\u201c \u00d9\u2026\u00d8\u00af\u00d9\u0160\u00d8\u00b1 \u00d8\u00a7\u00d9\u201e\u00d8\u00b6\u00d9\u0160\u00d8\u00a7\u00d9\u0081\u00d8\u00a9<\/a><\/li>\n\t\t<li class=\"wsp-post\"><a href=\"https:\/\/lesambassadeurs.com\/ar\/blog\/meet-fadi-andraous-our-amazing-arabic-chef\/\">\u00d8\u00aa\u00d8\u00b9\u00d8\u00b1\u00d9\u0081\u00d9\u02c6\u00d8\u00a7 \u00d8\u00b9\u00d9\u201e\u00d9\u2030 \u00d9\u0081\u00d8\u00a7\u00d8\u00af\u00d9\u0160 \u00d8\u00a3\u00d9\u2020\u00d8\u00af\u00d8\u00b1\u00d8\u00a7\u00d9\u02c6\u00d8\u00b3 \u00e2\u20ac\u201c \u00d8\u00b4\u00d9\u0160\u00d9\u0081 \u00d8\u00a7\u00d9\u201e\u00d8\u00a3\u00d8\u00b7\u00d8\u00a8\u00d8\u00a7\u00d9\u201a \u00d8\u00a7\u00d9\u201e\u00d8\u00b9\u00d8\u00b1\u00d8\u00a8\u00d9\u0160\u00d8\u00a9 \u00d8\u00a7\u00d9\u201e\u00d9\u2026\u00d9\u2026\u00d9\u0160\u00d8\u00b2 \u00d9\u201e\u00d8\u00af\u00d9\u0160\u00d9\u2020\u00d8\u00a7<\/a><\/li>\n\t\t<li class=\"wsp-post\"><a href=\"https:\/\/lesambassadeurs.com\/ar\/blog\/paul-muddiman-executive-chef\/\">INTRODUCING PAUL MUDDIMAN &#8211; OUR EXECUTIVE CHEF<\/a><\/li>\n<\/ul><\/li>\n<\/ul>\n<h2 class=\"wsp-events-title\">Events<\/h2>\n<ul class=\"wsp-events-list\">\n<li><a href=\"https:\/\/lesambassadeurs.com\/ar\/event\/royal-ascot\/\">\u00d8\u00b1\u00d9\u02c6\u00d9\u0160\u00d8\u00a7\u00d9\u201e \u00d8\u00a3\u00d8\u00b3\u00d9\u0192\u00d9\u02c6\u00d8\u00aa<\/a><\/li>\n<li><a href=\"https:\/\/lesambassadeurs.com\/ar\/event\/henley-regatta\/\">\u00d8\u00b3\u00d8\u00a8\u00d8\u00a7\u00d9\u201a \u00d8\u00a7\u00d9\u201e\u00d9\u201a\u00d9\u02c6\u00d8\u00a7\u00d8\u00b1\u00d8\u00a8 \u00d9\u2021\u00d9\u2020\u00d9\u201e\u00d9\u0160 \u00d8\u00b1\u00d9\u02c6\u00d9\u0160\u00d8\u00a7\u00d9\u201e \u00d8\u00b1\u00d9\u0160\u00d8\u00ba\u00d8\u00a7\u00d8\u00aa\u00d8\u00a7<\/a><\/li>\n<li><a href=\"https:\/\/lesambassadeurs.com\/ar\/event\/premier-league\/\">\u0627\u0644\u062f\u0648\u0631\u064a \u0627\u0644\u0645\u0645\u062a\u0627\u0632<\/a><\/li>\n<\/ul>\n<\/div>\n<\/div><\/div>","protected":false},"excerpt":{"rendered":"","protected":false},"author":2,"featured_media":0,"parent":0,"menu_order":0,"comment_status":"closed","ping_status":"closed","template":"","meta":{"_acf_changed":false,"disable_featured_image":false,"footnotes":""},"class_list":["post-3687","page","type-page","status-publish"],"acf":[],"_links":{"self":[{"href":"https:\/\/lesambassadeurs.com\/ar\/wp-json\/wp\/v2\/pages\/3687","targetHints":{"allow":["GET"]}}],"collection":[{"href":"https:\/\/lesambassadeurs.com\/ar\/wp-json\/wp\/v2\/pages"}],"about":[{"href":"https:\/\/lesambassadeurs.com\/ar\/wp-json\/wp\/v2\/types\/page"}],"author":[{"embeddable":true,"href":"https:\/\/lesambassadeurs.com\/ar\/wp-json\/wp\/v2\/users\/2"}],"replies":[{"embeddable":true,"href":"https:\/\/lesambassadeurs.com\/ar\/wp-json\/wp\/v2\/comments?post=3687"}],"version-history":[{"count":0,"href":"https:\/\/lesambassadeurs.com\/ar\/wp-json\/wp\/v2\/pages\/3687\/revisions"}],"wp:attachment":[{"href":"https:\/\/lesambassadeurs.com\/ar\/wp-json\/wp\/v2\/media?parent=3687"}],"curies":[{"name":"wp","href":"https:\/\/api.w.org\/{rel}","templated":true}]}}